{"id":1675,"date":"2018-12-12T09:26:58","date_gmt":"2018-12-12T08:26:58","guid":{"rendered":"https:\/\/unser-quartier.de\/efi-team-bergheim\/?page_id=1675"},"modified":"2018-12-12T09:26:58","modified_gmt":"2018-12-12T08:26:58","slug":"senioreninternetcafe","status":"publish","type":"page","link":"https:\/\/unser-quartier.de\/efi-team-bergheim\/senioreninternetcafe\/","title":{"rendered":"Senioreninternetcafe"},"content":{"rendered":"<p><span style=\"font-family: arial, helvetica, sans-serif; font-size: 14pt;\"><strong>Senioren-Internetc@f\u00e9<\/strong> <strong>(Betreut von SeniorTrainer Wolfgang Kr\u00fcger)<\/strong><\/span><\/p>\n<p><span style=\"font-family: arial, helvetica, sans-serif; font-size: 14pt;\">Das Senioren-Internetcaf\u00e9 bietet Senioren, <br \/>\naber auch\u00a0Interessierten\u00a0anderer Altersgruppen, kostenlosen\u00a0Zugang zum Internet.\u00a0<\/span><\/p>\n<p><span style=\"font-family: arial, helvetica, sans-serif; font-size: 14pt;\">Jeden Dienstag finden leicht verst\u00e4ndliche Vortr\u00e4ge zur Computernutzung statt.<\/span><\/p>\n<p><span style=\"font-family: arial, helvetica, sans-serif; font-size: 14pt;\">Vorkenntnisse sind nicht erforderlich und jede Altersgruppe ist willkommen.<\/span><\/p>\n<p><span style=\"font-family: arial, helvetica, sans-serif; font-size: 14pt;\">M\u00f6gliche\u00a0Themen sind:<\/span><\/p>\n<ul>\n<li><span style=\"font-family: arial, helvetica, sans-serif; font-size: 14pt;\"><em>&#8211; Wie komme ich ins Internet<\/em><\/span><\/li>\n<li><span style=\"font-family: arial, helvetica, sans-serif; font-size: 14pt;\"><em>&#8211; Kosten f\u00fcr die Internetnutzung<\/em><\/span><\/li>\n<li><span style=\"font-family: arial, helvetica, sans-serif; font-size: 14pt;\"><em>&#8211; Gefahren im Internet<\/em><\/span><\/li>\n<li><span style=\"font-family: arial, helvetica, sans-serif; font-size: 14pt;\"><em>&#8211; Sicherheitssoftware<\/em><\/span><\/li>\n<li><span style=\"font-family: arial, helvetica, sans-serif; font-size: 14pt;\"><em>&#8211; Suchen im Internet<\/em><\/span><\/li>\n<li><span style=\"font-family: arial, helvetica, sans-serif; font-size: 14pt;\"><em>&#8211; Tabellenkalkulation<\/em><\/span><\/li>\n<li><span style=\"font-family: arial, helvetica, sans-serif; font-size: 14pt;\"><em>&#8211; Briefgestaltung nach DIN 5008<\/em><\/span><\/li>\n<li><span style=\"font-family: arial, helvetica, sans-serif; font-size: 14pt;\"><em>&#8211; Fotopr\u00e4sentation\u00a0auf DVD<\/em><\/span><\/li>\n<li><span style=\"font-family: arial, helvetica, sans-serif; font-size: 14pt;\"><em>&#8211; Fotobearbeitung<\/em><\/span><\/li>\n<li><span style=\"font-family: arial, helvetica, sans-serif; font-size: 14pt;\"><em>&#8211; Audio-CD Speicherung<\/em><\/span><\/li>\n<li><span style=\"font-family: arial, helvetica, sans-serif; font-size: 14pt;\"><em>\u00a0 und mehr&#8230;<\/em><\/span><\/li>\n<\/ul>\n<p><span style=\"font-family: arial, helvetica, sans-serif; font-size: 14pt;\">Selbstverst\u00e4ndlich k\u00f6nnen die Besucher des Senioren-Internetcaf\u00e9s auch neue Themen vorschlagen!<\/span><\/p>\n<p><span style=\"font-family: arial, helvetica, sans-serif; font-size: 14pt;\">Gerne nehmen wir Anregungen entgegen.<\/span><br \/>\n<span style=\"font-family: arial, helvetica, sans-serif; font-size: 14pt;\">\u00a0<\/span><br \/>\n<span style=\"font-family: arial, helvetica, sans-serif; font-size: 14pt;\">Des Weiteren findet sich auch immer die Gelegenheit, Fragen und Probleme<\/span><br \/>\n<span style=\"font-family: arial, helvetica, sans-serif; font-size: 14pt;\">im einzelnen zu l\u00f6sen.<\/span><\/p>\n<p><span style=\"font-family: arial, helvetica, sans-serif; font-size: 14pt;\">Sie finden uns im Untergeschoss<\/span><br \/>\n<span style=\"font-family: arial, helvetica, sans-serif; font-size: 14pt;\">des Jugendzentrums hinter der\u00a0<\/span><br \/>\n<span style=\"font-family: arial, helvetica, sans-serif; font-size: 14pt;\">Geschwister-Scholl-Realschule.<\/span><\/p>\n<p><span style=\"font-family: arial, helvetica, sans-serif; font-size: 14pt;\"><strong>Kontakt: Senioren-Internetcaf\u00e9 \u00a0::: \u00a0Chaunyring 11-13 \u00a0:::\u00a0 50126 Bergheim \u00a0:::\u00a0 <\/strong><\/span><\/p>\n<p><span style=\"font-family: arial, helvetica, sans-serif; font-size: 14pt;\"><strong>Tel.: 02271 \/ 95312 \u00a0:::\u00a0 e-mail: <\/strong><a href=\"mailto:wolfgang_krueger@t-online.de\"><strong>wolfgang_krueger@t-online.de<\/strong><\/a>\u00a0<strong> :::\u00a0 <\/strong><\/span><\/p>\n<p><span style=\"font-family: arial, helvetica, sans-serif; font-size: 14pt;\"><strong>\u00d6ffnungszeiten: Dienstag &#8211; Donnerstag 09:00 &#8211; 13:00 Uhr<\/strong><\/span><\/p>\n","protected":false},"excerpt":{"rendered":"<p>Senioren-Internetc@f\u00e9 (Betreut von SeniorTrainer Wolfgang Kr\u00fcger) Das Senioren-Internetcaf\u00e9 bietet Senioren, aber auch\u00a0Interessierten\u00a0anderer Altersgruppen, kostenlosen\u00a0Zugang zum Internet.\u00a0 Jeden Dienstag finden leicht verst\u00e4ndliche Vortr\u00e4ge zur Computernutzung statt. Vorkenntnisse sind nicht erforderlich und jede Altersgruppe ist willkommen. M\u00f6gliche\u00a0Themen sind: &#8211; Wie komme ich ins Internet &#8211; Kosten f\u00fcr die Internetnutzung &#8211; Gefahren im Internet &#8211; Sicherheitssoftware &#8211; Suchen&hellip; <a class=\"continue\" href=\"https:\/\/unser-quartier.de\/efi-team-bergheim\/senioreninternetcafe\/\" data-wpel-link=\"internal\"> \u00bb weiterlesen: <span> Senioreninternetcafe<\/span><\/a><\/p>\n","protected":false},"author":48,"featured_media":0,"parent":0,"menu_order":0,"comment_status":"closed","ping_status":"closed","template":"","meta":{"generate_page_header":"","footnotes":""},"class_list":{"0":"post-1675","1":"page","2":"type-page","3":"status-publish","5":"infinite-scroll-item"},"_links":{"self":[{"href":"https:\/\/unser-quartier.de\/efi-team-bergheim\/wp-json\/wp\/v2\/pages\/1675","targetHints":{"allow":["GET"]}}],"collection":[{"href":"https:\/\/unser-quartier.de\/efi-team-bergheim\/wp-json\/wp\/v2\/pages"}],"about":[{"href":"https:\/\/unser-quartier.de\/efi-team-bergheim\/wp-json\/wp\/v2\/types\/page"}],"author":[{"embeddable":true,"href":"https:\/\/unser-quartier.de\/efi-team-bergheim\/wp-json\/wp\/v2\/users\/48"}],"replies":[{"embeddable":true,"href":"https:\/\/unser-quartier.de\/efi-team-bergheim\/wp-json\/wp\/v2\/comments?post=1675"}],"version-history":[{"count":0,"href":"https:\/\/unser-quartier.de\/efi-team-bergheim\/wp-json\/wp\/v2\/pages\/1675\/revisions"}],"wp:attachment":[{"href":"https:\/\/unser-quartier.de\/efi-team-bergheim\/wp-json\/wp\/v2\/media?parent=1675"}],"curies":[{"name":"wp","href":"https:\/\/api.w.org\/{rel}","templated":true}]}}