{"id":1678,"date":"2018-12-12T09:40:48","date_gmt":"2018-12-12T08:40:48","guid":{"rendered":"https:\/\/unser-quartier.de\/efi-team-bergheim\/?page_id=1678"},"modified":"2018-12-12T09:40:48","modified_gmt":"2018-12-12T08:40:48","slug":"computerspendehamburg","status":"publish","type":"page","link":"https:\/\/unser-quartier.de\/efi-team-bergheim\/computerspendehamburg\/","title":{"rendered":"ComputerSpendeHamburg"},"content":{"rendered":"<p><center><\/center><\/p>\n<div id=\"sidebar\">\n<div align=\"left\"><img loading=\"lazy\" decoding=\"async\" class=\"bw_image\" title=\"\" src=\"https:\/\/efi-team.beepworld.de\/files\/csh_logo_web.gif\" alt=\"\" width=\"180\" height=\"155\" border=\"0\" \/><\/div>\n<\/div>\n<div id=\"content\">\n<div class=\"post\">\n<div class=\"entry\">\n<div>\n<p><span style=\"font-size: 18pt; font-family: arial, helvetica, sans-serif;\"><strong>Wollen Sie Ihren alten Computer entsorgen?<\/strong><\/span><\/p>\n<p><span style=\"font-size: 18pt; font-family: arial, helvetica, sans-serif;\">Wir nehmen kostenlos gebrauchte PCs entgegen und geben sie gratis an bed\u00fcrftige Familien ab.<\/span><\/p>\n<p><span style=\"font-size: 18pt; font-family: arial, helvetica, sans-serif;\">Defekte PCs werden repariert oder dienen als Ersatzteilspender.<\/span><\/p>\n<p><span style=\"font-size: 18pt; font-family: arial, helvetica, sans-serif;\">Bitte keine R\u00f6hrenmonitore, keine Drucker und die Computer sollten nicht \u00e4lter als 10 Jahre sein!<\/span><\/p>\n<\/div>\n<div>\n<table class=\"bw_column\" border=\"0\" width=\"100%\" cellspacing=\"0\">\n<tbody>\n<tr>\n<td valign=\"top\" width=\"50%\">\n<div>\n<p style=\"text-align: left;\" align=\"center\"><span style=\"font-size: 18pt; font-family: arial, helvetica, sans-serif;\">Spenden an folgende Adresse:<\/span><\/p>\n<p style=\"text-align: left;\" align=\"center\">\u00a0<\/p>\n<p style=\"text-align: left;\" align=\"center\"><span style=\"font-size: 18pt; font-family: arial, helvetica, sans-serif;\"><strong>SBH West 1 GmbH<\/strong><\/span><\/p>\n<p style=\"text-align: left;\" align=\"center\"><span style=\"font-size: 18pt; font-family: arial, helvetica, sans-serif;\"><strong>Zum Frenser Feld 18 <\/strong><\/span><\/p>\n<p style=\"text-align: left;\" align=\"center\"><span style=\"font-size: 18pt; font-family: arial, helvetica, sans-serif;\"><strong>Halle\u00a023 \/\u00a0Logistik<\/strong><\/span><\/p>\n<p style=\"text-align: left;\" align=\"center\"><span style=\"font-size: 18pt; font-family: arial, helvetica, sans-serif;\"><strong>50127 Bergheim<\/strong><\/span><\/p>\n<p style=\"text-align: left;\" align=\"center\">\u00a0<\/p>\n<p style=\"text-align: left;\" align=\"center\"><span style=\"font-size: 18pt; font-family: arial, helvetica, sans-serif;\"><strong>unter folgender Tel Nr.<\/strong><\/span><\/p>\n<p style=\"text-align: left;\" align=\"center\"><span style=\"font-size: 18pt; font-family: arial, helvetica, sans-serif;\">02271 \/ 95312<\/span><\/p>\n<p style=\"text-align: left;\" align=\"center\"><span style=\"font-size: 18pt; font-family: arial, helvetica, sans-serif;\">erreichbar<\/span><\/p>\n<\/div>\n<\/td>\n<\/tr>\n<\/tbody>\n<\/table>\n<\/div>\n<\/div>\n<\/div>\n<\/div>\n","protected":false},"excerpt":{"rendered":"<p>Wollen Sie Ihren alten Computer entsorgen? Wir nehmen kostenlos gebrauchte PCs entgegen und geben sie gratis an bed\u00fcrftige Familien ab. Defekte PCs werden repariert oder dienen als Ersatzteilspender. Bitte keine R\u00f6hrenmonitore, keine Drucker und die Computer sollten nicht \u00e4lter als 10 Jahre sein! Spenden an folgende Adresse: \u00a0 SBH West 1 GmbH Zum Frenser Feld&hellip; <a class=\"continue\" href=\"https:\/\/unser-quartier.de\/efi-team-bergheim\/computerspendehamburg\/\" data-wpel-link=\"internal\"> \u00bb weiterlesen: <span> ComputerSpendeHamburg<\/span><\/a><\/p>\n","protected":false},"author":48,"featured_media":0,"parent":0,"menu_order":0,"comment_status":"closed","ping_status":"closed","template":"","meta":{"generate_page_header":"","footnotes":""},"class_list":{"0":"post-1678","1":"page","2":"type-page","3":"status-publish","5":"infinite-scroll-item"},"_links":{"self":[{"href":"https:\/\/unser-quartier.de\/efi-team-bergheim\/wp-json\/wp\/v2\/pages\/1678","targetHints":{"allow":["GET"]}}],"collection":[{"href":"https:\/\/unser-quartier.de\/efi-team-bergheim\/wp-json\/wp\/v2\/pages"}],"about":[{"href":"https:\/\/unser-quartier.de\/efi-team-bergheim\/wp-json\/wp\/v2\/types\/page"}],"author":[{"embeddable":true,"href":"https:\/\/unser-quartier.de\/efi-team-bergheim\/wp-json\/wp\/v2\/users\/48"}],"replies":[{"embeddable":true,"href":"https:\/\/unser-quartier.de\/efi-team-bergheim\/wp-json\/wp\/v2\/comments?post=1678"}],"version-history":[{"count":0,"href":"https:\/\/unser-quartier.de\/efi-team-bergheim\/wp-json\/wp\/v2\/pages\/1678\/revisions"}],"wp:attachment":[{"href":"https:\/\/unser-quartier.de\/efi-team-bergheim\/wp-json\/wp\/v2\/media?parent=1678"}],"curies":[{"name":"wp","href":"https:\/\/api.w.org\/{rel}","templated":true}]}}