{"id":1681,"date":"2018-12-12T10:12:00","date_gmt":"2018-12-12T09:12:00","guid":{"rendered":"https:\/\/unser-quartier.de\/efi-team-bergheim\/?page_id=1681"},"modified":"2018-12-12T10:12:00","modified_gmt":"2018-12-12T09:12:00","slug":"shg-handicap","status":"publish","type":"page","link":"https:\/\/unser-quartier.de\/efi-team-bergheim\/shg-handicap\/","title":{"rendered":"SHG Handicap"},"content":{"rendered":"<div id=\"content\">\n<div class=\"post\">\n<div class=\"entry\">\n<div>\n<p><strong>SHG Handicap e.V.<\/strong><\/p>\n<p>Der Verein m\u00f6chte behinderte Menschen motivieren, aktiver am gesellschaftlichen Leben teilzunehmen, <br \/>\nihr Selbstvertrauen zu st\u00e4rken und sie aus ihrer Isolation zu befreien. <br \/>\nZweck des Vereins ist die Integration behinderter Menschen in unsere Gesellschaft und Motivation nicht behinderter Menschen, offener und verst\u00e4ndnisvoller ihren behinderten Mitmenschen gegen\u00fcber zu sein. Besuchen Sie unsere Webseite, um ausf\u00fchrliche Informationen zu erhalten: <a href=\"http:\/\/www.shghandicap.de\/\" data-wpel-link=\"external\" target=\"_self\" rel=\"nofollow external noopener noreferrer\" title=\"Externer Link: \" class=\"ext-link wpel-icon-right\">www.shghandicap.de<span class=\"wpel-icon wpel-image wpel-icon-6\"><\/span><\/a><\/p>\n<p><strong>Unsere Freizeitangebote:<\/strong><\/p>\n<ul type=\"circle\">\n<li><em>Spieleabend<\/em><\/li>\n<li><em>Fr\u00fchst\u00fcck<\/em><\/li>\n<li><em>Kegeln<\/em><\/li>\n<li><em>Stammtisch in der &#8220;Kulisse&#8221; in Wesseling<\/em><\/li>\n<li><em>Stammtisch &#8220;Hotel Konert&#8221; in Bergheim<\/em><\/li>\n<li><em>Stammtisch in den &#8220;Rathausstuben&#8221; in Pulheim<\/em><\/li>\n<\/ul>\n<p><strong>Weitere Infos und Termine:<br \/>\n\u00a0SHG Handicap e.V.\u00a0 :::\u00a0 Postfach: 1654\u00a0 :::\u00a0 50106 Bergheim\u00a0<\/strong><\/p>\n<p><strong><br \/>\nTelefon: 0174 \/ 527 28 61\u00a0 <br \/>\nMail:<\/strong><a href=\"mailto:info@shghandicap.de\"><strong> info@shghandicap.de<\/strong><\/a><strong>\u00a0 <br \/>\nWebSite: <\/strong><a href=\"http:\/\/www.shghandicap.de\/\" data-wpel-link=\"external\" target=\"_self\" rel=\"nofollow external noopener noreferrer\" title=\"Externer Link: \" class=\"ext-link wpel-icon-right\"><strong>www.shghandicap.de<\/strong><span class=\"wpel-icon wpel-image wpel-icon-6\"><\/span><\/a><\/p>\n<\/div>\n<\/div>\n<\/div>\n<\/div>\n","protected":false},"excerpt":{"rendered":"<p>SHG Handicap e.V. Der Verein m\u00f6chte behinderte Menschen motivieren, aktiver am gesellschaftlichen Leben teilzunehmen, ihr Selbstvertrauen zu st\u00e4rken und sie aus ihrer Isolation zu befreien. Zweck des Vereins ist die Integration behinderter Menschen in unsere Gesellschaft und Motivation nicht behinderter Menschen, offener und verst\u00e4ndnisvoller ihren behinderten Mitmenschen gegen\u00fcber zu sein. Besuchen Sie unsere Webseite, um&hellip; <a class=\"continue\" href=\"https:\/\/unser-quartier.de\/efi-team-bergheim\/shg-handicap\/\" data-wpel-link=\"internal\"> \u00bb weiterlesen: <span> SHG Handicap<\/span><\/a><\/p>\n","protected":false},"author":48,"featured_media":0,"parent":0,"menu_order":0,"comment_status":"closed","ping_status":"closed","template":"","meta":{"generate_page_header":"","footnotes":""},"class_list":{"0":"post-1681","1":"page","2":"type-page","3":"status-publish","5":"infinite-scroll-item"},"_links":{"self":[{"href":"https:\/\/unser-quartier.de\/efi-team-bergheim\/wp-json\/wp\/v2\/pages\/1681","targetHints":{"allow":["GET"]}}],"collection":[{"href":"https:\/\/unser-quartier.de\/efi-team-bergheim\/wp-json\/wp\/v2\/pages"}],"about":[{"href":"https:\/\/unser-quartier.de\/efi-team-bergheim\/wp-json\/wp\/v2\/types\/page"}],"author":[{"embeddable":true,"href":"https:\/\/unser-quartier.de\/efi-team-bergheim\/wp-json\/wp\/v2\/users\/48"}],"replies":[{"embeddable":true,"href":"https:\/\/unser-quartier.de\/efi-team-bergheim\/wp-json\/wp\/v2\/comments?post=1681"}],"version-history":[{"count":0,"href":"https:\/\/unser-quartier.de\/efi-team-bergheim\/wp-json\/wp\/v2\/pages\/1681\/revisions"}],"wp:attachment":[{"href":"https:\/\/unser-quartier.de\/efi-team-bergheim\/wp-json\/wp\/v2\/media?parent=1681"}],"curies":[{"name":"wp","href":"https:\/\/api.w.org\/{rel}","templated":true}]}}