{"id":1714,"date":"2019-01-11T13:57:29","date_gmt":"2019-01-11T12:57:29","guid":{"rendered":"https:\/\/unser-quartier.de\/efi-team-bergheim\/?page_id=1714"},"modified":"2019-01-11T14:15:18","modified_gmt":"2019-01-11T13:15:18","slug":"mentor-die-leselernhelfer-bergheim","status":"publish","type":"page","link":"https:\/\/unser-quartier.de\/efi-team-bergheim\/mentor-die-leselernhelfer-bergheim\/","title":{"rendered":"Mentor &#8211; Die Leselernhelfer Bergheim"},"content":{"rendered":"<p><a href=\"http:\/\/mentor-bergheim.de\" target=\"_blank\" rel=\"noopener nofollow external noreferrer\" data-wpel-link=\"external\" title=\"Externer Link: \" class=\"ext-link wpel-icon-right\"><span style=\"font-family: arial,helvetica,sans-serif;\"><span style=\"font-size: 14pt;\"><u><span style=\"color: #0066cc;\">Die Leselernhelfer Bergheim im EFI-Team Bergheim e.V.<\/span><\/u><\/span><\/span><span class=\"wpel-icon wpel-image wpel-icon-6\"><\/span><\/a><\/p>\n<p><span style=\"font-size: 14pt;\"><strong>EFI-Team Bergheim e.V. ist Mitglied im Mentor Bundesverband e.V.<br \/>\n<\/strong><\/span><\/p>\n<p><img loading=\"lazy\" decoding=\"async\" class=\"alignnone size-medium wp-image-1775\" src=\"https:\/\/unser-quartier.de\/efi-team-bergheim\/files\/2019\/01\/Mentor-Bergheim-300x94.jpg\" alt=\"\" width=\"300\" height=\"94\" srcset=\"https:\/\/unser-quartier.de\/efi-team-bergheim\/files\/2019\/01\/Mentor-Bergheim-300x94.jpg 300w, https:\/\/unser-quartier.de\/efi-team-bergheim\/files\/2019\/01\/Mentor-Bergheim-150x47.jpg 150w, https:\/\/unser-quartier.de\/efi-team-bergheim\/files\/2019\/01\/Mentor-Bergheim-768x240.jpg 768w, https:\/\/unser-quartier.de\/efi-team-bergheim\/files\/2019\/01\/Mentor-Bergheim.jpg 1022w\" sizes=\"auto, (max-width: 300px) 100vw, 300px\" \/><\/p>\n<p><span style=\"font-size: 14pt;\"><strong>Die Abk\u00fcrzung\u00a0EFI bedeutet: &#8220;Erfahrungswissen f\u00fcr Initiativen&#8221; <\/p>\n<p><\/strong>Und\u00a0als Aufgabe haben wir, die Gewinnung und Qualifizierung lebenserfahrener Menschen f\u00fcr ein b\u00fcrgerschaftliches Engagement. Unsere Mitglieder sind alle ausgebildete <strong>seniorTrainer<\/strong>. Wir unterst\u00fctzen B\u00fcrgerinnen und B\u00fcrger bei Projekten.<\/span><\/p>\n<p><span style=\"font-size: 14pt;\"><strong><img loading=\"lazy\" decoding=\"async\" class=\"alignnone size-medium wp-image-1489\" src=\"https:\/\/unser-quartier.de\/efi-team-bergheim\/files\/2018\/12\/EFI1-300x159.jpg\" alt=\"\" width=\"300\" height=\"159\" srcset=\"https:\/\/unser-quartier.de\/efi-team-bergheim\/files\/2018\/12\/EFI1-300x159.jpg 300w, https:\/\/unser-quartier.de\/efi-team-bergheim\/files\/2018\/12\/EFI1-150x79.jpg 150w, https:\/\/unser-quartier.de\/efi-team-bergheim\/files\/2018\/12\/EFI1.jpg 750w\" sizes=\"auto, (max-width: 300px) 100vw, 300px\" \/><br \/>\nWir geben unser Wissen weiter!<\/strong><\/span><\/p>\n<p>&nbsp;<\/p>\n<p>&nbsp;<\/p>\n<p><strong><span style=\"color: #339966; font-size: 14pt;\">Mentor <span id=\"cloake8cd9a482858e342045c9ff12f8b85f9\"><a style=\"color: #339966;\">Leselernhelfer Bergheim<\/a><\/span> ist das neuste Projekt im Verein.<\/span><\/strong><\/p>\n<div class=\"ce_text block\">\n<p><span style=\"font-size: 14pt;\">MENTOR \u2013 Die Leselernhelfer e.V. ist eine gemeinn\u00fctzige Initiative, die Kinder durch individuelle F\u00f6rderung gezielt dabei unterst\u00fctzt, die Schl\u00fcsselqualifikation der Zukunft, n\u00e4mlich ihre Lese- und Sprachkompetenz, auszubilden. Begleitet werden M\u00e4dchen und Jungen zwischen 6 und 16 Jahren.<\/span><\/p>\n<p><span style=\"font-size: 14pt;\">MENTOR unterscheidet sich von anderen Leseinitiativen durch die Ausrichtung an der p\u00e4dagogischen F\u00f6rderphilosophie von MENTOR: <strong>dem 1:1 Prinzip<\/strong>. Dieses besteht vor allem in einer <strong>1:1-<em>Betreuung<\/em><\/strong><em>:<\/em> Eine Mentorin bzw. ein Mentor arbeitet mit einem Kind, und zwar mindestens ein Jahr lang.<\/span><\/p>\n<p><span style=\"font-size: 14pt;\">Der Verein stellt den Kontakt zwischen Mentoren und Schulen her. <br \/>\nLehrer nennen uns f\u00f6rderungsw\u00fcrdige Kinder. <br \/>\nDie Zustimmung der Eltern<\/span> wird vorher eingeholt.<\/p>\n<ul>\n<li>Lesen altersgem\u00e4\u00dfer Texte; W\u00fcnsche des Kindes werden ber\u00fccksichtigt<\/li>\n<li>Gemeinsames Sprechen und Erz\u00e4hlen \u00fcber das Gelesene<\/li>\n<li>Leselust wecken mit Lesespielen, Fantasie und Kreativit\u00e4t<\/li>\n<\/ul>\n<p>Das Projekt wird vom seniorTrainer Herrn Hans-J\u00fcrgen Knabben geleitet!<\/p>\n<\/div>\n","protected":false},"excerpt":{"rendered":"<p>Die Leselernhelfer Bergheim im EFI-Team Bergheim e.V. EFI-Team Bergheim e.V. ist Mitglied im Mentor Bundesverband e.V. Die Abk\u00fcrzung\u00a0EFI bedeutet: &#8220;Erfahrungswissen f\u00fcr Initiativen&#8221; Und\u00a0als Aufgabe haben wir, die Gewinnung und Qualifizierung lebenserfahrener Menschen f\u00fcr ein b\u00fcrgerschaftliches Engagement. Unsere Mitglieder sind alle ausgebildete seniorTrainer. Wir unterst\u00fctzen B\u00fcrgerinnen und B\u00fcrger bei Projekten. Wir geben unser Wissen weiter! &nbsp;&hellip; <a class=\"continue\" href=\"https:\/\/unser-quartier.de\/efi-team-bergheim\/mentor-die-leselernhelfer-bergheim\/\" data-wpel-link=\"internal\"> \u00bb weiterlesen: <span> Mentor &#8211; Die Leselernhelfer Bergheim<\/span><\/a><\/p>\n","protected":false},"author":48,"featured_media":0,"parent":0,"menu_order":0,"comment_status":"closed","ping_status":"closed","template":"","meta":{"generate_page_header":"","footnotes":""},"class_list":{"0":"post-1714","1":"page","2":"type-page","3":"status-publish","5":"infinite-scroll-item"},"_links":{"self":[{"href":"https:\/\/unser-quartier.de\/efi-team-bergheim\/wp-json\/wp\/v2\/pages\/1714","targetHints":{"allow":["GET"]}}],"collection":[{"href":"https:\/\/unser-quartier.de\/efi-team-bergheim\/wp-json\/wp\/v2\/pages"}],"about":[{"href":"https:\/\/unser-quartier.de\/efi-team-bergheim\/wp-json\/wp\/v2\/types\/page"}],"author":[{"embeddable":true,"href":"https:\/\/unser-quartier.de\/efi-team-bergheim\/wp-json\/wp\/v2\/users\/48"}],"replies":[{"embeddable":true,"href":"https:\/\/unser-quartier.de\/efi-team-bergheim\/wp-json\/wp\/v2\/comments?post=1714"}],"version-history":[{"count":0,"href":"https:\/\/unser-quartier.de\/efi-team-bergheim\/wp-json\/wp\/v2\/pages\/1714\/revisions"}],"wp:attachment":[{"href":"https:\/\/unser-quartier.de\/efi-team-bergheim\/wp-json\/wp\/v2\/media?parent=1714"}],"curies":[{"name":"wp","href":"https:\/\/api.w.org\/{rel}","templated":true}]}}