{"id":2,"date":"2018-12-06T23:23:37","date_gmt":"2018-12-06T22:23:37","guid":{"rendered":"http:\/\/unser-quartier.de\/efi-team-bergheim\/?page_id=2"},"modified":"2019-05-20T09:30:20","modified_gmt":"2019-05-20T07:30:20","slug":"home","status":"publish","type":"page","link":"https:\/\/unser-quartier.de\/efi-team-bergheim\/","title":{"rendered":"Home"},"content":{"rendered":"<div id=\"pl-2\"  class=\"panel-layout\" ><div id=\"pg-2-0\"  class=\"panel-grid panel-has-style\" ><div class=\"panel-row-style panel-row-style-for-2-0\" ><div id=\"pgc-2-0-0\"  class=\"panel-grid-cell\" ><div id=\"panel-2-0-0-0\" class=\"so-panel widget widget_sow-editor panel-first-child panel-last-child\" data-index=\"0\" ><div class=\"panel-widget-style panel-widget-style-for-2-0-0-0\" ><div\n\t\t\t\n\t\t\tclass=\"so-widget-sow-editor so-widget-sow-editor-base\"\n\t\t\t\n\t\t>\n<div class=\"siteorigin-widget-tinymce textwidget\">\n\t<p><span style=\"font-family: arial,helvetica,sans-serif;font-size: 12pt\">EFI-Team Bergheim e.V.<\/span><\/p>\n<div id=\"photos_snowlift\" class=\"_n8 _3qx _4d3w fbPhotoSnowlift fbxPhoto _u77 uiLayer fullScreenAvailable _3qw pagingReady\" role=\"dialog\" aria-label=\"Facebook-Diashow\">\n<div class=\"_n9\">\n<div class=\"_n3\">\n<div class=\"fbPhotoSnowliftContainer snowliftPayloadRoot uiContextualLayerParent\" data-ft=\"{&quot;tn&quot;:&quot;*F&quot;}\">\n<div class=\"clearfix fbPhotoSnowliftPopup\">\n<div class=\"rhc photoUfiContainer\">\n<div id=\"fbPhotoSnowliftDetails\" class=\"_3t09 _6iil\">\n<div class=\"rhcBody _72zy\">\n<div class=\"uiScrollableArea rhcScroller _467y fade uiScrollableAreaWithShadow _72z- contentAfter\">\n<div id=\"u_7_1\" class=\"uiScrollableAreaWrap\" role=\"group\" aria-label=\"Scrollbarer Bereich\">\n<div class=\"uiScrollableAreaBody\">\n<div class=\"uiScrollableAreaContent\">\n<div class=\"_xlr\">\n<div id=\"id_5c0261b00faa52517771847\" class=\"text_exposed_root text_exposed\">\n<p><span style=\"font-family: arial,helvetica,sans-serif;font-size: 12pt\">Das EFI-Team* ist der Zusammenschluss der in Bergheim ausgebildeten seniorTrainerinnen.<br \/>\nDer Verein hat einen im Rhein-Erft-Kreis einmaligen Vereinszweck, n\u00e4mlich die \u201eF\u00f6rderung des b\u00fcrgerschaftlichen Engagements zugunsten gemeinn\u00fctziger Zwecke\u201c (\u00a7 52 Abs. 2 Nr. 25 AO).<\/span><\/p>\n<p><span style=\"font-family: arial,helvetica,sans-serif;font-size: 12pt\">Falls Sie Fragen haben, melden Sie sich bitte per Email oder rufen Sie einfach an:<\/span><\/p>\n<p><span style=\"font-family: arial,helvetica,sans-serif;font-size: 12pt\">Vorstand EFI-Team Bergheim e.V.<\/span><\/p>\n<p><span style=\"font-family: arial,helvetica,sans-serif;font-size: 12pt\">Hans-J\u00fcrgen Knabben, Tel. 0171 \u2013 335 72 18, Hans-Juergen.Knabben(at)gmx.de<\/span><\/p>\n<p><span style=\"font-family: arial,helvetica,sans-serif;font-size: 12pt\">Margriet Dreyer, Tel. 02271 - 768155, MargrietDreyer(at)t-online.de<\/span><\/p>\n<p><span style=\"font-family: arial,helvetica,sans-serif;font-size: 12pt\">Heidemarie Wolter, Tel. 02235 - 41 546, HeidiWolter(at)freenet.de<\/span><\/p>\n<p><span style=\"font-family: arial,helvetica,sans-serif\"><span style=\"font-size: 12pt\">* EFI ist die Abk\u00fcrzung f\u00fcr das Bundesmodellprogramm \u201eErfahrungswissen f\u00fcr Initiativen\u201c<br \/>\nzur Gewinnung und Qualifizierung lebenserfahrener Menschen f\u00fcr ein b\u00fcrgerschaftliches Engagement in der nachberuflichen Zeit.<br \/>\nDie Absolventen der Qualifizierung erhalten <\/span>das Zertifikat \u201eseniorTrainer*In<\/span><\/p>\n<\/div>\n<\/div>\n<\/div>\n<\/div>\n<\/div>\n<\/div>\n<\/div>\n<\/div>\n<\/div>\n<\/div>\n<\/div>\n<\/div>\n<\/div>\n<\/div>\n<\/div>\n<\/div><\/div><\/div><\/div><\/div><\/div><\/div>","protected":false},"excerpt":{"rendered":"<p>EFI-Team Bergheim e.V. Das EFI-Team* ist der Zusammenschluss der in Bergheim ausgebildeten seniorTrainerinnen. Der Verein hat einen im Rhein-Erft-Kreis einmaligen Vereinszweck, n\u00e4mlich die \u201eF\u00f6rderung des b\u00fcrgerschaftlichen Engagements zugunsten gemeinn\u00fctziger Zwecke\u201c (\u00a7 52 Abs. 2 Nr. 25 AO). Falls Sie Fragen haben, melden Sie sich bitte per Email oder rufen Sie einfach an: Vorstand EFI-Team Bergheim&hellip; <a class=\"continue\" href=\"https:\/\/unser-quartier.de\/efi-team-bergheim\/\" data-wpel-link=\"internal\"> \u00bb weiterlesen: <span> Home<\/span><\/a><\/p>\n","protected":false},"author":48,"featured_media":0,"parent":0,"menu_order":2,"comment_status":"closed","ping_status":"closed","template":"","meta":{"generate_page_header":"","footnotes":""},"class_list":{"0":"post-2","1":"page","2":"type-page","3":"status-publish","5":"infinite-scroll-item"},"_links":{"self":[{"href":"https:\/\/unser-quartier.de\/efi-team-bergheim\/wp-json\/wp\/v2\/pages\/2","targetHints":{"allow":["GET"]}}],"collection":[{"href":"https:\/\/unser-quartier.de\/efi-team-bergheim\/wp-json\/wp\/v2\/pages"}],"about":[{"href":"https:\/\/unser-quartier.de\/efi-team-bergheim\/wp-json\/wp\/v2\/types\/page"}],"author":[{"embeddable":true,"href":"https:\/\/unser-quartier.de\/efi-team-bergheim\/wp-json\/wp\/v2\/users\/48"}],"replies":[{"embeddable":true,"href":"https:\/\/unser-quartier.de\/efi-team-bergheim\/wp-json\/wp\/v2\/comments?post=2"}],"version-history":[{"count":0,"href":"https:\/\/unser-quartier.de\/efi-team-bergheim\/wp-json\/wp\/v2\/pages\/2\/revisions"}],"wp:attachment":[{"href":"https:\/\/unser-quartier.de\/efi-team-bergheim\/wp-json\/wp\/v2\/media?parent=2"}],"curies":[{"name":"wp","href":"https:\/\/api.w.org\/{rel}","templated":true}]}}