{"id":3214,"date":"2017-09-03T21:19:48","date_gmt":"2017-09-03T19:19:48","guid":{"rendered":"https:\/\/unser-quartier.de\/emsdeich-skulpturen\/?page_id=3214"},"modified":"2019-02-04T18:24:51","modified_gmt":"2019-02-04T17:24:51","slug":"fotoseite-zur-eroeffnung","status":"publish","type":"page","link":"https:\/\/unser-quartier.de\/emsdeich-skulpturen\/fotoseite-zur-eroeffnung\/","title":{"rendered":"Fotoseite zur Er\u00f6ffnung"},"content":{"rendered":"<p style=\"text-align: center\"><div id=\"metaslider-id-3083\" style=\"max-width: 700px; margin: 0 auto;\" class=\"ml-slider-3-93-0 ml-slider-pro-2-20-0 metaslider metaslider-flex metaslider-3083 ml-slider ms-theme-default nav-hidden\" role=\"region\" aria-roledescription=\"Slideshow\" aria-label=\"Er\u00f6ffnung_02092017\">\n    <div id=\"metaslider_container_3083\">\n        <div id=\"metaslider_3083\" class=\"flexslider\">\n            <ul class='slides'>\n                <li style=\"display: block; width: 100%;\" class=\"slide-3186 ms-image \" aria-roledescription=\"slide\" aria-label=\"slide-3186\"><img loading=\"lazy\" decoding=\"async\" src=\"https:\/\/unser-quartier.de\/emsdeich-skulpturen\/files\/2015\/10\/P1150149-700x525.jpg\" height=\"525\" width=\"700\" alt=\"\" class=\"slider-3083 slide-3186\" \/><div class=\"caption-wrap\"><div class=\"caption\">BOOTe, noch verh\u00fcllt<\/div><\/div><\/li>\n                <li style=\"display: none; width: 100%;\" class=\"slide-3232 ms-image \" aria-roledescription=\"slide\" aria-label=\"slide-3232\"><img loading=\"lazy\" decoding=\"async\" src=\"https:\/\/unser-quartier.de\/emsdeich-skulpturen\/files\/2017\/09\/P1150150-700x525.jpg\" height=\"525\" width=\"700\" alt=\"\" class=\"slider-3083 slide-3232\" \/><div class=\"caption-wrap\"><div class=\"caption\">LOVEBoard, noch nicht zu erkennen<\/div><\/div><\/li>\n                <li style=\"display: none; width: 100%;\" class=\"slide-3188 ms-image \" aria-roledescription=\"slide\" aria-label=\"slide-3188\"><img loading=\"lazy\" decoding=\"async\" src=\"https:\/\/unser-quartier.de\/emsdeich-skulpturen\/files\/2015\/10\/P1150152-700x525.jpg\" height=\"525\" width=\"700\" alt=\"\" class=\"slider-3083 slide-3188\" \/><div class=\"caption-wrap\"><div class=\"caption\">Der K\u00fcnstler mit vollem K\u00f6rpereinsatz<\/div><\/div><\/li>\n                <li style=\"display: none; width: 100%;\" class=\"slide-3189 ms-image \" aria-roledescription=\"slide\" aria-label=\"slide-3189\"><img loading=\"lazy\" decoding=\"async\" src=\"https:\/\/unser-quartier.de\/emsdeich-skulpturen\/files\/2015\/10\/P1150156-700x525.jpg\" height=\"525\" width=\"700\" alt=\"\" class=\"slider-3083 slide-3189\" \/><div class=\"caption-wrap\"><div class=\"caption\">Die ersten Besucher, aus Reckenfeld<\/div><\/div><\/li>\n                <li style=\"display: none; width: 100%;\" class=\"slide-3190 ms-image \" aria-roledescription=\"slide\" aria-label=\"slide-3190\"><img loading=\"lazy\" decoding=\"async\" src=\"https:\/\/unser-quartier.de\/emsdeich-skulpturen\/files\/2015\/10\/P1150162-700x525.jpg\" height=\"525\" width=\"700\" alt=\"\" class=\"slider-3083 slide-3190\" \/><div class=\"caption-wrap\"><div class=\"caption\">Das ist doch eine kleine Trinkpause wert<\/div><\/div><\/li>\n                <li style=\"display: none; width: 100%;\" class=\"slide-3234 ms-image \" aria-roledescription=\"slide\" aria-label=\"slide-3234\"><img loading=\"lazy\" decoding=\"async\" src=\"https:\/\/unser-quartier.de\/emsdeich-skulpturen\/files\/2017\/09\/P1150170-700x525.jpg\" height=\"525\" width=\"700\" alt=\"\" class=\"slider-3083 slide-3234\" \/><div class=\"caption-wrap\"><div class=\"caption\">Die \"blaue\" WELLENbank<\/div><\/div><\/li>\n                <li style=\"display: none; width: 100%;\" class=\"slide-3233 ms-image \" aria-roledescription=\"slide\" aria-label=\"slide-3233\"><img loading=\"lazy\" decoding=\"async\" src=\"https:\/\/unser-quartier.de\/emsdeich-skulpturen\/files\/2015\/10\/P1150175-700x525.jpg\" height=\"525\" width=\"700\" alt=\"\" class=\"slider-3083 slide-3233\" \/><\/li>\n                <li style=\"display: none; width: 100%;\" class=\"slide-3191 ms-image \" aria-roledescription=\"slide\" aria-label=\"slide-3191\"><img loading=\"lazy\" decoding=\"async\" src=\"https:\/\/unser-quartier.de\/emsdeich-skulpturen\/files\/2015\/10\/P1150164-700x525.jpg\" height=\"525\" width=\"700\" alt=\"\" class=\"slider-3083 slide-3191\" \/><div class=\"caption-wrap\"><div class=\"caption\">Alles bereit<\/div><\/div><\/li>\n                <li style=\"display: none; width: 100%;\" class=\"slide-3194 ms-image \" aria-roledescription=\"slide\" aria-label=\"slide-3194\"><img loading=\"lazy\" decoding=\"async\" src=\"https:\/\/unser-quartier.de\/emsdeich-skulpturen\/files\/2015\/10\/P1150180-700x525.jpg\" height=\"525\" width=\"700\" alt=\"\" class=\"slider-3083 slide-3194\" \/><div class=\"caption-wrap\"><div class=\"caption\">Die Musik ist auch schon da und legt gleich los<\/div><\/div><\/li>\n                <li style=\"display: none; width: 100%;\" class=\"slide-3195 ms-image \" aria-roledescription=\"slide\" aria-label=\"slide-3195\"><img loading=\"lazy\" decoding=\"async\" src=\"https:\/\/unser-quartier.de\/emsdeich-skulpturen\/files\/2015\/10\/P1150183-700x525.jpg\" height=\"525\" width=\"700\" alt=\"\" class=\"slider-3083 slide-3195\" \/><div class=\"caption-wrap\"><div class=\"caption\">Die G\u00e4ste kommen<\/div><\/div><\/li>\n                <li style=\"display: none; width: 100%;\" class=\"slide-3196 ms-image \" aria-roledescription=\"slide\" aria-label=\"slide-3196\"><img loading=\"lazy\" decoding=\"async\" src=\"https:\/\/unser-quartier.de\/emsdeich-skulpturen\/files\/2015\/10\/P1150186-700x525.jpg\" height=\"525\" width=\"700\" alt=\"\" class=\"slider-3083 slide-3196\" \/><div class=\"caption-wrap\"><div class=\"caption\">Begr\u00fc\u00dfung durch B\u00fcrgermeister Peter Vennemeyer<\/div><\/div><\/li>\n                <li style=\"display: none; width: 100%;\" class=\"slide-3197 ms-image \" aria-roledescription=\"slide\" aria-label=\"slide-3197\"><img loading=\"lazy\" decoding=\"async\" src=\"https:\/\/unser-quartier.de\/emsdeich-skulpturen\/files\/2015\/10\/P1150188-700x525.jpg\" height=\"525\" width=\"700\" alt=\"\" class=\"slider-3083 slide-3197\" \/><\/li>\n                <li style=\"display: none; width: 100%;\" class=\"slide-3235 ms-image \" aria-roledescription=\"slide\" aria-label=\"slide-3235\"><img loading=\"lazy\" decoding=\"async\" src=\"https:\/\/unser-quartier.de\/emsdeich-skulpturen\/files\/2017\/09\/P1150189-700x525.jpg\" height=\"525\" width=\"700\" alt=\"\" class=\"slider-3083 slide-3235\" \/><div class=\"caption-wrap\"><div class=\"caption\">Die Redner stehen an<\/div><\/div><\/li>\n                <li style=\"display: none; width: 100%;\" class=\"slide-3236 ms-image \" aria-roledescription=\"slide\" aria-label=\"slide-3236\"><img loading=\"lazy\" decoding=\"async\" src=\"https:\/\/unser-quartier.de\/emsdeich-skulpturen\/files\/2017\/09\/P1150192-700x525.jpg\" height=\"525\" width=\"700\" alt=\"\" class=\"slider-3083 slide-3236\" \/><div class=\"caption-wrap\"><div class=\"caption\">Kurator Pons Beuning<\/div><\/div><\/li>\n                <li style=\"display: none; width: 100%;\" class=\"slide-3200 ms-image \" aria-roledescription=\"slide\" aria-label=\"slide-3200\"><img loading=\"lazy\" decoding=\"async\" src=\"https:\/\/unser-quartier.de\/emsdeich-skulpturen\/files\/2015\/10\/P1150194-700x525.jpg\" height=\"525\" width=\"700\" alt=\"\" class=\"slider-3083 slide-3200\" \/><\/li>\n                <li style=\"display: none; width: 100%;\" class=\"slide-3237 ms-image \" aria-roledescription=\"slide\" aria-label=\"slide-3237\"><img loading=\"lazy\" decoding=\"async\" src=\"https:\/\/unser-quartier.de\/emsdeich-skulpturen\/files\/2017\/09\/P1150198-700x525.jpg\" height=\"525\" width=\"700\" alt=\"\" class=\"slider-3083 slide-3237\" \/><div class=\"caption-wrap\"><div class=\"caption\">Laudator Galerist Hans-Georg Hunold<\/div><\/div><\/li>\n                <li style=\"display: none; width: 100%;\" class=\"slide-3238 ms-image \" aria-roledescription=\"slide\" aria-label=\"slide-3238\"><img loading=\"lazy\" decoding=\"async\" src=\"https:\/\/unser-quartier.de\/emsdeich-skulpturen\/files\/2017\/09\/P1150199-700x525.jpg\" height=\"525\" width=\"700\" alt=\"\" class=\"slider-3083 slide-3238\" \/><div class=\"caption-wrap\"><div class=\"caption\">Herr J\u00fcrgen Br\u00f6nstrup, Vorstand der Kreissparkasse Steinfurt<\/div><\/div><\/li>\n                <li style=\"display: none; width: 100%;\" class=\"slide-3203 ms-image \" aria-roledescription=\"slide\" aria-label=\"slide-3203\"><img loading=\"lazy\" decoding=\"async\" src=\"https:\/\/unser-quartier.de\/emsdeich-skulpturen\/files\/2015\/10\/P1150202-700x525.jpg\" height=\"525\" width=\"700\" alt=\"\" class=\"slider-3083 slide-3203\" \/><div class=\"caption-wrap\"><div class=\"caption\">Das TEAM mit der Presse<\/div><\/div><\/li>\n                <li style=\"display: none; width: 100%;\" class=\"slide-3204 ms-image \" aria-roledescription=\"slide\" aria-label=\"slide-3204\"><img loading=\"lazy\" decoding=\"async\" src=\"https:\/\/unser-quartier.de\/emsdeich-skulpturen\/files\/2015\/10\/P1150204-700x525.jpg\" height=\"525\" width=\"700\" alt=\"\" class=\"slider-3083 slide-3204\" \/><div class=\"caption-wrap\"><div class=\"caption\">Die Enth\u00fcllung der \"roten\" WELLENbank<\/div><\/div><\/li>\n                <li style=\"display: none; width: 100%;\" class=\"slide-3205 ms-image \" aria-roledescription=\"slide\" aria-label=\"slide-3205\"><img loading=\"lazy\" decoding=\"async\" src=\"https:\/\/unser-quartier.de\/emsdeich-skulpturen\/files\/2015\/10\/P1150208-700x525.jpg\" height=\"525\" width=\"700\" alt=\"\" class=\"slider-3083 slide-3205\" \/><div class=\"caption-wrap\"><div class=\"caption\">erstes Testsitzen<\/div><\/div><\/li>\n                <li style=\"display: none; width: 100%;\" class=\"slide-3206 ms-image \" aria-roledescription=\"slide\" aria-label=\"slide-3206\"><img loading=\"lazy\" decoding=\"async\" src=\"https:\/\/unser-quartier.de\/emsdeich-skulpturen\/files\/2015\/10\/P1150210-700x525.jpg\" height=\"525\" width=\"700\" alt=\"\" class=\"slider-3083 slide-3206\" \/><div class=\"caption-wrap\"><div class=\"caption\">auch das TEAM darf testen<\/div><\/div><\/li>\n                <li style=\"display: none; width: 100%;\" class=\"slide-3207 ms-image \" aria-roledescription=\"slide\" aria-label=\"slide-3207\"><img loading=\"lazy\" decoding=\"async\" src=\"https:\/\/unser-quartier.de\/emsdeich-skulpturen\/files\/2015\/10\/P1150213-700x525.jpg\" height=\"525\" width=\"700\" alt=\"\" class=\"slider-3083 slide-3207\" \/><div class=\"caption-wrap\"><div class=\"caption\">Peer Stuwe an seinen BOOTen<\/div><\/div><\/li>\n                <li style=\"display: none; width: 100%;\" class=\"slide-3208 ms-image \" aria-roledescription=\"slide\" aria-label=\"slide-3208\"><img loading=\"lazy\" decoding=\"async\" src=\"https:\/\/unser-quartier.de\/emsdeich-skulpturen\/files\/2015\/10\/P1150216-700x525.jpg\" height=\"525\" width=\"700\" alt=\"\" class=\"slider-3083 slide-3208\" \/><div class=\"caption-wrap\"><div class=\"caption\">Der K\u00fcnstler selbst erkl\u00e4rt die Skulptur<\/div><\/div><\/li>\n                <li style=\"display: none; width: 100%;\" class=\"slide-3239 ms-image \" aria-roledescription=\"slide\" aria-label=\"slide-3239\"><img loading=\"lazy\" decoding=\"async\" src=\"https:\/\/unser-quartier.de\/emsdeich-skulpturen\/files\/2017\/09\/P1150217-700x525.jpg\" height=\"525\" width=\"700\" alt=\"\" class=\"slider-3083 slide-3239\" \/><div class=\"caption-wrap\"><div class=\"caption\">Pons Beuning am LOVEboard<\/div><\/div><\/li>\n                <li style=\"display: none; width: 100%;\" class=\"slide-3240 ms-image \" aria-roledescription=\"slide\" aria-label=\"slide-3240\"><img loading=\"lazy\" decoding=\"async\" src=\"https:\/\/unser-quartier.de\/emsdeich-skulpturen\/files\/2017\/09\/P1150221-700x525.jpg\" height=\"525\" width=\"700\" alt=\"\" class=\"slider-3083 slide-3240\" \/><div class=\"caption-wrap\"><div class=\"caption\">Pons bringt das erste \"Liebes\"schloss an<\/div><\/div><\/li>\n                <li style=\"display: none; width: 100%;\" class=\"slide-3241 ms-image \" aria-roledescription=\"slide\" aria-label=\"slide-3241\"><img loading=\"lazy\" decoding=\"async\" src=\"https:\/\/unser-quartier.de\/emsdeich-skulpturen\/files\/2017\/09\/P1150228-700x525.jpg\" height=\"525\" width=\"700\" alt=\"\" class=\"slider-3083 slide-3241\" \/><div class=\"caption-wrap\"><div class=\"caption\">Der K\u00fcnstler, der Sponsor und der Macher<\/div><\/div><\/li>\n                <li style=\"display: none; width: 100%;\" class=\"slide-3212 ms-image \" aria-roledescription=\"slide\" aria-label=\"slide-3212\"><img loading=\"lazy\" decoding=\"async\" src=\"https:\/\/unser-quartier.de\/emsdeich-skulpturen\/files\/2015\/10\/P1150231-700x525.jpg\" height=\"525\" width=\"700\" alt=\"\" class=\"slider-3083 slide-3212\" \/><div class=\"caption-wrap\"><div class=\"caption\">Die Grevener haben die Skulptur schon besetzt<\/div><\/div><\/li>\n                <li style=\"display: none; width: 100%;\" class=\"slide-3213 ms-image \" aria-roledescription=\"slide\" aria-label=\"slide-3213\"><img loading=\"lazy\" decoding=\"async\" src=\"https:\/\/unser-quartier.de\/emsdeich-skulpturen\/files\/2015\/10\/P1150232-700x525.jpg\" height=\"525\" width=\"700\" alt=\"\" class=\"slider-3083 slide-3213\" \/><div class=\"caption-wrap\"><div class=\"caption\">Die Musik farblich passend<\/div><\/div><\/li>\n            <\/ul>\n        <\/div>\n        \n    <\/div>\n<\/div><\/p>\n","protected":false},"excerpt":{"rendered":"","protected":false},"author":301,"featured_media":0,"parent":0,"menu_order":11,"comment_status":"closed","ping_status":"closed","template":"","meta":{"generate_page_header":"","footnotes":""},"class_list":{"0":"post-3214","1":"page","2":"type-page","3":"status-publish","5":"infinite-scroll-item"},"_links":{"self":[{"href":"https:\/\/unser-quartier.de\/emsdeich-skulpturen\/wp-json\/wp\/v2\/pages\/3214","targetHints":{"allow":["GET"]}}],"collection":[{"href":"https:\/\/unser-quartier.de\/emsdeich-skulpturen\/wp-json\/wp\/v2\/pages"}],"about":[{"href":"https:\/\/unser-quartier.de\/emsdeich-skulpturen\/wp-json\/wp\/v2\/types\/page"}],"author":[{"embeddable":true,"href":"https:\/\/unser-quartier.de\/emsdeich-skulpturen\/wp-json\/wp\/v2\/users\/301"}],"replies":[{"embeddable":true,"href":"https:\/\/unser-quartier.de\/emsdeich-skulpturen\/wp-json\/wp\/v2\/comments?post=3214"}],"version-history":[{"count":0,"href":"https:\/\/unser-quartier.de\/emsdeich-skulpturen\/wp-json\/wp\/v2\/pages\/3214\/revisions"}],"wp:attachment":[{"href":"https:\/\/unser-quartier.de\/emsdeich-skulpturen\/wp-json\/wp\/v2\/media?parent=3214"}],"curies":[{"name":"wp","href":"https:\/\/api.w.org\/{rel}","templated":true}]}}