{"id":4470,"date":"2020-11-14T12:28:32","date_gmt":"2020-11-14T11:28:32","guid":{"rendered":"https:\/\/unser-quartier.de\/emsdeich-skulpturen\/?page_id=4470"},"modified":"2020-11-14T12:35:18","modified_gmt":"2020-11-14T11:35:18","slug":"webstuhl","status":"publish","type":"page","link":"https:\/\/unser-quartier.de\/emsdeich-skulpturen\/webstuhl\/","title":{"rendered":"WEBstuhl"},"content":{"rendered":"<h3><span style=\"font-family: arial, helvetica, sans-serif;\">(Stahl, 2019)<\/span><\/h3>\n<h2><span style=\"font-family: arial, helvetica, sans-serif;\">Manfred Schl\u00fcter, Gladbeck<\/span><\/h2>\n<p><span style=\"font-family: arial, helvetica, sans-serif; font-size: 14pt;\">Schlank wie eine S\u00e4ule streben sechs schwarze Stahlb\u00e4nder, <\/span><br \/>\n<span style=\"font-family: arial, helvetica, sans-serif; font-size: 14pt;\">die sich in der Mitte zu einem Geflecht verweben, in die H\u00f6he<\/span><br \/>\n<span style=\"font-family: arial, helvetica, sans-serif; font-size: 14pt;\">und enden in einer Gruppe von bizarren H\u00e4nden.<\/span><\/p>\n<p><span style=\"font-family: arial, helvetica, sans-serif; font-size: 14pt;\">Die flei\u00dfigen Weberh\u00e4nde recken sich jetzt in den Himmel.<\/span><\/p>\n<p><span style=\"font-family: arial, helvetica, sans-serif; font-size: 14pt;\">Eine Erinnerung an die vielen Weberinnenund Weber, <\/span><br \/>\n<span style=\"font-family: arial, helvetica, sans-serif; font-size: 14pt;\">die einstmals die Geschichte der Stadt in sieben Webereien<\/span><br \/>\n<span style=\"font-family: arial, helvetica, sans-serif; font-size: 14pt;\">gepr\u00e4gt haben.<\/span><\/p>\n<p style=\"text-align: right;\"><span style=\"font-family: arial, helvetica, sans-serif; font-size: 14pt;\">Gef\u00f6rdert durch: <img loading=\"lazy\" decoding=\"async\" class=\"alignnone wp-image-4479\" src=\"https:\/\/unser-quartier.de\/emsdeich-skulpturen\/files\/2020\/11\/Riestenp-150x28.jpg\" alt=\"\" width=\"180\" height=\"34\" srcset=\"https:\/\/unser-quartier.de\/emsdeich-skulpturen\/files\/2020\/11\/Riestenp-150x28.jpg 150w, https:\/\/unser-quartier.de\/emsdeich-skulpturen\/files\/2020\/11\/Riestenp-300x57.jpg 300w, https:\/\/unser-quartier.de\/emsdeich-skulpturen\/files\/2020\/11\/Riestenp-768x145.jpg 768w, https:\/\/unser-quartier.de\/emsdeich-skulpturen\/files\/2020\/11\/Riestenp.jpg 1029w\" sizes=\"auto, (max-width: 180px) 100vw, 180px\" \/><\/span><\/p>\n<p><span style=\"font-family: arial, helvetica, sans-serif; font-size: 14pt;\">Hier noch Links von den Berichten <a href=\"https:\/\/unser-quartier.de\/emsdeich-skulpturen\/2019\/09\/richtfest-fuer-den-webstuhl\/\">zum Richtfest<\/a> und <a href=\"https:\/\/unser-quartier.de\/emsdeich-skulpturen\/2019\/10\/webstuhl-und-emsnessie-stehen\/\">vom Aufstellen<\/a> der Skulptur.<\/span><\/p>\n<p><span style=\"font-family: arial, helvetica, sans-serif; font-size: 14pt;\">Eine kleine Fotoshow zum WEBstuhl<\/span><\/p>\n<div id='gallery-2' class='gallery galleryid-4470 gallery-columns-3 gallery-size-medium'><figure class='gallery-item'>\n\t\t\t<div class='gallery-icon portrait'>\n\t\t\t\t<a href='https:\/\/unser-quartier.de\/emsdeich-skulpturen\/files\/2020\/11\/Webstuhl_scan.jpg'><img loading=\"lazy\" decoding=\"async\" width=\"300\" height=\"448\" src=\"https:\/\/unser-quartier.de\/emsdeich-skulpturen\/files\/2020\/11\/Webstuhl_scan-300x448.jpg\" class=\"attachment-medium size-medium\" alt=\"\" aria-describedby=\"gallery-2-4480\" srcset=\"https:\/\/unser-quartier.de\/emsdeich-skulpturen\/files\/2020\/11\/Webstuhl_scan-300x448.jpg 300w, https:\/\/unser-quartier.de\/emsdeich-skulpturen\/files\/2020\/11\/Webstuhl_scan-685x1024.jpg 685w, https:\/\/unser-quartier.de\/emsdeich-skulpturen\/files\/2020\/11\/Webstuhl_scan-150x224.jpg 150w, https:\/\/unser-quartier.de\/emsdeich-skulpturen\/files\/2020\/11\/Webstuhl_scan-768x1148.jpg 768w, https:\/\/unser-quartier.de\/emsdeich-skulpturen\/files\/2020\/11\/Webstuhl_scan.jpg 803w\" sizes=\"auto, (max-width: 300px) 100vw, 300px\" \/><\/a>\n\t\t\t<\/div>\n\t\t\t\t<figcaption class='wp-caption-text gallery-caption' id='gallery-2-4480'>\n\t\t\t\tEntwurf vom K\u00fcnstler\n\t\t\t\t<\/figcaption><\/figure><figure class='gallery-item'>\n\t\t\t<div class='gallery-icon portrait'>\n\t\t\t\t<a href='https:\/\/unser-quartier.de\/emsdeich-skulpturen\/files\/2020\/11\/neues-Modell-P1270083-1.jpg'><img loading=\"lazy\" decoding=\"async\" width=\"300\" height=\"405\" src=\"https:\/\/unser-quartier.de\/emsdeich-skulpturen\/files\/2020\/11\/neues-Modell-P1270083-1-300x405.jpg\" class=\"attachment-medium size-medium\" alt=\"\" aria-describedby=\"gallery-2-4481\" srcset=\"https:\/\/unser-quartier.de\/emsdeich-skulpturen\/files\/2020\/11\/neues-Modell-P1270083-1-300x405.jpg 300w, https:\/\/unser-quartier.de\/emsdeich-skulpturen\/files\/2020\/11\/neues-Modell-P1270083-1-150x202.jpg 150w, https:\/\/unser-quartier.de\/emsdeich-skulpturen\/files\/2020\/11\/neues-Modell-P1270083-1.jpg 569w\" sizes=\"auto, (max-width: 300px) 100vw, 300px\" \/><\/a>\n\t\t\t<\/div>\n\t\t\t\t<figcaption class='wp-caption-text gallery-caption' id='gallery-2-4481'>\n\t\t\t\tDie ersten&#8230;\n\t\t\t\t<\/figcaption><\/figure><figure class='gallery-item'>\n\t\t\t<div class='gallery-icon portrait'>\n\t\t\t\t<a href='https:\/\/unser-quartier.de\/emsdeich-skulpturen\/files\/2020\/11\/P1130841.jpg'><img loading=\"lazy\" decoding=\"async\" width=\"300\" height=\"400\" src=\"https:\/\/unser-quartier.de\/emsdeich-skulpturen\/files\/2020\/11\/P1130841-300x400.jpg\" class=\"attachment-medium size-medium\" alt=\"\" aria-describedby=\"gallery-2-4482\" srcset=\"https:\/\/unser-quartier.de\/emsdeich-skulpturen\/files\/2020\/11\/P1130841-300x400.jpg 300w, https:\/\/unser-quartier.de\/emsdeich-skulpturen\/files\/2020\/11\/P1130841-768x1024.jpg 768w, https:\/\/unser-quartier.de\/emsdeich-skulpturen\/files\/2020\/11\/P1130841-150x200.jpg 150w, https:\/\/unser-quartier.de\/emsdeich-skulpturen\/files\/2020\/11\/P1130841.jpg 900w\" sizes=\"auto, (max-width: 300px) 100vw, 300px\" \/><\/a>\n\t\t\t<\/div>\n\t\t\t\t<figcaption class='wp-caption-text gallery-caption' id='gallery-2-4482'>\n\t\t\t\tModelle\n\t\t\t\t<\/figcaption><\/figure><figure class='gallery-item'>\n\t\t\t<div class='gallery-icon landscape'>\n\t\t\t\t<a href='https:\/\/unser-quartier.de\/emsdeich-skulpturen\/files\/2020\/11\/Webst.-Verbindungen-Handstellung-.jpg'><img loading=\"lazy\" decoding=\"async\" width=\"300\" height=\"169\" src=\"https:\/\/unser-quartier.de\/emsdeich-skulpturen\/files\/2020\/11\/Webst.-Verbindungen-Handstellung--300x169.jpg\" class=\"attachment-medium size-medium\" alt=\"\" aria-describedby=\"gallery-2-4475\" srcset=\"https:\/\/unser-quartier.de\/emsdeich-skulpturen\/files\/2020\/11\/Webst.-Verbindungen-Handstellung--300x169.jpg 300w, https:\/\/unser-quartier.de\/emsdeich-skulpturen\/files\/2020\/11\/Webst.-Verbindungen-Handstellung--150x84.jpg 150w, https:\/\/unser-quartier.de\/emsdeich-skulpturen\/files\/2020\/11\/Webst.-Verbindungen-Handstellung--768x432.jpg 768w, https:\/\/unser-quartier.de\/emsdeich-skulpturen\/files\/2020\/11\/Webst.-Verbindungen-Handstellung-.jpg 1024w\" sizes=\"auto, (max-width: 300px) 100vw, 300px\" \/><\/a>\n\t\t\t<\/div>\n\t\t\t\t<figcaption class='wp-caption-text gallery-caption' id='gallery-2-4475'>\n\t\t\t\tDetails aus &#8230;\n\t\t\t\t<\/figcaption><\/figure><figure class='gallery-item'>\n\t\t\t<div class='gallery-icon landscape'>\n\t\t\t\t<a href='https:\/\/unser-quartier.de\/emsdeich-skulpturen\/files\/2020\/11\/Webstuhl-Geflecht-mit-Nodien.jpg'><img loading=\"lazy\" decoding=\"async\" width=\"300\" height=\"184\" src=\"https:\/\/unser-quartier.de\/emsdeich-skulpturen\/files\/2020\/11\/Webstuhl-Geflecht-mit-Nodien-300x184.jpg\" class=\"attachment-medium size-medium\" alt=\"\" aria-describedby=\"gallery-2-4476\" srcset=\"https:\/\/unser-quartier.de\/emsdeich-skulpturen\/files\/2020\/11\/Webstuhl-Geflecht-mit-Nodien-300x184.jpg 300w, https:\/\/unser-quartier.de\/emsdeich-skulpturen\/files\/2020\/11\/Webstuhl-Geflecht-mit-Nodien-150x92.jpg 150w, https:\/\/unser-quartier.de\/emsdeich-skulpturen\/files\/2020\/11\/Webstuhl-Geflecht-mit-Nodien-768x472.jpg 768w, https:\/\/unser-quartier.de\/emsdeich-skulpturen\/files\/2020\/11\/Webstuhl-Geflecht-mit-Nodien.jpg 1024w\" sizes=\"auto, (max-width: 300px) 100vw, 300px\" \/><\/a>\n\t\t\t<\/div>\n\t\t\t\t<figcaption class='wp-caption-text gallery-caption' id='gallery-2-4476'>\n\t\t\t\tdem Modell\n\t\t\t\t<\/figcaption><\/figure><figure class='gallery-item'>\n\t\t\t<div class='gallery-icon portrait'>\n\t\t\t\t<a href='https:\/\/unser-quartier.de\/emsdeich-skulpturen\/files\/2020\/11\/20190912_100952.jpg'><img loading=\"lazy\" decoding=\"async\" width=\"300\" height=\"400\" src=\"https:\/\/unser-quartier.de\/emsdeich-skulpturen\/files\/2020\/11\/20190912_100952-300x400.jpg\" class=\"attachment-medium size-medium\" alt=\"\" aria-describedby=\"gallery-2-4471\" srcset=\"https:\/\/unser-quartier.de\/emsdeich-skulpturen\/files\/2020\/11\/20190912_100952-300x400.jpg 300w, https:\/\/unser-quartier.de\/emsdeich-skulpturen\/files\/2020\/11\/20190912_100952-768x1024.jpg 768w, https:\/\/unser-quartier.de\/emsdeich-skulpturen\/files\/2020\/11\/20190912_100952-150x200.jpg 150w, https:\/\/unser-quartier.de\/emsdeich-skulpturen\/files\/2020\/11\/20190912_100952.jpg 900w\" sizes=\"auto, (max-width: 300px) 100vw, 300px\" \/><\/a>\n\t\t\t<\/div>\n\t\t\t\t<figcaption class='wp-caption-text gallery-caption' id='gallery-2-4471'>\n\t\t\t\tDer WEBstuhl im ..\n\t\t\t\t<\/figcaption><\/figure><figure class='gallery-item'>\n\t\t\t<div class='gallery-icon portrait'>\n\t\t\t\t<a href='https:\/\/unser-quartier.de\/emsdeich-skulpturen\/files\/2020\/11\/P1030710.jpg'><img loading=\"lazy\" decoding=\"async\" width=\"300\" height=\"450\" src=\"https:\/\/unser-quartier.de\/emsdeich-skulpturen\/files\/2020\/11\/P1030710-300x450.jpg\" class=\"attachment-medium size-medium\" alt=\"\" aria-describedby=\"gallery-2-4474\" srcset=\"https:\/\/unser-quartier.de\/emsdeich-skulpturen\/files\/2020\/11\/P1030710-300x450.jpg 300w, https:\/\/unser-quartier.de\/emsdeich-skulpturen\/files\/2020\/11\/P1030710-683x1024.jpg 683w, https:\/\/unser-quartier.de\/emsdeich-skulpturen\/files\/2020\/11\/P1030710-150x225.jpg 150w, https:\/\/unser-quartier.de\/emsdeich-skulpturen\/files\/2020\/11\/P1030710-768x1152.jpg 768w, https:\/\/unser-quartier.de\/emsdeich-skulpturen\/files\/2020\/11\/P1030710.jpg 800w\" sizes=\"auto, (max-width: 300px) 100vw, 300px\" \/><\/a>\n\t\t\t<\/div>\n\t\t\t\t<figcaption class='wp-caption-text gallery-caption' id='gallery-2-4474'>\n\t\t\t\tRohbau bei der Fa. Ebbert\n\t\t\t\t<\/figcaption><\/figure><figure class='gallery-item'>\n\t\t\t<div class='gallery-icon portrait'>\n\t\t\t\t<a href='https:\/\/unser-quartier.de\/emsdeich-skulpturen\/files\/2020\/11\/WEBstuhl_insta.jpg'><img loading=\"lazy\" decoding=\"async\" width=\"300\" height=\"450\" src=\"https:\/\/unser-quartier.de\/emsdeich-skulpturen\/files\/2020\/11\/WEBstuhl_insta-300x450.jpg\" class=\"attachment-medium size-medium\" alt=\"\" aria-describedby=\"gallery-2-4477\" srcset=\"https:\/\/unser-quartier.de\/emsdeich-skulpturen\/files\/2020\/11\/WEBstuhl_insta-300x450.jpg 300w, https:\/\/unser-quartier.de\/emsdeich-skulpturen\/files\/2020\/11\/WEBstuhl_insta-683x1024.jpg 683w, https:\/\/unser-quartier.de\/emsdeich-skulpturen\/files\/2020\/11\/WEBstuhl_insta-150x225.jpg 150w, https:\/\/unser-quartier.de\/emsdeich-skulpturen\/files\/2020\/11\/WEBstuhl_insta-768x1152.jpg 768w, https:\/\/unser-quartier.de\/emsdeich-skulpturen\/files\/2020\/11\/WEBstuhl_insta.jpg 800w\" sizes=\"auto, (max-width: 300px) 100vw, 300px\" \/><\/a>\n\t\t\t<\/div>\n\t\t\t\t<figcaption class='wp-caption-text gallery-caption' id='gallery-2-4477'>\n\t\t\t\tWEBstuhl mit nasser Schleife\n\t\t\t\t<\/figcaption><\/figure><figure class='gallery-item'>\n\t\t\t<div class='gallery-icon portrait'>\n\t\t\t\t<a href='https:\/\/unser-quartier.de\/emsdeich-skulpturen\/files\/2020\/11\/WEBstuhl_kl-1.jpg'><img loading=\"lazy\" decoding=\"async\" width=\"300\" height=\"400\" src=\"https:\/\/unser-quartier.de\/emsdeich-skulpturen\/files\/2020\/11\/WEBstuhl_kl-1-300x400.jpg\" class=\"attachment-medium size-medium\" alt=\"\" srcset=\"https:\/\/unser-quartier.de\/emsdeich-skulpturen\/files\/2020\/11\/WEBstuhl_kl-1-300x400.jpg 300w, https:\/\/unser-quartier.de\/emsdeich-skulpturen\/files\/2020\/11\/WEBstuhl_kl-1-150x200.jpg 150w, https:\/\/unser-quartier.de\/emsdeich-skulpturen\/files\/2020\/11\/WEBstuhl_kl-1.jpg 600w\" sizes=\"auto, (max-width: 300px) 100vw, 300px\" \/><\/a>\n\t\t\t<\/div><\/figure><figure class='gallery-item'>\n\t\t\t<div class='gallery-icon portrait'>\n\t\t\t\t<a href='https:\/\/unser-quartier.de\/emsdeich-skulpturen\/files\/2020\/11\/20201112_164318.jpg'><img loading=\"lazy\" decoding=\"async\" width=\"300\" height=\"421\" src=\"https:\/\/unser-quartier.de\/emsdeich-skulpturen\/files\/2020\/11\/20201112_164318-300x421.jpg\" class=\"attachment-medium size-medium\" alt=\"\" aria-describedby=\"gallery-2-4472\" srcset=\"https:\/\/unser-quartier.de\/emsdeich-skulpturen\/files\/2020\/11\/20201112_164318-300x421.jpg 300w, https:\/\/unser-quartier.de\/emsdeich-skulpturen\/files\/2020\/11\/20201112_164318-730x1024.jpg 730w, https:\/\/unser-quartier.de\/emsdeich-skulpturen\/files\/2020\/11\/20201112_164318-150x210.jpg 150w, https:\/\/unser-quartier.de\/emsdeich-skulpturen\/files\/2020\/11\/20201112_164318-768x1077.jpg 768w, https:\/\/unser-quartier.de\/emsdeich-skulpturen\/files\/2020\/11\/20201112_164318.jpg 856w\" sizes=\"auto, (max-width: 300px) 100vw, 300px\" \/><\/a>\n\t\t\t<\/div>\n\t\t\t\t<figcaption class='wp-caption-text gallery-caption' id='gallery-2-4472'>\n\t\t\t\tim Novemberhimmel\n\t\t\t\t<\/figcaption><\/figure>\n\t\t<\/div>\n\n","protected":false},"excerpt":{"rendered":"<p>(Stahl, 2019) Manfred Schl\u00fcter, Gladbeck Schlank wie eine S\u00e4ule streben sechs schwarze Stahlb\u00e4nder, die sich in der Mitte zu einem Geflecht verweben, in die H\u00f6he &#8230; <a title=\"WEBstuhl\" class=\"read-more\" href=\"https:\/\/unser-quartier.de\/emsdeich-skulpturen\/webstuhl\/\" aria-label=\"Mehr Informationen \u00fcber WEBstuhl\">weiterlesen &#8230;<\/a><\/p>\n","protected":false},"author":301,"featured_media":4294,"parent":0,"menu_order":0,"comment_status":"closed","ping_status":"closed","template":"","meta":{"generate_page_header":"","footnotes":""},"class_list":{"0":"post-4470","1":"page","2":"type-page","3":"status-publish","4":"has-post-thumbnail","6":"infinite-scroll-item"},"_links":{"self":[{"href":"https:\/\/unser-quartier.de\/emsdeich-skulpturen\/wp-json\/wp\/v2\/pages\/4470","targetHints":{"allow":["GET"]}}],"collection":[{"href":"https:\/\/unser-quartier.de\/emsdeich-skulpturen\/wp-json\/wp\/v2\/pages"}],"about":[{"href":"https:\/\/unser-quartier.de\/emsdeich-skulpturen\/wp-json\/wp\/v2\/types\/page"}],"author":[{"embeddable":true,"href":"https:\/\/unser-quartier.de\/emsdeich-skulpturen\/wp-json\/wp\/v2\/users\/301"}],"replies":[{"embeddable":true,"href":"https:\/\/unser-quartier.de\/emsdeich-skulpturen\/wp-json\/wp\/v2\/comments?post=4470"}],"version-history":[{"count":0,"href":"https:\/\/unser-quartier.de\/emsdeich-skulpturen\/wp-json\/wp\/v2\/pages\/4470\/revisions"}],"wp:featuredmedia":[{"embeddable":true,"href":"https:\/\/unser-quartier.de\/emsdeich-skulpturen\/wp-json\/wp\/v2\/media\/4294"}],"wp:attachment":[{"href":"https:\/\/unser-quartier.de\/emsdeich-skulpturen\/wp-json\/wp\/v2\/media?parent=4470"}],"curies":[{"name":"wp","href":"https:\/\/api.w.org\/{rel}","templated":true}]}}