{"id":4582,"date":"2021-07-01T18:16:04","date_gmt":"2021-07-01T16:16:04","guid":{"rendered":"https:\/\/unser-quartier.de\/emsdeich-skulpturen\/?page_id=4582"},"modified":"2021-08-29T17:20:39","modified_gmt":"2021-08-29T15:20:39","slug":"wolkenfabrik-2","status":"publish","type":"page","link":"https:\/\/unser-quartier.de\/emsdeich-skulpturen\/wolkenfabrik-2\/","title":{"rendered":"WOLKENfabrik"},"content":{"rendered":"<h3><span style=\"font-family: arial, helvetica, sans-serif;\">Ziegel, Keramik, Kunststoff,\u00a0 2021<\/span><\/h3>\n<h2><span style=\"font-family: arial, helvetica, sans-serif;\"><a href=\"https:\/\/www.annaarnskoetter.de\/\" rel=\"nofollow\">Anna Arnsk\u00f6tter<\/a>, Lentzke<\/span><\/h2>\n<p><span style=\"font-family: arial, helvetica, sans-serif; font-size: 14pt;\">Die rauchenden Fabrikschlote der Textilstadt sind erloschen, werden verwandelt in einen Turm, der die Fabrik tr\u00e4gt. Die Wolke umh\u00fcllt die Fabrik, der Wind treibt sie zum Meer hin, wo die Ems in die Nordsee m\u00fcndet.<\/span><br \/>\n<span style=\"font-family: arial, helvetica, sans-serif; font-size: 14pt;\">Und der Schornstein wird zum Leuchtturm.<\/span><\/p>\n<p style=\"text-align: right;\"><span style=\"font-family: arial, helvetica, sans-serif; font-size: 14pt;\">Gef\u00f6rdert von \u00a0 <\/span><span style=\"font-family: arial, helvetica, sans-serif; font-size: 14pt;\">\u00a0 <a href=\"https:\/\/arnskoetter.de\/\"><img loading=\"lazy\" decoding=\"async\" class=\"alignnone wp-image-4584\" src=\"https:\/\/unser-quartier.de\/emsdeich-skulpturen\/files\/2021\/07\/Arnskoetter_1.jpg\" alt=\"\" width=\"74\" height=\"87\" srcset=\"https:\/\/unser-quartier.de\/emsdeich-skulpturen\/files\/2021\/07\/Arnskoetter_1.jpg 202w, https:\/\/unser-quartier.de\/emsdeich-skulpturen\/files\/2021\/07\/Arnskoetter_1-150x175.jpg 150w\" sizes=\"auto, (max-width: 74px) 100vw, 74px\" \/><\/a> \u00a0 <a href=\"https:\/\/arnskoetter.de\/\"><img loading=\"lazy\" decoding=\"async\" class=\"alignnone wp-image-4583\" src=\"https:\/\/unser-quartier.de\/emsdeich-skulpturen\/files\/2021\/07\/Arnskoetter_2-300x128.jpg\" alt=\"\" width=\"178\" height=\"76\" srcset=\"https:\/\/unser-quartier.de\/emsdeich-skulpturen\/files\/2021\/07\/Arnskoetter_2-300x128.jpg 300w, https:\/\/unser-quartier.de\/emsdeich-skulpturen\/files\/2021\/07\/Arnskoetter_2-150x64.jpg 150w, https:\/\/unser-quartier.de\/emsdeich-skulpturen\/files\/2021\/07\/Arnskoetter_2.jpg 308w\" sizes=\"auto, (max-width: 178px) 100vw, 178px\" \/><\/a><br \/>\nund weiteren Sponsoren<br \/>\n<\/span><\/p>\n<p style=\"text-align: left;\"><span style=\"font-family: arial, helvetica, sans-serif; font-size: 14pt;\">Am 12.07.2021 um 17:30 Uhr war soweit, die offizielle \u00dcbergabe der WOLKENfabrik von Anna Arnsk\u00f6tter hat am Deich stattgefunden.<br \/>\n<\/span><\/p>\n<p><span style=\"font-family: arial, helvetica, sans-serif; font-size: 14pt;\">Die WN schrieb:<\/span><\/p>\n<p><span style=\"font-family: arial, helvetica, sans-serif; font-size: 14pt;\">Anna Arnsk\u00f6tters Skulptur Wolkenfabrik neben dem Emsdeich \u00fcbergeben<\/span><\/p>\n<h2><span style=\"font-family: arial, helvetica, sans-serif; font-size: 14pt;\"><strong>Ein Denkmal f\u00fcr die alte Industrie<\/strong><\/span><\/h2>\n<p><span style=\"font-family: arial, helvetica, sans-serif; font-size: 14pt;\">Sechs Meter hoch. Und eine Wolke obendrauf. Anna Arnsk\u00f6tters Kunstwerk steht jetzt am Emsdeich.<\/span><\/p>\n<p style=\"text-align: right;\"><span style=\"font-family: arial, helvetica, sans-serif; font-size: 10pt;\">Von G\u00fcnter Benning<\/span><\/p>\n<figure id=\"attachment_4603\" aria-describedby=\"caption-attachment-4603\" style=\"width: 490px\" class=\"wp-caption aligncenter\"><img loading=\"lazy\" decoding=\"async\" class=\"wp-image-4603\" src=\"https:\/\/unser-quartier.de\/emsdeich-skulpturen\/files\/2021\/08\/WN_14-07-2021_Titel-300x200.jpg\" alt=\"Die Schleife muss ab (v.l.) B\u00fcrgermeister Dietrich Aden, Werner Peters, Foto: G\u00fcnter Benning\" width=\"500\" height=\"334\" srcset=\"https:\/\/unser-quartier.de\/emsdeich-skulpturen\/files\/2021\/08\/WN_14-07-2021_Titel-300x200.jpg 300w, https:\/\/unser-quartier.de\/emsdeich-skulpturen\/files\/2021\/08\/WN_14-07-2021_Titel-150x100.jpg 150w, https:\/\/unser-quartier.de\/emsdeich-skulpturen\/files\/2021\/08\/WN_14-07-2021_Titel.jpg 708w\" sizes=\"auto, (max-width: 500px) 100vw, 500px\" \/><figcaption id=\"caption-attachment-4603\" class=\"wp-caption-text\"><span style=\"font-family: arial, helvetica, sans-serif; font-size: 8pt;\">Die Schleife muss ab (v.l.) B\u00fcrgermeister Dietrich Aden, Werner Peters, Foto: G\u00fcnter Benning<\/span><\/figcaption><\/figure>\n<p style=\"text-align: left;\"><span style=\"font-family: arial, helvetica, sans-serif; font-size: 14pt;\">Anna Arnsk\u00f6tters Vater war Schlossermeister. \u201eAls Kinder bin ich mit ihm zu den Textilfabriken gefahren\u201c, sagt die K\u00fcnstlerin, \u201eMaschinen reparieren.\u201c Bis ins Ruhrgebiet sei sie dabei gekommen und es hat sich offenbar ein spezielles Fa\u00adbrikbild bei ihr eingepr\u00e4gt.<\/span><\/p>\n<p style=\"text-align: right;\"><a href=\"https:\/\/www.wn.de\/muensterland\/kreis-steinfurt\/greven\/ein-denkmal-fur-die-alte-industrie-1822825?pid=true\"><span style=\"font-family: arial, helvetica, sans-serif;\">hier gehts weiter zum kompletten Originalartikel<\/span><\/a><span style=\"font-family: arial, helvetica, sans-serif;\"> in der<\/span> <a href=\"https:\/\/unser-quartier.de\/emsdeich-skulpturen\/files\/2021\/08\/WN_14-07-2021.jpg\"><img loading=\"lazy\" decoding=\"async\" class=\"alignnone wp-image-4245\" src=\"https:\/\/unser-quartier.de\/emsdeich-skulpturen\/files\/2019\/04\/Logo_WN.png\" alt=\"WN Logo\" width=\"100\" height=\"44\" srcset=\"https:\/\/unser-quartier.de\/emsdeich-skulpturen\/files\/2019\/04\/Logo_WN.png 173w, https:\/\/unser-quartier.de\/emsdeich-skulpturen\/files\/2019\/04\/Logo_WN-150x66.png 150w\" sizes=\"auto, (max-width: 100px) 100vw, 100px\" \/><\/a><\/p>\n<p><span style=\"font-family: arial, helvetica, sans-serif; font-size: 14pt;\">Auch in der Hallo Greven gab es einen Artikel, <\/span><span style=\"font-family: arial, helvetica, sans-serif; font-size: 14pt;\">hier sah das Titelbild so aus<\/span><\/p>\n<p><span style=\"font-family: arial, helvetica, sans-serif; font-size: 14pt;\">und <a href=\"https:\/\/unser-quartier.de\/emsdeich-skulpturen\/files\/2021\/08\/Hallo-greven_17-07-2021.jpg\">hier die Seite als JPG<\/a><\/span><img loading=\"lazy\" decoding=\"async\" class=\"size-medium wp-image-4593 alignright\" src=\"https:\/\/unser-quartier.de\/emsdeich-skulpturen\/files\/2021\/08\/Hallo_Bild_1-300x283.jpg\" alt=\"\" width=\"300\" height=\"283\" srcset=\"https:\/\/unser-quartier.de\/emsdeich-skulpturen\/files\/2021\/08\/Hallo_Bild_1-300x283.jpg 300w, https:\/\/unser-quartier.de\/emsdeich-skulpturen\/files\/2021\/08\/Hallo_Bild_1-150x141.jpg 150w, https:\/\/unser-quartier.de\/emsdeich-skulpturen\/files\/2021\/08\/Hallo_Bild_1-768x724.jpg 768w, https:\/\/unser-quartier.de\/emsdeich-skulpturen\/files\/2021\/08\/Hallo_Bild_1.jpg 868w\" sizes=\"auto, (max-width: 300px) 100vw, 300px\" \/><\/p>\n<p>&nbsp;<\/p>\n<p>&nbsp;<\/p>\n<p>&nbsp;<\/p>\n<p>&nbsp;<\/p>\n<p><span style=\"font-family: arial, helvetica, sans-serif; font-size: 14pt;\">Hier auch noch einige Fotos von der \u00dcbergabe<\/span><\/p>\n<p>&nbsp;<\/p>\n<div id='gallery-2' class='gallery galleryid-4582 gallery-columns-3 gallery-size-thumbnail'><figure class='gallery-item'>\n\t\t\t<div class='gallery-icon landscape'>\n\t\t\t\t<a href='https:\/\/unser-quartier.de\/emsdeich-skulpturen\/p1000305\/'><img loading=\"lazy\" decoding=\"async\" width=\"150\" height=\"100\" src=\"https:\/\/unser-quartier.de\/emsdeich-skulpturen\/files\/2021\/08\/P1000305-150x100.jpg\" class=\"attachment-thumbnail size-thumbnail\" alt=\"\" srcset=\"https:\/\/unser-quartier.de\/emsdeich-skulpturen\/files\/2021\/08\/P1000305-150x100.jpg 150w, https:\/\/unser-quartier.de\/emsdeich-skulpturen\/files\/2021\/08\/P1000305-300x200.jpg 300w, https:\/\/unser-quartier.de\/emsdeich-skulpturen\/files\/2021\/08\/P1000305-768x512.jpg 768w, https:\/\/unser-quartier.de\/emsdeich-skulpturen\/files\/2021\/08\/P1000305.jpg 1200w\" sizes=\"auto, (max-width: 150px) 100vw, 150px\" \/><\/a>\n\t\t\t<\/div><\/figure><figure class='gallery-item'>\n\t\t\t<div class='gallery-icon landscape'>\n\t\t\t\t<a href='https:\/\/unser-quartier.de\/emsdeich-skulpturen\/p1000301\/'><img loading=\"lazy\" decoding=\"async\" width=\"150\" height=\"100\" src=\"https:\/\/unser-quartier.de\/emsdeich-skulpturen\/files\/2021\/08\/P1000301-150x100.jpg\" class=\"attachment-thumbnail size-thumbnail\" alt=\"\" srcset=\"https:\/\/unser-quartier.de\/emsdeich-skulpturen\/files\/2021\/08\/P1000301-150x100.jpg 150w, https:\/\/unser-quartier.de\/emsdeich-skulpturen\/files\/2021\/08\/P1000301-300x200.jpg 300w, https:\/\/unser-quartier.de\/emsdeich-skulpturen\/files\/2021\/08\/P1000301-768x512.jpg 768w, https:\/\/unser-quartier.de\/emsdeich-skulpturen\/files\/2021\/08\/P1000301.jpg 1200w\" sizes=\"auto, (max-width: 150px) 100vw, 150px\" \/><\/a>\n\t\t\t<\/div><\/figure><figure class='gallery-item'>\n\t\t\t<div class='gallery-icon landscape'>\n\t\t\t\t<a href='https:\/\/unser-quartier.de\/emsdeich-skulpturen\/p1000302\/'><img loading=\"lazy\" decoding=\"async\" width=\"150\" height=\"100\" src=\"https:\/\/unser-quartier.de\/emsdeich-skulpturen\/files\/2021\/08\/P1000302-150x100.jpg\" class=\"attachment-thumbnail size-thumbnail\" alt=\"\" srcset=\"https:\/\/unser-quartier.de\/emsdeich-skulpturen\/files\/2021\/08\/P1000302-150x100.jpg 150w, https:\/\/unser-quartier.de\/emsdeich-skulpturen\/files\/2021\/08\/P1000302-300x200.jpg 300w, https:\/\/unser-quartier.de\/emsdeich-skulpturen\/files\/2021\/08\/P1000302-768x512.jpg 768w, https:\/\/unser-quartier.de\/emsdeich-skulpturen\/files\/2021\/08\/P1000302.jpg 1200w\" sizes=\"auto, (max-width: 150px) 100vw, 150px\" \/><\/a>\n\t\t\t<\/div><\/figure><figure class='gallery-item'>\n\t\t\t<div class='gallery-icon landscape'>\n\t\t\t\t<a href='https:\/\/unser-quartier.de\/emsdeich-skulpturen\/p1000306\/'><img loading=\"lazy\" decoding=\"async\" width=\"150\" height=\"100\" src=\"https:\/\/unser-quartier.de\/emsdeich-skulpturen\/files\/2021\/08\/P1000306-150x100.jpg\" class=\"attachment-thumbnail size-thumbnail\" alt=\"\" srcset=\"https:\/\/unser-quartier.de\/emsdeich-skulpturen\/files\/2021\/08\/P1000306-150x100.jpg 150w, https:\/\/unser-quartier.de\/emsdeich-skulpturen\/files\/2021\/08\/P1000306-300x200.jpg 300w, https:\/\/unser-quartier.de\/emsdeich-skulpturen\/files\/2021\/08\/P1000306-768x512.jpg 768w, https:\/\/unser-quartier.de\/emsdeich-skulpturen\/files\/2021\/08\/P1000306.jpg 1200w\" sizes=\"auto, (max-width: 150px) 100vw, 150px\" \/><\/a>\n\t\t\t<\/div><\/figure><figure class='gallery-item'>\n\t\t\t<div class='gallery-icon portrait'>\n\t\t\t\t<a href='https:\/\/unser-quartier.de\/emsdeich-skulpturen\/p1000307\/'><img loading=\"lazy\" decoding=\"async\" width=\"150\" height=\"225\" src=\"https:\/\/unser-quartier.de\/emsdeich-skulpturen\/files\/2021\/08\/P1000307-150x225.jpg\" class=\"attachment-thumbnail size-thumbnail\" alt=\"\" srcset=\"https:\/\/unser-quartier.de\/emsdeich-skulpturen\/files\/2021\/08\/P1000307-150x225.jpg 150w, https:\/\/unser-quartier.de\/emsdeich-skulpturen\/files\/2021\/08\/P1000307-300x450.jpg 300w, https:\/\/unser-quartier.de\/emsdeich-skulpturen\/files\/2021\/08\/P1000307-683x1024.jpg 683w, https:\/\/unser-quartier.de\/emsdeich-skulpturen\/files\/2021\/08\/P1000307-768x1152.jpg 768w, https:\/\/unser-quartier.de\/emsdeich-skulpturen\/files\/2021\/08\/P1000307.jpg 800w\" sizes=\"auto, (max-width: 150px) 100vw, 150px\" \/><\/a>\n\t\t\t<\/div><\/figure><figure class='gallery-item'>\n\t\t\t<div class='gallery-icon portrait'>\n\t\t\t\t<a href='https:\/\/unser-quartier.de\/emsdeich-skulpturen\/wolkenfabrik-3\/'><img loading=\"lazy\" decoding=\"async\" width=\"150\" height=\"179\" src=\"https:\/\/unser-quartier.de\/emsdeich-skulpturen\/files\/2021\/08\/wolkenfabrik-150x179.jpg\" class=\"attachment-thumbnail size-thumbnail\" alt=\"\" srcset=\"https:\/\/unser-quartier.de\/emsdeich-skulpturen\/files\/2021\/08\/wolkenfabrik-150x179.jpg 150w, https:\/\/unser-quartier.de\/emsdeich-skulpturen\/files\/2021\/08\/wolkenfabrik-300x358.jpg 300w, https:\/\/unser-quartier.de\/emsdeich-skulpturen\/files\/2021\/08\/wolkenfabrik-858x1024.jpg 858w, https:\/\/unser-quartier.de\/emsdeich-skulpturen\/files\/2021\/08\/wolkenfabrik-768x916.jpg 768w, https:\/\/unser-quartier.de\/emsdeich-skulpturen\/files\/2021\/08\/wolkenfabrik.jpg 1006w\" sizes=\"auto, (max-width: 150px) 100vw, 150px\" \/><\/a>\n\t\t\t<\/div><\/figure>\n\t\t<\/div>\n\n","protected":false},"excerpt":{"rendered":"<p>Ziegel, Keramik, Kunststoff,\u00a0 2021 Anna Arnsk\u00f6tter, Lentzke Die rauchenden Fabrikschlote der Textilstadt sind erloschen, werden verwandelt in einen Turm, der die Fabrik tr\u00e4gt. Die Wolke &#8230; <a title=\"WOLKENfabrik\" class=\"read-more\" href=\"https:\/\/unser-quartier.de\/emsdeich-skulpturen\/wolkenfabrik-2\/\" aria-label=\"Mehr Informationen \u00fcber WOLKENfabrik\">weiterlesen &#8230;<\/a><\/p>\n","protected":false},"author":301,"featured_media":4587,"parent":0,"menu_order":0,"comment_status":"closed","ping_status":"closed","template":"","meta":{"generate_page_header":"","footnotes":""},"class_list":{"0":"post-4582","1":"page","2":"type-page","3":"status-publish","4":"has-post-thumbnail","6":"infinite-scroll-item","7":"resize-featured-image"},"_links":{"self":[{"href":"https:\/\/unser-quartier.de\/emsdeich-skulpturen\/wp-json\/wp\/v2\/pages\/4582","targetHints":{"allow":["GET"]}}],"collection":[{"href":"https:\/\/unser-quartier.de\/emsdeich-skulpturen\/wp-json\/wp\/v2\/pages"}],"about":[{"href":"https:\/\/unser-quartier.de\/emsdeich-skulpturen\/wp-json\/wp\/v2\/types\/page"}],"author":[{"embeddable":true,"href":"https:\/\/unser-quartier.de\/emsdeich-skulpturen\/wp-json\/wp\/v2\/users\/301"}],"replies":[{"embeddable":true,"href":"https:\/\/unser-quartier.de\/emsdeich-skulpturen\/wp-json\/wp\/v2\/comments?post=4582"}],"version-history":[{"count":0,"href":"https:\/\/unser-quartier.de\/emsdeich-skulpturen\/wp-json\/wp\/v2\/pages\/4582\/revisions"}],"wp:featuredmedia":[{"embeddable":true,"href":"https:\/\/unser-quartier.de\/emsdeich-skulpturen\/wp-json\/wp\/v2\/media\/4587"}],"wp:attachment":[{"href":"https:\/\/unser-quartier.de\/emsdeich-skulpturen\/wp-json\/wp\/v2\/media?parent=4582"}],"curies":[{"name":"wp","href":"https:\/\/api.w.org\/{rel}","templated":true}]}}