{"id":4842,"date":"2023-10-20T20:49:54","date_gmt":"2023-10-20T18:49:54","guid":{"rendered":"https:\/\/unser-quartier.de\/emsdeich-skulpturen\/?page_id=4842"},"modified":"2023-10-22T20:49:34","modified_gmt":"2023-10-22T18:49:34","slug":"flussbett","status":"publish","type":"page","link":"https:\/\/unser-quartier.de\/emsdeich-skulpturen\/flussbett\/","title":{"rendered":"FLUSSbett"},"content":{"rendered":"<h3><span style=\"font-family: arial, helvetica, sans-serif;\">Pigmentierter Kunststein, 2023<\/span><\/h3>\n<h2><span style=\"font-family: arial, helvetica, sans-serif;\"><a href=\"https:\/\/www.stefanrosendahl.de\/\" rel=\"nofollow\">Stefan Rosendahl<\/a>, Greven<\/span><\/h2>\n<h2><span style=\"font-family: arial, helvetica, sans-serif; font-size: 14pt;\">Ambivalenz in einem Wort &#8211; Flussbett &#8211; flie\u00dfend gebettet<\/span><\/h2>\n<p><span style=\"font-family: arial, helvetica, sans-serif; font-size: 12pt;\">Die Bewegung des Wassers, die sich im Flussbett der Ems abbildet und ein Stoff, der zu flie\u00dfen scheint. <\/span><\/p>\n<p><span style=\"font-family: arial, helvetica, sans-serif; font-size: 12pt;\">Bildgewordene Bewegung vereint den Ort Greven mit seinen Facetten in diesem bildhauerischen Werk.<\/span><br \/>\n<span style=\"font-family: arial, helvetica, sans-serif; font-size: 12pt;\">Gefo\u0308rdert aus dem Spendentopf des F\u00f6rdervereins<\/span><\/p>\n<hr \/>\n<p><span style=\"font-family: arial, helvetica, sans-serif;\">Am 21.10.2023 war die offizielle \u00dcbergabe der Skulptur, nach den Reden von Peter Vennemeyer, der Stellvertretenden B\u00fcrgermeisterin Christa Waschkowitz-Biggeleben und dem K\u00fcnstler Stefan Rosendahl, der die Entstehung der Skulptur erl\u00e4uterte (hier eine <a href=\"https:\/\/unser-quartier.de\/emsdeich-skulpturen\/files\/2023\/10\/Beschreibung.pdf\">kurze Beschreibung<\/a>), wurde das FLUSSbett &#8220;enth\u00fcllt&#8221;.<\/span><br \/>\n<span style=\"font-family: arial, helvetica, sans-serif;\">Hier einige Fotos<\/span><\/p>\n<div id='gallery-2' class='gallery galleryid-4842 gallery-columns-3 gallery-size-thumbnail'><figure class='gallery-item'>\n\t\t\t<div class='gallery-icon landscape'>\n\t\t\t\t<a href='https:\/\/unser-quartier.de\/emsdeich-skulpturen\/flussbett\/20231021_170420\/#main'><img loading=\"lazy\" decoding=\"async\" width=\"150\" height=\"68\" src=\"https:\/\/unser-quartier.de\/emsdeich-skulpturen\/files\/2023\/10\/20231021_170420-150x68.jpg\" class=\"attachment-thumbnail size-thumbnail\" alt=\"\" srcset=\"https:\/\/unser-quartier.de\/emsdeich-skulpturen\/files\/2023\/10\/20231021_170420-150x68.jpg 150w, https:\/\/unser-quartier.de\/emsdeich-skulpturen\/files\/2023\/10\/20231021_170420-300x135.jpg 300w, https:\/\/unser-quartier.de\/emsdeich-skulpturen\/files\/2023\/10\/20231021_170420-768x346.jpg 768w, https:\/\/unser-quartier.de\/emsdeich-skulpturen\/files\/2023\/10\/20231021_170420.jpg 1200w\" sizes=\"auto, (max-width: 150px) 100vw, 150px\" \/><\/a>\n\t\t\t<\/div><\/figure><figure class='gallery-item'>\n\t\t\t<div class='gallery-icon portrait'>\n\t\t\t\t<a href='https:\/\/unser-quartier.de\/emsdeich-skulpturen\/flussbett\/20231021_170356\/#main'><img loading=\"lazy\" decoding=\"async\" width=\"150\" height=\"333\" src=\"https:\/\/unser-quartier.de\/emsdeich-skulpturen\/files\/2023\/10\/20231021_170356-150x333.jpg\" class=\"attachment-thumbnail size-thumbnail\" alt=\"\" srcset=\"https:\/\/unser-quartier.de\/emsdeich-skulpturen\/files\/2023\/10\/20231021_170356-150x333.jpg 150w, https:\/\/unser-quartier.de\/emsdeich-skulpturen\/files\/2023\/10\/20231021_170356-300x667.jpg 300w, https:\/\/unser-quartier.de\/emsdeich-skulpturen\/files\/2023\/10\/20231021_170356-461x1024.jpg 461w, https:\/\/unser-quartier.de\/emsdeich-skulpturen\/files\/2023\/10\/20231021_170356.jpg 540w\" sizes=\"auto, (max-width: 150px) 100vw, 150px\" \/><\/a>\n\t\t\t<\/div><\/figure><figure class='gallery-item'>\n\t\t\t<div class='gallery-icon landscape'>\n\t\t\t\t<a href='https:\/\/unser-quartier.de\/emsdeich-skulpturen\/flussbett\/p1080905\/#main'><img loading=\"lazy\" decoding=\"async\" width=\"150\" height=\"100\" src=\"https:\/\/unser-quartier.de\/emsdeich-skulpturen\/files\/2023\/10\/P1080905-150x100.jpg\" class=\"attachment-thumbnail size-thumbnail\" alt=\"\" srcset=\"https:\/\/unser-quartier.de\/emsdeich-skulpturen\/files\/2023\/10\/P1080905-150x100.jpg 150w, https:\/\/unser-quartier.de\/emsdeich-skulpturen\/files\/2023\/10\/P1080905-300x200.jpg 300w, https:\/\/unser-quartier.de\/emsdeich-skulpturen\/files\/2023\/10\/P1080905-768x512.jpg 768w, https:\/\/unser-quartier.de\/emsdeich-skulpturen\/files\/2023\/10\/P1080905.jpg 1200w\" sizes=\"auto, (max-width: 150px) 100vw, 150px\" \/><\/a>\n\t\t\t<\/div><\/figure><figure class='gallery-item'>\n\t\t\t<div class='gallery-icon landscape'>\n\t\t\t\t<a href='https:\/\/unser-quartier.de\/emsdeich-skulpturen\/flussbett\/p1080908\/#main'><img loading=\"lazy\" decoding=\"async\" width=\"150\" height=\"100\" src=\"https:\/\/unser-quartier.de\/emsdeich-skulpturen\/files\/2023\/10\/P1080908-150x100.jpg\" class=\"attachment-thumbnail size-thumbnail\" alt=\"\" srcset=\"https:\/\/unser-quartier.de\/emsdeich-skulpturen\/files\/2023\/10\/P1080908-150x100.jpg 150w, https:\/\/unser-quartier.de\/emsdeich-skulpturen\/files\/2023\/10\/P1080908-300x200.jpg 300w, https:\/\/unser-quartier.de\/emsdeich-skulpturen\/files\/2023\/10\/P1080908-768x512.jpg 768w, https:\/\/unser-quartier.de\/emsdeich-skulpturen\/files\/2023\/10\/P1080908.jpg 1200w\" sizes=\"auto, (max-width: 150px) 100vw, 150px\" \/><\/a>\n\t\t\t<\/div><\/figure><figure class='gallery-item'>\n\t\t\t<div class='gallery-icon landscape'>\n\t\t\t\t<a href='https:\/\/unser-quartier.de\/emsdeich-skulpturen\/flussbett\/p1080913\/#main'><img loading=\"lazy\" decoding=\"async\" width=\"150\" height=\"100\" src=\"https:\/\/unser-quartier.de\/emsdeich-skulpturen\/files\/2023\/10\/P1080913-150x100.jpg\" class=\"attachment-thumbnail size-thumbnail\" alt=\"\" srcset=\"https:\/\/unser-quartier.de\/emsdeich-skulpturen\/files\/2023\/10\/P1080913-150x100.jpg 150w, https:\/\/unser-quartier.de\/emsdeich-skulpturen\/files\/2023\/10\/P1080913-300x200.jpg 300w, https:\/\/unser-quartier.de\/emsdeich-skulpturen\/files\/2023\/10\/P1080913-768x512.jpg 768w, https:\/\/unser-quartier.de\/emsdeich-skulpturen\/files\/2023\/10\/P1080913.jpg 1200w\" sizes=\"auto, (max-width: 150px) 100vw, 150px\" \/><\/a>\n\t\t\t<\/div><\/figure><figure class='gallery-item'>\n\t\t\t<div class='gallery-icon portrait'>\n\t\t\t\t<a href='https:\/\/unser-quartier.de\/emsdeich-skulpturen\/flussbett\/20231021_172901\/#main'><img loading=\"lazy\" decoding=\"async\" width=\"150\" height=\"333\" src=\"https:\/\/unser-quartier.de\/emsdeich-skulpturen\/files\/2023\/10\/20231021_172901-150x333.jpg\" class=\"attachment-thumbnail size-thumbnail\" alt=\"\" srcset=\"https:\/\/unser-quartier.de\/emsdeich-skulpturen\/files\/2023\/10\/20231021_172901-150x333.jpg 150w, https:\/\/unser-quartier.de\/emsdeich-skulpturen\/files\/2023\/10\/20231021_172901-300x667.jpg 300w, https:\/\/unser-quartier.de\/emsdeich-skulpturen\/files\/2023\/10\/20231021_172901-461x1024.jpg 461w, https:\/\/unser-quartier.de\/emsdeich-skulpturen\/files\/2023\/10\/20231021_172901.jpg 540w\" sizes=\"auto, (max-width: 150px) 100vw, 150px\" \/><\/a>\n\t\t\t<\/div><\/figure><figure class='gallery-item'>\n\t\t\t<div class='gallery-icon portrait'>\n\t\t\t\t<a href='https:\/\/unser-quartier.de\/emsdeich-skulpturen\/flussbett\/p1080917\/#main'><img loading=\"lazy\" decoding=\"async\" width=\"150\" height=\"225\" src=\"https:\/\/unser-quartier.de\/emsdeich-skulpturen\/files\/2023\/10\/P1080917-150x225.jpg\" class=\"attachment-thumbnail size-thumbnail\" alt=\"\" srcset=\"https:\/\/unser-quartier.de\/emsdeich-skulpturen\/files\/2023\/10\/P1080917-150x225.jpg 150w, https:\/\/unser-quartier.de\/emsdeich-skulpturen\/files\/2023\/10\/P1080917-300x450.jpg 300w, https:\/\/unser-quartier.de\/emsdeich-skulpturen\/files\/2023\/10\/P1080917-683x1024.jpg 683w, https:\/\/unser-quartier.de\/emsdeich-skulpturen\/files\/2023\/10\/P1080917-768x1152.jpg 768w, https:\/\/unser-quartier.de\/emsdeich-skulpturen\/files\/2023\/10\/P1080917.jpg 800w\" sizes=\"auto, (max-width: 150px) 100vw, 150px\" \/><\/a>\n\t\t\t<\/div><\/figure><figure class='gallery-item'>\n\t\t\t<div class='gallery-icon landscape'>\n\t\t\t\t<a href='https:\/\/unser-quartier.de\/emsdeich-skulpturen\/flussbett\/p1080919\/#main'><img loading=\"lazy\" decoding=\"async\" width=\"150\" height=\"100\" src=\"https:\/\/unser-quartier.de\/emsdeich-skulpturen\/files\/2023\/10\/P1080919-150x100.jpg\" class=\"attachment-thumbnail size-thumbnail\" alt=\"\" srcset=\"https:\/\/unser-quartier.de\/emsdeich-skulpturen\/files\/2023\/10\/P1080919-150x100.jpg 150w, https:\/\/unser-quartier.de\/emsdeich-skulpturen\/files\/2023\/10\/P1080919-300x200.jpg 300w, https:\/\/unser-quartier.de\/emsdeich-skulpturen\/files\/2023\/10\/P1080919-768x512.jpg 768w, https:\/\/unser-quartier.de\/emsdeich-skulpturen\/files\/2023\/10\/P1080919.jpg 1200w\" sizes=\"auto, (max-width: 150px) 100vw, 150px\" \/><\/a>\n\t\t\t<\/div><\/figure><figure class='gallery-item'>\n\t\t\t<div class='gallery-icon landscape'>\n\t\t\t\t<a href='https:\/\/unser-quartier.de\/emsdeich-skulpturen\/flussbett\/20231021_171822\/#main'><img loading=\"lazy\" decoding=\"async\" width=\"150\" height=\"68\" src=\"https:\/\/unser-quartier.de\/emsdeich-skulpturen\/files\/2023\/10\/20231021_171822-150x68.jpg\" class=\"attachment-thumbnail size-thumbnail\" alt=\"\" srcset=\"https:\/\/unser-quartier.de\/emsdeich-skulpturen\/files\/2023\/10\/20231021_171822-150x68.jpg 150w, https:\/\/unser-quartier.de\/emsdeich-skulpturen\/files\/2023\/10\/20231021_171822-300x135.jpg 300w, https:\/\/unser-quartier.de\/emsdeich-skulpturen\/files\/2023\/10\/20231021_171822-768x346.jpg 768w, https:\/\/unser-quartier.de\/emsdeich-skulpturen\/files\/2023\/10\/20231021_171822.jpg 1200w\" sizes=\"auto, (max-width: 150px) 100vw, 150px\" \/><\/a>\n\t\t\t<\/div><\/figure><figure class='gallery-item'>\n\t\t\t<div class='gallery-icon landscape'>\n\t\t\t\t<a href='https:\/\/unser-quartier.de\/emsdeich-skulpturen\/flussbett\/20231021_173103\/#main'><img loading=\"lazy\" decoding=\"async\" width=\"150\" height=\"68\" src=\"https:\/\/unser-quartier.de\/emsdeich-skulpturen\/files\/2023\/10\/20231021_173103-150x68.jpg\" class=\"attachment-thumbnail size-thumbnail\" alt=\"\" srcset=\"https:\/\/unser-quartier.de\/emsdeich-skulpturen\/files\/2023\/10\/20231021_173103-150x68.jpg 150w, https:\/\/unser-quartier.de\/emsdeich-skulpturen\/files\/2023\/10\/20231021_173103-300x135.jpg 300w, https:\/\/unser-quartier.de\/emsdeich-skulpturen\/files\/2023\/10\/20231021_173103-768x346.jpg 768w, https:\/\/unser-quartier.de\/emsdeich-skulpturen\/files\/2023\/10\/20231021_173103.jpg 1200w\" sizes=\"auto, (max-width: 150px) 100vw, 150px\" \/><\/a>\n\t\t\t<\/div><\/figure><figure class='gallery-item'>\n\t\t\t<div class='gallery-icon portrait'>\n\t\t\t\t<a href='https:\/\/unser-quartier.de\/emsdeich-skulpturen\/flussbett\/p1080926\/#main'><img loading=\"lazy\" decoding=\"async\" width=\"150\" height=\"225\" src=\"https:\/\/unser-quartier.de\/emsdeich-skulpturen\/files\/2023\/10\/P1080926-150x225.jpg\" class=\"attachment-thumbnail size-thumbnail\" alt=\"\" srcset=\"https:\/\/unser-quartier.de\/emsdeich-skulpturen\/files\/2023\/10\/P1080926-150x225.jpg 150w, https:\/\/unser-quartier.de\/emsdeich-skulpturen\/files\/2023\/10\/P1080926-300x450.jpg 300w, https:\/\/unser-quartier.de\/emsdeich-skulpturen\/files\/2023\/10\/P1080926-683x1024.jpg 683w, https:\/\/unser-quartier.de\/emsdeich-skulpturen\/files\/2023\/10\/P1080926-768x1152.jpg 768w, https:\/\/unser-quartier.de\/emsdeich-skulpturen\/files\/2023\/10\/P1080926.jpg 800w\" sizes=\"auto, (max-width: 150px) 100vw, 150px\" \/><\/a>\n\t\t\t<\/div><\/figure>\n\t\t<\/div>\n\n<hr \/>\n<p><span style=\"font-family: arial, helvetica, sans-serif; font-size: 12pt;\">Am 19.10.2023 wurde die Skulptur unter starkem Einsatz der TB Greven an den Standort transportiert und aufgestellt.<br \/>\nHier einige Fotos<\/span><\/p>\n<div id='gallery-4' class='gallery galleryid-4842 gallery-columns-3 gallery-size-thumbnail'><figure class='gallery-item'>\n\t\t\t<div class='gallery-icon portrait'>\n\t\t\t\t<a href='https:\/\/unser-quartier.de\/emsdeich-skulpturen\/flussbett\/img-20231019-wa0004\/#main'><img loading=\"lazy\" decoding=\"async\" width=\"150\" height=\"200\" src=\"https:\/\/unser-quartier.de\/emsdeich-skulpturen\/files\/2023\/10\/IMG-20231019-WA0004-150x200.jpg\" class=\"attachment-thumbnail size-thumbnail\" alt=\"\" srcset=\"https:\/\/unser-quartier.de\/emsdeich-skulpturen\/files\/2023\/10\/IMG-20231019-WA0004-150x200.jpg 150w, https:\/\/unser-quartier.de\/emsdeich-skulpturen\/files\/2023\/10\/IMG-20231019-WA0004-300x400.jpg 300w, https:\/\/unser-quartier.de\/emsdeich-skulpturen\/files\/2023\/10\/IMG-20231019-WA0004-768x1024.jpg 768w, https:\/\/unser-quartier.de\/emsdeich-skulpturen\/files\/2023\/10\/IMG-20231019-WA0004.jpg 900w\" sizes=\"auto, (max-width: 150px) 100vw, 150px\" \/><\/a>\n\t\t\t<\/div><\/figure><figure class='gallery-item'>\n\t\t\t<div class='gallery-icon landscape'>\n\t\t\t\t<a href='https:\/\/unser-quartier.de\/emsdeich-skulpturen\/flussbett\/img-20231019-wa0000\/#main'><img loading=\"lazy\" decoding=\"async\" width=\"150\" height=\"113\" src=\"https:\/\/unser-quartier.de\/emsdeich-skulpturen\/files\/2023\/10\/IMG-20231019-WA0000-150x113.jpg\" class=\"attachment-thumbnail size-thumbnail\" alt=\"\" srcset=\"https:\/\/unser-quartier.de\/emsdeich-skulpturen\/files\/2023\/10\/IMG-20231019-WA0000-150x113.jpg 150w, https:\/\/unser-quartier.de\/emsdeich-skulpturen\/files\/2023\/10\/IMG-20231019-WA0000-300x225.jpg 300w, https:\/\/unser-quartier.de\/emsdeich-skulpturen\/files\/2023\/10\/IMG-20231019-WA0000-768x577.jpg 768w, https:\/\/unser-quartier.de\/emsdeich-skulpturen\/files\/2023\/10\/IMG-20231019-WA0000.jpg 1200w\" sizes=\"auto, (max-width: 150px) 100vw, 150px\" \/><\/a>\n\t\t\t<\/div><\/figure><figure class='gallery-item'>\n\t\t\t<div class='gallery-icon landscape'>\n\t\t\t\t<a href='https:\/\/unser-quartier.de\/emsdeich-skulpturen\/flussbett\/img-20231019-wa0002\/#main'><img loading=\"lazy\" decoding=\"async\" width=\"150\" height=\"113\" src=\"https:\/\/unser-quartier.de\/emsdeich-skulpturen\/files\/2023\/10\/IMG-20231019-WA0002-150x113.jpg\" class=\"attachment-thumbnail size-thumbnail\" alt=\"\" srcset=\"https:\/\/unser-quartier.de\/emsdeich-skulpturen\/files\/2023\/10\/IMG-20231019-WA0002-150x113.jpg 150w, https:\/\/unser-quartier.de\/emsdeich-skulpturen\/files\/2023\/10\/IMG-20231019-WA0002-300x225.jpg 300w, https:\/\/unser-quartier.de\/emsdeich-skulpturen\/files\/2023\/10\/IMG-20231019-WA0002-768x576.jpg 768w, https:\/\/unser-quartier.de\/emsdeich-skulpturen\/files\/2023\/10\/IMG-20231019-WA0002.jpg 1200w\" sizes=\"auto, (max-width: 150px) 100vw, 150px\" \/><\/a>\n\t\t\t<\/div><\/figure><figure class='gallery-item'>\n\t\t\t<div class='gallery-icon portrait'>\n\t\t\t\t<a href='https:\/\/unser-quartier.de\/emsdeich-skulpturen\/flussbett\/20231019_143616\/#main'><img loading=\"lazy\" decoding=\"async\" width=\"150\" height=\"333\" src=\"https:\/\/unser-quartier.de\/emsdeich-skulpturen\/files\/2023\/10\/20231019_143616-150x333.jpg\" class=\"attachment-thumbnail size-thumbnail\" alt=\"\" srcset=\"https:\/\/unser-quartier.de\/emsdeich-skulpturen\/files\/2023\/10\/20231019_143616-150x333.jpg 150w, https:\/\/unser-quartier.de\/emsdeich-skulpturen\/files\/2023\/10\/20231019_143616-300x667.jpg 300w, https:\/\/unser-quartier.de\/emsdeich-skulpturen\/files\/2023\/10\/20231019_143616-461x1024.jpg 461w, https:\/\/unser-quartier.de\/emsdeich-skulpturen\/files\/2023\/10\/20231019_143616.jpg 540w\" sizes=\"auto, (max-width: 150px) 100vw, 150px\" \/><\/a>\n\t\t\t<\/div><\/figure><figure class='gallery-item'>\n\t\t\t<div class='gallery-icon portrait'>\n\t\t\t\t<a href='https:\/\/unser-quartier.de\/emsdeich-skulpturen\/flussbett\/img-20231019-wa0008\/#main'><img loading=\"lazy\" decoding=\"async\" width=\"150\" height=\"200\" src=\"https:\/\/unser-quartier.de\/emsdeich-skulpturen\/files\/2023\/10\/IMG-20231019-WA0008-150x200.jpg\" class=\"attachment-thumbnail size-thumbnail\" alt=\"\" srcset=\"https:\/\/unser-quartier.de\/emsdeich-skulpturen\/files\/2023\/10\/IMG-20231019-WA0008-150x200.jpg 150w, https:\/\/unser-quartier.de\/emsdeich-skulpturen\/files\/2023\/10\/IMG-20231019-WA0008-300x400.jpg 300w, https:\/\/unser-quartier.de\/emsdeich-skulpturen\/files\/2023\/10\/IMG-20231019-WA0008-768x1024.jpg 768w, https:\/\/unser-quartier.de\/emsdeich-skulpturen\/files\/2023\/10\/IMG-20231019-WA0008.jpg 900w\" sizes=\"auto, (max-width: 150px) 100vw, 150px\" \/><\/a>\n\t\t\t<\/div><\/figure><figure class='gallery-item'>\n\t\t\t<div class='gallery-icon portrait'>\n\t\t\t\t<a href='https:\/\/unser-quartier.de\/emsdeich-skulpturen\/flussbett\/20231019_152744\/#main'><img loading=\"lazy\" decoding=\"async\" width=\"150\" height=\"333\" src=\"https:\/\/unser-quartier.de\/emsdeich-skulpturen\/files\/2023\/10\/20231019_152744-150x333.jpg\" class=\"attachment-thumbnail size-thumbnail\" alt=\"\" srcset=\"https:\/\/unser-quartier.de\/emsdeich-skulpturen\/files\/2023\/10\/20231019_152744-150x333.jpg 150w, https:\/\/unser-quartier.de\/emsdeich-skulpturen\/files\/2023\/10\/20231019_152744-300x667.jpg 300w, https:\/\/unser-quartier.de\/emsdeich-skulpturen\/files\/2023\/10\/20231019_152744-461x1024.jpg 461w, https:\/\/unser-quartier.de\/emsdeich-skulpturen\/files\/2023\/10\/20231019_152744.jpg 540w\" sizes=\"auto, (max-width: 150px) 100vw, 150px\" \/><\/a>\n\t\t\t<\/div><\/figure><figure class='gallery-item'>\n\t\t\t<div class='gallery-icon portrait'>\n\t\t\t\t<a href='https:\/\/unser-quartier.de\/emsdeich-skulpturen\/flussbett\/flussbett_19_10_2023\/#main'><img loading=\"lazy\" decoding=\"async\" width=\"150\" height=\"155\" src=\"https:\/\/unser-quartier.de\/emsdeich-skulpturen\/files\/2023\/10\/Flussbett_19_10_2023-150x155.jpg\" class=\"attachment-thumbnail size-thumbnail\" alt=\"\" srcset=\"https:\/\/unser-quartier.de\/emsdeich-skulpturen\/files\/2023\/10\/Flussbett_19_10_2023-150x155.jpg 150w, https:\/\/unser-quartier.de\/emsdeich-skulpturen\/files\/2023\/10\/Flussbett_19_10_2023-300x310.jpg 300w, https:\/\/unser-quartier.de\/emsdeich-skulpturen\/files\/2023\/10\/Flussbett_19_10_2023-991x1024.jpg 991w, https:\/\/unser-quartier.de\/emsdeich-skulpturen\/files\/2023\/10\/Flussbett_19_10_2023-768x794.jpg 768w, https:\/\/unser-quartier.de\/emsdeich-skulpturen\/files\/2023\/10\/Flussbett_19_10_2023.jpg 1161w\" sizes=\"auto, (max-width: 150px) 100vw, 150px\" \/><\/a>\n\t\t\t<\/div><\/figure><figure class='gallery-item'>\n\t\t\t<div class='gallery-icon landscape'>\n\t\t\t\t<a href='https:\/\/unser-quartier.de\/emsdeich-skulpturen\/flussbett\/20231019_153537\/#main'><img loading=\"lazy\" decoding=\"async\" width=\"150\" height=\"68\" src=\"https:\/\/unser-quartier.de\/emsdeich-skulpturen\/files\/2023\/10\/20231019_153537-150x68.jpg\" class=\"attachment-thumbnail size-thumbnail\" alt=\"\" srcset=\"https:\/\/unser-quartier.de\/emsdeich-skulpturen\/files\/2023\/10\/20231019_153537-150x68.jpg 150w, https:\/\/unser-quartier.de\/emsdeich-skulpturen\/files\/2023\/10\/20231019_153537-300x135.jpg 300w, https:\/\/unser-quartier.de\/emsdeich-skulpturen\/files\/2023\/10\/20231019_153537-768x346.jpg 768w, https:\/\/unser-quartier.de\/emsdeich-skulpturen\/files\/2023\/10\/20231019_153537.jpg 1200w\" sizes=\"auto, (max-width: 150px) 100vw, 150px\" \/><\/a>\n\t\t\t<\/div><\/figure>\n\t\t<\/div>\n\n<p>&nbsp;<\/p>\n","protected":false},"excerpt":{"rendered":"<p>Pigmentierter Kunststein, 2023 Stefan Rosendahl, Greven Ambivalenz in einem Wort &#8211; Flussbett &#8211; flie\u00dfend gebettet Die Bewegung des Wassers, die sich im Flussbett der Ems &#8230; <a title=\"FLUSSbett\" class=\"read-more\" href=\"https:\/\/unser-quartier.de\/emsdeich-skulpturen\/flussbett\/\" aria-label=\"Mehr Informationen \u00fcber FLUSSbett\">weiterlesen &#8230;<\/a><\/p>\n","protected":false},"author":301,"featured_media":4866,"parent":0,"menu_order":0,"comment_status":"closed","ping_status":"closed","template":"","meta":{"generate_page_header":"","footnotes":""},"class_list":{"0":"post-4842","1":"page","2":"type-page","3":"status-publish","4":"has-post-thumbnail","6":"infinite-scroll-item","7":"resize-featured-image"},"_links":{"self":[{"href":"https:\/\/unser-quartier.de\/emsdeich-skulpturen\/wp-json\/wp\/v2\/pages\/4842","targetHints":{"allow":["GET"]}}],"collection":[{"href":"https:\/\/unser-quartier.de\/emsdeich-skulpturen\/wp-json\/wp\/v2\/pages"}],"about":[{"href":"https:\/\/unser-quartier.de\/emsdeich-skulpturen\/wp-json\/wp\/v2\/types\/page"}],"author":[{"embeddable":true,"href":"https:\/\/unser-quartier.de\/emsdeich-skulpturen\/wp-json\/wp\/v2\/users\/301"}],"replies":[{"embeddable":true,"href":"https:\/\/unser-quartier.de\/emsdeich-skulpturen\/wp-json\/wp\/v2\/comments?post=4842"}],"version-history":[{"count":3,"href":"https:\/\/unser-quartier.de\/emsdeich-skulpturen\/wp-json\/wp\/v2\/pages\/4842\/revisions"}],"predecessor-version":[{"id":4871,"href":"https:\/\/unser-quartier.de\/emsdeich-skulpturen\/wp-json\/wp\/v2\/pages\/4842\/revisions\/4871"}],"wp:featuredmedia":[{"embeddable":true,"href":"https:\/\/unser-quartier.de\/emsdeich-skulpturen\/wp-json\/wp\/v2\/media\/4866"}],"wp:attachment":[{"href":"https:\/\/unser-quartier.de\/emsdeich-skulpturen\/wp-json\/wp\/v2\/media?parent=4842"}],"curies":[{"name":"wp","href":"https:\/\/api.w.org\/{rel}","templated":true}]}}