{"id":5311,"date":"2024-09-29T18:01:02","date_gmt":"2024-09-29T16:01:02","guid":{"rendered":"https:\/\/unser-quartier.de\/emsdeich-skulpturen\/?page_id=5311"},"modified":"2025-04-14T21:00:12","modified_gmt":"2025-04-14T19:00:12","slug":"emsnadel-2","status":"publish","type":"page","link":"https:\/\/unser-quartier.de\/emsdeich-skulpturen\/emsnadel-2\/","title":{"rendered":"EMSnadel"},"content":{"rendered":"<ol>\n<li><span style=\"font-family: arial, helvetica, sans-serif;\"><strong><em>Name, Vita, Link zur Homepage<\/em><\/strong><\/span>\n<ul style=\"list-style-type: disc;\">\n<li><span style=\"font-family: arial, helvetica, sans-serif;\"><span style=\"font-family: arial, helvetica, sans-serif;\">Uwe Mertsch<\/span><\/span>\n<div class=\"wp-block-image\"><img loading=\"lazy\" decoding=\"async\" class=\"wpa-warning wpa-image-missing-alt alignright wp-image-5591 size-thumbnail\" title=\"http:\/\/www.uwe-mertsch.de\" src=\"https:\/\/unser-quartier.de\/emsdeich-skulpturen\/files\/2025\/04\/Mertsch-removebg-preview-150x146.gif\" alt=\"Uwe Mertsch\" width=\"150\" height=\"146\" data-warning=\"Missing alt text\" data-wp-editing=\"1\" srcset=\"https:\/\/unser-quartier.de\/emsdeich-skulpturen\/files\/2025\/04\/Mertsch-removebg-preview-150x146.gif 150w, https:\/\/unser-quartier.de\/emsdeich-skulpturen\/files\/2025\/04\/Mertsch-removebg-preview-300x293.gif 300w\" sizes=\"auto, (max-width: 150px) 100vw, 150px\" \/><\/div>\n<\/li>\n<li><span style=\"font-family: arial, helvetica, sans-serif;\">Der K\u00fcnstler Uwe Mertsch wurde am 24.07.1962 im M\u00fcnsterland geboren. Nach seinem Studium widmete er sich haupts\u00e4chlich der Malerei und Bildhauerei. Im Laufe seiner Schaffensjahre im In- und Ausland entstanden ebenso Skulpturen, Buchillustrationen, literarische Werke und Entw\u00fcrfe f\u00fcr M\u00f6bel im h\u00e4uslichen Bereich. Er nahm an zahlreichen Messen f\u00fcr Kunst und Literatur, vornehmlich in Taipei, Prag und K\u00f6ln teil. Zahlreiche Ausstellungen in namhaften Galerien begleiten seinen Lebensweg. Ein Besuch auf seiner Webseite gibt dem Kunstinteressenten detailliertere Ausk\u00fcnfte<\/span><\/li>\n<li><span style=\"font-family: arial, helvetica, sans-serif;\"><span style=\"font-family: arial, helvetica, sans-serif;\"><a href=\"http:\/\/www.uwe-mertsch.de\">http:\/\/www.uwe-mertsch.de<\/a><\/span><\/span><\/li>\n<\/ul>\n<\/li>\n<li><span style=\"font-family: arial, helvetica, sans-serif;\"><strong><em>Allgemeines\/Schwerpunkte des individuellen k\u00fcnstlerischen Schaffens<\/em><\/strong><\/span>\n<ul style=\"list-style-type: disc;\">\n<li><span style=\"font-family: arial, helvetica, sans-serif;\"><a href=\"http:\/\/www.uwe-mertsch.de\/paintings.htm\">Malen<\/a> <a href=\"http:\/\/www.uwe-mertsch.de\/paintings.htm\">(Link)<\/a><\/span><\/li>\n<li><span style=\"font-family: arial, helvetica, sans-serif;\"><a href=\"http:\/\/www.uwe-mertsch.de\/design.htm\">Design<\/a> <a href=\"http:\/\/www.uwe-mertsch.de\/design.htm\">(Link)<\/a><\/span><\/li>\n<li><span style=\"font-family: arial, helvetica, sans-serif;\"><a href=\"http:\/\/www.uwe-mertsch.de\/sculptures.htm\">Skulpturen<\/a> <a href=\"http:\/\/www.uwe-mertsch.de\/sculptures.htm\">(Link)<\/a><\/span><\/li>\n<li><span style=\"font-family: arial, helvetica, sans-serif;\"><span style=\"font-family: arial, helvetica, sans-serif;\"><a href=\"http:\/\/www.uwe-mertsch.de\/shortfilms.htm\">Kurzfilm<\/a> <a href=\"http:\/\/www.uwe-mertsch.de\/shortfilms.htm\">(Link) <\/a><\/span><\/span><\/li>\n<\/ul>\n<\/li>\n<li><span style=\"font-family: arial, helvetica, sans-serif;\"><strong><em>Aussagen zum Kunstwerk\u00a0<\/em><\/strong><\/span>\n<ul style=\"list-style-type: disc;\">\n<li><span style=\"font-family: arial, helvetica, sans-serif;\"><strong>EMS-Nadel<br \/>\n<\/strong>\u201eMit dem Einf\u00e4deln gab es hier keine Probleme\u201c <\/span><span style=\"font-family: arial, helvetica, sans-serif;\">Punktgenau steht die Nadel in Greven a.d. Ems mit ihrem schwungvollen Faden f\u00fcr neue Tatkraft, innovative Ideen und zukunftsweisende Visionen, die umgesetzt werden wollen und erinnert symbolisch an die hiesige Textilindustrie.<\/span><\/li>\n<li><strong><span style=\"font-family: arial, helvetica, sans-serif;\">Erg\u00e4nzung zum bisherigen Schildtext<\/span><\/strong><br \/>\n<span style=\"font-family: arial, helvetica, sans-serif;\">In dieser symboltr\u00e4chtigen Skulptur wird die Tradition (Nadel) mit der Moderne (Spule einer N\u00e4hmaschine) durch einen roten Faden miteinander verbunden, der seinerseits mit seinem Schwung Tatkraft und Begeisterung f\u00fcr eine Sache ausdr\u00fccken soll. <\/span><br \/>\n<span style=\"font-family: arial, helvetica, sans-serif;\">Einem Ding und sei es auch noch so klein, kann eine gro\u03b2e Bedeutung zuteil werden. Was machen wir mit einem so winzigen Ding wie einer Nadel? Zusammenf\u00fcgen, was zusammenhalten soll. In unserer heutigen Zeit ist das wichtiger denn je. Schwierige Situationen \u00fcberstehen wir gemeinsam leichter als allein. Hierbei m\u00fcssen wir mit der Zeit gehen, d\u00fcrfen nicht stehenbleiben. Die Spule geh\u00f6rt zu einer N\u00e4hmaschine. So trifft das Althergebrachte auf die Neuerungen in unserem Leben.<\/span><br \/>\n<span style=\"font-family: arial, helvetica, sans-serif;\">Der rote Faden: Wie ein roter Faden zog sich das Gl\u00fcck durchs Leben.<\/span><br \/>\n<span style=\"font-family: arial, helvetica, sans-serif;\">Ein roter Faden, ein Leitmotiv, das sich immer wiederholt. Und dieser hier hat einen ausgepr\u00e4gten Schwung. Darin steckt Begeisterung und gute Laune. Das ist etwas, das unsere Taten ausmacht.<\/span><br \/>\n<span style=\"font-family: arial, helvetica, sans-serif;\">Startklar \u2013 der Faden ist schon eingef\u00e4delt \u2013 es kann gleich losgehen.<\/span><br \/>\n<span style=\"font-family: arial, helvetica, sans-serif;\">Gut gelaunt \u2013 der Schwung ist sichtbar.<\/span><br \/>\n<span style=\"font-family: arial, helvetica, sans-serif;\">Richtung Zukunft \u2013 Spule.<\/span><br \/>\n<span style=\"font-family: arial, helvetica, sans-serif;\">Greven an der Ems wird durch diese Symbolkraft k\u00fcnstlerisch gut ins Licht ger\u00fcckt.<\/span><br \/>\n<span style=\"font-family: arial, helvetica, sans-serif;\">Wie ein roter Faden soll sich das Gl\u00fcck durch unser Leben ziehen.<\/span><\/li>\n<li><span style=\"font-family: arial, helvetica, sans-serif;\"><strong><em>Technisches zum Werk: z.B. H\u00f6he, Material, Gewicht<br \/>\n<\/em><\/strong>2022 Stadt Greven, auf dem Emsdeich in Greven,<br \/>\nNadel ca. 7 m Material: Stahl<\/span><br \/>\n<span style=\"font-family: arial, helvetica, sans-serif;\">Spule ca. 2 m \u2300\u00a0\u00a0\u00a0 Material : Stahl <\/span><br \/>\n<span style=\"font-family: arial, helvetica, sans-serif;\">Faden\u00a0\u00a0\u00a0\u00a0\u00a0\u00a0\u00a0\u00a0\u00a0\u00a0\u00a0\u00a0\u00a0\u00a0\u00a0\u00a0\u00a0\u00a0 Material : Stahl<br \/>\n<\/span><\/li>\n<li><strong><span style=\"font-family: arial, helvetica, sans-serif;\">Gef\u00f6rdert durch<br \/>\n<img loading=\"lazy\" decoding=\"async\" class=\"alignnone\" src=\"https:\/\/unser-quartier.de\/emsdeich-skulpturen\/files\/2023\/08\/07_Logo_Werte_Stiftung_VBMN_CMYK-768x136.jpg\" width=\"254\" height=\"45\" \/><\/span><\/strong><\/li>\n<\/ul>\n<\/li>\n<li><span style=\"font-family: arial, helvetica, sans-serif;\"><strong><em>Fotos: Entstehung, Transport, Aufbau, evtl. Einweihung<\/em><\/strong><\/span><\/li>\n<\/ol>\n<div id='gallery-2' class='gallery galleryid-5311 gallery-columns-3 gallery-size-thumbnail'><figure class='gallery-item'>\n\t\t\t<div class='gallery-icon landscape'>\n\t\t\t\t<a href='https:\/\/unser-quartier.de\/emsdeich-skulpturen\/files\/2024\/09\/2.Bild-Arbeitsmodell-Nadel.jpeg'><img loading=\"lazy\" decoding=\"async\" width=\"150\" height=\"113\" src=\"https:\/\/unser-quartier.de\/emsdeich-skulpturen\/files\/2024\/09\/2.Bild-Arbeitsmodell-Nadel-150x113.jpeg\" class=\"attachment-thumbnail size-thumbnail\" alt=\"\" aria-describedby=\"gallery-2-5312\" srcset=\"https:\/\/unser-quartier.de\/emsdeich-skulpturen\/files\/2024\/09\/2.Bild-Arbeitsmodell-Nadel-150x113.jpeg 150w, https:\/\/unser-quartier.de\/emsdeich-skulpturen\/files\/2024\/09\/2.Bild-Arbeitsmodell-Nadel-300x225.jpeg 300w, https:\/\/unser-quartier.de\/emsdeich-skulpturen\/files\/2024\/09\/2.Bild-Arbeitsmodell-Nadel-768x576.jpeg 768w, https:\/\/unser-quartier.de\/emsdeich-skulpturen\/files\/2024\/09\/2.Bild-Arbeitsmodell-Nadel.jpeg 1200w\" sizes=\"auto, (max-width: 150px) 100vw, 150px\" \/><\/a>\n\t\t\t<\/div>\n\t\t\t\t<figcaption class='wp-caption-text gallery-caption' id='gallery-2-5312'>\n\t\t\t\tEntwurf\n\t\t\t\t<\/figcaption><\/figure><figure class='gallery-item'>\n\t\t\t<div class='gallery-icon landscape'>\n\t\t\t\t<a href='https:\/\/unser-quartier.de\/emsdeich-skulpturen\/files\/2024\/09\/IMG20220226082322.jpg'><img loading=\"lazy\" decoding=\"async\" width=\"150\" height=\"113\" src=\"https:\/\/unser-quartier.de\/emsdeich-skulpturen\/files\/2024\/09\/IMG20220226082322-150x113.jpg\" class=\"attachment-thumbnail size-thumbnail\" alt=\"\" aria-describedby=\"gallery-2-5313\" srcset=\"https:\/\/unser-quartier.de\/emsdeich-skulpturen\/files\/2024\/09\/IMG20220226082322-150x113.jpg 150w, https:\/\/unser-quartier.de\/emsdeich-skulpturen\/files\/2024\/09\/IMG20220226082322-300x225.jpg 300w, https:\/\/unser-quartier.de\/emsdeich-skulpturen\/files\/2024\/09\/IMG20220226082322-768x576.jpg 768w, https:\/\/unser-quartier.de\/emsdeich-skulpturen\/files\/2024\/09\/IMG20220226082322.jpg 1000w\" sizes=\"auto, (max-width: 150px) 100vw, 150px\" \/><\/a>\n\t\t\t<\/div>\n\t\t\t\t<figcaption class='wp-caption-text gallery-caption' id='gallery-2-5313'>\n\t\t\t\t1. Modell\n\t\t\t\t<\/figcaption><\/figure><figure class='gallery-item'>\n\t\t\t<div class='gallery-icon portrait'>\n\t\t\t\t<a href='https:\/\/unser-quartier.de\/emsdeich-skulpturen\/files\/2024\/09\/IMG20220226090013.jpg'><img loading=\"lazy\" decoding=\"async\" width=\"150\" height=\"200\" src=\"https:\/\/unser-quartier.de\/emsdeich-skulpturen\/files\/2024\/09\/IMG20220226090013-150x200.jpg\" class=\"attachment-thumbnail size-thumbnail\" alt=\"\" aria-describedby=\"gallery-2-5314\" srcset=\"https:\/\/unser-quartier.de\/emsdeich-skulpturen\/files\/2024\/09\/IMG20220226090013-150x200.jpg 150w, https:\/\/unser-quartier.de\/emsdeich-skulpturen\/files\/2024\/09\/IMG20220226090013-300x400.jpg 300w, https:\/\/unser-quartier.de\/emsdeich-skulpturen\/files\/2024\/09\/IMG20220226090013-768x1024.jpg 768w, https:\/\/unser-quartier.de\/emsdeich-skulpturen\/files\/2024\/09\/IMG20220226090013.jpg 900w\" sizes=\"auto, (max-width: 150px) 100vw, 150px\" \/><\/a>\n\t\t\t<\/div>\n\t\t\t\t<figcaption class='wp-caption-text gallery-caption' id='gallery-2-5314'>\n\t\t\t\t..Produktion\n\t\t\t\t<\/figcaption><\/figure><figure class='gallery-item'>\n\t\t\t<div class='gallery-icon portrait'>\n\t\t\t\t<a href='https:\/\/unser-quartier.de\/emsdeich-skulpturen\/files\/2024\/09\/IMG20220226122059.jpg'><img loading=\"lazy\" decoding=\"async\" width=\"150\" height=\"200\" src=\"https:\/\/unser-quartier.de\/emsdeich-skulpturen\/files\/2024\/09\/IMG20220226122059-150x200.jpg\" class=\"attachment-thumbnail size-thumbnail\" alt=\"\" srcset=\"https:\/\/unser-quartier.de\/emsdeich-skulpturen\/files\/2024\/09\/IMG20220226122059-150x200.jpg 150w, https:\/\/unser-quartier.de\/emsdeich-skulpturen\/files\/2024\/09\/IMG20220226122059-300x400.jpg 300w, https:\/\/unser-quartier.de\/emsdeich-skulpturen\/files\/2024\/09\/IMG20220226122059.jpg 750w\" sizes=\"auto, (max-width: 150px) 100vw, 150px\" \/><\/a>\n\t\t\t<\/div><\/figure><figure class='gallery-item'>\n\t\t\t<div class='gallery-icon portrait'>\n\t\t\t\t<a href='https:\/\/unser-quartier.de\/emsdeich-skulpturen\/files\/2024\/09\/IMG20220305115105.jpg'><img loading=\"lazy\" decoding=\"async\" width=\"150\" height=\"200\" src=\"https:\/\/unser-quartier.de\/emsdeich-skulpturen\/files\/2024\/09\/IMG20220305115105-150x200.jpg\" class=\"attachment-thumbnail size-thumbnail\" alt=\"\" aria-describedby=\"gallery-2-5316\" srcset=\"https:\/\/unser-quartier.de\/emsdeich-skulpturen\/files\/2024\/09\/IMG20220305115105-150x200.jpg 150w, https:\/\/unser-quartier.de\/emsdeich-skulpturen\/files\/2024\/09\/IMG20220305115105-300x400.jpg 300w, https:\/\/unser-quartier.de\/emsdeich-skulpturen\/files\/2024\/09\/IMG20220305115105.jpg 750w\" sizes=\"auto, (max-width: 150px) 100vw, 150px\" \/><\/a>\n\t\t\t<\/div>\n\t\t\t\t<figcaption class='wp-caption-text gallery-caption' id='gallery-2-5316'>\n\t\t\t\tEingef\u00e4delt \n\t\t\t\t<\/figcaption><\/figure><figure class='gallery-item'>\n\t\t\t<div class='gallery-icon landscape'>\n\t\t\t\t<a href='https:\/\/unser-quartier.de\/emsdeich-skulpturen\/files\/2024\/09\/IMG20220305120853.jpg'><img loading=\"lazy\" decoding=\"async\" width=\"150\" height=\"113\" src=\"https:\/\/unser-quartier.de\/emsdeich-skulpturen\/files\/2024\/09\/IMG20220305120853-150x113.jpg\" class=\"attachment-thumbnail size-thumbnail\" alt=\"\" aria-describedby=\"gallery-2-5317\" srcset=\"https:\/\/unser-quartier.de\/emsdeich-skulpturen\/files\/2024\/09\/IMG20220305120853-150x113.jpg 150w, https:\/\/unser-quartier.de\/emsdeich-skulpturen\/files\/2024\/09\/IMG20220305120853-300x225.jpg 300w, https:\/\/unser-quartier.de\/emsdeich-skulpturen\/files\/2024\/09\/IMG20220305120853-768x576.jpg 768w, https:\/\/unser-quartier.de\/emsdeich-skulpturen\/files\/2024\/09\/IMG20220305120853.jpg 1000w\" sizes=\"auto, (max-width: 150px) 100vw, 150px\" \/><\/a>\n\t\t\t<\/div>\n\t\t\t\t<figcaption class='wp-caption-text gallery-caption' id='gallery-2-5317'>\n\t\t\t\tist schon\n\t\t\t\t<\/figcaption><\/figure><figure class='gallery-item'>\n\t\t\t<div class='gallery-icon portrait'>\n\t\t\t\t<a href='https:\/\/unser-quartier.de\/emsdeich-skulpturen\/files\/2024\/09\/P1050903.jpg'><img loading=\"lazy\" decoding=\"async\" width=\"150\" height=\"225\" src=\"https:\/\/unser-quartier.de\/emsdeich-skulpturen\/files\/2024\/09\/P1050903-150x225.jpg\" class=\"attachment-thumbnail size-thumbnail\" alt=\"\" srcset=\"https:\/\/unser-quartier.de\/emsdeich-skulpturen\/files\/2024\/09\/P1050903-150x225.jpg 150w, https:\/\/unser-quartier.de\/emsdeich-skulpturen\/files\/2024\/09\/P1050903-300x450.jpg 300w, https:\/\/unser-quartier.de\/emsdeich-skulpturen\/files\/2024\/09\/P1050903-683x1024.jpg 683w, https:\/\/unser-quartier.de\/emsdeich-skulpturen\/files\/2024\/09\/P1050903-768x1152.jpg 768w, https:\/\/unser-quartier.de\/emsdeich-skulpturen\/files\/2024\/09\/P1050903.jpg 800w\" sizes=\"auto, (max-width: 150px) 100vw, 150px\" \/><\/a>\n\t\t\t<\/div><\/figure><figure class='gallery-item'>\n\t\t\t<div class='gallery-icon landscape'>\n\t\t\t\t<a href='https:\/\/unser-quartier.de\/emsdeich-skulpturen\/files\/2024\/09\/image05_P1060264.jpg'><img loading=\"lazy\" decoding=\"async\" width=\"150\" height=\"100\" src=\"https:\/\/unser-quartier.de\/emsdeich-skulpturen\/files\/2024\/09\/image05_P1060264-150x100.jpg\" class=\"attachment-thumbnail size-thumbnail\" alt=\"\" aria-describedby=\"gallery-2-5319\" srcset=\"https:\/\/unser-quartier.de\/emsdeich-skulpturen\/files\/2024\/09\/image05_P1060264-150x100.jpg 150w, https:\/\/unser-quartier.de\/emsdeich-skulpturen\/files\/2024\/09\/image05_P1060264-300x200.jpg 300w, https:\/\/unser-quartier.de\/emsdeich-skulpturen\/files\/2024\/09\/image05_P1060264-768x512.jpg 768w, https:\/\/unser-quartier.de\/emsdeich-skulpturen\/files\/2024\/09\/image05_P1060264.jpg 1200w\" sizes=\"auto, (max-width: 150px) 100vw, 150px\" \/><\/a>\n\t\t\t<\/div>\n\t\t\t\t<figcaption class='wp-caption-text gallery-caption' id='gallery-2-5319'>\n\t\t\t\tAufstellen am Deich\n\t\t\t\t<\/figcaption><\/figure><figure class='gallery-item'>\n\t\t\t<div class='gallery-icon landscape'>\n\t\t\t\t<a href='https:\/\/unser-quartier.de\/emsdeich-skulpturen\/files\/2024\/09\/image16_P1060283.jpg'><img loading=\"lazy\" decoding=\"async\" width=\"150\" height=\"100\" src=\"https:\/\/unser-quartier.de\/emsdeich-skulpturen\/files\/2024\/09\/image16_P1060283-150x100.jpg\" class=\"attachment-thumbnail size-thumbnail\" alt=\"\" srcset=\"https:\/\/unser-quartier.de\/emsdeich-skulpturen\/files\/2024\/09\/image16_P1060283-150x100.jpg 150w, https:\/\/unser-quartier.de\/emsdeich-skulpturen\/files\/2024\/09\/image16_P1060283-300x200.jpg 300w, https:\/\/unser-quartier.de\/emsdeich-skulpturen\/files\/2024\/09\/image16_P1060283-768x512.jpg 768w, https:\/\/unser-quartier.de\/emsdeich-skulpturen\/files\/2024\/09\/image16_P1060283.jpg 1200w\" sizes=\"auto, (max-width: 150px) 100vw, 150px\" \/><\/a>\n\t\t\t<\/div><\/figure><figure class='gallery-item'>\n\t\t\t<div class='gallery-icon landscape'>\n\t\t\t\t<a href='https:\/\/unser-quartier.de\/emsdeich-skulpturen\/files\/2024\/09\/P1060804.jpg'><img loading=\"lazy\" decoding=\"async\" width=\"150\" height=\"100\" src=\"https:\/\/unser-quartier.de\/emsdeich-skulpturen\/files\/2024\/09\/P1060804-150x100.jpg\" class=\"attachment-thumbnail size-thumbnail\" alt=\"\" aria-describedby=\"gallery-2-5322\" srcset=\"https:\/\/unser-quartier.de\/emsdeich-skulpturen\/files\/2024\/09\/P1060804-150x100.jpg 150w, https:\/\/unser-quartier.de\/emsdeich-skulpturen\/files\/2024\/09\/P1060804-300x200.jpg 300w, https:\/\/unser-quartier.de\/emsdeich-skulpturen\/files\/2024\/09\/P1060804-768x512.jpg 768w, https:\/\/unser-quartier.de\/emsdeich-skulpturen\/files\/2024\/09\/P1060804.jpg 1200w\" sizes=\"auto, (max-width: 150px) 100vw, 150px\" \/><\/a>\n\t\t\t<\/div>\n\t\t\t\t<figcaption class='wp-caption-text gallery-caption' id='gallery-2-5322'>\n\t\t\t\t\u00dcbergabe\n\t\t\t\t<\/figcaption><\/figure><figure class='gallery-item'>\n\t\t\t<div class='gallery-icon landscape'>\n\t\t\t\t<a href='https:\/\/unser-quartier.de\/emsdeich-skulpturen\/files\/2024\/09\/P1060842.jpg'><img loading=\"lazy\" decoding=\"async\" width=\"150\" height=\"100\" src=\"https:\/\/unser-quartier.de\/emsdeich-skulpturen\/files\/2024\/09\/P1060842-150x100.jpg\" class=\"attachment-thumbnail size-thumbnail\" alt=\"\" srcset=\"https:\/\/unser-quartier.de\/emsdeich-skulpturen\/files\/2024\/09\/P1060842-150x100.jpg 150w, https:\/\/unser-quartier.de\/emsdeich-skulpturen\/files\/2024\/09\/P1060842-300x200.jpg 300w, https:\/\/unser-quartier.de\/emsdeich-skulpturen\/files\/2024\/09\/P1060842-768x512.jpg 768w, https:\/\/unser-quartier.de\/emsdeich-skulpturen\/files\/2024\/09\/P1060842.jpg 1200w\" sizes=\"auto, (max-width: 150px) 100vw, 150px\" \/><\/a>\n\t\t\t<\/div><\/figure>\n\t\t<\/div>\n\n<p>&nbsp;<\/p>\n","protected":false},"excerpt":{"rendered":"<p>Name, Vita, Link zur Homepage Uwe Mertsch Der K\u00fcnstler Uwe Mertsch wurde am 24.07.1962 im M\u00fcnsterland geboren. Nach seinem Studium widmete er sich haupts\u00e4chlich der &#8230; <a title=\"EMSnadel\" class=\"read-more\" href=\"https:\/\/unser-quartier.de\/emsdeich-skulpturen\/emsnadel-2\/\" aria-label=\"Mehr Informationen \u00fcber EMSnadel\">weiterlesen &#8230;<\/a><\/p>\n","protected":false},"author":301,"featured_media":5321,"parent":0,"menu_order":0,"comment_status":"closed","ping_status":"closed","template":"","meta":{"generate_page_header":"","footnotes":""},"class_list":{"0":"post-5311","1":"page","2":"type-page","3":"status-publish","4":"has-post-thumbnail","6":"infinite-scroll-item","7":"resize-featured-image"},"_links":{"self":[{"href":"https:\/\/unser-quartier.de\/emsdeich-skulpturen\/wp-json\/wp\/v2\/pages\/5311","targetHints":{"allow":["GET"]}}],"collection":[{"href":"https:\/\/unser-quartier.de\/emsdeich-skulpturen\/wp-json\/wp\/v2\/pages"}],"about":[{"href":"https:\/\/unser-quartier.de\/emsdeich-skulpturen\/wp-json\/wp\/v2\/types\/page"}],"author":[{"embeddable":true,"href":"https:\/\/unser-quartier.de\/emsdeich-skulpturen\/wp-json\/wp\/v2\/users\/301"}],"replies":[{"embeddable":true,"href":"https:\/\/unser-quartier.de\/emsdeich-skulpturen\/wp-json\/wp\/v2\/comments?post=5311"}],"version-history":[{"count":3,"href":"https:\/\/unser-quartier.de\/emsdeich-skulpturen\/wp-json\/wp\/v2\/pages\/5311\/revisions"}],"predecessor-version":[{"id":5594,"href":"https:\/\/unser-quartier.de\/emsdeich-skulpturen\/wp-json\/wp\/v2\/pages\/5311\/revisions\/5594"}],"wp:featuredmedia":[{"embeddable":true,"href":"https:\/\/unser-quartier.de\/emsdeich-skulpturen\/wp-json\/wp\/v2\/media\/5321"}],"wp:attachment":[{"href":"https:\/\/unser-quartier.de\/emsdeich-skulpturen\/wp-json\/wp\/v2\/media?parent=5311"}],"curies":[{"name":"wp","href":"https:\/\/api.w.org\/{rel}","templated":true}]}}