{"id":5415,"date":"2025-01-19T21:25:28","date_gmt":"2025-01-19T20:25:28","guid":{"rendered":"https:\/\/unser-quartier.de\/emsdeich-skulpturen\/?page_id=5415"},"modified":"2025-05-19T20:51:50","modified_gmt":"2025-05-19T18:51:50","slug":"fisheye-2","status":"publish","type":"page","link":"https:\/\/unser-quartier.de\/emsdeich-skulpturen\/fisheye-2\/","title":{"rendered":"FISHeye"},"content":{"rendered":"<ol>\n<li><span style=\"font-family: arial, helvetica, sans-serif;\"><span style=\"font-family: arial, helvetica, sans-serif;\"><strong><em>Name, Vita, Link zur Homepage\u00a0<\/em><\/strong><\/span><\/span>\n<div class=\"wp-block-image\"><img loading=\"lazy\" decoding=\"async\" class=\"wpa-warning wpa-image-missing-alt wp-image-5630 alignright\" src=\"https:\/\/unser-quartier.de\/emsdeich-skulpturen\/files\/2025\/05\/30795-300x383.jpg\" alt=\"Anne Huster\" width=\"208\" height=\"266\" data-warning=\"Missing alt text\" srcset=\"https:\/\/unser-quartier.de\/emsdeich-skulpturen\/files\/2025\/05\/30795-300x383.jpg 300w, https:\/\/unser-quartier.de\/emsdeich-skulpturen\/files\/2025\/05\/30795-801x1024.jpg 801w, https:\/\/unser-quartier.de\/emsdeich-skulpturen\/files\/2025\/05\/30795-150x192.jpg 150w, https:\/\/unser-quartier.de\/emsdeich-skulpturen\/files\/2025\/05\/30795-768x981.jpg 768w, https:\/\/unser-quartier.de\/emsdeich-skulpturen\/files\/2025\/05\/30795-1202x1536.jpg 1202w, https:\/\/unser-quartier.de\/emsdeich-skulpturen\/files\/2025\/05\/30795.jpg 1246w\" sizes=\"auto, (max-width: 208px) 100vw, 208px\" \/><\/div>\n<ul style=\"list-style-type: disc;\">\n<li><span style=\"font-family: arial, helvetica, sans-serif;\"><span style=\"font-family: arial, helvetica, sans-serif;\"><span style=\"font-family: arial, helvetica, sans-serif;\">Anne Huster\u00a0<\/span><\/span><\/span><\/li>\n<li><span style=\"font-family: arial, helvetica, sans-serif;\">Nach meinem Design-Studium an der FH M\u00fcnster war ich 12 Jahre lang als Innenarchitektin bei der Firma Miele besch\u00e4ftigt. <\/span><br \/>\n<span style=\"font-family: arial, helvetica, sans-serif;\">Irgendwann sp\u00fcrte ich immer st\u00e4rker in mir, diese T\u00e4tigkeit ist nicht mehr das, was ich \u201eleben\u201c m\u00f6chte. Ich sehnte mich danach, mit meinen H\u00e4nden etwas zu schaffen, das ber\u00fchrt; Ich die Steine \u2013 die Steine den Ton \u2013 meine Skulpturen den Menschen.<\/span><br \/>\n<span style=\"font-family: arial, helvetica, sans-serif;\">So bin ich seit 2005 ausschlie\u00dflich als freischaffende K\u00fcnstlerin aktiv.<\/span><br \/>\n<span style=\"font-family: arial, helvetica, sans-serif;\">Schon immer haben mich Steine fasziniert, ihre Farbe und Form inspiriert.<\/span><br \/>\n<span style=\"font-family: arial, helvetica, sans-serif;\">Jedes Jahr fahre ich f\u00fcr mehrere Wochen in Landschaften, in denen mir die Natur Kunstwerke in Form von Steinen schenkt.<\/span><br \/>\n<span style=\"font-family: arial, helvetica, sans-serif;\">Ab 2000 m H\u00f6he in den Alpen, in Steinbr\u00fcchen, in Flussbetten, an K\u00fcsten\u2026. <\/span><br \/>\n<span style=\"font-family: arial, helvetica, sans-serif;\">Manchmal liegen sie direkt vor meinen F\u00fc\u00dfen, manchmal wollen sie gefunden werden.<\/span><br \/>\n<span style=\"font-family: arial, helvetica, sans-serif;\">Schon beim Erkennen eines Fisches, Vogels, Menschen direkt an seinem Fundort, entsteht in mir das k\u00fcnstlerische Arbeiten. Es ist nicht nur ein Stein \u2013 es ist viel mehr. Ich sehe, was mir der Stein sagt, versuche ihn zu verstehen.<\/span><\/li>\n<li><span style=\"font-family: arial, helvetica, sans-serif;\"><a href=\"https:\/\/annehusterkunst.de\/\">https:\/\/annehusterkunst.de\/<\/a><\/span><\/li>\n<\/ul>\n<\/li>\n<li><span style=\"font-family: arial, helvetica, sans-serif;\"><strong><em>Allgemeines\/Schwerpunkte des individuellen k\u00fcnstlerischen Schaffens<\/em><\/strong><\/span>\n<ul style=\"list-style-type: disc;\">\n<li><span style=\"font-family: arial, helvetica, sans-serif;\"><a href=\"https:\/\/annehusterkunst.de\/\">Skulpturen aus Stein und Keramik<\/a> (Link)<\/span><\/li>\n<\/ul>\n<\/li>\n<li><span style=\"font-family: arial, helvetica, sans-serif;\"><strong><em>Aussagen zum Kunstwerk<\/em><\/strong><\/span>\n<ul style=\"list-style-type: disc;\">\n<li><strong><span style=\"font-family: arial, helvetica, sans-serif;\">FISHeye<\/span><br \/>\n<\/strong><span style=\"font-family: arial, helvetica, sans-serif;\">\u201eEin Fischschwarm, bestehend aus v\u00f6llig unbehauenem Naturstein, durch angef\u00fcgte Keramik vervollst\u00e4ndigt.<\/span><br \/>\n<span style=\"font-family: arial, helvetica, sans-serif;\">Die Natur legt uns ihre Formen und Farben vor die F\u00fc\u00dfe.<\/span><br \/>\n<span style=\"font-family: arial, helvetica, sans-serif;\">Diese k\u00f6nnen wir ERKENNEN, und aus einfachen Steinen werden Kunstwerke.\u201c<\/span><\/li>\n<\/ul>\n<\/li>\n<li><strong><em><span style=\"font-family: arial, helvetica, sans-serif;\">Technisches zum Werk: z.B. H\u00f6he, Material, Gewicht<\/span><\/em><\/strong>\n<ul style=\"list-style-type: disc;\">\n<li><span style=\"font-family: arial, helvetica, sans-serif;\">2018 Stadt Greven, auf dem Emsdeich in Greven,<\/span><\/li>\n<li><span style=\"font-family: arial, helvetica, sans-serif;\">Ma\u00dfe (HxBxT): L: der Gr\u00f6\u00dfte ca. 2,5 m<\/span><\/li>\n<li><span style=\"font-family: arial, helvetica, sans-serif;\"><span style=\"font-family: arial, helvetica, sans-serif;\"><span style=\"font-family: arial, helvetica, sans-serif;\">Materialien: Naturstein (Fels) \/ Keramik<\/span><\/span><\/span><\/li>\n<\/ul>\n<\/li>\n<li><em><strong><span style=\"font-family: arial, helvetica, sans-serif;\">Gef\u00f6rdert durch<\/span><\/strong><\/em>\n<div class=\"wp-block-image\"><img loading=\"lazy\" decoding=\"async\" class=\"wpa-warning wpa-image-missing-alt wp-image-5604 aligncenter\" src=\"https:\/\/unser-quartier.de\/emsdeich-skulpturen\/files\/2025\/05\/Sponsor-1-300x127.jpg\" alt=\"\" width=\"243\" height=\"103\" data-warning=\"Missing alt text\" srcset=\"https:\/\/unser-quartier.de\/emsdeich-skulpturen\/files\/2025\/05\/Sponsor-1-300x127.jpg 300w, https:\/\/unser-quartier.de\/emsdeich-skulpturen\/files\/2025\/05\/Sponsor-1-150x63.jpg 150w, https:\/\/unser-quartier.de\/emsdeich-skulpturen\/files\/2025\/05\/Sponsor-1.jpg 388w\" sizes=\"auto, (max-width: 243px) 100vw, 243px\" \/><\/div>\n<\/li>\n<li><strong><em>Fotos: Entstehung, Transport, Aufbau, evtl. Einweihung<\/em><\/strong><\/li>\n<\/ol>\n<div id='gallery-2' class='gallery galleryid-5415 gallery-columns-3 gallery-size-thumbnail'><figure class='gallery-item'>\n\t\t\t<div class='gallery-icon landscape'>\n\t\t\t\t<a href='https:\/\/unser-quartier.de\/emsdeich-skulpturen\/files\/2025\/01\/Ausstellung-mit-Anne-Huster-Greifbares-trifft-Abstraktes_image_1024_width.jpg'><img loading=\"lazy\" decoding=\"async\" width=\"150\" height=\"99\" src=\"https:\/\/unser-quartier.de\/emsdeich-skulpturen\/files\/2025\/01\/Ausstellung-mit-Anne-Huster-Greifbares-trifft-Abstraktes_image_1024_width-150x99.jpg\" class=\"attachment-thumbnail size-thumbnail\" alt=\"\" aria-describedby=\"gallery-2-5419\" srcset=\"https:\/\/unser-quartier.de\/emsdeich-skulpturen\/files\/2025\/01\/Ausstellung-mit-Anne-Huster-Greifbares-trifft-Abstraktes_image_1024_width-150x99.jpg 150w, https:\/\/unser-quartier.de\/emsdeich-skulpturen\/files\/2025\/01\/Ausstellung-mit-Anne-Huster-Greifbares-trifft-Abstraktes_image_1024_width-300x199.jpg 300w, https:\/\/unser-quartier.de\/emsdeich-skulpturen\/files\/2025\/01\/Ausstellung-mit-Anne-Huster-Greifbares-trifft-Abstraktes_image_1024_width-768x509.jpg 768w, https:\/\/unser-quartier.de\/emsdeich-skulpturen\/files\/2025\/01\/Ausstellung-mit-Anne-Huster-Greifbares-trifft-Abstraktes_image_1024_width.jpg 1024w\" sizes=\"auto, (max-width: 150px) 100vw, 150px\" \/><\/a>\n\t\t\t<\/div>\n\t\t\t\t<figcaption class='wp-caption-text gallery-caption' id='gallery-2-5419'>\n\t\t\t\tAnne Huster \n\t\t\t\t<\/figcaption><\/figure><figure class='gallery-item'>\n\t\t\t<div class='gallery-icon landscape'>\n\t\t\t\t<a href='https:\/\/unser-quartier.de\/emsdeich-skulpturen\/files\/2025\/01\/Fotos-Greven-1.jpg'><img loading=\"lazy\" decoding=\"async\" width=\"150\" height=\"97\" src=\"https:\/\/unser-quartier.de\/emsdeich-skulpturen\/files\/2025\/01\/Fotos-Greven-1-150x97.jpg\" class=\"attachment-thumbnail size-thumbnail\" alt=\"\" srcset=\"https:\/\/unser-quartier.de\/emsdeich-skulpturen\/files\/2025\/01\/Fotos-Greven-1-150x97.jpg 150w, https:\/\/unser-quartier.de\/emsdeich-skulpturen\/files\/2025\/01\/Fotos-Greven-1-300x193.jpg 300w, https:\/\/unser-quartier.de\/emsdeich-skulpturen\/files\/2025\/01\/Fotos-Greven-1-768x495.jpg 768w, https:\/\/unser-quartier.de\/emsdeich-skulpturen\/files\/2025\/01\/Fotos-Greven-1.jpg 1117w\" sizes=\"auto, (max-width: 150px) 100vw, 150px\" \/><\/a>\n\t\t\t<\/div><\/figure><figure class='gallery-item'>\n\t\t\t<div class='gallery-icon landscape'>\n\t\t\t\t<a href='https:\/\/unser-quartier.de\/emsdeich-skulpturen\/files\/2025\/01\/Fotos-Greven-4_k.jpg'><img loading=\"lazy\" decoding=\"async\" width=\"150\" height=\"84\" src=\"https:\/\/unser-quartier.de\/emsdeich-skulpturen\/files\/2025\/01\/Fotos-Greven-4_k-150x84.jpg\" class=\"attachment-thumbnail size-thumbnail\" alt=\"\" aria-describedby=\"gallery-2-5421\" srcset=\"https:\/\/unser-quartier.de\/emsdeich-skulpturen\/files\/2025\/01\/Fotos-Greven-4_k-150x84.jpg 150w, https:\/\/unser-quartier.de\/emsdeich-skulpturen\/files\/2025\/01\/Fotos-Greven-4_k-300x169.jpg 300w, https:\/\/unser-quartier.de\/emsdeich-skulpturen\/files\/2025\/01\/Fotos-Greven-4_k-768x432.jpg 768w, https:\/\/unser-quartier.de\/emsdeich-skulpturen\/files\/2025\/01\/Fotos-Greven-4_k.jpg 1200w\" sizes=\"auto, (max-width: 150px) 100vw, 150px\" \/><\/a>\n\t\t\t<\/div>\n\t\t\t\t<figcaption class='wp-caption-text gallery-caption' id='gallery-2-5421'>\n\t\t\t\tRohzustand\n\t\t\t\t<\/figcaption><\/figure><figure class='gallery-item'>\n\t\t\t<div class='gallery-icon landscape'>\n\t\t\t\t<a href='https:\/\/unser-quartier.de\/emsdeich-skulpturen\/files\/2025\/01\/Fotos-Greven-5.jpg'><img loading=\"lazy\" decoding=\"async\" width=\"150\" height=\"97\" src=\"https:\/\/unser-quartier.de\/emsdeich-skulpturen\/files\/2025\/01\/Fotos-Greven-5-150x97.jpg\" class=\"attachment-thumbnail size-thumbnail\" alt=\"\" srcset=\"https:\/\/unser-quartier.de\/emsdeich-skulpturen\/files\/2025\/01\/Fotos-Greven-5-150x97.jpg 150w, https:\/\/unser-quartier.de\/emsdeich-skulpturen\/files\/2025\/01\/Fotos-Greven-5-300x193.jpg 300w, https:\/\/unser-quartier.de\/emsdeich-skulpturen\/files\/2025\/01\/Fotos-Greven-5-768x495.jpg 768w, https:\/\/unser-quartier.de\/emsdeich-skulpturen\/files\/2025\/01\/Fotos-Greven-5.jpg 1200w\" sizes=\"auto, (max-width: 150px) 100vw, 150px\" \/><\/a>\n\t\t\t<\/div><\/figure><figure class='gallery-item'>\n\t\t\t<div class='gallery-icon landscape'>\n\t\t\t\t<a href='https:\/\/unser-quartier.de\/emsdeich-skulpturen\/files\/2025\/01\/Fotos-Greven-11_k.jpg'><img loading=\"lazy\" decoding=\"async\" width=\"150\" height=\"84\" src=\"https:\/\/unser-quartier.de\/emsdeich-skulpturen\/files\/2025\/01\/Fotos-Greven-11_k-150x84.jpg\" class=\"attachment-thumbnail size-thumbnail\" alt=\"\" srcset=\"https:\/\/unser-quartier.de\/emsdeich-skulpturen\/files\/2025\/01\/Fotos-Greven-11_k-150x84.jpg 150w, https:\/\/unser-quartier.de\/emsdeich-skulpturen\/files\/2025\/01\/Fotos-Greven-11_k-300x169.jpg 300w, https:\/\/unser-quartier.de\/emsdeich-skulpturen\/files\/2025\/01\/Fotos-Greven-11_k-768x432.jpg 768w, https:\/\/unser-quartier.de\/emsdeich-skulpturen\/files\/2025\/01\/Fotos-Greven-11_k.jpg 1200w\" sizes=\"auto, (max-width: 150px) 100vw, 150px\" \/><\/a>\n\t\t\t<\/div><\/figure><figure class='gallery-item'>\n\t\t\t<div class='gallery-icon landscape'>\n\t\t\t\t<a href='https:\/\/unser-quartier.de\/emsdeich-skulpturen\/files\/2025\/01\/P1020155.jpg'><img loading=\"lazy\" decoding=\"async\" width=\"150\" height=\"100\" src=\"https:\/\/unser-quartier.de\/emsdeich-skulpturen\/files\/2025\/01\/P1020155-150x100.jpg\" class=\"attachment-thumbnail size-thumbnail\" alt=\"\" srcset=\"https:\/\/unser-quartier.de\/emsdeich-skulpturen\/files\/2025\/01\/P1020155-150x100.jpg 150w, https:\/\/unser-quartier.de\/emsdeich-skulpturen\/files\/2025\/01\/P1020155-300x200.jpg 300w, https:\/\/unser-quartier.de\/emsdeich-skulpturen\/files\/2025\/01\/P1020155-768x512.jpg 768w, https:\/\/unser-quartier.de\/emsdeich-skulpturen\/files\/2025\/01\/P1020155.jpg 1200w\" sizes=\"auto, (max-width: 150px) 100vw, 150px\" \/><\/a>\n\t\t\t<\/div><\/figure><figure class='gallery-item'>\n\t\t\t<div class='gallery-icon landscape'>\n\t\t\t\t<a href='https:\/\/unser-quartier.de\/emsdeich-skulpturen\/files\/2025\/01\/P1020246.jpg'><img loading=\"lazy\" decoding=\"async\" width=\"150\" height=\"100\" src=\"https:\/\/unser-quartier.de\/emsdeich-skulpturen\/files\/2025\/01\/P1020246-150x100.jpg\" class=\"attachment-thumbnail size-thumbnail\" alt=\"\" aria-describedby=\"gallery-2-5425\" srcset=\"https:\/\/unser-quartier.de\/emsdeich-skulpturen\/files\/2025\/01\/P1020246-150x100.jpg 150w, https:\/\/unser-quartier.de\/emsdeich-skulpturen\/files\/2025\/01\/P1020246-300x200.jpg 300w, https:\/\/unser-quartier.de\/emsdeich-skulpturen\/files\/2025\/01\/P1020246-768x512.jpg 768w, https:\/\/unser-quartier.de\/emsdeich-skulpturen\/files\/2025\/01\/P1020246.jpg 1200w\" sizes=\"auto, (max-width: 150px) 100vw, 150px\" \/><\/a>\n\t\t\t<\/div>\n\t\t\t\t<figcaption class='wp-caption-text gallery-caption' id='gallery-2-5425'>\n\t\t\t\tkurz vor der Er\u00f6ffnung\n\t\t\t\t<\/figcaption><\/figure><figure class='gallery-item'>\n\t\t\t<div class='gallery-icon landscape'>\n\t\t\t\t<a href='https:\/\/unser-quartier.de\/emsdeich-skulpturen\/files\/2025\/01\/20181001_154745_HDR.jpg'><img loading=\"lazy\" decoding=\"async\" width=\"150\" height=\"113\" src=\"https:\/\/unser-quartier.de\/emsdeich-skulpturen\/files\/2025\/01\/20181001_154745_HDR-150x113.jpg\" class=\"attachment-thumbnail size-thumbnail\" alt=\"\" srcset=\"https:\/\/unser-quartier.de\/emsdeich-skulpturen\/files\/2025\/01\/20181001_154745_HDR-150x113.jpg 150w, https:\/\/unser-quartier.de\/emsdeich-skulpturen\/files\/2025\/01\/20181001_154745_HDR-300x225.jpg 300w, https:\/\/unser-quartier.de\/emsdeich-skulpturen\/files\/2025\/01\/20181001_154745_HDR-768x576.jpg 768w, https:\/\/unser-quartier.de\/emsdeich-skulpturen\/files\/2025\/01\/20181001_154745_HDR.jpg 1200w\" sizes=\"auto, (max-width: 150px) 100vw, 150px\" \/><\/a>\n\t\t\t<\/div><\/figure><figure class='gallery-item'>\n\t\t\t<div class='gallery-icon landscape'>\n\t\t\t\t<a href='https:\/\/unser-quartier.de\/emsdeich-skulpturen\/files\/2025\/01\/20231112_131128.jpg'><img loading=\"lazy\" decoding=\"async\" width=\"150\" height=\"68\" src=\"https:\/\/unser-quartier.de\/emsdeich-skulpturen\/files\/2025\/01\/20231112_131128-150x68.jpg\" class=\"attachment-thumbnail size-thumbnail\" alt=\"\" srcset=\"https:\/\/unser-quartier.de\/emsdeich-skulpturen\/files\/2025\/01\/20231112_131128-150x68.jpg 150w, https:\/\/unser-quartier.de\/emsdeich-skulpturen\/files\/2025\/01\/20231112_131128-300x135.jpg 300w, https:\/\/unser-quartier.de\/emsdeich-skulpturen\/files\/2025\/01\/20231112_131128-768x346.jpg 768w, https:\/\/unser-quartier.de\/emsdeich-skulpturen\/files\/2025\/01\/20231112_131128.jpg 1200w\" sizes=\"auto, (max-width: 150px) 100vw, 150px\" \/><\/a>\n\t\t\t<\/div><\/figure><figure class='gallery-item'>\n\t\t\t<div class='gallery-icon landscape'>\n\t\t\t\t<a href='https:\/\/unser-quartier.de\/emsdeich-skulpturen\/files\/2025\/01\/Annes-Orca-13.jpg'><img loading=\"lazy\" decoding=\"async\" width=\"150\" height=\"100\" src=\"https:\/\/unser-quartier.de\/emsdeich-skulpturen\/files\/2025\/01\/Annes-Orca-13-150x100.jpg\" class=\"attachment-thumbnail size-thumbnail\" alt=\"\" srcset=\"https:\/\/unser-quartier.de\/emsdeich-skulpturen\/files\/2025\/01\/Annes-Orca-13-150x100.jpg 150w, https:\/\/unser-quartier.de\/emsdeich-skulpturen\/files\/2025\/01\/Annes-Orca-13-300x200.jpg 300w, https:\/\/unser-quartier.de\/emsdeich-skulpturen\/files\/2025\/01\/Annes-Orca-13-768x512.jpg 768w, https:\/\/unser-quartier.de\/emsdeich-skulpturen\/files\/2025\/01\/Annes-Orca-13.jpg 1200w\" sizes=\"auto, (max-width: 150px) 100vw, 150px\" \/><\/a>\n\t\t\t<\/div><\/figure>\n\t\t<\/div>\n\n<p><strong><em>\u00a0<\/em><\/strong><\/p>\n","protected":false},"excerpt":{"rendered":"<p>Name, Vita, Link zur Homepage\u00a0 Anne Huster\u00a0 Nach meinem Design-Studium an der FH M\u00fcnster war ich 12 Jahre lang als Innenarchitektin bei der Firma Miele &#8230; <a title=\"FISHeye\" class=\"read-more\" href=\"https:\/\/unser-quartier.de\/emsdeich-skulpturen\/fisheye-2\/\" aria-label=\"Mehr Informationen \u00fcber FISHeye\">weiterlesen &#8230;<\/a><\/p>\n","protected":false},"author":301,"featured_media":4453,"parent":0,"menu_order":0,"comment_status":"closed","ping_status":"closed","template":"","meta":{"generate_page_header":"","footnotes":""},"class_list":{"0":"post-5415","1":"page","2":"type-page","3":"status-publish","4":"has-post-thumbnail","6":"infinite-scroll-item","7":"resize-featured-image"},"_links":{"self":[{"href":"https:\/\/unser-quartier.de\/emsdeich-skulpturen\/wp-json\/wp\/v2\/pages\/5415","targetHints":{"allow":["GET"]}}],"collection":[{"href":"https:\/\/unser-quartier.de\/emsdeich-skulpturen\/wp-json\/wp\/v2\/pages"}],"about":[{"href":"https:\/\/unser-quartier.de\/emsdeich-skulpturen\/wp-json\/wp\/v2\/types\/page"}],"author":[{"embeddable":true,"href":"https:\/\/unser-quartier.de\/emsdeich-skulpturen\/wp-json\/wp\/v2\/users\/301"}],"replies":[{"embeddable":true,"href":"https:\/\/unser-quartier.de\/emsdeich-skulpturen\/wp-json\/wp\/v2\/comments?post=5415"}],"version-history":[{"count":3,"href":"https:\/\/unser-quartier.de\/emsdeich-skulpturen\/wp-json\/wp\/v2\/pages\/5415\/revisions"}],"predecessor-version":[{"id":5634,"href":"https:\/\/unser-quartier.de\/emsdeich-skulpturen\/wp-json\/wp\/v2\/pages\/5415\/revisions\/5634"}],"wp:featuredmedia":[{"embeddable":true,"href":"https:\/\/unser-quartier.de\/emsdeich-skulpturen\/wp-json\/wp\/v2\/media\/4453"}],"wp:attachment":[{"href":"https:\/\/unser-quartier.de\/emsdeich-skulpturen\/wp-json\/wp\/v2\/media?parent=5415"}],"curies":[{"name":"wp","href":"https:\/\/api.w.org\/{rel}","templated":true}]}}