{"id":5476,"date":"2025-02-23T19:54:54","date_gmt":"2025-02-23T18:54:54","guid":{"rendered":"https:\/\/unser-quartier.de\/emsdeich-skulpturen\/?page_id=5476"},"modified":"2025-07-08T19:36:42","modified_gmt":"2025-07-08T17:36:42","slug":"emsnessie-2","status":"publish","type":"page","link":"https:\/\/unser-quartier.de\/emsdeich-skulpturen\/emsnessie-2\/","title":{"rendered":"EMSnessie"},"content":{"rendered":"<p><span style=\"font-size: 12pt;\"><strong><span style=\"font-family: arial, helvetica, sans-serif;\">1. Name, Vita, evtl. Link zur Homepage<\/span><\/strong><\/span><\/p>\n<p style=\"padding-left: 40px;\"><span style=\"font-family: arial, helvetica, sans-serif; font-size: 12pt;\">\u2022 Lee Sook H\u00fcbscher<\/span><br \/>\n<span style=\"font-family: arial, helvetica, sans-serif; font-size: 12pt;\">\u2022 Geboren in Seoul, Korea<\/span><br \/>\n<span style=\"font-family: arial, helvetica, sans-serif; font-size: 12pt;\">\u00a0 Lebt seit 1969 in Deutschland.<\/span><br \/>\n<span style=\"font-family: arial, helvetica, sans-serif; font-size: 12pt;\">\u2022 keine Webadresse vorhanden\u00a0<\/span><\/p>\n<p><span style=\"font-size: 12pt;\"><strong><span style=\"font-family: arial, helvetica, sans-serif;\">2. Allgemeines\/Schwerpunkte des individuellen k\u00fcnstlerischen Schaffens<\/span><\/strong><\/span><\/p>\n<p style=\"padding-left: 40px;\"><span style=\"font-family: arial, helvetica, sans-serif; font-size: 12pt;\">\u2022 Skulpturen<\/span><br \/>\n<span style=\"font-family: arial, helvetica, sans-serif; font-size: 12pt;\">\u2022<\/span><\/p>\n<p><span style=\"font-size: 12pt;\"><strong><span style=\"font-family: arial, helvetica, sans-serif;\">3. Aussagen zum Kunstwerk<\/span><\/strong><\/span><\/p>\n<p style=\"padding-left: 40px;\"><span style=\"font-size: 12pt;\"><strong><span style=\"font-family: arial, helvetica, sans-serif;\">a) Erg\u00e4nzungen zum bisherigen Schildtext<\/span><\/strong><\/span><\/p>\n<p style=\"padding-left: 80px;\"><span style=\"font-family: arial, helvetica, sans-serif; font-size: 12pt;\">EMSnessie (eigentlich Drache)<\/span><br \/>\n<span style=\"font-family: arial, helvetica, sans-serif;\">der K\u00fcnstlerin Lee Souk H\u00fcbscher, ist f\u00fcr eine Skulpturen-Ausstellung im Ruhrgebiet, zur Jahrtausendwende, kreiert worden.<\/span><br \/>\n<span style=\"font-family: arial, helvetica, sans-serif;\">Seine langj\u00e4hrige Aufstellung fand der \u201e Drache\u201c nach Beendigung der Kunstausstellung, vor dem Eingang zum Druckhaus Cramer, Greven.<\/span><br \/>\n<span style=\"font-family: arial, helvetica, sans-serif;\">Von hier aus wanderte die Skulptur als k\u00fcnstlerischer Blickpunkt zum Golfclub Aldruper Heide, Greven.<\/span><br \/>\n<span style=\"font-family: arial, helvetica, sans-serif;\">Bauliche Neuplanung auf dem Golfplatz, erforderte eine Neuplatzierung des Kunstwerkes.<\/span><br \/>\n<span style=\"font-family: arial, helvetica, sans-serif;\">Durch die hilfreiche Vermittlung von Wilhelm\u201c Ciller\u201c Beuning, Bruder des verst. Kurators der EMSDEICH-SKULPTUREN e.V., Pons Beuning, fand der ehemalige \u201e Drache\u201c, nun als \u201eEMSnessie\u201c, seinen starkbeachteten neuen Platz, als W\u00e4chter zum Eingang des Skulpturenweges an der Sch\u00f6neflieth-Br\u00fccke!<\/span><\/p>\n<p style=\"padding-left: 40px;\"><span style=\"font-size: 12pt;\"><strong><span style=\"font-family: arial, helvetica, sans-serif;\">b) Technisches zum Werk: z.B. H\u00f6he, Material, Gewicht<\/span><\/strong><\/span><\/p>\n<p style=\"padding-left: 80px;\"><span style=\"font-family: arial, helvetica, sans-serif; font-size: 12pt;\">2019 Stadt Greven, auf dem Emsdeich in Greven, <\/span><br \/>\n<span style=\"font-family: arial, helvetica, sans-serif; font-size: 12pt;\">Stahl<\/span><\/p>\n<p style=\"padding-left: 40px;\"><span style=\"font-size: 12pt;\"><strong><span style=\"font-family: arial, helvetica, sans-serif;\">c) Fotos: Entstehung, Transport, Aufbau, evtl. Einweihung<\/span><\/strong><\/span><\/p>\n<div id='gallery-2' class='gallery galleryid-5476 gallery-columns-3 gallery-size-thumbnail'><figure class='gallery-item'>\n\t\t\t<div class='gallery-icon landscape'>\n\t\t\t\t<a href='https:\/\/unser-quartier.de\/emsdeich-skulpturen\/files\/2025\/02\/P1170986.jpg'><img loading=\"lazy\" decoding=\"async\" width=\"150\" height=\"113\" src=\"https:\/\/unser-quartier.de\/emsdeich-skulpturen\/files\/2025\/02\/P1170986-150x113.jpg\" class=\"attachment-thumbnail size-thumbnail\" alt=\"\" aria-describedby=\"gallery-2-5477\" srcset=\"https:\/\/unser-quartier.de\/emsdeich-skulpturen\/files\/2025\/02\/P1170986-150x113.jpg 150w, https:\/\/unser-quartier.de\/emsdeich-skulpturen\/files\/2025\/02\/P1170986-300x225.jpg 300w, https:\/\/unser-quartier.de\/emsdeich-skulpturen\/files\/2025\/02\/P1170986-768x576.jpg 768w, https:\/\/unser-quartier.de\/emsdeich-skulpturen\/files\/2025\/02\/P1170986.jpg 1200w\" sizes=\"auto, (max-width: 150px) 100vw, 150px\" \/><\/a>\n\t\t\t<\/div>\n\t\t\t\t<figcaption class='wp-caption-text gallery-caption' id='gallery-2-5477'>\n\t\t\t\tBesichtigung des &#8220;Drachen&#8221; auf dem Golfplatz\n\t\t\t\t<\/figcaption><\/figure><figure class='gallery-item'>\n\t\t\t<div class='gallery-icon landscape'>\n\t\t\t\t<a href='https:\/\/unser-quartier.de\/emsdeich-skulpturen\/files\/2025\/02\/P1180024.jpg'><img loading=\"lazy\" decoding=\"async\" width=\"150\" height=\"113\" src=\"https:\/\/unser-quartier.de\/emsdeich-skulpturen\/files\/2025\/02\/P1180024-150x113.jpg\" class=\"attachment-thumbnail size-thumbnail\" alt=\"\" aria-describedby=\"gallery-2-5478\" srcset=\"https:\/\/unser-quartier.de\/emsdeich-skulpturen\/files\/2025\/02\/P1180024-150x113.jpg 150w, https:\/\/unser-quartier.de\/emsdeich-skulpturen\/files\/2025\/02\/P1180024-300x225.jpg 300w, https:\/\/unser-quartier.de\/emsdeich-skulpturen\/files\/2025\/02\/P1180024-768x576.jpg 768w, https:\/\/unser-quartier.de\/emsdeich-skulpturen\/files\/2025\/02\/P1180024.jpg 1200w\" sizes=\"auto, (max-width: 150px) 100vw, 150px\" \/><\/a>\n\t\t\t<\/div>\n\t\t\t\t<figcaption class='wp-caption-text gallery-caption' id='gallery-2-5478'>\n\t\t\t\tStandortsuche f\u00fcr den Drachen\n\t\t\t\t<\/figcaption><\/figure><figure class='gallery-item'>\n\t\t\t<div class='gallery-icon portrait'>\n\t\t\t\t<a href='https:\/\/unser-quartier.de\/emsdeich-skulpturen\/files\/2025\/02\/1571753251007.81f358fb-59f4-441f-81b5-57dab2d8a4f4.jpg'><img loading=\"lazy\" decoding=\"async\" width=\"150\" height=\"200\" src=\"https:\/\/unser-quartier.de\/emsdeich-skulpturen\/files\/2025\/02\/1571753251007.81f358fb-59f4-441f-81b5-57dab2d8a4f4-150x200.jpg\" class=\"attachment-thumbnail size-thumbnail\" alt=\"\" aria-describedby=\"gallery-2-5481\" srcset=\"https:\/\/unser-quartier.de\/emsdeich-skulpturen\/files\/2025\/02\/1571753251007.81f358fb-59f4-441f-81b5-57dab2d8a4f4-150x200.jpg 150w, https:\/\/unser-quartier.de\/emsdeich-skulpturen\/files\/2025\/02\/1571753251007.81f358fb-59f4-441f-81b5-57dab2d8a4f4-300x400.jpg 300w, https:\/\/unser-quartier.de\/emsdeich-skulpturen\/files\/2025\/02\/1571753251007.81f358fb-59f4-441f-81b5-57dab2d8a4f4-768x1024.jpg 768w, https:\/\/unser-quartier.de\/emsdeich-skulpturen\/files\/2025\/02\/1571753251007.81f358fb-59f4-441f-81b5-57dab2d8a4f4.jpg 900w\" sizes=\"auto, (max-width: 150px) 100vw, 150px\" \/><\/a>\n\t\t\t<\/div>\n\t\t\t\t<figcaption class='wp-caption-text gallery-caption' id='gallery-2-5481'>\n\t\t\t\tEMSnessie steht auf seinem Platz\n\t\t\t\t<\/figcaption><\/figure><figure class='gallery-item'>\n\t\t\t<div class='gallery-icon landscape'>\n\t\t\t\t<a href='https:\/\/unser-quartier.de\/emsdeich-skulpturen\/files\/2025\/02\/20220223_151040.jpg'><img loading=\"lazy\" decoding=\"async\" width=\"150\" height=\"84\" src=\"https:\/\/unser-quartier.de\/emsdeich-skulpturen\/files\/2025\/02\/20220223_151040-150x84.jpg\" class=\"attachment-thumbnail size-thumbnail\" alt=\"\" aria-describedby=\"gallery-2-5480\" srcset=\"https:\/\/unser-quartier.de\/emsdeich-skulpturen\/files\/2025\/02\/20220223_151040-150x84.jpg 150w, https:\/\/unser-quartier.de\/emsdeich-skulpturen\/files\/2025\/02\/20220223_151040-300x169.jpg 300w, https:\/\/unser-quartier.de\/emsdeich-skulpturen\/files\/2025\/02\/20220223_151040-768x432.jpg 768w, https:\/\/unser-quartier.de\/emsdeich-skulpturen\/files\/2025\/02\/20220223_151040.jpg 1200w\" sizes=\"auto, (max-width: 150px) 100vw, 150px\" \/><\/a>\n\t\t\t<\/div>\n\t\t\t\t<figcaption class='wp-caption-text gallery-caption' id='gallery-2-5480'>\n\t\t\t\tdas Ungeheuer mit Hochwasser\n\t\t\t\t<\/figcaption><\/figure>\n\t\t<\/div>\n\n","protected":false},"excerpt":{"rendered":"<p>1. Name, Vita, evtl. Link zur Homepage \u2022 Lee Sook H\u00fcbscher \u2022 Geboren in Seoul, Korea \u00a0 Lebt seit 1969 in Deutschland. \u2022 keine Webadresse &#8230; <a title=\"EMSnessie\" class=\"read-more\" href=\"https:\/\/unser-quartier.de\/emsdeich-skulpturen\/emsnessie-2\/\" aria-label=\"Mehr Informationen \u00fcber EMSnessie\">weiterlesen &#8230;<\/a><\/p>\n","protected":false},"author":301,"featured_media":5482,"parent":0,"menu_order":0,"comment_status":"closed","ping_status":"closed","template":"","meta":{"generate_page_header":"","footnotes":""},"class_list":{"0":"post-5476","1":"page","2":"type-page","3":"status-publish","4":"has-post-thumbnail","6":"infinite-scroll-item","7":"resize-featured-image"},"_links":{"self":[{"href":"https:\/\/unser-quartier.de\/emsdeich-skulpturen\/wp-json\/wp\/v2\/pages\/5476","targetHints":{"allow":["GET"]}}],"collection":[{"href":"https:\/\/unser-quartier.de\/emsdeich-skulpturen\/wp-json\/wp\/v2\/pages"}],"about":[{"href":"https:\/\/unser-quartier.de\/emsdeich-skulpturen\/wp-json\/wp\/v2\/types\/page"}],"author":[{"embeddable":true,"href":"https:\/\/unser-quartier.de\/emsdeich-skulpturen\/wp-json\/wp\/v2\/users\/301"}],"replies":[{"embeddable":true,"href":"https:\/\/unser-quartier.de\/emsdeich-skulpturen\/wp-json\/wp\/v2\/comments?post=5476"}],"version-history":[{"count":3,"href":"https:\/\/unser-quartier.de\/emsdeich-skulpturen\/wp-json\/wp\/v2\/pages\/5476\/revisions"}],"predecessor-version":[{"id":5711,"href":"https:\/\/unser-quartier.de\/emsdeich-skulpturen\/wp-json\/wp\/v2\/pages\/5476\/revisions\/5711"}],"wp:featuredmedia":[{"embeddable":true,"href":"https:\/\/unser-quartier.de\/emsdeich-skulpturen\/wp-json\/wp\/v2\/media\/5482"}],"wp:attachment":[{"href":"https:\/\/unser-quartier.de\/emsdeich-skulpturen\/wp-json\/wp\/v2\/media?parent=5476"}],"curies":[{"name":"wp","href":"https:\/\/api.w.org\/{rel}","templated":true}]}}