{"id":5522,"date":"2025-02-26T21:08:13","date_gmt":"2025-02-26T20:08:13","guid":{"rendered":"https:\/\/unser-quartier.de\/emsdeich-skulpturen\/?page_id=5522"},"modified":"2025-05-10T20:58:45","modified_gmt":"2025-05-10T18:58:45","slug":"wellenbank-2","status":"publish","type":"page","link":"https:\/\/unser-quartier.de\/emsdeich-skulpturen\/wellenbank-2\/","title":{"rendered":"WELLENbank"},"content":{"rendered":"<p><strong><span style=\"font-family: arial, helvetica, sans-serif; font-size: 14pt;\">1. Name, Vita, evtl. Link zur Homepage\u00a0<\/span><\/strong><\/p>\n<div class=\"wp-block-image\"><img loading=\"lazy\" decoding=\"async\" class=\"wpa-warning wpa-image-missing-alt wp-image-5615 alignright\" src=\"https:\/\/unser-quartier.de\/emsdeich-skulpturen\/files\/2025\/05\/Manfred-Schlueter-aus-Gladbeck--300x253.jpg\" alt=\"\" width=\"189\" height=\"159\" data-warning=\"Missing alt text\" srcset=\"https:\/\/unser-quartier.de\/emsdeich-skulpturen\/files\/2025\/05\/Manfred-Schlueter-aus-Gladbeck--300x253.jpg 300w, https:\/\/unser-quartier.de\/emsdeich-skulpturen\/files\/2025\/05\/Manfred-Schlueter-aus-Gladbeck--150x127.jpg 150w, https:\/\/unser-quartier.de\/emsdeich-skulpturen\/files\/2025\/05\/Manfred-Schlueter-aus-Gladbeck--768x649.jpg 768w, https:\/\/unser-quartier.de\/emsdeich-skulpturen\/files\/2025\/05\/Manfred-Schlueter-aus-Gladbeck-.jpg 909w\" sizes=\"auto, (max-width: 189px) 100vw, 189px\" \/><\/div>\n<ul style=\"list-style-type: disc;\">\n<li><span style=\"font-family: arial, helvetica, sans-serif;\">Manfred Schl\u00fcter<\/span><br \/>\n<span style=\"font-family: arial, helvetica, sans-serif;\">Geboren am 08.09.1941 in M\u00fcnster<\/span><br \/>\n<span style=\"font-family: arial, helvetica, sans-serif;\">Durch den Beruf und langj\u00e4hrige Mitgliedschaft in der Deutschen Dendrologischen Gesellschaft, wuchs eine starke Beziehungen zum Mitlebewesen Baum.<\/span><br \/>\n<span style=\"font-family: arial, helvetica, sans-serif;\">Studium von Landschaftsplanung und Freiraumarchitektur mit Abschlu\u00df als Dipl. Ing. Kunstgestaltung bei Prof. Schneider.<\/span><br \/>\n<span style=\"font-family: arial, helvetica, sans-serif;\">Langj\u00e4hrig zust\u00e4ndig f\u00fcr die st\u00e4dtebauliche Freiraum.- und Gr\u00fcnplanung der Stadt Gladbeck<\/span><br \/>\n<span style=\"font-family: arial, helvetica, sans-serif;\">Mitarbeit in der Gruppe f\u00fcr Gestaltung \u2013 gfg unter Professor Rolf Glasmeier Gelsenkirchen-Buer<\/span><br \/>\n<span style=\"font-family: arial, helvetica, sans-serif;\">Gestaltungsentwurf zur St\u00e4dtepartnerschaft, 1993, f\u00fcr die Zentralplatte, Europaplatz Gladbeck<\/span><br \/>\n<span style=\"font-family: arial, helvetica, sans-serif;\">Jahresausstellung 2002 bei Kunstwerkstatt-`Mach- Art`- in Bottrop<\/span><br \/>\n<span style=\"font-family: arial, helvetica, sans-serif;\"><span style=\"font-family: arial, helvetica, sans-serif;\">Ausstellung \u201eBlickwechsel\u201c` vom 18.9.-23.10.05, mit 30 gro\u00dfen und kleinem Holzobjekten, im Kreuzer, in Essen Berge-Borbeck.<\/span><\/span><\/li>\n<li><span style=\"font-family: arial, helvetica, sans-serif;\">EMSDEICHskulpturen, Stadt Greven, f\u00fcr 2017 \/18, mehrere Projekte<br \/>\n1. B\u00e4nke WELLENbank, Drei Sitzkunstwerke, je 5m<br \/>\n2. WEBstuhl Loom, Landmarke, Stahlobjekt, 7,5m hoch<\/span><br \/>\n<span style=\"font-family: arial, helvetica, sans-serif;\">K\u00fcnstlerische Gestaltung Kindergarten Else-Weecks<\/span><br \/>\n<span style=\"font-family: arial, helvetica, sans-serif;\">Rotes Kreuz Bottrop Eingangsbereich und Au\u00dfengel\u00e4nde<\/span><br \/>\n<span style=\"font-family: arial, helvetica, sans-serif;\">Seit 1994 Arbeiten als freier K\u00fcnstler an Holzobjekten, Plastiken, Materialbilder und Objekte.<\/span><br \/>\n<span style=\"font-family: arial, helvetica, sans-serif;\"><span style=\"font-family: arial, helvetica, sans-serif;\">Jetzt altersgem\u00e4\u00df mehr chinesische Kalligraphie.<\/span><\/span><\/li>\n<li><span style=\"font-family: arial, helvetica, sans-serif;\">http:\/\/<\/span><\/li>\n<\/ul>\n<p><span style=\"font-size: 14pt;\"><strong><span style=\"font-family: arial, helvetica, sans-serif;\">2. Aussagen zum Kunstwerk<\/span><\/strong><\/span><\/p>\n<ol style=\"list-style-type: lower-alpha;\">\n<li><span style=\"font-family: arial, helvetica, sans-serif;\"><strong>WELLENbank<\/strong><\/span><br \/>\n<span style=\"font-family: arial, helvetica, sans-serif;\">Hartes und weiches Material, Stahl und Holz, bilden durch die Spannung des Metalls und die Durchdringung der Holzbohle eine neue konstruktive Einheit. Zwei kommunikativ gegen\u00fcberliegende Sitznischen mit schwungvollem Wellenmotiv an der Oberkante bilden eine Sitzskulptur.<\/span><br \/>\n<span style=\"font-family: arial, helvetica, sans-serif;\">Erg\u00e4nzungen zum bisherigen Schildtext<\/span><br \/>\n<span style=\"font-family: arial, helvetica, sans-serif;\"><span style=\"font-family: arial, helvetica, sans-serif;\">Die Wellenb\u00e4nke hatte er schon einmal f\u00fcr die M\u00f6blierung der Gladbecker Innenstadt entworfen. \u201eDoch ans Emsufer passen sie jetzt viel besser.\u201c Wie ein Wellenschlag kr\u00fcmmt sich das st\u00e4hlerne R\u00fcckenelement, durch dessen eingelassene Schlitze die circa acht Meter lange Holzbohle geschoben wird. Allein die Spannung fixiert das Objekt \u2013 f\u00fcr Barbara Schl\u00fcter \u201eersitzbare Kunst\u201c. Dass in dieser Skulptur das \u201eWeiche das Harte durchbohrt\u201c, fasziniert den Ehemann besonders. Zudem verweist die \u201eWellenbank\u201c auf ein ganz wichtiges Element in der Schl\u00fcterschen Kunst. Viele Objekte n\u00e4mlich sind vor allem h\u00f6lzern und von der gro\u00dfen Liebe zu B\u00e4umen beseelt. \u201eHolz ist zumeist \u00e4lter als Menschen es werden k\u00f6nnen,\u201c formuliert der K\u00fcnstler respektvoll, der sich selbst als Dendrologe, als Kundiger in Sachen H\u00f6lzer bezeichnet. Aus H\u00f6lzern arbeitet er Filigranes, aber auch Wuchtiges. Sie landen oft als Abfallst\u00fccke in der Schl\u00fcterschen Holzwerkstatt.<\/span><\/span><\/li>\n<li><strong><span style=\"font-family: arial, helvetica, sans-serif;\">Technisches zum Werk: z.B. H\u00f6he, Material, Gewicht<\/span><\/strong><br \/>\n<span style=\"font-family: arial, helvetica, sans-serif;\">2017 Stadt Greven, WELLENbank Magenta und Cyan<br \/>\nauf dem Emsdeich in Greven,<br \/>\n2018 Stadt Greven, WELLENbank Rot<\/span><br \/>\n<span style=\"font-family: arial, helvetica, sans-serif;\">vor dem Rathaus in Greven, <\/span><br \/>\n<span style=\"font-family: arial, helvetica, sans-serif;\"><span style=\"font-family: arial, helvetica, sans-serif;\">Stahl, Holz ca 4 Meter<\/span><\/span><\/li>\n<li><strong><strong><span style=\"font-family: arial, helvetica, sans-serif;\">Gef\u00f6rdert durch\u00a0<\/span><\/strong><\/strong>\n<div class=\"wp-block-image\"><img loading=\"lazy\" decoding=\"async\" class=\"wpa-warning wpa-image-missing-alt wp-image-5610 aligncenter\" src=\"https:\/\/unser-quartier.de\/emsdeich-skulpturen\/files\/2025\/05\/KSK-Steinfurt-185x70_300Dpi_rote_Schrift-300x114.jpg\" alt=\"\" width=\"242\" height=\"92\" data-warning=\"Missing alt text\" srcset=\"https:\/\/unser-quartier.de\/emsdeich-skulpturen\/files\/2025\/05\/KSK-Steinfurt-185x70_300Dpi_rote_Schrift-300x114.jpg 300w, https:\/\/unser-quartier.de\/emsdeich-skulpturen\/files\/2025\/05\/KSK-Steinfurt-185x70_300Dpi_rote_Schrift-150x57.jpg 150w, https:\/\/unser-quartier.de\/emsdeich-skulpturen\/files\/2025\/05\/KSK-Steinfurt-185x70_300Dpi_rote_Schrift-768x291.jpg 768w, https:\/\/unser-quartier.de\/emsdeich-skulpturen\/files\/2025\/05\/KSK-Steinfurt-185x70_300Dpi_rote_Schrift.jpg 1200w\" sizes=\"auto, (max-width: 242px) 100vw, 242px\" \/><\/p>\n<\/div>\n<\/li>\n<li><strong><span style=\"font-family: arial, helvetica, sans-serif;\">Fotos, wenn m\u00f6glich: Entstehung, Transport, Aufbau, evtl. Einweihung<\/span><\/strong><\/li>\n<\/ol>\n<div id='gallery-2' class='gallery galleryid-5522 gallery-columns-3 gallery-size-thumbnail'><figure class='gallery-item'>\n\t\t\t<div class='gallery-icon landscape'>\n\t\t\t\t<a href='https:\/\/unser-quartier.de\/emsdeich-skulpturen\/files\/2025\/02\/P1130844.jpg'><img loading=\"lazy\" decoding=\"async\" width=\"150\" height=\"113\" src=\"https:\/\/unser-quartier.de\/emsdeich-skulpturen\/files\/2025\/02\/P1130844-150x113.jpg\" class=\"attachment-thumbnail size-thumbnail\" alt=\"\" aria-describedby=\"gallery-2-5527\" srcset=\"https:\/\/unser-quartier.de\/emsdeich-skulpturen\/files\/2025\/02\/P1130844-150x113.jpg 150w, https:\/\/unser-quartier.de\/emsdeich-skulpturen\/files\/2025\/02\/P1130844-300x225.jpg 300w, https:\/\/unser-quartier.de\/emsdeich-skulpturen\/files\/2025\/02\/P1130844-1200x900.jpg 1200w, https:\/\/unser-quartier.de\/emsdeich-skulpturen\/files\/2025\/02\/P1130844-768x576.jpg 768w, https:\/\/unser-quartier.de\/emsdeich-skulpturen\/files\/2025\/02\/P1130844.jpg 1400w\" sizes=\"auto, (max-width: 150px) 100vw, 150px\" \/><\/a>\n\t\t\t<\/div>\n\t\t\t\t<figcaption class='wp-caption-text gallery-caption' id='gallery-2-5527'>\n\t\t\t\tModell der WELLENbank\n\t\t\t\t<\/figcaption><\/figure><figure class='gallery-item'>\n\t\t\t<div class='gallery-icon landscape'>\n\t\t\t\t<a href='https:\/\/unser-quartier.de\/emsdeich-skulpturen\/files\/2025\/02\/P1150078.jpg'><img loading=\"lazy\" decoding=\"async\" width=\"150\" height=\"113\" src=\"https:\/\/unser-quartier.de\/emsdeich-skulpturen\/files\/2025\/02\/P1150078-150x113.jpg\" class=\"attachment-thumbnail size-thumbnail\" alt=\"\" aria-describedby=\"gallery-2-5528\" srcset=\"https:\/\/unser-quartier.de\/emsdeich-skulpturen\/files\/2025\/02\/P1150078-150x113.jpg 150w, https:\/\/unser-quartier.de\/emsdeich-skulpturen\/files\/2025\/02\/P1150078-300x225.jpg 300w, https:\/\/unser-quartier.de\/emsdeich-skulpturen\/files\/2025\/02\/P1150078-768x576.jpg 768w, https:\/\/unser-quartier.de\/emsdeich-skulpturen\/files\/2025\/02\/P1150078.jpg 1200w\" sizes=\"auto, (max-width: 150px) 100vw, 150px\" \/><\/a>\n\t\t\t<\/div>\n\t\t\t\t<figcaption class='wp-caption-text gallery-caption' id='gallery-2-5528'>\n\t\t\t\tFundamente werden..\n\t\t\t\t<\/figcaption><\/figure><figure class='gallery-item'>\n\t\t\t<div class='gallery-icon landscape'>\n\t\t\t\t<a href='https:\/\/unser-quartier.de\/emsdeich-skulpturen\/files\/2025\/02\/20170825_150235.jpg'><img loading=\"lazy\" decoding=\"async\" width=\"150\" height=\"113\" src=\"https:\/\/unser-quartier.de\/emsdeich-skulpturen\/files\/2025\/02\/20170825_150235-150x113.jpg\" class=\"attachment-thumbnail size-thumbnail\" alt=\"\" aria-describedby=\"gallery-2-5523\" srcset=\"https:\/\/unser-quartier.de\/emsdeich-skulpturen\/files\/2025\/02\/20170825_150235-150x113.jpg 150w, https:\/\/unser-quartier.de\/emsdeich-skulpturen\/files\/2025\/02\/20170825_150235-300x225.jpg 300w, https:\/\/unser-quartier.de\/emsdeich-skulpturen\/files\/2025\/02\/20170825_150235-768x576.jpg 768w, https:\/\/unser-quartier.de\/emsdeich-skulpturen\/files\/2025\/02\/20170825_150235.jpg 1200w\" sizes=\"auto, (max-width: 150px) 100vw, 150px\" \/><\/a>\n\t\t\t<\/div>\n\t\t\t\t<figcaption class='wp-caption-text gallery-caption' id='gallery-2-5523'>\n\t\t\t\t..vorbereitet\n\t\t\t\t<\/figcaption><\/figure><figure class='gallery-item'>\n\t\t\t<div class='gallery-icon landscape'>\n\t\t\t\t<a href='https:\/\/unser-quartier.de\/emsdeich-skulpturen\/files\/2025\/02\/P1150093.jpg'><img loading=\"lazy\" decoding=\"async\" width=\"150\" height=\"113\" src=\"https:\/\/unser-quartier.de\/emsdeich-skulpturen\/files\/2025\/02\/P1150093-150x113.jpg\" class=\"attachment-thumbnail size-thumbnail\" alt=\"\" aria-describedby=\"gallery-2-5530\" srcset=\"https:\/\/unser-quartier.de\/emsdeich-skulpturen\/files\/2025\/02\/P1150093-150x113.jpg 150w, https:\/\/unser-quartier.de\/emsdeich-skulpturen\/files\/2025\/02\/P1150093-300x225.jpg 300w, https:\/\/unser-quartier.de\/emsdeich-skulpturen\/files\/2025\/02\/P1150093-768x576.jpg 768w, https:\/\/unser-quartier.de\/emsdeich-skulpturen\/files\/2025\/02\/P1150093.jpg 1200w\" sizes=\"auto, (max-width: 150px) 100vw, 150px\" \/><\/a>\n\t\t\t<\/div>\n\t\t\t\t<figcaption class='wp-caption-text gallery-caption' id='gallery-2-5530'>\n\t\t\t\tRohbau der WELLENbank\n\t\t\t\t<\/figcaption><\/figure><figure class='gallery-item'>\n\t\t\t<div class='gallery-icon landscape'>\n\t\t\t\t<a href='https:\/\/unser-quartier.de\/emsdeich-skulpturen\/files\/2025\/02\/P1150089.jpg'><img loading=\"lazy\" decoding=\"async\" width=\"150\" height=\"113\" src=\"https:\/\/unser-quartier.de\/emsdeich-skulpturen\/files\/2025\/02\/P1150089-150x113.jpg\" class=\"attachment-thumbnail size-thumbnail\" alt=\"\" aria-describedby=\"gallery-2-5529\" srcset=\"https:\/\/unser-quartier.de\/emsdeich-skulpturen\/files\/2025\/02\/P1150089-150x113.jpg 150w, https:\/\/unser-quartier.de\/emsdeich-skulpturen\/files\/2025\/02\/P1150089-300x225.jpg 300w, https:\/\/unser-quartier.de\/emsdeich-skulpturen\/files\/2025\/02\/P1150089-768x576.jpg 768w, https:\/\/unser-quartier.de\/emsdeich-skulpturen\/files\/2025\/02\/P1150089.jpg 1200w\" sizes=\"auto, (max-width: 150px) 100vw, 150px\" \/><\/a>\n\t\t\t<\/div>\n\t\t\t\t<figcaption class='wp-caption-text gallery-caption' id='gallery-2-5529'>\n\t\t\t\tBesichtigung des K\u00fcnstlerteams\n\t\t\t\t<\/figcaption><\/figure><figure class='gallery-item'>\n\t\t\t<div class='gallery-icon landscape'>\n\t\t\t\t<a href='https:\/\/unser-quartier.de\/emsdeich-skulpturen\/files\/2025\/02\/P1150143.jpg'><img loading=\"lazy\" decoding=\"async\" width=\"150\" height=\"113\" src=\"https:\/\/unser-quartier.de\/emsdeich-skulpturen\/files\/2025\/02\/P1150143-150x113.jpg\" class=\"attachment-thumbnail size-thumbnail\" alt=\"\" aria-describedby=\"gallery-2-5532\" srcset=\"https:\/\/unser-quartier.de\/emsdeich-skulpturen\/files\/2025\/02\/P1150143-150x113.jpg 150w, https:\/\/unser-quartier.de\/emsdeich-skulpturen\/files\/2025\/02\/P1150143-300x225.jpg 300w, https:\/\/unser-quartier.de\/emsdeich-skulpturen\/files\/2025\/02\/P1150143-768x576.jpg 768w, https:\/\/unser-quartier.de\/emsdeich-skulpturen\/files\/2025\/02\/P1150143.jpg 1200w\" sizes=\"auto, (max-width: 150px) 100vw, 150px\" \/><\/a>\n\t\t\t<\/div>\n\t\t\t\t<figcaption class='wp-caption-text gallery-caption' id='gallery-2-5532'>\n\t\t\t\tAufbau der B\u00e4nke\n\t\t\t\t<\/figcaption><\/figure><figure class='gallery-item'>\n\t\t\t<div class='gallery-icon portrait'>\n\t\t\t\t<a href='https:\/\/unser-quartier.de\/emsdeich-skulpturen\/files\/2025\/02\/P1150140.jpg'><img loading=\"lazy\" decoding=\"async\" width=\"150\" height=\"200\" src=\"https:\/\/unser-quartier.de\/emsdeich-skulpturen\/files\/2025\/02\/P1150140-150x200.jpg\" class=\"attachment-thumbnail size-thumbnail\" alt=\"\" srcset=\"https:\/\/unser-quartier.de\/emsdeich-skulpturen\/files\/2025\/02\/P1150140-150x200.jpg 150w, https:\/\/unser-quartier.de\/emsdeich-skulpturen\/files\/2025\/02\/P1150140-300x400.jpg 300w, https:\/\/unser-quartier.de\/emsdeich-skulpturen\/files\/2025\/02\/P1150140-768x1024.jpg 768w, https:\/\/unser-quartier.de\/emsdeich-skulpturen\/files\/2025\/02\/P1150140.jpg 900w\" sizes=\"auto, (max-width: 150px) 100vw, 150px\" \/><\/a>\n\t\t\t<\/div><\/figure><figure class='gallery-item'>\n\t\t\t<div class='gallery-icon landscape'>\n\t\t\t\t<a href='https:\/\/unser-quartier.de\/emsdeich-skulpturen\/files\/2025\/02\/1571751271206.86f0e195-f2ff-4c40-89c4-ef755b43a770.jpg'><img loading=\"lazy\" decoding=\"async\" width=\"150\" height=\"113\" src=\"https:\/\/unser-quartier.de\/emsdeich-skulpturen\/files\/2025\/02\/1571751271206.86f0e195-f2ff-4c40-89c4-ef755b43a770-150x113.jpg\" class=\"attachment-thumbnail size-thumbnail\" alt=\"\" srcset=\"https:\/\/unser-quartier.de\/emsdeich-skulpturen\/files\/2025\/02\/1571751271206.86f0e195-f2ff-4c40-89c4-ef755b43a770-150x113.jpg 150w, https:\/\/unser-quartier.de\/emsdeich-skulpturen\/files\/2025\/02\/1571751271206.86f0e195-f2ff-4c40-89c4-ef755b43a770-300x225.jpg 300w, https:\/\/unser-quartier.de\/emsdeich-skulpturen\/files\/2025\/02\/1571751271206.86f0e195-f2ff-4c40-89c4-ef755b43a770-768x576.jpg 768w, https:\/\/unser-quartier.de\/emsdeich-skulpturen\/files\/2025\/02\/1571751271206.86f0e195-f2ff-4c40-89c4-ef755b43a770.jpg 1200w\" sizes=\"auto, (max-width: 150px) 100vw, 150px\" \/><\/a>\n\t\t\t<\/div><\/figure><figure class='gallery-item'>\n\t\t\t<div class='gallery-icon landscape'>\n\t\t\t\t<a href='https:\/\/unser-quartier.de\/emsdeich-skulpturen\/files\/2025\/02\/P1150168.jpg'><img loading=\"lazy\" decoding=\"async\" width=\"150\" height=\"113\" src=\"https:\/\/unser-quartier.de\/emsdeich-skulpturen\/files\/2025\/02\/P1150168-150x113.jpg\" class=\"attachment-thumbnail size-thumbnail\" alt=\"\" aria-describedby=\"gallery-2-5533\" srcset=\"https:\/\/unser-quartier.de\/emsdeich-skulpturen\/files\/2025\/02\/P1150168-150x113.jpg 150w, https:\/\/unser-quartier.de\/emsdeich-skulpturen\/files\/2025\/02\/P1150168-300x225.jpg 300w, https:\/\/unser-quartier.de\/emsdeich-skulpturen\/files\/2025\/02\/P1150168-768x576.jpg 768w, https:\/\/unser-quartier.de\/emsdeich-skulpturen\/files\/2025\/02\/P1150168.jpg 1200w\" sizes=\"auto, (max-width: 150px) 100vw, 150px\" \/><\/a>\n\t\t\t<\/div>\n\t\t\t\t<figcaption class='wp-caption-text gallery-caption' id='gallery-2-5533'>\n\t\t\t\tTag der \u00dcbergabe\n\t\t\t\t<\/figcaption><\/figure><figure class='gallery-item'>\n\t\t\t<div class='gallery-icon landscape'>\n\t\t\t\t<a href='https:\/\/unser-quartier.de\/emsdeich-skulpturen\/files\/2025\/02\/P1150203.jpg'><img loading=\"lazy\" decoding=\"async\" width=\"150\" height=\"113\" src=\"https:\/\/unser-quartier.de\/emsdeich-skulpturen\/files\/2025\/02\/P1150203-150x113.jpg\" class=\"attachment-thumbnail size-thumbnail\" alt=\"\" aria-describedby=\"gallery-2-5535\" srcset=\"https:\/\/unser-quartier.de\/emsdeich-skulpturen\/files\/2025\/02\/P1150203-150x113.jpg 150w, https:\/\/unser-quartier.de\/emsdeich-skulpturen\/files\/2025\/02\/P1150203-300x225.jpg 300w, https:\/\/unser-quartier.de\/emsdeich-skulpturen\/files\/2025\/02\/P1150203-768x576.jpg 768w, https:\/\/unser-quartier.de\/emsdeich-skulpturen\/files\/2025\/02\/P1150203.jpg 1200w\" sizes=\"auto, (max-width: 150px) 100vw, 150px\" \/><\/a>\n\t\t\t<\/div>\n\t\t\t\t<figcaption class='wp-caption-text gallery-caption' id='gallery-2-5535'>\n\t\t\t\t..mit Enth\u00fcllung\n\t\t\t\t<\/figcaption><\/figure><figure class='gallery-item'>\n\t\t\t<div class='gallery-icon landscape'>\n\t\t\t\t<a href='https:\/\/unser-quartier.de\/emsdeich-skulpturen\/files\/2025\/02\/2017090310552601.jpg'><img loading=\"lazy\" decoding=\"async\" width=\"150\" height=\"84\" src=\"https:\/\/unser-quartier.de\/emsdeich-skulpturen\/files\/2025\/02\/2017090310552601-150x84.jpg\" class=\"attachment-thumbnail size-thumbnail\" alt=\"\" srcset=\"https:\/\/unser-quartier.de\/emsdeich-skulpturen\/files\/2025\/02\/2017090310552601-150x84.jpg 150w, https:\/\/unser-quartier.de\/emsdeich-skulpturen\/files\/2025\/02\/2017090310552601-300x169.jpg 300w, https:\/\/unser-quartier.de\/emsdeich-skulpturen\/files\/2025\/02\/2017090310552601-768x432.jpg 768w, https:\/\/unser-quartier.de\/emsdeich-skulpturen\/files\/2025\/02\/2017090310552601.jpg 853w\" sizes=\"auto, (max-width: 150px) 100vw, 150px\" \/><\/a>\n\t\t\t<\/div><\/figure><figure class='gallery-item'>\n\t\t\t<div class='gallery-icon landscape'>\n\t\t\t\t<a href='https:\/\/unser-quartier.de\/emsdeich-skulpturen\/files\/2025\/02\/P1150232.jpg'><img loading=\"lazy\" decoding=\"async\" width=\"150\" height=\"113\" src=\"https:\/\/unser-quartier.de\/emsdeich-skulpturen\/files\/2025\/02\/P1150232-150x113.jpg\" class=\"attachment-thumbnail size-thumbnail\" alt=\"\" aria-describedby=\"gallery-2-5536\" srcset=\"https:\/\/unser-quartier.de\/emsdeich-skulpturen\/files\/2025\/02\/P1150232-150x113.jpg 150w, https:\/\/unser-quartier.de\/emsdeich-skulpturen\/files\/2025\/02\/P1150232-300x225.jpg 300w, https:\/\/unser-quartier.de\/emsdeich-skulpturen\/files\/2025\/02\/P1150232-768x576.jpg 768w, https:\/\/unser-quartier.de\/emsdeich-skulpturen\/files\/2025\/02\/P1150232.jpg 1200w\" sizes=\"auto, (max-width: 150px) 100vw, 150px\" \/><\/a>\n\t\t\t<\/div>\n\t\t\t\t<figcaption class='wp-caption-text gallery-caption' id='gallery-2-5536'>\n\t\t\t\tf\u00fcr Musik ist auch gesorgt\n\t\t\t\t<\/figcaption><\/figure><figure class='gallery-item'>\n\t\t\t<div class='gallery-icon landscape'>\n\t\t\t\t<a href='https:\/\/unser-quartier.de\/emsdeich-skulpturen\/files\/2025\/02\/P1150171.jpg'><img loading=\"lazy\" decoding=\"async\" width=\"150\" height=\"113\" src=\"https:\/\/unser-quartier.de\/emsdeich-skulpturen\/files\/2025\/02\/P1150171-150x113.jpg\" class=\"attachment-thumbnail size-thumbnail\" alt=\"\" aria-describedby=\"gallery-2-5534\" srcset=\"https:\/\/unser-quartier.de\/emsdeich-skulpturen\/files\/2025\/02\/P1150171-150x113.jpg 150w, https:\/\/unser-quartier.de\/emsdeich-skulpturen\/files\/2025\/02\/P1150171-300x225.jpg 300w, https:\/\/unser-quartier.de\/emsdeich-skulpturen\/files\/2025\/02\/P1150171-768x576.jpg 768w, https:\/\/unser-quartier.de\/emsdeich-skulpturen\/files\/2025\/02\/P1150171.jpg 1200w\" sizes=\"auto, (max-width: 150px) 100vw, 150px\" \/><\/a>\n\t\t\t<\/div>\n\t\t\t\t<figcaption class='wp-caption-text gallery-caption' id='gallery-2-5534'>\n\t\t\t\tWELLENbank Cyan\n\t\t\t\t<\/figcaption><\/figure><figure class='gallery-item'>\n\t\t\t<div class='gallery-icon landscape'>\n\t\t\t\t<a href='https:\/\/unser-quartier.de\/emsdeich-skulpturen\/files\/2025\/02\/P1150748.jpg'><img loading=\"lazy\" decoding=\"async\" width=\"150\" height=\"113\" src=\"https:\/\/unser-quartier.de\/emsdeich-skulpturen\/files\/2025\/02\/P1150748-150x113.jpg\" class=\"attachment-thumbnail size-thumbnail\" alt=\"\" srcset=\"https:\/\/unser-quartier.de\/emsdeich-skulpturen\/files\/2025\/02\/P1150748-150x113.jpg 150w, https:\/\/unser-quartier.de\/emsdeich-skulpturen\/files\/2025\/02\/P1150748-300x225.jpg 300w, https:\/\/unser-quartier.de\/emsdeich-skulpturen\/files\/2025\/02\/P1150748-768x576.jpg 768w, https:\/\/unser-quartier.de\/emsdeich-skulpturen\/files\/2025\/02\/P1150748.jpg 1200w\" sizes=\"auto, (max-width: 150px) 100vw, 150px\" \/><\/a>\n\t\t\t<\/div><\/figure><figure class='gallery-item'>\n\t\t\t<div class='gallery-icon landscape'>\n\t\t\t\t<a href='https:\/\/unser-quartier.de\/emsdeich-skulpturen\/files\/2025\/02\/P1170974.jpg'><img loading=\"lazy\" decoding=\"async\" width=\"150\" height=\"113\" src=\"https:\/\/unser-quartier.de\/emsdeich-skulpturen\/files\/2025\/02\/P1170974-150x113.jpg\" class=\"attachment-thumbnail size-thumbnail\" alt=\"\" aria-describedby=\"gallery-2-5538\" srcset=\"https:\/\/unser-quartier.de\/emsdeich-skulpturen\/files\/2025\/02\/P1170974-150x113.jpg 150w, https:\/\/unser-quartier.de\/emsdeich-skulpturen\/files\/2025\/02\/P1170974-300x225.jpg 300w, https:\/\/unser-quartier.de\/emsdeich-skulpturen\/files\/2025\/02\/P1170974-768x576.jpg 768w, https:\/\/unser-quartier.de\/emsdeich-skulpturen\/files\/2025\/02\/P1170974.jpg 1200w\" sizes=\"auto, (max-width: 150px) 100vw, 150px\" \/><\/a>\n\t\t\t<\/div>\n\t\t\t\t<figcaption class='wp-caption-text gallery-caption' id='gallery-2-5538'>\n\t\t\t\tWELLENbank Magenta\n\t\t\t\t<\/figcaption><\/figure><figure class='gallery-item'>\n\t\t\t<div class='gallery-icon landscape'>\n\t\t\t\t<a href='https:\/\/unser-quartier.de\/emsdeich-skulpturen\/files\/2025\/02\/1621521193866.jpg'><img loading=\"lazy\" decoding=\"async\" width=\"150\" height=\"113\" src=\"https:\/\/unser-quartier.de\/emsdeich-skulpturen\/files\/2025\/02\/1621521193866-150x113.jpg\" class=\"attachment-thumbnail size-thumbnail\" alt=\"\" aria-describedby=\"gallery-2-5525\" srcset=\"https:\/\/unser-quartier.de\/emsdeich-skulpturen\/files\/2025\/02\/1621521193866-150x113.jpg 150w, https:\/\/unser-quartier.de\/emsdeich-skulpturen\/files\/2025\/02\/1621521193866-300x225.jpg 300w, https:\/\/unser-quartier.de\/emsdeich-skulpturen\/files\/2025\/02\/1621521193866-768x576.jpg 768w, https:\/\/unser-quartier.de\/emsdeich-skulpturen\/files\/2025\/02\/1621521193866.jpg 1200w\" sizes=\"auto, (max-width: 150px) 100vw, 150px\" \/><\/a>\n\t\t\t<\/div>\n\t\t\t\t<figcaption class='wp-caption-text gallery-caption' id='gallery-2-5525'>\n\t\t\t\tWELLENbank Rot\n\t\t\t\t<\/figcaption><\/figure><figure class='gallery-item'>\n\t\t\t<div class='gallery-icon landscape'>\n\t\t\t\t<a href='https:\/\/unser-quartier.de\/emsdeich-skulpturen\/files\/2025\/02\/P1170977.jpg'><img loading=\"lazy\" decoding=\"async\" width=\"150\" height=\"113\" src=\"https:\/\/unser-quartier.de\/emsdeich-skulpturen\/files\/2025\/02\/P1170977-150x113.jpg\" class=\"attachment-thumbnail size-thumbnail\" alt=\"\" srcset=\"https:\/\/unser-quartier.de\/emsdeich-skulpturen\/files\/2025\/02\/P1170977-150x113.jpg 150w, https:\/\/unser-quartier.de\/emsdeich-skulpturen\/files\/2025\/02\/P1170977-300x225.jpg 300w, https:\/\/unser-quartier.de\/emsdeich-skulpturen\/files\/2025\/02\/P1170977-768x576.jpg 768w, https:\/\/unser-quartier.de\/emsdeich-skulpturen\/files\/2025\/02\/P1170977.jpg 1200w\" sizes=\"auto, (max-width: 150px) 100vw, 150px\" \/><\/a>\n\t\t\t<\/div><\/figure>\n\t\t<\/div>\n\n","protected":false},"excerpt":{"rendered":"<p>1. Name, Vita, evtl. Link zur Homepage\u00a0 Manfred Schl\u00fcter Geboren am 08.09.1941 in M\u00fcnster Durch den Beruf und langj\u00e4hrige Mitgliedschaft in der Deutschen Dendrologischen Gesellschaft, &#8230; <a title=\"WELLENbank\" class=\"read-more\" href=\"https:\/\/unser-quartier.de\/emsdeich-skulpturen\/wellenbank-2\/\" aria-label=\"Mehr Informationen \u00fcber WELLENbank\">weiterlesen &#8230;<\/a><\/p>\n","protected":false},"author":301,"featured_media":5540,"parent":0,"menu_order":0,"comment_status":"closed","ping_status":"closed","template":"","meta":{"generate_page_header":"","footnotes":""},"class_list":{"0":"post-5522","1":"page","2":"type-page","3":"status-publish","4":"has-post-thumbnail","6":"infinite-scroll-item","7":"resize-featured-image"},"_links":{"self":[{"href":"https:\/\/unser-quartier.de\/emsdeich-skulpturen\/wp-json\/wp\/v2\/pages\/5522","targetHints":{"allow":["GET"]}}],"collection":[{"href":"https:\/\/unser-quartier.de\/emsdeich-skulpturen\/wp-json\/wp\/v2\/pages"}],"about":[{"href":"https:\/\/unser-quartier.de\/emsdeich-skulpturen\/wp-json\/wp\/v2\/types\/page"}],"author":[{"embeddable":true,"href":"https:\/\/unser-quartier.de\/emsdeich-skulpturen\/wp-json\/wp\/v2\/users\/301"}],"replies":[{"embeddable":true,"href":"https:\/\/unser-quartier.de\/emsdeich-skulpturen\/wp-json\/wp\/v2\/comments?post=5522"}],"version-history":[{"count":3,"href":"https:\/\/unser-quartier.de\/emsdeich-skulpturen\/wp-json\/wp\/v2\/pages\/5522\/revisions"}],"predecessor-version":[{"id":5624,"href":"https:\/\/unser-quartier.de\/emsdeich-skulpturen\/wp-json\/wp\/v2\/pages\/5522\/revisions\/5624"}],"wp:featuredmedia":[{"embeddable":true,"href":"https:\/\/unser-quartier.de\/emsdeich-skulpturen\/wp-json\/wp\/v2\/media\/5540"}],"wp:attachment":[{"href":"https:\/\/unser-quartier.de\/emsdeich-skulpturen\/wp-json\/wp\/v2\/media?parent=5522"}],"curies":[{"name":"wp","href":"https:\/\/api.w.org\/{rel}","templated":true}]}}