{"id":5546,"date":"2025-02-27T19:03:22","date_gmt":"2025-02-27T18:03:22","guid":{"rendered":"https:\/\/unser-quartier.de\/emsdeich-skulpturen\/?page_id=5546"},"modified":"2025-05-09T21:09:14","modified_gmt":"2025-05-09T19:09:14","slug":"webstuhl-2","status":"publish","type":"page","link":"https:\/\/unser-quartier.de\/emsdeich-skulpturen\/webstuhl-2\/","title":{"rendered":"WEBstuhl"},"content":{"rendered":"<ol>\n<li><span style=\"font-size: 14pt;\"><strong><span style=\"font-family: arial, helvetica, sans-serif;\">Name, Vita, evtl. Link zur Homepage<\/span><\/strong><\/span>\n<ul style=\"list-style-type: disc;\">\n<li><span style=\"font-family: arial, helvetica, sans-serif; font-size: 12pt;\"><span style=\"font-family: arial, helvetica, sans-serif; font-size: 12pt;\">Manfred Schl\u00fcter\u00a0 \u00a0<\/span><\/span>\n<div class=\"wp-block-image\"><img loading=\"lazy\" decoding=\"async\" class=\"wpa-warning wpa-image-missing-alt  wp-image-5615 alignright\" src=\"https:\/\/unser-quartier.de\/emsdeich-skulpturen\/files\/2025\/05\/Manfred-Schlueter-aus-Gladbeck--300x253.jpg\" alt=\"\" width=\"178\" height=\"150\" data-warning=\"Missing alt text\" srcset=\"https:\/\/unser-quartier.de\/emsdeich-skulpturen\/files\/2025\/05\/Manfred-Schlueter-aus-Gladbeck--300x253.jpg 300w, https:\/\/unser-quartier.de\/emsdeich-skulpturen\/files\/2025\/05\/Manfred-Schlueter-aus-Gladbeck--150x127.jpg 150w, https:\/\/unser-quartier.de\/emsdeich-skulpturen\/files\/2025\/05\/Manfred-Schlueter-aus-Gladbeck--768x649.jpg 768w, https:\/\/unser-quartier.de\/emsdeich-skulpturen\/files\/2025\/05\/Manfred-Schlueter-aus-Gladbeck-.jpg 909w\" sizes=\"auto, (max-width: 178px) 100vw, 178px\" \/><\/div>\n<\/li>\n<li><span style=\"font-family: arial, helvetica, sans-serif; font-size: 12pt;\">Geboren am 08.09.1941 in M\u00fcnster<\/span><br \/>\n<span style=\"font-family: arial, helvetica, sans-serif; font-size: 12pt;\">Durch den Beruf und langj\u00e4hrige Mitgliedschaft in der Deutschen Dendrologischen Gesellschaft, wuchs eine starke Beziehungen zum Mitlebewesen Baum.<\/span><br \/>\n<span style=\"font-family: arial, helvetica, sans-serif; font-size: 12pt;\">Studium von Landschaftsplanung und Freiraumarchitektur mit Abschlu\u00df als Dipl. Ing. Kunstgestaltung bei Prof. Schneider.<\/span><br \/>\n<span style=\"font-family: arial, helvetica, sans-serif; font-size: 12pt;\">Langj\u00e4hrig zust\u00e4ndig f\u00fcr die st\u00e4dtebauliche Freiraum.- und Gr\u00fcnplanung der Stadt Gladbeck<\/span><br \/>\n<span style=\"font-family: arial, helvetica, sans-serif; font-size: 12pt;\">Mitarbeit in der Gruppe f\u00fcr Gestaltung \u2013 gfg unter Professor Rolf Glasmeier Gelsenkirchen-Buer<\/span><br \/>\n<span style=\"font-family: arial, helvetica, sans-serif; font-size: 12pt;\">Gestaltungsentwurf zur St\u00e4dtepartnerschaft, 1993, f\u00fcr die Zentralplatte, Europaplatz Gladbeck<\/span><br \/>\n<span style=\"font-family: arial, helvetica, sans-serif; font-size: 12pt;\">Jahresausstellung 2002 bei Kunstwerkstatt-`Mach- Art`- in Bottrop<\/span><br \/>\n<span style=\"font-family: arial, helvetica, sans-serif; font-size: 12pt;\">Ausstellung \u201eBlickwechsel\u201c` vom 18.9.-23.10.05, mit 30 gro\u00dfen und kleinem Holzobjekten, im Kreuzer, in Essen Berge-Borbeck.<\/span><\/li>\n<li><span style=\"font-family: arial, helvetica, sans-serif; font-size: 12pt;\">EMSDEICHskulpturen, Stadt Greven, f\u00fcr 2017 \/18, mehrere Projekte<\/span><br \/>\n<span style=\"font-family: arial, helvetica, sans-serif; font-size: 12pt;\">1. B\u00e4nke WELLENbank, Drei Sitzkunstwerke, je 5m<\/span><br \/>\n<span style=\"font-family: arial, helvetica, sans-serif; font-size: 12pt;\">2. WEBstuhl Loom, Landmarke, Stahlobjekt, 7,5m hoch<\/span><br \/>\n<span style=\"font-family: arial, helvetica, sans-serif; font-size: 12pt;\">K\u00fcnstlerische Gestaltung Kindergarten Else-Weecks<\/span><br \/>\n<span style=\"font-family: arial, helvetica, sans-serif; font-size: 12pt;\">Rotes Kreuz Bottrop Eingangsbereich und Au\u00dfengel\u00e4nde<\/span><br \/>\n<span style=\"font-family: arial, helvetica, sans-serif; font-size: 12pt;\">Seit 1994 Arbeiten als freier K\u00fcnstler an Holzobjekten, Plastiken, Materialbilder und Objekte. <\/span><br \/>\n<span style=\"font-family: arial, helvetica, sans-serif; font-size: 12pt;\">Jetzt altersgem\u00e4\u00df mehr chinesische Kalligraphie.<\/span><\/li>\n<li><span style=\"font-family: arial, helvetica, sans-serif;\">http:\/\/<\/span><\/li>\n<\/ul>\n<\/li>\n<li><strong style=\"font-size: 14pt;\"><span style=\"font-family: arial, helvetica, sans-serif;\">Allgemeines\/Schwerpunkte des individuellen k\u00fcnstlerischen Schaffens<\/span><\/strong>\n<ul style=\"list-style-type: disc;\">\n<li><span style=\"font-family: arial, helvetica, sans-serif;\">Skulpturen<\/span><\/li>\n<li>&#8230;..<\/li>\n<\/ul>\n<\/li>\n<li><strong style=\"font-size: 14pt;\"><span style=\"font-family: arial, helvetica, sans-serif;\">Aussagen zum Kunstwerk\n<p><\/span><\/strong><\/p>\n<ul style=\"list-style-type: disc;\">\n<li><strong><span style=\"font-family: arial, helvetica, sans-serif;\">WEBstuhl\n<p><\/span><\/strong><span style=\"font-family: arial, helvetica, sans-serif;\">Schlank wie eine S\u00e4ule streben sechs schwarze Stahlb\u00e4nder,<br \/>\ndie sich in der Mitte zu einem Geflecht verweben, in die H\u00f6he<\/span><br \/>\n<span style=\"font-family: arial, helvetica, sans-serif;\">und enden in einer Gruppe von bizarren H\u00e4nden.<\/span><br \/>\n<span style=\"font-family: arial, helvetica, sans-serif;\">Die flei\u00dfigen Weberh\u00e4nde recken sich jetzt in den Himmel.<\/span><br \/>\n<span style=\"font-family: arial, helvetica, sans-serif;\">Eine Erinnerung an die vielen Weberinnen und Weber,<\/span><br \/>\n<span style=\"font-family: arial, helvetica, sans-serif;\">die einstmals die Geschichte der Stadt in sieben Webereien gepr\u00e4gt haben.<\/span><br \/>\n<span style=\"font-family: arial, helvetica, sans-serif;\"><strong>Erl\u00e4uterung zum Kunstobjeket &#8220;WEBstuhl&#8221;,<br \/>\n<\/strong>Zwei mal drei starke Stahlstreifen, von 20cm Breite, mit je 20cm Distanz, stehen im rechten Winkel zueinander und verweben sich in 2,5m H\u00f6he, zu einer verbindenden Fl\u00e4che, um danach, auf der anderen Seite, weiter empor zu streben, bis sie nach weiteren 2,5m an ihren Enden in je einer bizarren Handfl\u00e4che abschlie\u00dfen.<\/span><\/p>\n<p><span style=\"font-family: arial, helvetica, sans-serif;\">Die verbindende mittlere Fl\u00e4che soll dabei symbolisch als Verwebung von<\/span><br \/>\n<span style=\"font-family: arial, helvetica, sans-serif;\">Kett.- und Schu\u00dff\u00e4den betrachtet werden. Verst\u00e4rkt und akzentuiert wird diese Webfl\u00e4che, durch jeweils auf die Kreuzpunkte gesetzte Nodien. Diese sind aus halbierten, polierten Messingkugeln, oben und unten, herzustellen. So entsteht ein wertvolles Gewebe.<\/span><br \/>\n<span style=\"font-family: arial, helvetica, sans-serif;\">Abschlie\u00dfend m\u00fcnden die B\u00e4nder am oberen Ende, in einer bizarren Gruppe von H\u00e4nden, die sich in leichter Staffelung in den Himmel recken.<\/span><br \/>\n<span style=\"font-family: arial, helvetica, sans-serif;\">Die formale Konstruktion der Winkelstellung, mit der Webfl\u00e4che dient nat\u00fcrlich auch der Stabilit\u00e4t. Auch die Gruppe der H\u00e4nde muss aus diesem Grunde, innerhalb, eine sichere Verbindung finden.<\/span><br \/>\n<span style=\"font-family: arial, helvetica, sans-serif;\">Mit einer Grundfl\u00e4che von ca. einem qm und einer Gesamth\u00f6he von ca. 7,5m, entsteht so ein dynamisches Kunstobjekt mit starker, graphischer Fernwirkung.<\/span><\/p>\n<p><span style=\"font-family: arial, helvetica, sans-serif;\">Eine weit sichtbare Landmarke, f\u00fcr die Stadtgeschichte.<\/span><\/p>\n<p><span style=\"font-family: arial, helvetica, sans-serif;\">Im \u00dcbrigen; auch &#8220;Christo&#8221; hat schon hier in Greven, weben lassen!<\/p>\n<p><\/span><\/li>\n<li><strong><span style=\"font-family: arial, helvetica, sans-serif;\">Technisches zum Werk: z.B. H\u00f6he, Material, Gewicht<br \/>\n<\/span><\/strong><span style=\"font-family: arial, helvetica, sans-serif;\">2019 Stadt Greven, auf dem Emsdeich in Greven,<br \/>\nStahl, Messing<\/span><br \/>\n<span style=\"font-family: arial, helvetica, sans-serif;\">H\u00f6he ca. 7,5 Meter<\/p>\n<p><\/span><\/li>\n<\/ul>\n<\/li>\n<li><strong style=\"font-size: 14pt;\"><strong style=\"font-size: 14pt;\"><span style=\"font-family: arial, helvetica, sans-serif;\">Gef\u00f6rdert durch\u00a0<\/span><\/strong><\/strong>\n<div class=\"wp-block-image\"><img loading=\"lazy\" decoding=\"async\" class=\"wpa-warning wpa-image-missing-alt  wp-image-5616 aligncenter\" src=\"https:\/\/unser-quartier.de\/emsdeich-skulpturen\/files\/2025\/05\/Riestenp-300x57.jpg\" alt=\"\" width=\"258\" height=\"49\" data-warning=\"Missing alt text\" srcset=\"https:\/\/unser-quartier.de\/emsdeich-skulpturen\/files\/2025\/05\/Riestenp-300x57.jpg 300w, https:\/\/unser-quartier.de\/emsdeich-skulpturen\/files\/2025\/05\/Riestenp-150x28.jpg 150w, https:\/\/unser-quartier.de\/emsdeich-skulpturen\/files\/2025\/05\/Riestenp-768x145.jpg 768w, https:\/\/unser-quartier.de\/emsdeich-skulpturen\/files\/2025\/05\/Riestenp.jpg 1029w\" sizes=\"auto, (max-width: 258px) 100vw, 258px\" \/><\/div>\n<\/li>\n<li><strong style=\"font-size: 14pt;\"><span style=\"font-family: arial, helvetica, sans-serif;\">Fotos, wenn m\u00f6glich: Entstehung, Transport, Aufbau, evtl. Einweihung<\/span><\/strong><\/li>\n<\/ol>\n<div id='gallery-2' class='gallery galleryid-5546 gallery-columns-3 gallery-size-thumbnail'><figure class='gallery-item'>\n\t\t\t<div class='gallery-icon portrait'>\n\t\t\t\t<a href='https:\/\/unser-quartier.de\/emsdeich-skulpturen\/files\/2025\/02\/Webstuhl_scan.jpg'><img loading=\"lazy\" decoding=\"async\" width=\"150\" height=\"224\" src=\"https:\/\/unser-quartier.de\/emsdeich-skulpturen\/files\/2025\/02\/Webstuhl_scan-150x224.jpg\" class=\"attachment-thumbnail size-thumbnail\" alt=\"\" aria-describedby=\"gallery-2-5561\" srcset=\"https:\/\/unser-quartier.de\/emsdeich-skulpturen\/files\/2025\/02\/Webstuhl_scan-150x224.jpg 150w, https:\/\/unser-quartier.de\/emsdeich-skulpturen\/files\/2025\/02\/Webstuhl_scan-300x448.jpg 300w, https:\/\/unser-quartier.de\/emsdeich-skulpturen\/files\/2025\/02\/Webstuhl_scan-685x1024.jpg 685w, https:\/\/unser-quartier.de\/emsdeich-skulpturen\/files\/2025\/02\/Webstuhl_scan-768x1148.jpg 768w, https:\/\/unser-quartier.de\/emsdeich-skulpturen\/files\/2025\/02\/Webstuhl_scan.jpg 803w\" sizes=\"auto, (max-width: 150px) 100vw, 150px\" \/><\/a>\n\t\t\t<\/div>\n\t\t\t\t<figcaption class='wp-caption-text gallery-caption' id='gallery-2-5561'>\n\t\t\t\tEntwurf und &#8230;\n\t\t\t\t<\/figcaption><\/figure><figure class='gallery-item'>\n\t\t\t<div class='gallery-icon portrait'>\n\t\t\t\t<a href='https:\/\/unser-quartier.de\/emsdeich-skulpturen\/files\/2025\/02\/P1130842.jpg'><img loading=\"lazy\" decoding=\"async\" width=\"150\" height=\"200\" src=\"https:\/\/unser-quartier.de\/emsdeich-skulpturen\/files\/2025\/02\/P1130842-150x200.jpg\" class=\"attachment-thumbnail size-thumbnail\" alt=\"\" aria-describedby=\"gallery-2-5559\" srcset=\"https:\/\/unser-quartier.de\/emsdeich-skulpturen\/files\/2025\/02\/P1130842-150x200.jpg 150w, https:\/\/unser-quartier.de\/emsdeich-skulpturen\/files\/2025\/02\/P1130842-300x400.jpg 300w, https:\/\/unser-quartier.de\/emsdeich-skulpturen\/files\/2025\/02\/P1130842-768x1024.jpg 768w, https:\/\/unser-quartier.de\/emsdeich-skulpturen\/files\/2025\/02\/P1130842.jpg 1050w\" sizes=\"auto, (max-width: 150px) 100vw, 150px\" \/><\/a>\n\t\t\t<\/div>\n\t\t\t\t<figcaption class='wp-caption-text gallery-caption' id='gallery-2-5559'>\n\t\t\t\tModell der Skulptur\n\t\t\t\t<\/figcaption><\/figure><figure class='gallery-item'>\n\t\t\t<div class='gallery-icon landscape'>\n\t\t\t\t<a href='https:\/\/unser-quartier.de\/emsdeich-skulpturen\/files\/2025\/02\/Webstuhl-Geflecht-mit-Nodien.jpg'><img loading=\"lazy\" decoding=\"async\" width=\"150\" height=\"92\" src=\"https:\/\/unser-quartier.de\/emsdeich-skulpturen\/files\/2025\/02\/Webstuhl-Geflecht-mit-Nodien-150x92.jpg\" class=\"attachment-thumbnail size-thumbnail\" alt=\"\" aria-describedby=\"gallery-2-5560\" srcset=\"https:\/\/unser-quartier.de\/emsdeich-skulpturen\/files\/2025\/02\/Webstuhl-Geflecht-mit-Nodien-150x92.jpg 150w, https:\/\/unser-quartier.de\/emsdeich-skulpturen\/files\/2025\/02\/Webstuhl-Geflecht-mit-Nodien-300x184.jpg 300w, https:\/\/unser-quartier.de\/emsdeich-skulpturen\/files\/2025\/02\/Webstuhl-Geflecht-mit-Nodien-768x472.jpg 768w, https:\/\/unser-quartier.de\/emsdeich-skulpturen\/files\/2025\/02\/Webstuhl-Geflecht-mit-Nodien.jpg 1024w\" sizes=\"auto, (max-width: 150px) 100vw, 150px\" \/><\/a>\n\t\t\t<\/div>\n\t\t\t\t<figcaption class='wp-caption-text gallery-caption' id='gallery-2-5560'>\n\t\t\t\tGeflecht mit Nodien\n\t\t\t\t<\/figcaption><\/figure><figure class='gallery-item'>\n\t\t\t<div class='gallery-icon portrait'>\n\t\t\t\t<a href='https:\/\/unser-quartier.de\/emsdeich-skulpturen\/files\/2025\/02\/P1030704.jpg'><img loading=\"lazy\" decoding=\"async\" width=\"150\" height=\"225\" src=\"https:\/\/unser-quartier.de\/emsdeich-skulpturen\/files\/2025\/02\/P1030704-150x225.jpg\" class=\"attachment-thumbnail size-thumbnail\" alt=\"\" aria-describedby=\"gallery-2-5554\" srcset=\"https:\/\/unser-quartier.de\/emsdeich-skulpturen\/files\/2025\/02\/P1030704-150x225.jpg 150w, https:\/\/unser-quartier.de\/emsdeich-skulpturen\/files\/2025\/02\/P1030704-300x450.jpg 300w, https:\/\/unser-quartier.de\/emsdeich-skulpturen\/files\/2025\/02\/P1030704-683x1024.jpg 683w, https:\/\/unser-quartier.de\/emsdeich-skulpturen\/files\/2025\/02\/P1030704-768x1152.jpg 768w, https:\/\/unser-quartier.de\/emsdeich-skulpturen\/files\/2025\/02\/P1030704.jpg 800w\" sizes=\"auto, (max-width: 150px) 100vw, 150px\" \/><\/a>\n\t\t\t<\/div>\n\t\t\t\t<figcaption class='wp-caption-text gallery-caption' id='gallery-2-5554'>\n\t\t\t\tBesuch beim Schlosser\n\t\t\t\t<\/figcaption><\/figure><figure class='gallery-item'>\n\t\t\t<div class='gallery-icon landscape'>\n\t\t\t\t<a href='https:\/\/unser-quartier.de\/emsdeich-skulpturen\/files\/2025\/02\/P1030706.jpg'><img loading=\"lazy\" decoding=\"async\" width=\"150\" height=\"100\" src=\"https:\/\/unser-quartier.de\/emsdeich-skulpturen\/files\/2025\/02\/P1030706-150x100.jpg\" class=\"attachment-thumbnail size-thumbnail\" alt=\"\" srcset=\"https:\/\/unser-quartier.de\/emsdeich-skulpturen\/files\/2025\/02\/P1030706-150x100.jpg 150w, https:\/\/unser-quartier.de\/emsdeich-skulpturen\/files\/2025\/02\/P1030706-300x200.jpg 300w, https:\/\/unser-quartier.de\/emsdeich-skulpturen\/files\/2025\/02\/P1030706-768x512.jpg 768w, https:\/\/unser-quartier.de\/emsdeich-skulpturen\/files\/2025\/02\/P1030706.jpg 1200w\" sizes=\"auto, (max-width: 150px) 100vw, 150px\" \/><\/a>\n\t\t\t<\/div><\/figure><figure class='gallery-item'>\n\t\t\t<div class='gallery-icon portrait'>\n\t\t\t\t<a href='https:\/\/unser-quartier.de\/emsdeich-skulpturen\/files\/2025\/02\/P1030723.jpg'><img loading=\"lazy\" decoding=\"async\" width=\"150\" height=\"225\" src=\"https:\/\/unser-quartier.de\/emsdeich-skulpturen\/files\/2025\/02\/P1030723-150x225.jpg\" class=\"attachment-thumbnail size-thumbnail\" alt=\"\" srcset=\"https:\/\/unser-quartier.de\/emsdeich-skulpturen\/files\/2025\/02\/P1030723-150x225.jpg 150w, https:\/\/unser-quartier.de\/emsdeich-skulpturen\/files\/2025\/02\/P1030723-300x450.jpg 300w, https:\/\/unser-quartier.de\/emsdeich-skulpturen\/files\/2025\/02\/P1030723-683x1024.jpg 683w, https:\/\/unser-quartier.de\/emsdeich-skulpturen\/files\/2025\/02\/P1030723-768x1152.jpg 768w, https:\/\/unser-quartier.de\/emsdeich-skulpturen\/files\/2025\/02\/P1030723.jpg 800w\" sizes=\"auto, (max-width: 150px) 100vw, 150px\" \/><\/a>\n\t\t\t<\/div><\/figure><figure class='gallery-item'>\n\t\t\t<div class='gallery-icon portrait'>\n\t\t\t\t<a href='https:\/\/unser-quartier.de\/emsdeich-skulpturen\/files\/2025\/02\/IMG-20191015-WA0001.jpg'><img loading=\"lazy\" decoding=\"async\" width=\"150\" height=\"200\" src=\"https:\/\/unser-quartier.de\/emsdeich-skulpturen\/files\/2025\/02\/IMG-20191015-WA0001-150x200.jpg\" class=\"attachment-thumbnail size-thumbnail\" alt=\"\" aria-describedby=\"gallery-2-5552\" srcset=\"https:\/\/unser-quartier.de\/emsdeich-skulpturen\/files\/2025\/02\/IMG-20191015-WA0001-150x200.jpg 150w, https:\/\/unser-quartier.de\/emsdeich-skulpturen\/files\/2025\/02\/IMG-20191015-WA0001-300x400.jpg 300w, https:\/\/unser-quartier.de\/emsdeich-skulpturen\/files\/2025\/02\/IMG-20191015-WA0001-768x1023.jpg 768w, https:\/\/unser-quartier.de\/emsdeich-skulpturen\/files\/2025\/02\/IMG-20191015-WA0001-1153x1536.jpg 1153w, https:\/\/unser-quartier.de\/emsdeich-skulpturen\/files\/2025\/02\/IMG-20191015-WA0001.jpg 1200w\" sizes=\"auto, (max-width: 150px) 100vw, 150px\" \/><\/a>\n\t\t\t<\/div>\n\t\t\t\t<figcaption class='wp-caption-text gallery-caption' id='gallery-2-5552'>\n\t\t\t\tAufstellen des WEBstuhls\n\t\t\t\t<\/figcaption><\/figure><figure class='gallery-item'>\n\t\t\t<div class='gallery-icon portrait'>\n\t\t\t\t<a href='https:\/\/unser-quartier.de\/emsdeich-skulpturen\/files\/2025\/02\/IMG-20191015-WA0003.jpg'><img loading=\"lazy\" decoding=\"async\" width=\"150\" height=\"200\" src=\"https:\/\/unser-quartier.de\/emsdeich-skulpturen\/files\/2025\/02\/IMG-20191015-WA0003-150x200.jpg\" class=\"attachment-thumbnail size-thumbnail\" alt=\"\" srcset=\"https:\/\/unser-quartier.de\/emsdeich-skulpturen\/files\/2025\/02\/IMG-20191015-WA0003-150x200.jpg 150w, https:\/\/unser-quartier.de\/emsdeich-skulpturen\/files\/2025\/02\/IMG-20191015-WA0003-300x400.jpg 300w, https:\/\/unser-quartier.de\/emsdeich-skulpturen\/files\/2025\/02\/IMG-20191015-WA0003-768x1023.jpg 768w, https:\/\/unser-quartier.de\/emsdeich-skulpturen\/files\/2025\/02\/IMG-20191015-WA0003-1153x1536.jpg 1153w, https:\/\/unser-quartier.de\/emsdeich-skulpturen\/files\/2025\/02\/IMG-20191015-WA0003.jpg 1200w\" sizes=\"auto, (max-width: 150px) 100vw, 150px\" \/><\/a>\n\t\t\t<\/div><\/figure><figure class='gallery-item'>\n\t\t\t<div class='gallery-icon landscape'>\n\t\t\t\t<a href='https:\/\/unser-quartier.de\/emsdeich-skulpturen\/files\/2025\/02\/P1030773_k.jpg'><img loading=\"lazy\" decoding=\"async\" width=\"150\" height=\"100\" src=\"https:\/\/unser-quartier.de\/emsdeich-skulpturen\/files\/2025\/02\/P1030773_k-150x100.jpg\" class=\"attachment-thumbnail size-thumbnail\" alt=\"\" aria-describedby=\"gallery-2-5557\" srcset=\"https:\/\/unser-quartier.de\/emsdeich-skulpturen\/files\/2025\/02\/P1030773_k-150x100.jpg 150w, https:\/\/unser-quartier.de\/emsdeich-skulpturen\/files\/2025\/02\/P1030773_k-300x200.jpg 300w, https:\/\/unser-quartier.de\/emsdeich-skulpturen\/files\/2025\/02\/P1030773_k-768x512.jpg 768w, https:\/\/unser-quartier.de\/emsdeich-skulpturen\/files\/2025\/02\/P1030773_k.jpg 1200w\" sizes=\"auto, (max-width: 150px) 100vw, 150px\" \/><\/a>\n\t\t\t<\/div>\n\t\t\t\t<figcaption class='wp-caption-text gallery-caption' id='gallery-2-5557'>\n\t\t\t\t\u00dcbergabe der Skulptur\n\t\t\t\t<\/figcaption><\/figure><figure class='gallery-item'>\n\t\t\t<div class='gallery-icon portrait'>\n\t\t\t\t<a href='https:\/\/unser-quartier.de\/emsdeich-skulpturen\/files\/2025\/02\/20210414_151453.jpg'><img loading=\"lazy\" decoding=\"async\" width=\"150\" height=\"200\" src=\"https:\/\/unser-quartier.de\/emsdeich-skulpturen\/files\/2025\/02\/20210414_151453-150x200.jpg\" class=\"attachment-thumbnail size-thumbnail\" alt=\"\" aria-describedby=\"gallery-2-5550\" srcset=\"https:\/\/unser-quartier.de\/emsdeich-skulpturen\/files\/2025\/02\/20210414_151453-150x200.jpg 150w, https:\/\/unser-quartier.de\/emsdeich-skulpturen\/files\/2025\/02\/20210414_151453-300x400.jpg 300w, https:\/\/unser-quartier.de\/emsdeich-skulpturen\/files\/2025\/02\/20210414_151453-768x1024.jpg 768w, https:\/\/unser-quartier.de\/emsdeich-skulpturen\/files\/2025\/02\/20210414_151453.jpg 900w\" sizes=\"auto, (max-width: 150px) 100vw, 150px\" \/><\/a>\n\t\t\t<\/div>\n\t\t\t\t<figcaption class='wp-caption-text gallery-caption' id='gallery-2-5550'>\n\t\t\t\t&#8230;.verschiedene\n\t\t\t\t<\/figcaption><\/figure><figure class='gallery-item'>\n\t\t\t<div class='gallery-icon portrait'>\n\t\t\t\t<a href='https:\/\/unser-quartier.de\/emsdeich-skulpturen\/files\/2025\/02\/20230915_122035.jpg'><img loading=\"lazy\" decoding=\"async\" width=\"150\" height=\"333\" src=\"https:\/\/unser-quartier.de\/emsdeich-skulpturen\/files\/2025\/02\/20230915_122035-150x333.jpg\" class=\"attachment-thumbnail size-thumbnail\" alt=\"\" aria-describedby=\"gallery-2-5551\" srcset=\"https:\/\/unser-quartier.de\/emsdeich-skulpturen\/files\/2025\/02\/20230915_122035-150x333.jpg 150w, https:\/\/unser-quartier.de\/emsdeich-skulpturen\/files\/2025\/02\/20230915_122035-300x667.jpg 300w, https:\/\/unser-quartier.de\/emsdeich-skulpturen\/files\/2025\/02\/20230915_122035-461x1024.jpg 461w, https:\/\/unser-quartier.de\/emsdeich-skulpturen\/files\/2025\/02\/20230915_122035.jpg 540w\" sizes=\"auto, (max-width: 150px) 100vw, 150px\" \/><\/a>\n\t\t\t<\/div>\n\t\t\t\t<figcaption class='wp-caption-text gallery-caption' id='gallery-2-5551'>\n\t\t\t\tImpressionen mit \n\t\t\t\t<\/figcaption><\/figure><figure class='gallery-item'>\n\t\t\t<div class='gallery-icon portrait'>\n\t\t\t\t<a href='https:\/\/unser-quartier.de\/emsdeich-skulpturen\/files\/2025\/02\/P1050609.jpg'><img loading=\"lazy\" decoding=\"async\" width=\"150\" height=\"225\" src=\"https:\/\/unser-quartier.de\/emsdeich-skulpturen\/files\/2025\/02\/P1050609-150x225.jpg\" class=\"attachment-thumbnail size-thumbnail\" alt=\"\" aria-describedby=\"gallery-2-5558\" srcset=\"https:\/\/unser-quartier.de\/emsdeich-skulpturen\/files\/2025\/02\/P1050609-150x225.jpg 150w, https:\/\/unser-quartier.de\/emsdeich-skulpturen\/files\/2025\/02\/P1050609-300x450.jpg 300w, https:\/\/unser-quartier.de\/emsdeich-skulpturen\/files\/2025\/02\/P1050609-683x1024.jpg 683w, https:\/\/unser-quartier.de\/emsdeich-skulpturen\/files\/2025\/02\/P1050609-768x1152.jpg 768w, https:\/\/unser-quartier.de\/emsdeich-skulpturen\/files\/2025\/02\/P1050609.jpg 800w\" sizes=\"auto, (max-width: 150px) 100vw, 150px\" \/><\/a>\n\t\t\t<\/div>\n\t\t\t\t<figcaption class='wp-caption-text gallery-caption' id='gallery-2-5558'>\n\t\t\t\tdem WEBstuhl\n\t\t\t\t<\/figcaption><\/figure><figure class='gallery-item'>\n\t\t\t<div class='gallery-icon portrait'>\n\t\t\t\t<a href='https:\/\/unser-quartier.de\/emsdeich-skulpturen\/files\/2025\/02\/20191031_145138.jpg'><img loading=\"lazy\" decoding=\"async\" width=\"150\" height=\"200\" src=\"https:\/\/unser-quartier.de\/emsdeich-skulpturen\/files\/2025\/02\/20191031_145138-150x200.jpg\" class=\"attachment-thumbnail size-thumbnail\" alt=\"\" srcset=\"https:\/\/unser-quartier.de\/emsdeich-skulpturen\/files\/2025\/02\/20191031_145138-150x200.jpg 150w, https:\/\/unser-quartier.de\/emsdeich-skulpturen\/files\/2025\/02\/20191031_145138-300x400.jpg 300w, https:\/\/unser-quartier.de\/emsdeich-skulpturen\/files\/2025\/02\/20191031_145138-768x1024.jpg 768w, https:\/\/unser-quartier.de\/emsdeich-skulpturen\/files\/2025\/02\/20191031_145138.jpg 900w\" sizes=\"auto, (max-width: 150px) 100vw, 150px\" \/><\/a>\n\t\t\t<\/div><\/figure><figure class='gallery-item'>\n\t\t\t<div class='gallery-icon portrait'>\n\t\t\t\t<a href='https:\/\/unser-quartier.de\/emsdeich-skulpturen\/files\/2025\/02\/20210219_150643.jpg'><img loading=\"lazy\" decoding=\"async\" width=\"150\" height=\"200\" src=\"https:\/\/unser-quartier.de\/emsdeich-skulpturen\/files\/2025\/02\/20210219_150643-150x200.jpg\" class=\"attachment-thumbnail size-thumbnail\" alt=\"\" srcset=\"https:\/\/unser-quartier.de\/emsdeich-skulpturen\/files\/2025\/02\/20210219_150643-150x200.jpg 150w, https:\/\/unser-quartier.de\/emsdeich-skulpturen\/files\/2025\/02\/20210219_150643-300x400.jpg 300w, https:\/\/unser-quartier.de\/emsdeich-skulpturen\/files\/2025\/02\/20210219_150643-768x1024.jpg 768w, https:\/\/unser-quartier.de\/emsdeich-skulpturen\/files\/2025\/02\/20210219_150643.jpg 900w\" sizes=\"auto, (max-width: 150px) 100vw, 150px\" \/><\/a>\n\t\t\t<\/div><\/figure><figure class='gallery-item'>\n\t\t\t<div class='gallery-icon portrait'>\n\t\t\t\t<a href='https:\/\/unser-quartier.de\/emsdeich-skulpturen\/files\/2025\/02\/20201112_153004.jpg'><img loading=\"lazy\" decoding=\"async\" width=\"150\" height=\"200\" src=\"https:\/\/unser-quartier.de\/emsdeich-skulpturen\/files\/2025\/02\/20201112_153004-150x200.jpg\" class=\"attachment-thumbnail size-thumbnail\" alt=\"\" srcset=\"https:\/\/unser-quartier.de\/emsdeich-skulpturen\/files\/2025\/02\/20201112_153004-150x200.jpg 150w, https:\/\/unser-quartier.de\/emsdeich-skulpturen\/files\/2025\/02\/20201112_153004-300x400.jpg 300w, https:\/\/unser-quartier.de\/emsdeich-skulpturen\/files\/2025\/02\/20201112_153004-768x1024.jpg 768w, https:\/\/unser-quartier.de\/emsdeich-skulpturen\/files\/2025\/02\/20201112_153004.jpg 900w\" sizes=\"auto, (max-width: 150px) 100vw, 150px\" \/><\/a>\n\t\t\t<\/div><\/figure>\n\t\t<\/div>\n\n","protected":false},"excerpt":{"rendered":"<p>Name, Vita, evtl. Link zur Homepage Manfred Schl\u00fcter\u00a0 \u00a0 Geboren am 08.09.1941 in M\u00fcnster Durch den Beruf und langj\u00e4hrige Mitgliedschaft in der Deutschen Dendrologischen Gesellschaft, &#8230; <a title=\"WEBstuhl\" class=\"read-more\" href=\"https:\/\/unser-quartier.de\/emsdeich-skulpturen\/webstuhl-2\/\" aria-label=\"Mehr Informationen \u00fcber WEBstuhl\">weiterlesen &#8230;<\/a><\/p>\n","protected":false},"author":301,"featured_media":5562,"parent":0,"menu_order":0,"comment_status":"closed","ping_status":"closed","template":"","meta":{"generate_page_header":"","footnotes":""},"class_list":{"0":"post-5546","1":"page","2":"type-page","3":"status-publish","4":"has-post-thumbnail","6":"infinite-scroll-item","7":"resize-featured-image"},"_links":{"self":[{"href":"https:\/\/unser-quartier.de\/emsdeich-skulpturen\/wp-json\/wp\/v2\/pages\/5546","targetHints":{"allow":["GET"]}}],"collection":[{"href":"https:\/\/unser-quartier.de\/emsdeich-skulpturen\/wp-json\/wp\/v2\/pages"}],"about":[{"href":"https:\/\/unser-quartier.de\/emsdeich-skulpturen\/wp-json\/wp\/v2\/types\/page"}],"author":[{"embeddable":true,"href":"https:\/\/unser-quartier.de\/emsdeich-skulpturen\/wp-json\/wp\/v2\/users\/301"}],"replies":[{"embeddable":true,"href":"https:\/\/unser-quartier.de\/emsdeich-skulpturen\/wp-json\/wp\/v2\/comments?post=5546"}],"version-history":[{"count":2,"href":"https:\/\/unser-quartier.de\/emsdeich-skulpturen\/wp-json\/wp\/v2\/pages\/5546\/revisions"}],"predecessor-version":[{"id":5617,"href":"https:\/\/unser-quartier.de\/emsdeich-skulpturen\/wp-json\/wp\/v2\/pages\/5546\/revisions\/5617"}],"wp:featuredmedia":[{"embeddable":true,"href":"https:\/\/unser-quartier.de\/emsdeich-skulpturen\/wp-json\/wp\/v2\/media\/5562"}],"wp:attachment":[{"href":"https:\/\/unser-quartier.de\/emsdeich-skulpturen\/wp-json\/wp\/v2\/media?parent=5546"}],"curies":[{"name":"wp","href":"https:\/\/api.w.org\/{rel}","templated":true}]}}