{"id":5565,"date":"2025-02-27T19:33:23","date_gmt":"2025-02-27T18:33:23","guid":{"rendered":"https:\/\/unser-quartier.de\/emsdeich-skulpturen\/?page_id=5565"},"modified":"2025-08-07T14:06:07","modified_gmt":"2025-08-07T12:06:07","slug":"loveboard-2","status":"publish","type":"page","link":"https:\/\/unser-quartier.de\/emsdeich-skulpturen\/loveboard-2\/","title":{"rendered":"LOVEboard"},"content":{"rendered":"<p><strong><span style=\"font-family: arial, helvetica, sans-serif; font-size: 14pt;\">1. Name, Vita, evtl. Link zur Homepage\u00a0<\/span><\/strong><\/p>\n<p style=\"padding-left: 40px;\"><span style=\"font-family: arial, helvetica, sans-serif;\">\u2022 Pons Beuning\u00a0<\/span><img loading=\"lazy\" decoding=\"async\" class=\"wpa-warning wpa-image-missing-alt wp-image-5722 alignright\" src=\"https:\/\/unser-quartier.de\/emsdeich-skulpturen\/files\/2025\/07\/IMG_20180321_153202514-300x400.jpg\" alt=\"Pons Beuning\" width=\"124\" height=\"166\" data-warning=\"Missing alt text\" srcset=\"https:\/\/unser-quartier.de\/emsdeich-skulpturen\/files\/2025\/07\/IMG_20180321_153202514-300x400.jpg 300w, https:\/\/unser-quartier.de\/emsdeich-skulpturen\/files\/2025\/07\/IMG_20180321_153202514-768x1024.jpg 768w, https:\/\/unser-quartier.de\/emsdeich-skulpturen\/files\/2025\/07\/IMG_20180321_153202514-150x200.jpg 150w, https:\/\/unser-quartier.de\/emsdeich-skulpturen\/files\/2025\/07\/IMG_20180321_153202514.jpg 900w\" sizes=\"auto, (max-width: 124px) 100vw, 124px\" \/><br \/>\n<span style=\"font-family: arial, helvetica, sans-serif;\">geboren am 21. April 1937,<br \/>\n<\/span><span style=\"font-family: arial, helvetica, sans-serif;\">gestorben am 6. Oktober 2019 in Greven<br \/>\nWerbefotograph, Gr\u00fcnder und Inhaber des Werbestudios \u201e<strong>be<\/strong>\u201c<br \/>\n<\/span><\/p>\n<p style=\"padding-left: 40px;\"><span style=\"font-family: arial, helvetica, sans-serif;\">Ein Leben voller Kreativit\u00e4t und Farben.<\/span><br \/>\n<span style=\"font-family: arial, helvetica, sans-serif;\">Er war ein kreatives Markenzeichen f\u00fcr Greven<\/span><br \/>\n<span style=\"font-family: arial, helvetica, sans-serif;\">Sein Markenzeichen waren bunte Hemden, auff\u00e4llige H\u00fcte und eine kleine Aktentasche, die aus farbigen Verpackungen geflochten war. <\/span><br \/>\n<span style=\"font-family: arial, helvetica, sans-serif;\">Wo Beuning auftauchte, fiel er auf. <\/span><\/p>\n<p style=\"padding-left: 40px;\"><span style=\"font-family: arial, helvetica, sans-serif;\">Spr\u00fchende Kreativit\u00e4t und rastloses k\u00fcnstlerisches Schaffen waren Inhalt seines Lebens.<\/span><br \/>\n<span style=\"font-family: arial, helvetica, sans-serif;\">Als Inhaber einer Werbeagentur und eines in der Branche hochgeachtetem Fotostudio, <\/span><span style=\"font-family: arial, helvetica, sans-serif;\">setzte er sich durch die Gr\u00fcndung des Kunstvereins in seiner Heimatstadt Greven, f\u00fcr die Sensibilisierung und Durchdringung von Kunst, in der Bev\u00f6lkerung der Stadt ein.<\/span><br \/>\n<span style=\"font-family: arial, helvetica, sans-serif;\">Aus diesem Bem\u00fchen entwickelte sich, in Gemeinschaft mit dem damaligen B\u00fcrgermeister Peter Vennemeyer, die wunderbare Idee, einen Skulpturen-Pfad am Emsdeich zu errichten.<\/span><br \/>\n<span style=\"font-family: arial, helvetica, sans-serif;\">Dieses herausragende Kunstprojekt, w\u00e4chst erfolgreich von Jahr zu Jahr, sehr zur Freude zahlloser Spazierg\u00e4nger und Radfahrer, insbesondere jedoch f\u00fcr die vielen kunstinteressierten Besucher, des schon weit \u00fcber die Grenzen des M\u00fcnsterlandes bekannten <\/span><span style=\"font-family: arial, helvetica, sans-serif;\">Skulpturen-Pfades!<\/span><\/p>\n<p><strong><span style=\"font-family: arial, helvetica, sans-serif; font-size: 14pt;\">2. Allgemeines\/Schwerpunkte des individuellen k\u00fcnstlerischen Schaffens<\/span><\/strong><\/p>\n<p style=\"padding-left: 40px;\"><span style=\"font-family: arial, helvetica, sans-serif;\">\u2022 Malerei<\/span><br \/>\n<span style=\"font-family: arial, helvetica, sans-serif;\">\u2022 Design<\/span><\/p>\n<p><span style=\"font-size: 14pt;\"><strong><span style=\"font-family: arial, helvetica, sans-serif;\">3. Aussagen zum Kunstwerk<\/span><\/strong><\/span><\/p>\n<p style=\"padding-left: 40px;\"><strong><span style=\"font-family: arial, helvetica, sans-serif;\">a) Schildtext<\/span><\/strong><br \/>\n<strong><span style=\"font-family: arial, helvetica, sans-serif;\">LOVEboard<\/span><\/strong><br \/>\n<span style=\"font-family: arial, helvetica, sans-serif;\">Das international beliebt bekannte Surfbrett stand zu dieser LOVEboard Idee Pate.<\/span><br \/>\n<span style=\"font-family: arial, helvetica, sans-serif;\">Das drei Meter hohe, wuchtige Stahlrelief symbolisiert die k\u00fcnstlerische Anmutung der beiderseitigen Seilanordnungen zur reglementierten Liebesschloss-Montage.<br \/>\n<\/span><br \/>\n<strong><span style=\"font-family: arial, helvetica, sans-serif;\">b) Erg\u00e4nzungen zum bisherigen Schildtext<br \/>\n<\/span><\/strong><span style=\"font-family: arial, helvetica, sans-serif;\">Die bekannte weltweite Begeisterung der sportlichen Jugend f\u00fcr das Surfboard u<\/span><span style=\"font-family: arial, helvetica, sans-serif;\">nd die jugendliche Sehnsucht nach gemeinsam beschlossener, ewiger Liebe, die niemals vergeht, waren f\u00fcr den K\u00fcnstler Pons Beuning, die inspirierenden <\/span><span style=\"font-family: arial, helvetica, sans-serif;\">Momente, diese Kunstskulptur \u201eLoveboard\u201c zu schaffen. <\/span><br \/>\n<span style=\"font-family: arial, helvetica, sans-serif;\">Das auf die Spitze gestellte wuchtige Stahl-Kunstwerk gleicht einem gro\u00dfen Ausrufezeichen, gesichert und umwickelt mit einer daumendicken Stahltrosse, an der die Liebenden Ihr \u201eLiebesschlo\u00df\u201c f\u00fcr ewige Zeiten befestigen k\u00f6nnen.<\/span><\/p>\n<p style=\"padding-left: 40px;\"><strong><span style=\"font-family: arial, helvetica, sans-serif;\">c) Technisches zum Werk: z.B. H\u00f6he, Material, Gewicht<\/span><\/strong><br \/>\n<span style=\"font-family: arial, helvetica, sans-serif;\">2017 Stadt Greven, <\/span><br \/>\n<span style=\"font-family: arial, helvetica, sans-serif;\">auf dem Emsdeich in Greven, <\/span><br \/>\n<span style=\"font-family: arial, helvetica, sans-serif;\">Stahl <\/span><br \/>\n<span style=\"font-family: arial, helvetica, sans-serif;\">H\u00f6he ca. 3 Meter<\/span><\/p>\n<p style=\"padding-left: 40px;\"><strong><span style=\"font-family: arial, helvetica, sans-serif;\">d) Gef\u00f6rdert durch:<br \/>\n<\/span><\/strong><img loading=\"lazy\" decoding=\"async\" class=\"wpa-warning wpa-image-missing-alt wp-image-3261 alignnone\" style=\"outline-color: #b32d2e; outline-width: 4px;\" src=\"https:\/\/unser-quartier.de\/emsdeich-skulpturen\/files\/2017\/09\/Wieschh-1.jpg\" alt=\"\" width=\"131\" height=\"77\" data-warning=\"Missing alt text\" srcset=\"https:\/\/unser-quartier.de\/emsdeich-skulpturen\/files\/2017\/09\/Wieschh-1.jpg 181w, https:\/\/unser-quartier.de\/emsdeich-skulpturen\/files\/2017\/09\/Wieschh-1-150x89.jpg 150w\" sizes=\"auto, (max-width: 131px) 100vw, 131px\" \/><\/p>\n<p style=\"padding-left: 40px;\"><strong><span style=\"font-family: arial, helvetica, sans-serif;\">e) Fotos, wenn m\u00f6glich: E<\/span><\/strong><strong><span style=\"font-family: arial, helvetica, sans-serif;\">ntsteh<\/span><\/strong><strong><span style=\"font-family: arial, helvetica, sans-serif;\">ung, Transport, Aufbau, evtl. Einweihung<\/span><\/strong><\/p>\n<div id='gallery-2' class='gallery galleryid-5565 gallery-columns-3 gallery-size-thumbnail'><figure class='gallery-item'>\n\t\t\t<div class='gallery-icon portrait'>\n\t\t\t\t<a href='https:\/\/unser-quartier.de\/emsdeich-skulpturen\/files\/2025\/02\/P1150150.jpg'><img loading=\"lazy\" decoding=\"async\" width=\"150\" height=\"200\" src=\"https:\/\/unser-quartier.de\/emsdeich-skulpturen\/files\/2025\/02\/P1150150-150x200.jpg\" class=\"attachment-thumbnail size-thumbnail\" alt=\"\" aria-describedby=\"gallery-2-5573\" srcset=\"https:\/\/unser-quartier.de\/emsdeich-skulpturen\/files\/2025\/02\/P1150150-150x200.jpg 150w, https:\/\/unser-quartier.de\/emsdeich-skulpturen\/files\/2025\/02\/P1150150-300x400.jpg 300w, https:\/\/unser-quartier.de\/emsdeich-skulpturen\/files\/2025\/02\/P1150150-768x1024.jpg 768w, https:\/\/unser-quartier.de\/emsdeich-skulpturen\/files\/2025\/02\/P1150150.jpg 900w\" sizes=\"auto, (max-width: 150px) 100vw, 150px\" \/><\/a>\n\t\t\t<\/div>\n\t\t\t\t<figcaption class='wp-caption-text gallery-caption' id='gallery-2-5573'>\n\t\t\t\tTag der \u00dcbergabe, noch verh\u00fcllt\n\t\t\t\t<\/figcaption><\/figure><figure class='gallery-item'>\n\t\t\t<div class='gallery-icon portrait'>\n\t\t\t\t<a href='https:\/\/unser-quartier.de\/emsdeich-skulpturen\/files\/2025\/02\/P1150217.jpg'><img loading=\"lazy\" decoding=\"async\" width=\"150\" height=\"200\" src=\"https:\/\/unser-quartier.de\/emsdeich-skulpturen\/files\/2025\/02\/P1150217-150x200.jpg\" class=\"attachment-thumbnail size-thumbnail\" alt=\"\" aria-describedby=\"gallery-2-5574\" srcset=\"https:\/\/unser-quartier.de\/emsdeich-skulpturen\/files\/2025\/02\/P1150217-150x200.jpg 150w, https:\/\/unser-quartier.de\/emsdeich-skulpturen\/files\/2025\/02\/P1150217-300x400.jpg 300w, https:\/\/unser-quartier.de\/emsdeich-skulpturen\/files\/2025\/02\/P1150217-768x1024.jpg 768w, https:\/\/unser-quartier.de\/emsdeich-skulpturen\/files\/2025\/02\/P1150217.jpg 900w\" sizes=\"auto, (max-width: 150px) 100vw, 150px\" \/><\/a>\n\t\t\t<\/div>\n\t\t\t\t<figcaption class='wp-caption-text gallery-caption' id='gallery-2-5574'>\n\t\t\t\t..enth\u00fcllt\n\t\t\t\t<\/figcaption><\/figure><figure class='gallery-item'>\n\t\t\t<div class='gallery-icon portrait'>\n\t\t\t\t<a href='https:\/\/unser-quartier.de\/emsdeich-skulpturen\/files\/2025\/02\/P1150227.jpg'><img loading=\"lazy\" decoding=\"async\" width=\"150\" height=\"200\" src=\"https:\/\/unser-quartier.de\/emsdeich-skulpturen\/files\/2025\/02\/P1150227-150x200.jpg\" class=\"attachment-thumbnail size-thumbnail\" alt=\"\" aria-describedby=\"gallery-2-5575\" srcset=\"https:\/\/unser-quartier.de\/emsdeich-skulpturen\/files\/2025\/02\/P1150227-150x200.jpg 150w, https:\/\/unser-quartier.de\/emsdeich-skulpturen\/files\/2025\/02\/P1150227-300x400.jpg 300w, https:\/\/unser-quartier.de\/emsdeich-skulpturen\/files\/2025\/02\/P1150227-768x1024.jpg 768w, https:\/\/unser-quartier.de\/emsdeich-skulpturen\/files\/2025\/02\/P1150227.jpg 900w\" sizes=\"auto, (max-width: 150px) 100vw, 150px\" \/><\/a>\n\t\t\t<\/div>\n\t\t\t\t<figcaption class='wp-caption-text gallery-caption' id='gallery-2-5575'>\n\t\t\t\tk\u00fcnstler, Sponsor und Handwerker\n\t\t\t\t<\/figcaption><\/figure><figure class='gallery-item'>\n\t\t\t<div class='gallery-icon portrait'>\n\t\t\t\t<a href='https:\/\/unser-quartier.de\/emsdeich-skulpturen\/files\/2025\/02\/2017090310552300.jpg'><img loading=\"lazy\" decoding=\"async\" width=\"150\" height=\"267\" src=\"https:\/\/unser-quartier.de\/emsdeich-skulpturen\/files\/2025\/02\/2017090310552300-150x267.jpg\" class=\"attachment-thumbnail size-thumbnail\" alt=\"\" aria-describedby=\"gallery-2-5569\" srcset=\"https:\/\/unser-quartier.de\/emsdeich-skulpturen\/files\/2025\/02\/2017090310552300-150x267.jpg 150w, https:\/\/unser-quartier.de\/emsdeich-skulpturen\/files\/2025\/02\/2017090310552300-300x533.jpg 300w, https:\/\/unser-quartier.de\/emsdeich-skulpturen\/files\/2025\/02\/2017090310552300.jpg 480w\" sizes=\"auto, (max-width: 150px) 100vw, 150px\" \/><\/a>\n\t\t\t<\/div>\n\t\t\t\t<figcaption class='wp-caption-text gallery-caption' id='gallery-2-5569'>\n\t\t\t\tPons bringt das erste Schlo\u00df an\n\t\t\t\t<\/figcaption><\/figure><figure class='gallery-item'>\n\t\t\t<div class='gallery-icon portrait'>\n\t\t\t\t<a href='https:\/\/unser-quartier.de\/emsdeich-skulpturen\/files\/2025\/02\/P1150951.jpg'><img loading=\"lazy\" decoding=\"async\" width=\"150\" height=\"200\" src=\"https:\/\/unser-quartier.de\/emsdeich-skulpturen\/files\/2025\/02\/P1150951-150x200.jpg\" class=\"attachment-thumbnail size-thumbnail\" alt=\"\" aria-describedby=\"gallery-2-5576\" srcset=\"https:\/\/unser-quartier.de\/emsdeich-skulpturen\/files\/2025\/02\/P1150951-150x200.jpg 150w, https:\/\/unser-quartier.de\/emsdeich-skulpturen\/files\/2025\/02\/P1150951-300x400.jpg 300w, https:\/\/unser-quartier.de\/emsdeich-skulpturen\/files\/2025\/02\/P1150951-768x1024.jpg 768w, https:\/\/unser-quartier.de\/emsdeich-skulpturen\/files\/2025\/02\/P1150951.jpg 900w\" sizes=\"auto, (max-width: 150px) 100vw, 150px\" \/><\/a>\n\t\t\t<\/div>\n\t\t\t\t<figcaption class='wp-caption-text gallery-caption' id='gallery-2-5576'>\n\t\t\t\t..auch zum Advent muss es geschm\u00fcckt sein\n\t\t\t\t<\/figcaption><\/figure><figure class='gallery-item'>\n\t\t\t<div class='gallery-icon portrait'>\n\t\t\t\t<a href='https:\/\/unser-quartier.de\/emsdeich-skulpturen\/files\/2025\/02\/2018_05_21_Loveboard_1.jpg'><img loading=\"lazy\" decoding=\"async\" width=\"150\" height=\"201\" src=\"https:\/\/unser-quartier.de\/emsdeich-skulpturen\/files\/2025\/02\/2018_05_21_Loveboard_1-150x201.jpg\" class=\"attachment-thumbnail size-thumbnail\" alt=\"\" srcset=\"https:\/\/unser-quartier.de\/emsdeich-skulpturen\/files\/2025\/02\/2018_05_21_Loveboard_1-150x201.jpg 150w, https:\/\/unser-quartier.de\/emsdeich-skulpturen\/files\/2025\/02\/2018_05_21_Loveboard_1-300x402.jpg 300w, https:\/\/unser-quartier.de\/emsdeich-skulpturen\/files\/2025\/02\/2018_05_21_Loveboard_1-764x1024.jpg 764w, https:\/\/unser-quartier.de\/emsdeich-skulpturen\/files\/2025\/02\/2018_05_21_Loveboard_1-768x1030.jpg 768w, https:\/\/unser-quartier.de\/emsdeich-skulpturen\/files\/2025\/02\/2018_05_21_Loveboard_1.jpg 895w\" sizes=\"auto, (max-width: 150px) 100vw, 150px\" \/><\/a>\n\t\t\t<\/div><\/figure><figure class='gallery-item'>\n\t\t\t<div class='gallery-icon portrait'>\n\t\t\t\t<a href='https:\/\/unser-quartier.de\/emsdeich-skulpturen\/files\/2025\/02\/20220223_151131.jpg'><img loading=\"lazy\" decoding=\"async\" width=\"150\" height=\"267\" src=\"https:\/\/unser-quartier.de\/emsdeich-skulpturen\/files\/2025\/02\/20220223_151131-150x267.jpg\" class=\"attachment-thumbnail size-thumbnail\" alt=\"\" aria-describedby=\"gallery-2-5568\" srcset=\"https:\/\/unser-quartier.de\/emsdeich-skulpturen\/files\/2025\/02\/20220223_151131-150x267.jpg 150w, https:\/\/unser-quartier.de\/emsdeich-skulpturen\/files\/2025\/02\/20220223_151131-300x533.jpg 300w, https:\/\/unser-quartier.de\/emsdeich-skulpturen\/files\/2025\/02\/20220223_151131-576x1024.jpg 576w, https:\/\/unser-quartier.de\/emsdeich-skulpturen\/files\/2025\/02\/20220223_151131.jpg 675w\" sizes=\"auto, (max-width: 150px) 100vw, 150px\" \/><\/a>\n\t\t\t<\/div>\n\t\t\t\t<figcaption class='wp-caption-text gallery-caption' id='gallery-2-5568'>\n\t\t\t\t.. bei Hochwasser\n\t\t\t\t<\/figcaption><\/figure><figure class='gallery-item'>\n\t\t\t<div class='gallery-icon portrait'>\n\t\t\t\t<a href='https:\/\/unser-quartier.de\/emsdeich-skulpturen\/files\/2025\/02\/P1170956.jpg'><img loading=\"lazy\" decoding=\"async\" width=\"150\" height=\"200\" src=\"https:\/\/unser-quartier.de\/emsdeich-skulpturen\/files\/2025\/02\/P1170956-150x200.jpg\" class=\"attachment-thumbnail size-thumbnail\" alt=\"\" srcset=\"https:\/\/unser-quartier.de\/emsdeich-skulpturen\/files\/2025\/02\/P1170956-150x200.jpg 150w, https:\/\/unser-quartier.de\/emsdeich-skulpturen\/files\/2025\/02\/P1170956-300x400.jpg 300w, https:\/\/unser-quartier.de\/emsdeich-skulpturen\/files\/2025\/02\/P1170956-768x1024.jpg 768w, https:\/\/unser-quartier.de\/emsdeich-skulpturen\/files\/2025\/02\/P1170956.jpg 900w\" sizes=\"auto, (max-width: 150px) 100vw, 150px\" \/><\/a>\n\t\t\t<\/div><\/figure><figure class='gallery-item'>\n\t\t\t<div class='gallery-icon portrait'>\n\t\t\t\t<a href='https:\/\/unser-quartier.de\/emsdeich-skulpturen\/files\/2025\/02\/P1150134.jpg'><img loading=\"lazy\" decoding=\"async\" width=\"150\" height=\"200\" src=\"https:\/\/unser-quartier.de\/emsdeich-skulpturen\/files\/2025\/02\/P1150134-150x200.jpg\" class=\"attachment-thumbnail size-thumbnail\" alt=\"\" srcset=\"https:\/\/unser-quartier.de\/emsdeich-skulpturen\/files\/2025\/02\/P1150134-150x200.jpg 150w, https:\/\/unser-quartier.de\/emsdeich-skulpturen\/files\/2025\/02\/P1150134-300x400.jpg 300w, https:\/\/unser-quartier.de\/emsdeich-skulpturen\/files\/2025\/02\/P1150134-768x1024.jpg 768w, https:\/\/unser-quartier.de\/emsdeich-skulpturen\/files\/2025\/02\/P1150134.jpg 900w\" sizes=\"auto, (max-width: 150px) 100vw, 150px\" \/><\/a>\n\t\t\t<\/div><\/figure><figure class='gallery-item'>\n\t\t\t<div class='gallery-icon portrait'>\n\t\t\t\t<a href='https:\/\/unser-quartier.de\/emsdeich-skulpturen\/files\/2025\/02\/IMG-20220223-WA0001.jpg'><img loading=\"lazy\" decoding=\"async\" width=\"150\" height=\"200\" src=\"https:\/\/unser-quartier.de\/emsdeich-skulpturen\/files\/2025\/02\/IMG-20220223-WA0001-150x200.jpg\" class=\"attachment-thumbnail size-thumbnail\" alt=\"\" srcset=\"https:\/\/unser-quartier.de\/emsdeich-skulpturen\/files\/2025\/02\/IMG-20220223-WA0001-150x200.jpg 150w, https:\/\/unser-quartier.de\/emsdeich-skulpturen\/files\/2025\/02\/IMG-20220223-WA0001-300x400.jpg 300w, https:\/\/unser-quartier.de\/emsdeich-skulpturen\/files\/2025\/02\/IMG-20220223-WA0001-768x1024.jpg 768w, https:\/\/unser-quartier.de\/emsdeich-skulpturen\/files\/2025\/02\/IMG-20220223-WA0001-1152x1536.jpg 1152w, https:\/\/unser-quartier.de\/emsdeich-skulpturen\/files\/2025\/02\/IMG-20220223-WA0001.jpg 1200w\" sizes=\"auto, (max-width: 150px) 100vw, 150px\" \/><\/a>\n\t\t\t<\/div><\/figure>\n\t\t<\/div>\n\n","protected":false},"excerpt":{"rendered":"<p>1. Name, Vita, evtl. Link zur Homepage\u00a0 \u2022 Pons Beuning\u00a0 geboren am 21. April 1937, gestorben am 6. Oktober 2019 in Greven Werbefotograph, Gr\u00fcnder und &#8230; <a title=\"LOVEboard\" class=\"read-more\" href=\"https:\/\/unser-quartier.de\/emsdeich-skulpturen\/loveboard-2\/\" aria-label=\"Mehr Informationen \u00fcber LOVEboard\">weiterlesen &#8230;<\/a><\/p>\n","protected":false},"author":301,"featured_media":5571,"parent":0,"menu_order":0,"comment_status":"closed","ping_status":"closed","template":"","meta":{"generate_page_header":"","footnotes":""},"class_list":{"0":"post-5565","1":"page","2":"type-page","3":"status-publish","4":"has-post-thumbnail","6":"infinite-scroll-item","7":"resize-featured-image"},"_links":{"self":[{"href":"https:\/\/unser-quartier.de\/emsdeich-skulpturen\/wp-json\/wp\/v2\/pages\/5565","targetHints":{"allow":["GET"]}}],"collection":[{"href":"https:\/\/unser-quartier.de\/emsdeich-skulpturen\/wp-json\/wp\/v2\/pages"}],"about":[{"href":"https:\/\/unser-quartier.de\/emsdeich-skulpturen\/wp-json\/wp\/v2\/types\/page"}],"author":[{"embeddable":true,"href":"https:\/\/unser-quartier.de\/emsdeich-skulpturen\/wp-json\/wp\/v2\/users\/301"}],"replies":[{"embeddable":true,"href":"https:\/\/unser-quartier.de\/emsdeich-skulpturen\/wp-json\/wp\/v2\/comments?post=5565"}],"version-history":[{"count":3,"href":"https:\/\/unser-quartier.de\/emsdeich-skulpturen\/wp-json\/wp\/v2\/pages\/5565\/revisions"}],"predecessor-version":[{"id":5740,"href":"https:\/\/unser-quartier.de\/emsdeich-skulpturen\/wp-json\/wp\/v2\/pages\/5565\/revisions\/5740"}],"wp:featuredmedia":[{"embeddable":true,"href":"https:\/\/unser-quartier.de\/emsdeich-skulpturen\/wp-json\/wp\/v2\/media\/5571"}],"wp:attachment":[{"href":"https:\/\/unser-quartier.de\/emsdeich-skulpturen\/wp-json\/wp\/v2\/media?parent=5565"}],"curies":[{"name":"wp","href":"https:\/\/api.w.org\/{rel}","templated":true}]}}