{"id":424,"date":"2016-10-10T21:00:06","date_gmt":"2016-10-10T19:00:06","guid":{"rendered":"http:\/\/unser-quartier.de\/greven-unterwegs\/?page_id=424"},"modified":"2016-10-10T21:14:56","modified_gmt":"2016-10-10T19:14:56","slug":"wanderung-brochterbeck-tecklenburg","status":"publish","type":"page","link":"https:\/\/unser-quartier.de\/greven-unterwegs\/aktuelles\/fahrrad-und-wandertouren\/wanderung-brochterbeck-tecklenburg\/","title":{"rendered":"Wanderung  Brochterbeck &#8211; Tecklenburg"},"content":{"rendered":"<h3>Eine Wanderung, ein St\u00fcck auf dem Hermannsweg,<br \/>\nvon Brochterbeck nach Tecklenburg und wieder zur\u00fcck.<\/h3>\n<p class=\"a-size-large a-spacing-none\">Auf dem Kamm des Teutoburger Waldes folgt die Route dem geschichtstr\u00e4chtigen Hermannsweg, der immer wieder fantastische Ausblicke bereith\u00e4lt. Kurz vor Tecklenburg zieht der Hexenpfad steil und holprig durch dunklen Wald hinunter ins Tal. Romantisch-lauschig geht es auf dem S\u00fcdhangweg zur\u00fcck Richtung Brochterbeck, das sich das &#8220;sch\u00f6nste Dorf im Kreis Steinfurt&#8221; nennen darf.<\/p>\n<p class=\"a-size-large a-spacing-none\"><strong>Ausgangspunkt:<\/strong> Tecklenburg-Brochterbeck, Wanderparkplatz an der Stra\u00dfe Im Bocketal (K 24)\/Zu den Klippen, 80 m.<\/p>\n<p style=\"text-align: justify\"><strong><span style=\"font-size: 12pt\">hier die kurze Strecke <div class=\"maps-marker-pro mmp-map-error\">Fehler: Karte konnte nicht geladen werden - eine Karte mit der ID 11 existiert nicht. Bitte kontaktiere den Seitenbetreiber.<\/div><br \/>\nund hier eine Alternative auf der &#8220;Teutoschleife&#8221; <\/span><\/strong><strong><span style=\"font-size: 12pt\">mit einem sch\u00f6nen Ausblick auf das M\u00fcnsterland. <div class=\"maps-marker-pro mmp-map-error\">Fehler: Karte konnte nicht geladen werden - eine Karte mit der ID 51 existiert nicht. Bitte kontaktiere den Seitenbetreiber.<\/div><br \/>\n<\/span><\/strong><\/p>\n<p><a href=\"https:\/\/unser-quartier.de\/greven-unterwegs\/files\/2015\/05\/Hoehe_1.jpg\"><img loading=\"lazy\" decoding=\"async\" class=\" wp-image-449 alignleft\" src=\"https:\/\/unser-quartier.de\/greven-unterwegs\/files\/2015\/05\/Hoehe_1-300x103.jpg\" alt=\"H\u00f6henverlauf\" width=\"232\" height=\"80\" srcset=\"https:\/\/unser-quartier.de\/greven-unterwegs\/files\/2015\/05\/Hoehe_1-300x103.jpg 300w, https:\/\/unser-quartier.de\/greven-unterwegs\/files\/2015\/05\/Hoehe_1-150x52.jpg 150w, https:\/\/unser-quartier.de\/greven-unterwegs\/files\/2015\/05\/Hoehe_1.jpg 694w\" sizes=\"auto, (max-width: 232px) 100vw, 232px\" \/><\/a><\/p>\n<p class=\"a-size-large a-spacing-none\" style=\"text-align: justify\"><strong>H\u00f6henunterschied:<\/strong> 155 m.<\/p>\n<p class=\"a-size-large a-spacing-none\"><strong>Anforderungen:<\/strong> Die gesamte Route ist sehr gut markiert und verl\u00e4uft abwechslungsreich im h\u00fcgeligen Gel\u00e4nde auf unterschiedlichen Untergr\u00fcnden. Ein steilerer Abstieg auf unebenem, felsdurchsetzten Untergrund verlangt etwas Trittsicherheit und festes Schuhwerk.<\/p>\n<p class=\"a-size-large a-spacing-none\"><strong>Einkehr:<\/strong> In Brochterbeck, z. Bsp. &#8220;Historische Gastst\u00e4tte Franz&#8221; (siehe Foto), bei Tecklenburg das Hotel-Restaurant Bismarckh\u00f6he mit gro\u00dfer Terrasse oder, bei einem Abstecher, in Tecklenburg.<\/p>\n<p class=\"a-size-large a-spacing-none\"><strong>Tipp:<\/strong> Tecklenburg mit seinem historischen Stadtkern ist von der Route in wenigen Minuten zu erreichen. Au\u00dferdem erm\u00f6glichen Abzweige vom Hermanns weg Abstecher zu den Varusfelsen, den Fledermaush\u00f6hlen (Abstieg vom Kamm) oder zum Heidentempel, einem kleinen Felsblock im Wald, der einst eine heidnische Opferst\u00e4tte gewesen sein soll.<\/p>\n<p style=\"text-align: justify\"><a href=\"https:\/\/unser-quartier.de\/greven-unterwegs\/files\/2015\/05\/Tour_1_14.jpg\"><img loading=\"lazy\" decoding=\"async\" class=\"alignleft wp-image-455\" src=\"https:\/\/unser-quartier.de\/greven-unterwegs\/files\/2015\/05\/Tour_1_14-150x200.jpg\" alt=\"Tour_1_14\" width=\"142\" height=\"189\" srcset=\"https:\/\/unser-quartier.de\/greven-unterwegs\/files\/2015\/05\/Tour_1_14-150x200.jpg 150w, https:\/\/unser-quartier.de\/greven-unterwegs\/files\/2015\/05\/Tour_1_14-300x400.jpg 300w, https:\/\/unser-quartier.de\/greven-unterwegs\/files\/2015\/05\/Tour_1_14-768x1024.jpg 768w, https:\/\/unser-quartier.de\/greven-unterwegs\/files\/2015\/05\/Tour_1_14.jpg 900w\" sizes=\"auto, (max-width: 142px) 100vw, 142px\" \/><\/a>Am Wanderparkplatz vertrauen wir uns sofort dem sehr gut mit einem &#8220;H&#8221; markierten Hermannsweg an. Wir \u00fcberqueren Stra\u00dfe und Schienen und gelangen nach kurzem Asphaltst\u00fcck auf einen breiten Wanderweg, der bergan in den Laubwald f\u00fchrt. Mal als Pfad, mal als Forstweg bringt uns der Herrmannsweg an einer Waldkapelle vorbei bis hinauf auf den Kamm des Teutoburgerwaldes. Hier wandern wir immer etwa in Kammhohe durch den von vielen Lichtungen aufgelockerten Forst. Unweit vor Tecklenburg verl\u00e4uft unsere Route auf einem Str\u00e4\u00dfchen hin\u00fcber zum Bismarckturm, der Gelegenheit zu einer Rast und noch einmal fantastische Aussicht bietet. <a href=\"https:\/\/unser-quartier.de\/greven-unterwegs\/files\/2015\/05\/Bismarckturm.jpg\"><img loading=\"lazy\" decoding=\"async\" class=\" wp-image-461 alignright\" src=\"https:\/\/unser-quartier.de\/greven-unterwegs\/files\/2015\/05\/Bismarckturm-300x414.jpg\" alt=\"Bismarckturm\" width=\"150\" height=\"207\" srcset=\"https:\/\/unser-quartier.de\/greven-unterwegs\/files\/2015\/05\/Bismarckturm.jpg 300w, https:\/\/unser-quartier.de\/greven-unterwegs\/files\/2015\/05\/Bismarckturm-150x207.jpg 150w\" sizes=\"auto, (max-width: 150px) 100vw, 150px\" \/><\/a>Wenig sp\u00e4ter, kurz hinter dem Hotel Bismarckh\u00f6he, verlassen wir das H, wechseln zum Wanderzeichen X (X 6) und folgen zu Beginn gleichzeitig dem \u203a\u203aHexenpfad&lt;&lt;. Es geht rechts hinunter (hier auch A4 und l) in den Asphaltweg (Saatkamps Knapp) und nach wenigen Metern links an den H\u00e4usern der Felsenstiege vorbei m\u00e4\u00dfig bis steil hinab. An einem der Wohnh\u00e4user geradeaus in den schmalen Fu\u00dfweg, der uns auf recht holprigem, felsdurchsetzten Untergrund ziemlich steil durch den Wald talw\u00e4rts bringt. Unten vor der riesigen Eiche rechts (auch mit X 18 und Richtung \u203a\u203aGolfplatz\u00ab und \u203a\u203aBrochterbeck&lt;&lt;) auf reizvollem Wald- und-Wiesen-Pfad weiter. Hinter einem Fachwerkhaus kommen wir halb rechts zur\u00fcck in den Wald, genie\u00dfen, fast am Waldrand wandernd, bei leichtem Auf und Ab stellenweise weite Ausblicke und folgen X links sanft absteigend durch den Tannenwald. Dabei verlassen wir den Hexenpfad, sind jetzt mit X auf dem S\u00fcdhangweg. X 18 zieht bald nach links fort (an einem Holzsto\u00df), wir halten uns im Tal rechts, noch immer an X von X 6, und bleiben dabei auf dem S\u00fcdhangweg, der wundersch\u00f6n mehr oder weniger nah am Waldrand entlangf\u00fchrt. Nach einem Wohnhaus knickt unsere Route oberhalb des Golfplatzes mit X links ab. Wir \u00fcberqueren noch einmal die Gleise und schwenken wenig sp\u00e4ter gut markiert rechts ein, nehmen den lauschigen Wanderpfad am Golfplatz entlang und gehen an der kleinen Wegkreuzung einfach geradeaus. Am gep\ufb02asterten Zufahrtsweg rechts, leicht bergan. Vom<a href=\"https:\/\/unser-quartier.de\/greven-unterwegs\/files\/2015\/05\/Biergarten.jpg\"><img loading=\"lazy\" decoding=\"async\" class=\"alignright wp-image-456\" src=\"https:\/\/unser-quartier.de\/greven-unterwegs\/files\/2015\/05\/Biergarten-300x207.jpg\" alt=\"Biergarten\" width=\"203\" height=\"140\" srcset=\"https:\/\/unser-quartier.de\/greven-unterwegs\/files\/2015\/05\/Biergarten-300x207.jpg 300w, https:\/\/unser-quartier.de\/greven-unterwegs\/files\/2015\/05\/Biergarten-150x104.jpg 150w, https:\/\/unser-quartier.de\/greven-unterwegs\/files\/2015\/05\/Biergarten.jpg 400w\" sizes=\"auto, (max-width: 203px) 100vw, 203px\" \/><\/a> Wald gelangen wir in offene Feld\ufb02ur mit sch\u00f6nen H\u00f6fen; wie in einem kleinen Tal zieht unser Feldstr\u00e4\u00dfchen hin\u00fcber nach Brochterbeck. Am Ortsrand wird die Hauptstra\u00dfe unterquert; auf dem Wallenweg geht es Richtung Kirche. Dort biegen wir ganz am Ende rechts ein (X 21) und halten uns wiederum rechts an die kleine Stra\u00dfe Zu den Klippen, die uns direkt zu unserem Ausgangspunkt zur\u00fcckbringt.<br \/>\nDer kr\u00f6nend Abschluss, ein richtiger Biergarten mit Bier vom bayerischen Prinzen aus Kaltenberg!<\/p>\n<h3 class=\"a-size-large a-spacing-none\">\u00a0Hier einige Eindr\u00fccke von der Wanderung<\/h3>\n<div id=\"metaslider-id-879\" style=\"max-width: 700px; margin: 0 auto;\" class=\"ml-slider-3-93-0 metaslider metaslider-nivo metaslider-879 ml-slider ms-theme-default\" role=\"region\" aria-roledescription=\"Slideshow\" aria-label=\"Brochterbeck - Tecklenburg\">\n    <div id=\"metaslider_container_879\">\n        <div class='slider-wrapper theme-default'><div class='ribbon'><\/div><div id='metaslider_879' class='nivoSlider'><img loading=\"lazy\" decoding=\"async\" src=\"https:\/\/unser-quartier.de\/greven-unterwegs\/files\/2015\/05\/Tour_1_00-700x500.jpg\" height=\"500\" width=\"700\" alt=\"\" class=\"slider-879 slide-429\" \/><img loading=\"lazy\" decoding=\"async\" src=\"https:\/\/unser-quartier.de\/greven-unterwegs\/files\/2015\/05\/Tour_1_12-700x500.jpg\" height=\"500\" width=\"700\" data-caption=\"Historische Gastst&auml;tte Franz - Biergarten\" alt=\"\" class=\"slider-879 slide-441\" \/><img loading=\"lazy\" decoding=\"async\" src=\"https:\/\/unser-quartier.de\/greven-unterwegs\/files\/2015\/05\/Tour_1_11-700x500.jpg\" height=\"500\" width=\"700\" alt=\"\" class=\"slider-879 slide-440\" \/><img loading=\"lazy\" decoding=\"async\" src=\"https:\/\/unser-quartier.de\/greven-unterwegs\/files\/2015\/05\/Tour_1_13-700x500.jpg\" height=\"500\" width=\"700\" alt=\"\" class=\"slider-879 slide-442\" \/><img loading=\"lazy\" decoding=\"async\" src=\"https:\/\/unser-quartier.de\/greven-unterwegs\/files\/2015\/05\/Tour_1_10-700x500.jpg\" height=\"500\" width=\"700\" data-caption=\"Brochterbeck\" alt=\"\" class=\"slider-879 slide-439\" \/><img loading=\"lazy\" decoding=\"async\" src=\"https:\/\/unser-quartier.de\/greven-unterwegs\/files\/2015\/05\/Tour_1_09-700x500.jpg\" height=\"500\" width=\"700\" alt=\"\" class=\"slider-879 slide-438\" \/><img loading=\"lazy\" decoding=\"async\" src=\"https:\/\/unser-quartier.de\/greven-unterwegs\/files\/2015\/05\/Tour_1_08-700x500.jpg\" height=\"500\" width=\"700\" alt=\"\" class=\"slider-879 slide-437\" \/><img loading=\"lazy\" decoding=\"async\" src=\"https:\/\/unser-quartier.de\/greven-unterwegs\/files\/2015\/05\/Tour_1_06-700x500.jpg\" height=\"500\" width=\"700\" alt=\"\" class=\"slider-879 slide-435\" \/><img loading=\"lazy\" decoding=\"async\" src=\"https:\/\/unser-quartier.de\/greven-unterwegs\/files\/2015\/05\/Tour_1_05-700x500.jpg\" height=\"500\" width=\"700\" alt=\"\" class=\"slider-879 slide-434\" \/><img loading=\"lazy\" decoding=\"async\" src=\"https:\/\/unser-quartier.de\/greven-unterwegs\/files\/2015\/05\/Tour_1_04-700x500.jpg\" height=\"500\" width=\"700\" data-caption=\"Bismarckturm Tecklenburg\" alt=\"\" class=\"slider-879 slide-433\" \/><img loading=\"lazy\" decoding=\"async\" src=\"https:\/\/unser-quartier.de\/greven-unterwegs\/files\/2015\/05\/Tour_1_07-700x500.jpg\" height=\"500\" width=\"700\" alt=\"\" class=\"slider-879 slide-436\" \/><img loading=\"lazy\" decoding=\"async\" src=\"https:\/\/unser-quartier.de\/greven-unterwegs\/files\/2015\/05\/Tour_1_03-700x500.jpg\" height=\"500\" width=\"700\" alt=\"\" class=\"slider-879 slide-432\" \/><img loading=\"lazy\" decoding=\"async\" src=\"https:\/\/unser-quartier.de\/greven-unterwegs\/files\/2015\/05\/Tour_1_02-700x500.jpg\" height=\"500\" width=\"700\" alt=\"\" class=\"slider-879 slide-431\" \/><img loading=\"lazy\" decoding=\"async\" src=\"https:\/\/unser-quartier.de\/greven-unterwegs\/files\/2015\/05\/Tour_1_01-700x500.jpg\" height=\"500\" width=\"700\" alt=\"\" class=\"slider-879 slide-430\" \/><img loading=\"lazy\" decoding=\"async\" src=\"https:\/\/unser-quartier.de\/greven-unterwegs\/files\/2015\/05\/Tour_1_14-700x500.jpg\" height=\"500\" width=\"700\" alt=\"\" class=\"slider-879 slide-455\" \/><\/div><\/div>\n        \n    <\/div>\n<\/div>\n<p>&nbsp;<\/p>\n<div class=\"shariff shariff-align-flex-start shariff-widget-align-flex-start\" data-url=\"https%3A%2F%2Funser-quartier.de%2Fgreven-unterwegs%2Faktuelles%2Ffahrrad-und-wandertouren%2Fwanderung-brochterbeck-tecklenburg%2F\" data-timestamp=\"1476134096\" data-backendurl=\"https:\/\/unser-quartier.de\/greven-unterwegs\/wp-json\/shariff\/v1\/share_counts?\"><ul class=\"shariff-buttons theme-round orientation-horizontal buttonsize-medium\"><li class=\"shariff-button mailto shariff-nocustomcolor\" style=\"background-color:#a8a8a8\"><a href=\"mailto:?body=https%3A%2F%2Funser-quartier.de%2Fgreven-unterwegs%2Faktuelles%2Ffahrrad-und-wandertouren%2Fwanderung-brochterbeck-tecklenburg%2F&subject=Wanderung%20%20Brochterbeck%20%E2%80%93%20Tecklenburg\" title=\"Per E-Mail versenden\" aria-label=\"Per E-Mail versenden\" role=\"button\" rel=\"noopener nofollow\" class=\"shariff-link\" style=\"; background-color:#999; color:#fff\"><span class=\"shariff-icon\" style=\"\"><svg width=\"32px\" height=\"20px\" xmlns=\"http:\/\/www.w3.org\/2000\/svg\" viewBox=\"0 0 32 32\"><path fill=\"#999\" d=\"M32 12.7v14.2q0 1.2-0.8 2t-2 0.9h-26.3q-1.2 0-2-0.9t-0.8-2v-14.2q0.8 0.9 1.8 1.6 6.5 4.4 8.9 6.1 1 0.8 1.6 1.2t1.7 0.9 2 0.4h0.1q0.9 0 2-0.4t1.7-0.9 1.6-1.2q3-2.2 8.9-6.1 1-0.7 1.8-1.6zM32 7.4q0 1.4-0.9 2.7t-2.2 2.2q-6.7 4.7-8.4 5.8-0.2 0.1-0.7 0.5t-1 0.7-0.9 0.6-1.1 0.5-0.9 0.2h-0.1q-0.4 0-0.9-0.2t-1.1-0.5-0.9-0.6-1-0.7-0.7-0.5q-1.6-1.1-4.7-3.2t-3.6-2.6q-1.1-0.7-2.1-2t-1-2.5q0-1.4 0.7-2.3t2.1-0.9h26.3q1.2 0 2 0.8t0.9 2z\"\/><\/svg><\/span><\/a><\/li><li class=\"shariff-button printer shariff-nocustomcolor\" style=\"background-color:#a8a8a8\"><a href=\"javascript:window.print()\" title=\"drucken\" aria-label=\"drucken\" role=\"button\" rel=\"noopener nofollow\" class=\"shariff-link\" style=\"; background-color:#999; color:#fff\"><span class=\"shariff-icon\" style=\"\"><svg width=\"32px\" height=\"20px\" xmlns=\"http:\/\/www.w3.org\/2000\/svg\" viewBox=\"0 0 30 32\"><path fill=\"#999\" d=\"M6.8 27.4h16v-4.6h-16v4.6zM6.8 16h16v-6.8h-2.8q-0.7 0-1.2-0.5t-0.5-1.2v-2.8h-11.4v11.4zM27.4 17.2q0-0.5-0.3-0.8t-0.8-0.4-0.8 0.4-0.3 0.8 0.3 0.8 0.8 0.3 0.8-0.3 0.3-0.8zM29.7 17.2v7.4q0 0.2-0.2 0.4t-0.4 0.2h-4v2.8q0 0.7-0.5 1.2t-1.2 0.5h-17.2q-0.7 0-1.2-0.5t-0.5-1.2v-2.8h-4q-0.2 0-0.4-0.2t-0.2-0.4v-7.4q0-1.4 1-2.4t2.4-1h1.2v-9.7q0-0.7 0.5-1.2t1.2-0.5h12q0.7 0 1.6 0.4t1.3 0.8l2.7 2.7q0.5 0.5 0.9 1.4t0.4 1.6v4.6h1.1q1.4 0 2.4 1t1 2.4z\"\/><\/svg><\/span><\/a><\/li><\/ul><\/div>","protected":false},"excerpt":{"rendered":"<p>Eine Wanderung, ein St\u00fcck auf dem Hermannsweg, von Brochterbeck nach Tecklenburg und wieder zur\u00fcck. Auf dem Kamm des Teutoburger Waldes folgt die Route dem geschichtstr\u00e4chtigen &#8230; <a title=\"Wanderung  Brochterbeck &#8211; Tecklenburg\" class=\"read-more\" href=\"https:\/\/unser-quartier.de\/greven-unterwegs\/aktuelles\/fahrrad-und-wandertouren\/wanderung-brochterbeck-tecklenburg\/\" aria-label=\"Mehr Informationen \u00fcber Wanderung  Brochterbeck &#8211; Tecklenburg\">Weiterlesen..<\/a><\/p>\n","protected":false},"author":301,"featured_media":0,"parent":365,"menu_order":2,"comment_status":"open","ping_status":"closed","template":"","meta":{"generate_page_header":"","footnotes":""},"class_list":{"0":"post-424","1":"page","2":"type-page","3":"status-publish","5":"infinite-scroll-item"},"_links":{"self":[{"href":"https:\/\/unser-quartier.de\/greven-unterwegs\/wp-json\/wp\/v2\/pages\/424","targetHints":{"allow":["GET"]}}],"collection":[{"href":"https:\/\/unser-quartier.de\/greven-unterwegs\/wp-json\/wp\/v2\/pages"}],"about":[{"href":"https:\/\/unser-quartier.de\/greven-unterwegs\/wp-json\/wp\/v2\/types\/page"}],"author":[{"embeddable":true,"href":"https:\/\/unser-quartier.de\/greven-unterwegs\/wp-json\/wp\/v2\/users\/301"}],"replies":[{"embeddable":true,"href":"https:\/\/unser-quartier.de\/greven-unterwegs\/wp-json\/wp\/v2\/comments?post=424"}],"version-history":[{"count":0,"href":"https:\/\/unser-quartier.de\/greven-unterwegs\/wp-json\/wp\/v2\/pages\/424\/revisions"}],"up":[{"embeddable":true,"href":"https:\/\/unser-quartier.de\/greven-unterwegs\/wp-json\/wp\/v2\/pages\/365"}],"wp:attachment":[{"href":"https:\/\/unser-quartier.de\/greven-unterwegs\/wp-json\/wp\/v2\/media?parent=424"}],"curies":[{"name":"wp","href":"https:\/\/api.w.org\/{rel}","templated":true}]}}