{"id":1050,"date":"2014-04-13T10:02:23","date_gmt":"2014-04-13T10:02:23","guid":{"rendered":"http:\/\/unser-quartier.de\/habitare-secum\/?page_id=1050"},"modified":"2015-04-29T16:47:44","modified_gmt":"2015-04-29T16:47:44","slug":"kontakt-2","status":"publish","type":"page","link":"https:\/\/unser-quartier.de\/habitare-secum\/kontakt-2\/","title":{"rendered":"Kontakt"},"content":{"rendered":"<p>Die Zeitzeugen treffen sich an jedem dritten Mittwoch im Monat von 10.00 bis 12.00 Uhr im Sommerhof, einer Seniorenresidenz in der Innenstadt von M\u00fclheim an der Ruhr. Geleitet werden die Treffen von den Moderatorinnen: Elke Kurschat, Brigitte Reu\u00df und Renate Beckmann. Bitte haben Sie Verst\u00e4ndnis daf\u00fcr, dass wir unsere privaten Telefonnummern nicht auf dieser Seite ver\u00f6ffentlichen m\u00f6chten. Die Mitarbeiter des Sommerhofes stellen gerne den Kontakt zu uns her:<\/p>\n<h2>Hier sind die Kontaktdaten:<\/h2>\n<h3 style=\"text-align: left;padding-left: 30px\"><span style=\"font-size: small\">Sommerhof Service-Wohne-Pflege gGmbh<\/span><\/h3>\n<h3 style=\"text-align: left;padding-left: 30px\"><span style=\"font-size: small\">Tourainer Ring 12<\/span><\/h3>\n<h3 style=\"text-align: left;padding-left: 30px\"><span style=\"font-size: small\">45468 M\u00fclheim an der Ruhr\u00a0<\/span><\/h3>\n<address>Eingang: Hingbergstr. 62 (Haupteingang\u00a0links Richtung Br\u00fccke)<\/address>\n<address><strong>Eine genaue Wegbeschreibung finden Sie auf der Seite des Kreisverbandes des Parit\u00e4tischen Wohlfahrtsverbandes <a href=\"http:\/\/muelheim.paritaet-nrw.org\/content\/e459\/e462\/\">hier.<\/a><\/strong><\/address>\n<h4>E-Mail: info@sommerhof.de<br \/>\n<a href=\"http:\/\/www.sommerhof.de\">www.sommerhof.de<\/a><\/h4>\n<h3><span style=\"font-size: medium\">Telefon: 0208 &#8211; 3 06 80 &#8211; 0<\/span><br \/>\n<span style=\"font-size: medium\">Telefax: 0208 &#8211; 3 06 80 -19<\/span><\/h3>\n<p>&nbsp;<\/p>\n<h1><strong>Gerne k\u00f6nnen Sie uns eine Nachricht hinterlassen, diese erreicht uns dann direkt:<\/strong><\/h1>\n<div data-test='contact-form' id='contact-form-1050' class='wp-block-jetpack-contact-form-container '>\n<form action='https:\/\/unser-quartier.de\/habitare-secum\/kontakt-2\/#contact-form-1050' method='post' class='contact-form commentsblock' aria-label=\"Kontakt\" novalidate>\n\n<div style=\"\" class='grunion-field-name-wrap grunion-field-wrap'  >\n<label\n\t\t\t\tfor='g1050-name'\n\t\t\t\tclass='grunion-field-label name'>Name<span class=\"grunion-label-required\" aria-hidden=\"true\">(erforderlich)<\/span><\/label>\n<input\n\t\t\t\t\ttype='text'\n\t\t\t\t\tname='g1050-name'\n\t\t\t\t\tid='g1050-name'\n\t\t\t\t\tvalue=''\n\t\t\t\t\tclass='name  grunion-field' \n\t\t\t\t\trequired aria-required='true' \/>\n\t<\/div>\n\n<div style=\"\" class='grunion-field-email-wrap grunion-field-wrap'  >\n<label\n\t\t\t\tfor='g1050-email'\n\t\t\t\tclass='grunion-field-label email'>E-Mail<span class=\"grunion-label-required\" aria-hidden=\"true\">(erforderlich)<\/span><\/label>\n<input\n\t\t\t\t\ttype='email'\n\t\t\t\t\tname='g1050-email'\n\t\t\t\t\tid='g1050-email'\n\t\t\t\t\tvalue=''\n\t\t\t\t\tclass='email  grunion-field' \n\t\t\t\t\trequired aria-required='true' \/>\n\t<\/div>\n\n<div style=\"\" class='grunion-field-url-wrap grunion-field-wrap'  >\n<label\n\t\t\t\tfor='g1050-webseite'\n\t\t\t\tclass='grunion-field-label url'>Webseite<\/label>\n<input\n\t\t\t\t\ttype='text'\n\t\t\t\t\tname='g1050-webseite'\n\t\t\t\t\tid='g1050-webseite'\n\t\t\t\t\tvalue=''\n\t\t\t\t\tclass='url  grunion-field' \n\t\t\t\t\ttitle=\"Bitte gib eine g\u00fcltige URL ein\u00a0\u2013 https:\/\/www.example.com\" oninvalid=\"setCustomValidity(&quot;Bitte gib eine g\u00fcltige URL ein\u00a0\u2013 https:\/\/www.example.com&quot;)\" oninput=\"setCustomValidity(&quot;&quot;)\" pattern=\"(([:\\\/a-zA-Z0-9_\\-]+)?(\\.[a-zA-Z0-9_\\-\\\/]+)+)\" data-type-override=\"url\"  \/>\n\t<\/div>\n\n<div style=\"\" class='grunion-field-textarea-wrap grunion-field-wrap'  >\n<label\n\t\t\t\tfor='contact-form-comment-g1050-kommentar'\n\t\t\t\tclass='grunion-field-label textarea'>Kommentar<span class=\"grunion-label-required\" aria-hidden=\"true\">(erforderlich)<\/span><\/label>\n<textarea\n\t\t                style=''\n\t\t                name='g1050-kommentar'\n\t\t                id='contact-form-comment-g1050-kommentar'\n\t\t                rows='20' class='textarea  grunion-field'  required aria-required='true'><\/textarea>\n\t<\/div>\n\t<p class='contact-submit'>\n\t\t<button type='submit' class='pushbutton-wide'>Senden<\/button>\t\t<input type='hidden' name='contact-form-id' value='1050' \/>\n\t\t<input type='hidden' name='action' value='grunion-contact-form' \/>\n\t\t<input type='hidden' name='contact-form-hash' value='a62cb86fb4be1f8a2564482e26cdeb3c163b7cdc' \/>\n\t<\/p>\n<p style=\"display: none !important;\" class=\"akismet-fields-container\" data-prefix=\"ak_\"><label>&#916;<textarea name=\"ak_hp_textarea\" cols=\"45\" rows=\"8\" maxlength=\"100\"><\/textarea><\/label><input type=\"hidden\" id=\"ak_js_1\" name=\"ak_js\" value=\"120\"\/><script>document.getElementById( \"ak_js_1\" ).setAttribute( \"value\", ( new Date() ).getTime() );<\/script><\/p><\/form>\n<\/div>\n<p>&nbsp;<\/p>\n<p>&nbsp;<\/p>\n<p>&nbsp;<\/p>\n","protected":false},"excerpt":{"rendered":"<p>Die Zeitzeugen treffen sich an jedem dritten Mittwoch im Monat von 10.00 bis 12.00 Uhr im Sommerhof, einer Seniorenresidenz in der Innenstadt von M\u00fclheim an der Ruhr. Geleitet werden die Treffen von den Moderatorinnen: Elke Kurschat, Brigitte Reu\u00df und Renate Beckmann. Bitte haben Sie Verst\u00e4ndnis daf\u00fcr, dass wir unsere privaten Telefonnummern nicht auf dieser Seite &#8230; <a title=\"Kontakt\" class=\"read-more\" href=\"https:\/\/unser-quartier.de\/habitare-secum\/kontakt-2\/\" aria-label=\"Mehr Informationen \u00fcber Kontakt\">Weiterlesen<\/a><\/p>\n","protected":false},"author":27,"featured_media":0,"parent":0,"menu_order":2,"comment_status":"closed","ping_status":"open","template":"","meta":{"footnotes":""},"class_list":["post-1050","page","type-page","status-publish"],"jetpack_sharing_enabled":true,"_links":{"self":[{"href":"https:\/\/unser-quartier.de\/habitare-secum\/wp-json\/wp\/v2\/pages\/1050","targetHints":{"allow":["GET"]}}],"collection":[{"href":"https:\/\/unser-quartier.de\/habitare-secum\/wp-json\/wp\/v2\/pages"}],"about":[{"href":"https:\/\/unser-quartier.de\/habitare-secum\/wp-json\/wp\/v2\/types\/page"}],"author":[{"embeddable":true,"href":"https:\/\/unser-quartier.de\/habitare-secum\/wp-json\/wp\/v2\/users\/27"}],"replies":[{"embeddable":true,"href":"https:\/\/unser-quartier.de\/habitare-secum\/wp-json\/wp\/v2\/comments?post=1050"}],"version-history":[{"count":0,"href":"https:\/\/unser-quartier.de\/habitare-secum\/wp-json\/wp\/v2\/pages\/1050\/revisions"}],"wp:attachment":[{"href":"https:\/\/unser-quartier.de\/habitare-secum\/wp-json\/wp\/v2\/media?parent=1050"}],"curies":[{"name":"wp","href":"https:\/\/api.w.org\/{rel}","templated":true}]}}