{"id":1088,"date":"2014-05-15T15:32:39","date_gmt":"2014-05-15T15:32:39","guid":{"rendered":"http:\/\/unser-quartier.de\/habitare-secum\/?page_id=1088"},"modified":"2015-05-24T09:09:34","modified_gmt":"2015-05-24T09:09:34","slug":"kindheit-und-jugend","status":"publish","type":"page","link":"https:\/\/unser-quartier.de\/habitare-secum\/lebenserinnerungen\/kindheit-und-jugend\/","title":{"rendered":"Kindheit und Jugend"},"content":{"rendered":"<div><span style=\"color: #000000\"><em>Es sind haupts\u00e4chlich die Geburtsjahrg\u00e4nge 1925 bis 1939, die sich an die Zeit des Krieges noch bewusst erinnern k\u00f6nnen. Der Leser m\u00f6ge sich selbst ausrechnen, wie alt die Zeitzeugen zu der damaligen Zeit waren. Ein R\u00fcckblick auf diese Zeit m\u00f6chte den j\u00fcngeren Lesern ein wenig nahe bringen, wie viel Ersch\u00fctterung, menschliches Elend und Leid diese Generation erfahren hat.<\/em><\/span><\/div>\n<hr \/>\n<h1><a title=\"Meine Kindheit und Zeit in der Hitlerjugend\" href=\"https:\/\/unser-quartier.de\/habitare-secum\/2015\/03\/meine-kindheit-und-zeit-in-der-hitlerjugend\/\">Meine Kindheit und Zeit in der Hitlerjugend<\/a><\/h1>\n<p>Meine fr\u00fche Kindheit war nicht aufregend. Meine Eltern waren nicht reich, aber auch nicht arm. Wir lebten wie fast alle anderen Familien recht bescheiden. Es reichte, um satt zu werden, die Miete zu bezahlen und hin und wieder etwas Neues zum Anziehen zu kaufen. Ich freute mich Weihnachten \u00fcber ein kleines Blechspielzeug und vielleicht noch \u00fcber ein paar neue Schuhe, die die ersten Monate nur Sonntags getragen wurden.<\/p>\n<hr \/>\n<h2><a href=\"http:\/\/www.derwesten.de\/staedte\/muelheim\/kindheit-und-jugend-im-krieg-id9115477.html\" target=\"_blank\">Kindheit und Jugend im Krieg<\/a><\/h2>\n<p>Horst H. erz\u00e4hlt \u00fcber seine Erinnerungen an diese Zeit<\/p>\n<hr \/>\n<h2>\u00a0<a title=\"Eine Freundschaft geht nie in Rente\" href=\"https:\/\/unser-quartier.de\/habitare-secum\/2013\/09\/eine-freundschaft-geht-nie-in-rente\/\">Eine Freundschaft geht nie ihr Rente<\/a><\/h2>\n<p>Eine acht Jahrzehnte alte Freundschaft\u00a0 ist in der R\u00fcckschau schon geheimnisvoll und zauberhaft. Die erste Liebe auch \u2013 nicht Peter, ich erz\u00e4hle es Dir.<\/p>\n<p>\u201eKommt der kleine Junge zum Spielen?\u201c \u2013 Ja, das habe ich vor 80 Jahren, 1932, gefragt, als \u00fcber uns eine neue Familie einzog. Es war ein altes sch\u00f6nes Haus in Berlin, gebaut im Jugendstil. Wir lieben es noch heute. Und Peter kam zum Spielen, ob auf den Hof oder mit anderen Kindern V\u00f6lkerball auf der Stra\u00dfe. Wir sind zusammen auf B\u00e4ume geklettert, haben Froschlaich im nahen Flie\u00df gefischt, haben Radtouren gemacht und sind schwimmen gegangen. Wir wurden mit 5 Jahren eben dicke \u00a0Freunde.<\/p>\n<hr \/>\n<h1><a title=\"Auf dem Weg in die Ukraine\" href=\"https:\/\/unser-quartier.de\/habitare-secum\/2014\/03\/auf-dem-weg-in-die-ukraine\/\">Auf dem Weg in die Ukraine<\/a><\/h1>\n<p>Ja dann wurden wir auf dem\u00a0<i>Deminium<\/i>\u00a0in Knechtekammern eingesperrt, und dann wurden einige verh\u00f6rt, wir haben das in den Nebenr\u00e4umen geh\u00f6rt, wie Geschrei, Gest\u00f6hne. Ja, da wurden diejenigen geschlagen und misshandelt. Die wollten ja SS-Leute und Parteigenossen. Da haben wir so gedacht, jetzt bist du bald dran zum Verh\u00f6r.<\/p>\n<hr \/>\n<h1><a title=\"Meine Schulzeit von 1944 bis 1953\" href=\"https:\/\/unser-quartier.de\/habitare-secum\/2014\/05\/meine-schulzeit-von-1944-bis-1953\/\">Meine Schulzeit von 1944 &#8211; 1953<\/a><\/h1>\n<p>W\u00e4hrend des 2. Weltkrieges, M\u00e4rz 1944, brachten meine Eltern mich aus gesundheitlichen Gr\u00fcnden in den\u00a0<em>Solling\u00b9<\/em>\u00a0am Harz zu Pflegeeltern. Zu dem Zeitpunkt war ich noch keine 6 Jahre alt.<\/p>\n<hr \/>\n<h1><strong><a title=\"Ein Koffer der Erinnerung an die Kinderzeit\" href=\"https:\/\/unser-quartier.de\/habitare-secum\/2014\/10\/ein-koffer-der-erinnerung-an-die-kinderzeit\/\">Ein Koffer der Erinnerung an die Kinderzeit<\/a><\/strong><\/h1>\n<p>Nun ist der Koffer gepackt mit Dingen, von denen ich mich in all den Jahren nicht trennen konnte, weil sie mir sehr am Herzen liegen. Das Prunkst\u00fcck:\u00a0 die Baby-Puppe, aber auch das winzige Steiff-B\u00e4rchen mit dem Knopf im Ohr und das abgewetzte Kuscheltier-K\u00e4tzchen.<\/p>\n<p>&nbsp;<\/p>\n<p>&nbsp;<\/p>\n","protected":false},"excerpt":{"rendered":"<p>Es sind haupts\u00e4chlich die Geburtsjahrg\u00e4nge 1925 bis 1939, die sich an die Zeit des Krieges noch bewusst erinnern k\u00f6nnen. Der Leser m\u00f6ge sich selbst ausrechnen, wie alt die Zeitzeugen zu der damaligen Zeit waren. Ein R\u00fcckblick auf diese Zeit m\u00f6chte den j\u00fcngeren Lesern ein wenig nahe bringen, wie viel Ersch\u00fctterung, menschliches Elend und Leid diese &#8230; <a title=\"Kindheit und Jugend\" class=\"read-more\" href=\"https:\/\/unser-quartier.de\/habitare-secum\/lebenserinnerungen\/kindheit-und-jugend\/\" aria-label=\"Mehr Informationen \u00fcber Kindheit und Jugend\">Weiterlesen<\/a><\/p>\n","protected":false},"author":27,"featured_media":640,"parent":1099,"menu_order":1,"comment_status":"open","ping_status":"open","template":"","meta":{"footnotes":""},"class_list":["post-1088","page","type-page","status-publish","has-post-thumbnail"],"jetpack_sharing_enabled":true,"_links":{"self":[{"href":"https:\/\/unser-quartier.de\/habitare-secum\/wp-json\/wp\/v2\/pages\/1088","targetHints":{"allow":["GET"]}}],"collection":[{"href":"https:\/\/unser-quartier.de\/habitare-secum\/wp-json\/wp\/v2\/pages"}],"about":[{"href":"https:\/\/unser-quartier.de\/habitare-secum\/wp-json\/wp\/v2\/types\/page"}],"author":[{"embeddable":true,"href":"https:\/\/unser-quartier.de\/habitare-secum\/wp-json\/wp\/v2\/users\/27"}],"replies":[{"embeddable":true,"href":"https:\/\/unser-quartier.de\/habitare-secum\/wp-json\/wp\/v2\/comments?post=1088"}],"version-history":[{"count":0,"href":"https:\/\/unser-quartier.de\/habitare-secum\/wp-json\/wp\/v2\/pages\/1088\/revisions"}],"up":[{"embeddable":true,"href":"https:\/\/unser-quartier.de\/habitare-secum\/wp-json\/wp\/v2\/pages\/1099"}],"wp:featuredmedia":[{"embeddable":true,"href":"https:\/\/unser-quartier.de\/habitare-secum\/wp-json\/wp\/v2\/media\/640"}],"wp:attachment":[{"href":"https:\/\/unser-quartier.de\/habitare-secum\/wp-json\/wp\/v2\/media?parent=1088"}],"curies":[{"name":"wp","href":"https:\/\/api.w.org\/{rel}","templated":true}]}}