{"id":1099,"date":"2014-05-15T15:37:27","date_gmt":"2014-05-15T15:37:27","guid":{"rendered":"http:\/\/unser-quartier.de\/habitare-secum\/?page_id=1099"},"modified":"2017-07-23T12:18:39","modified_gmt":"2017-07-23T12:18:39","slug":"lebenserinnerungen","status":"publish","type":"page","link":"https:\/\/unser-quartier.de\/habitare-secum\/lebenserinnerungen\/","title":{"rendered":"Lebenserinnerungen"},"content":{"rendered":"<p>An dieser Stelle werden Sie viele kleine und auch gr\u00f6\u00dfere Texte\u00a0sehen, die unsere Zeitzeugen \u2013 selbst verfasst \u2013 der \u00d6ffentlichkeit zum Lesen zur Verf\u00fcgung gestellt haben.<\/p>\n<blockquote>\n<h3 style=\"text-align: right\">Frau F.: <span style=\"color: #000000\">Man erschrickt ja vor der eigenen Erinnerung!<\/span><\/h3>\n<\/blockquote>\n<p>So oder \u00e4hnlich geht es dann auch den Zeitzeugen, wenn sie an ihre Kindheit und Jugend denken. Und je mehr sie in diese Zeit abtauchen, desto mehr Erinnerungen kommen.<\/p>\n<blockquote>\n<h3 style=\"text-align: right\">Frau P.: <span style=\"color: #000000\">Nein, das sind ja keine Erinnerungen! Das erlebe ich ja jetzt.<\/span><\/h3>\n<\/blockquote>\n<p>Und dann wird in unseren Gespr\u00e4chen dar\u00fcber oft klar:<\/p>\n<p style=\"text-align: center\"><strong>Die Vergangenheit h\u00f6rt nicht auf, sie \u00fcberpr\u00fcft uns in der Gegenwart.<\/strong><\/p>\n","protected":false},"excerpt":{"rendered":"<p>An dieser Stelle werden Sie viele kleine und auch gr\u00f6\u00dfere Texte\u00a0sehen, die unsere Zeitzeugen \u2013 selbst verfasst \u2013 der \u00d6ffentlichkeit zum Lesen zur Verf\u00fcgung gestellt haben. Frau F.: Man erschrickt ja vor der eigenen Erinnerung! So oder \u00e4hnlich geht es dann auch den Zeitzeugen, wenn sie an ihre Kindheit und Jugend denken. Und je mehr &#8230; <a title=\"Lebenserinnerungen\" class=\"read-more\" href=\"https:\/\/unser-quartier.de\/habitare-secum\/lebenserinnerungen\/\" aria-label=\"Mehr Informationen \u00fcber Lebenserinnerungen\">Weiterlesen<\/a><\/p>\n","protected":false},"author":27,"featured_media":0,"parent":0,"menu_order":3,"comment_status":"open","ping_status":"closed","template":"","meta":{"footnotes":""},"class_list":["post-1099","page","type-page","status-publish"],"jetpack_sharing_enabled":true,"_links":{"self":[{"href":"https:\/\/unser-quartier.de\/habitare-secum\/wp-json\/wp\/v2\/pages\/1099","targetHints":{"allow":["GET"]}}],"collection":[{"href":"https:\/\/unser-quartier.de\/habitare-secum\/wp-json\/wp\/v2\/pages"}],"about":[{"href":"https:\/\/unser-quartier.de\/habitare-secum\/wp-json\/wp\/v2\/types\/page"}],"author":[{"embeddable":true,"href":"https:\/\/unser-quartier.de\/habitare-secum\/wp-json\/wp\/v2\/users\/27"}],"replies":[{"embeddable":true,"href":"https:\/\/unser-quartier.de\/habitare-secum\/wp-json\/wp\/v2\/comments?post=1099"}],"version-history":[{"count":0,"href":"https:\/\/unser-quartier.de\/habitare-secum\/wp-json\/wp\/v2\/pages\/1099\/revisions"}],"wp:attachment":[{"href":"https:\/\/unser-quartier.de\/habitare-secum\/wp-json\/wp\/v2\/media?parent=1099"}],"curies":[{"name":"wp","href":"https:\/\/api.w.org\/{rel}","templated":true}]}}