{"id":1189,"date":"2014-07-31T11:49:41","date_gmt":"2014-07-31T11:49:41","guid":{"rendered":"http:\/\/unser-quartier.de\/habitare-secum\/?page_id=1189"},"modified":"2015-03-29T15:13:59","modified_gmt":"2015-03-29T15:13:59","slug":"heimat-flucht-vertreibung","status":"publish","type":"page","link":"https:\/\/unser-quartier.de\/habitare-secum\/lebenserinnerungen\/heimat-flucht-vertreibung\/","title":{"rendered":"Heimat Flucht Vertreibung"},"content":{"rendered":"<h2><a title=\"Fl\u00fcchtlingskinder waren meine Freundinnen\" href=\"https:\/\/unser-quartier.de\/habitare-secum\/2015\/03\/fluechtlingskinder-waren-meine-freundinnen\/\">Fl\u00fcchtlingskinder waren meine Freundinnen<\/a><\/h2>\n<p>Wir schrieben das Jahr 1944, mitten im 2. Weltkrieg. Die Bombenangriffe auf Essen fielen in immer k\u00fcrzeren Zeitabst\u00e4nden, da brachten mich meine Eltern, weil ich st\u00e4ndig erk\u00e4ltet war und oft Mandelentz\u00fcndungen hatte, zu Pflegeeltern nach Schoningen im Solling am Harz.<\/p>\n<p>In dem Dorf gab es Gott sei Dank kein Hin-und-her-Gezerre mehr zwischen Kinderbett, Bunker oder Luftschutzkeller. Meine Mutter sah ich allerdings nur noch f\u00fcr einige Tage im Monat und meinen Vater nur einmal im Jahr, wenn er Urlaub hatte. Aber meine Pflegeeltern waren gut zu mir, da hatte ich Gl\u00fcck.<\/p>\n<p>In dem 3000-Seelendorf waren wir also sicher vor Bombenangriffen, nicht aber vor Fl\u00fcchtlingsstr\u00f6men.<\/p>\n<hr \/>\n<h2>\u00a0<a title=\"Auf dem Weg in die Ukraine\" href=\"https:\/\/unser-quartier.de\/habitare-secum\/2014\/03\/auf-dem-weg-in-die-ukraine\/\">Auf dem Weg in die Ukraine<\/a><\/h2>\n<p>Ja, dann wurden wir auf dem\u00a0<i>Deminium<\/i>\u00a0in Knechtekammern eingesperrt, und dann wurden einige verh\u00f6rt, wir haben das in den Nebenr\u00e4umen geh\u00f6rt, wie Geschrei, Gest\u00f6hne. Ja, da wurden diejenigen geschlagen und misshandelt. Die wollten ja SS-Leute und Parteigenossen. Da haben wir so gedacht, jetzt bist du bald dran zum Verh\u00f6r. Aber dazu kam es nicht, die haben uns runter gef\u00fchrt wieder, in einen gro\u00dfen Pferdestall, der war ja leer, da wurden wir reingetrieben. Da waren schon die M\u00e4nner und Jungs aus dem Nachbarort da, u. a. auch mein Onkel Max, meiner Mutters Zwillingsbruder, aus\u00a0<i>Selbnitz.\u00a0<\/i>Ja, wir haben dort \u00fcbernachtet, anderen Morgen raus, und dann mussten wir marschieren bis nach Heidenau, ach \u2013 wie viele km waren denn dass? &#8211; Das waren auch so \u00fcber 20 km.<\/p>\n<hr \/>\n<h2><a title=\"Mit 4 im Luftschutzbunker in Essen\" href=\"https:\/\/unser-quartier.de\/habitare-secum\/2015\/03\/mit-4-im-luftschutzbunker-in-essen\/\">Mit 4 im Luftschutzbunker<\/a><\/h2>\n<p>In meinem \u201eKoffer der Erinnerungen\u201c ist auch ein kleines Bild, das ich mal f\u00fcr meine Mutter gemalt habe, als ich ca. 7 Jahre alt war und bei meinen Pflegeeltern auf dem Land lebte. Zu der Zeit sah ich meine Mutter selten, denn sie konnte aus dem bombadierten Ruhrgebiet nur einmal im Monat kommen. Auf dem Bild sieht man nur einen Tisch, 2 St\u00fchle, eine Lampe und ringsum war komplett bemalt, so dass nur noch in der Mitte Platz war,\u00a0 und zwar f\u00fcr meine Mutter und mich. Auf dem Tisch stehen ein Kuchen, eine Kaffeekanne und eine Tasse. Oben dr\u00fcber schrieb ich Libe (ohne e) Mutti. &#8211; Da ich erst mit 7 Jahren in die Schule gekommen bin, war ich der Rechtschreibung noch nicht so m\u00e4chtig.<\/p>\n<p style=\"text-align: right\"><strong><span style=\"color: #00ccff\"><em>C. Goller, Jg. 1938<\/em><\/span><\/strong><\/p>\n<hr \/>\n<h2><a title=\"Die Reise meines Lebens\" href=\"https:\/\/unser-quartier.de\/habitare-secum\/2013\/09\/die-reise-meines-lebens-2\/\">Die Reise meines Lebens<\/a><\/h2>\n<p>Wegen der schlimmen Erfahrungen aus den Bombenangriffen auf unsere Heimatstadt Duisburg, insbesondere dem Dreifachangriff vom 14.\/15. Oktober 1944, der als schwerster Luftangriff, der jemals auf eine einzige Stadt bis dahin erfolgte, hatte sich unsere Mutter um eine Evakuierung in weniger luftgef\u00e4hrdete Gebiete bem\u00fcht. Meine \u00e4lteste Schwester war dienstverpflichtet bei der Deutschen Kriegsmarine im heutigen Schleswig- Holstein, und meine zweit\u00e4lteste Schwester befand sich damals mit 15 Jahren in der Kinderlandverschickung in Oberschlesien. Wir, meine Mutter und ich, wurden am 8. Januar 1945 zur Niederlausitz in den Raum Sorau, heute zu Polen geh\u00f6rig, verschickt. <a title=\"Die Reise meines Lebens\" href=\"https:\/\/unser-quartier.de\/habitare-secum\/2013\/09\/die-reise-meines-lebens-2\/\">&#8230;<\/a><\/p>\n","protected":false},"excerpt":{"rendered":"<p>Fl\u00fcchtlingskinder waren meine Freundinnen Wir schrieben das Jahr 1944, mitten im 2. Weltkrieg. Die Bombenangriffe auf Essen fielen in immer k\u00fcrzeren Zeitabst\u00e4nden, da brachten mich meine Eltern, weil ich st\u00e4ndig erk\u00e4ltet war und oft Mandelentz\u00fcndungen hatte, zu Pflegeeltern nach Schoningen im Solling am Harz. In dem Dorf gab es Gott sei Dank kein Hin-und-her-Gezerre mehr &#8230; <a title=\"Heimat Flucht Vertreibung\" class=\"read-more\" href=\"https:\/\/unser-quartier.de\/habitare-secum\/lebenserinnerungen\/heimat-flucht-vertreibung\/\" aria-label=\"Mehr Informationen \u00fcber Heimat Flucht Vertreibung\">Weiterlesen<\/a><\/p>\n","protected":false},"author":27,"featured_media":1324,"parent":1099,"menu_order":2,"comment_status":"open","ping_status":"open","template":"","meta":{"footnotes":""},"class_list":["post-1189","page","type-page","status-publish","has-post-thumbnail"],"jetpack_sharing_enabled":true,"_links":{"self":[{"href":"https:\/\/unser-quartier.de\/habitare-secum\/wp-json\/wp\/v2\/pages\/1189","targetHints":{"allow":["GET"]}}],"collection":[{"href":"https:\/\/unser-quartier.de\/habitare-secum\/wp-json\/wp\/v2\/pages"}],"about":[{"href":"https:\/\/unser-quartier.de\/habitare-secum\/wp-json\/wp\/v2\/types\/page"}],"author":[{"embeddable":true,"href":"https:\/\/unser-quartier.de\/habitare-secum\/wp-json\/wp\/v2\/users\/27"}],"replies":[{"embeddable":true,"href":"https:\/\/unser-quartier.de\/habitare-secum\/wp-json\/wp\/v2\/comments?post=1189"}],"version-history":[{"count":0,"href":"https:\/\/unser-quartier.de\/habitare-secum\/wp-json\/wp\/v2\/pages\/1189\/revisions"}],"up":[{"embeddable":true,"href":"https:\/\/unser-quartier.de\/habitare-secum\/wp-json\/wp\/v2\/pages\/1099"}],"wp:featuredmedia":[{"embeddable":true,"href":"https:\/\/unser-quartier.de\/habitare-secum\/wp-json\/wp\/v2\/media\/1324"}],"wp:attachment":[{"href":"https:\/\/unser-quartier.de\/habitare-secum\/wp-json\/wp\/v2\/media?parent=1189"}],"curies":[{"name":"wp","href":"https:\/\/api.w.org\/{rel}","templated":true}]}}