{"id":1196,"date":"2014-07-31T11:54:38","date_gmt":"2014-07-31T11:54:38","guid":{"rendered":"http:\/\/unser-quartier.de\/habitare-secum\/?page_id=1196"},"modified":"2015-05-15T10:06:26","modified_gmt":"2015-05-15T10:06:26","slug":"besatzung","status":"publish","type":"page","link":"https:\/\/unser-quartier.de\/habitare-secum\/lebenserinnerungen\/besatzung\/","title":{"rendered":"Besatzung"},"content":{"rendered":"<h2><a title=\"Einmarsch der Amerikaner in M\u00fclheim Ruhr\" href=\"https:\/\/unser-quartier.de\/habitare-secum\/2014\/03\/einmarsch-der-amerikaner-in-muelheim-ruhr\/\">Einmarsch der Amerikaner in M\u00fclheim an der Ruhr<\/a><\/h2>\n<p><em>Frau Storks erlebte den Einmarsch der Amerikaner im Alter von 6 Jahren.<\/em><\/p>\n<p>Dann kamen kurz darauf die Amerikaner nach M\u00fclheim. Wir Kinder waren aufgeregt, weil die Eltern aufgeregt waren. &#8211; &#8222;Was passiert jetzt, wenn die jetzt kommen?&#8220; &#8211; Und dann sind wir alle auf diesen Schlackenberg rauf, auf den gr\u00fcnen Weg, da wo heute die Metro steht. Es war ja herrlichstes Wetter! Und dann haben wir sie sternf\u00f6rmig auf M\u00fclheim\u00a0 zukommen sehen. Als sie n\u00e4her die kamen, sind wir nat\u00fcrlich alle wieder runter, weil Panzer dabei waren. Das hat uns erschreckt, die vielen Soldaten, es waren ja Massen von Soldaten. Die kamen immer n\u00e4her und wir sind dann alle rein nach Hause.<\/p>\n<hr \/>\n<h2><a title=\"Einmarsch der Amerikaner in ein kleines Dorf im Solling am Harz 1945\" href=\"https:\/\/unser-quartier.de\/habitare-secum\/2014\/09\/einmarsch-der-amerikaner-in-ein-kleines-dorf-im-solling-am-harz-1945\/\">Einmarsch der Amerikaner in ein kleines Dorf im Solling am Harz, 1945<\/a><\/h2>\n<p>Wir schrieben inzwischen das Jahr 1945. Ich war 7 Jahre alt und schon l\u00e4nger als ein Jahr bei meinen Pflegeeltern in Schoningen. Von Bombardierungen blieben wir weiterhin verschont, aber von Fl\u00fcchtlingsstr\u00f6men nicht.<\/p>\n<p>Zun\u00e4chst fl\u00fcchteten deutsche Soldaten vor den Amerikanern, die in unserem Dorf Zwischenstation machten und baten um \u00dcbernachtung und etwas zu essen. Einen Soldaten nahmen auch meine Pflegeeltern auf. Ich kann mich erinnern, dass er nur kurze Zeit blieb. An einem Tag musste er ins Dorf um etwas zu erledigen entweder f\u00fcr meine Pflegeeltern oder f\u00fcr sich, genau kann ich es nicht mehr sagen, jedenfalls durfte ich mit ihm gehen. Unterwegs sagte er ganz traurig zu mir: \u201eZuhause habe ich auch so ein kleines M\u00e4dchen wie dich, das auf mich wartet und ihren Papa wieder sehen m\u00f6chte. Ich hoffe, dass es eines Tages wahr wird\u201c. Ich w\u00fcnschte es ihm, er war so ein netter Mensch. Jeder sehnte sich zu der Zeit nach irgendeinem Angeh\u00f6rigen. Von meiner Situation wusste er ja auch.<\/p>\n","protected":false},"excerpt":{"rendered":"<p>Einmarsch der Amerikaner in M\u00fclheim an der Ruhr Frau Storks erlebte den Einmarsch der Amerikaner im Alter von 6 Jahren. Dann kamen kurz darauf die Amerikaner nach M\u00fclheim. Wir Kinder waren aufgeregt, weil die Eltern aufgeregt waren. &#8211; &#8222;Was passiert jetzt, wenn die jetzt kommen?&#8220; &#8211; Und dann sind wir alle auf diesen Schlackenberg rauf, &#8230; <a title=\"Besatzung\" class=\"read-more\" href=\"https:\/\/unser-quartier.de\/habitare-secum\/lebenserinnerungen\/besatzung\/\" aria-label=\"Mehr Informationen \u00fcber Besatzung\">Weiterlesen<\/a><\/p>\n","protected":false},"author":27,"featured_media":0,"parent":1099,"menu_order":4,"comment_status":"open","ping_status":"open","template":"","meta":{"footnotes":""},"class_list":["post-1196","page","type-page","status-publish"],"jetpack_sharing_enabled":true,"_links":{"self":[{"href":"https:\/\/unser-quartier.de\/habitare-secum\/wp-json\/wp\/v2\/pages\/1196","targetHints":{"allow":["GET"]}}],"collection":[{"href":"https:\/\/unser-quartier.de\/habitare-secum\/wp-json\/wp\/v2\/pages"}],"about":[{"href":"https:\/\/unser-quartier.de\/habitare-secum\/wp-json\/wp\/v2\/types\/page"}],"author":[{"embeddable":true,"href":"https:\/\/unser-quartier.de\/habitare-secum\/wp-json\/wp\/v2\/users\/27"}],"replies":[{"embeddable":true,"href":"https:\/\/unser-quartier.de\/habitare-secum\/wp-json\/wp\/v2\/comments?post=1196"}],"version-history":[{"count":0,"href":"https:\/\/unser-quartier.de\/habitare-secum\/wp-json\/wp\/v2\/pages\/1196\/revisions"}],"up":[{"embeddable":true,"href":"https:\/\/unser-quartier.de\/habitare-secum\/wp-json\/wp\/v2\/pages\/1099"}],"wp:attachment":[{"href":"https:\/\/unser-quartier.de\/habitare-secum\/wp-json\/wp\/v2\/media?parent=1196"}],"curies":[{"name":"wp","href":"https:\/\/api.w.org\/{rel}","templated":true}]}}