{"id":12,"date":"2012-05-05T09:33:04","date_gmt":"2012-05-05T09:33:04","guid":{"rendered":"http:\/\/unser-quartier.de\/tmp-musterblog\/?page_id=12"},"modified":"2015-05-15T14:13:20","modified_gmt":"2015-05-15T14:13:20","slug":"kontakt","status":"publish","type":"page","link":"https:\/\/unser-quartier.de\/habitare-secum\/kontakt\/","title":{"rendered":"\u00dcber uns"},"content":{"rendered":"<p>Wir sind eine Gruppe von Moderatorinnen, die es sich zur ehrenamtlichen Aufgabe gemacht haben, Erinnerungen zu konservieren. Dabei verfolgen wir folgende Ziele:<\/p>\n<p>Wenn wir unsere Lebensgeschichte verlieren, stehen wir vor dem Nichts. Deshalb will sich unsere Seele \u00a0erinnern. Um die Erinnerungen angemessen durchschreiten zu k\u00f6nnen,\u00a0 muss ihr Raum und Zeit gegeben werden. Mit der Zeitzeugenb\u00f6rse M\u00fclheim an der Ruhr soll\u00a0<strong><em>erlebte Geschichte als Teil einer Erinnerungskultur den Dialog zwischen den Generationen f\u00f6rdern<\/em><\/strong>.<\/p>\n<p>Zeitzeugen erinnern sich an die Zeit des Nationalsozialismus, des Zweiten Weltkrieges, der unmittelbaren Nachkriegs- und Aufbaujahre, aber auch an Jahrestage wie Luftbr\u00fccke, Deutsch-Franz\u00f6sische Freundschaft, Brandts Kniefall, Fall der Berliner Mauer, Vereinigung, Erweiterung der EU usw. Jeder erz\u00e4hlt das, was und wie er es erlebt hat.<\/p>\n<p>Wir begleiten sie bei dem Prozess des sich bewusst Erinnerns. Durch\u00a0die Nachbesprechungen in der Gruppe entsteht ein Zeitzeugnis, das sie gerne weitergeben.<\/p>\n<p>Wir verstehen uns als Moderatorinnen, die diese Prozesse begleiten, Zeitzeugen entsprechend vermitteln und unser Anliegen in die \u00d6ffentlichkeit tragen m\u00f6chten.<\/p>\n<p>&nbsp;<\/p>\n","protected":false},"excerpt":{"rendered":"<p>Wir sind eine Gruppe von Moderatorinnen, die es sich zur ehrenamtlichen Aufgabe gemacht haben, Erinnerungen zu konservieren. Dabei verfolgen wir folgende Ziele: Wenn wir unsere Lebensgeschichte verlieren, stehen wir vor dem Nichts. Deshalb will sich unsere Seele \u00a0erinnern. Um die Erinnerungen angemessen durchschreiten zu k\u00f6nnen,\u00a0 muss ihr Raum und Zeit gegeben werden. Mit der Zeitzeugenb\u00f6rse &#8230; <a title=\"\u00dcber uns\" class=\"read-more\" href=\"https:\/\/unser-quartier.de\/habitare-secum\/kontakt\/\" aria-label=\"Mehr Informationen \u00fcber \u00dcber uns\">Weiterlesen<\/a><\/p>\n","protected":false},"author":27,"featured_media":1662,"parent":0,"menu_order":7,"comment_status":"closed","ping_status":"closed","template":"sidebar-page.php","meta":{"footnotes":""},"class_list":["post-12","page","type-page","status-publish","has-post-thumbnail"],"jetpack_sharing_enabled":true,"_links":{"self":[{"href":"https:\/\/unser-quartier.de\/habitare-secum\/wp-json\/wp\/v2\/pages\/12","targetHints":{"allow":["GET"]}}],"collection":[{"href":"https:\/\/unser-quartier.de\/habitare-secum\/wp-json\/wp\/v2\/pages"}],"about":[{"href":"https:\/\/unser-quartier.de\/habitare-secum\/wp-json\/wp\/v2\/types\/page"}],"author":[{"embeddable":true,"href":"https:\/\/unser-quartier.de\/habitare-secum\/wp-json\/wp\/v2\/users\/27"}],"replies":[{"embeddable":true,"href":"https:\/\/unser-quartier.de\/habitare-secum\/wp-json\/wp\/v2\/comments?post=12"}],"version-history":[{"count":0,"href":"https:\/\/unser-quartier.de\/habitare-secum\/wp-json\/wp\/v2\/pages\/12\/revisions"}],"wp:featuredmedia":[{"embeddable":true,"href":"https:\/\/unser-quartier.de\/habitare-secum\/wp-json\/wp\/v2\/media\/1662"}],"wp:attachment":[{"href":"https:\/\/unser-quartier.de\/habitare-secum\/wp-json\/wp\/v2\/media?parent=12"}],"curies":[{"name":"wp","href":"https:\/\/api.w.org\/{rel}","templated":true}]}}