{"id":1206,"date":"2014-07-31T12:15:07","date_gmt":"2014-07-31T12:15:07","guid":{"rendered":"http:\/\/unser-quartier.de\/habitare-secum\/?page_id=1206"},"modified":"2015-05-26T20:26:49","modified_gmt":"2015-05-26T20:26:49","slug":"feste-und-braeuche","status":"publish","type":"page","link":"https:\/\/unser-quartier.de\/habitare-secum\/lebenserinnerungen\/feste-und-braeuche\/","title":{"rendered":"Feste und Br\u00e4uche"},"content":{"rendered":"<h1>Die Pe-is-Kirmes<\/h1>\n<p>Die Innenstadt von M\u00fclheim glich nach dem st\u00e4rksten Bombenangriff in der Nacht vom 22. auf den 23. Juni 1943 einem Ruinenfeld. Viele Stra\u00dfenz\u00fcge lagen in Schutt und Asche<\/p>\n<p>\u00dcber Jahre hinweg entsprach die heutige Durchgangsstra\u00dfe, die Leineweberstra\u00dfe, einem breiteren Feldweg mit zahlreichen Schlagl\u00f6chern. Und in den Jahren 1950 bis 1952 organisierten die Heimatvereine, allen voran die B\u00fcrgergesellschaft Mausefalle, hier, wie auch zwischen den Tr\u00fcmmerh\u00e4usern der Altstadt, zu Pfingsten die Pfingstkirmes, die so genannte <a href=\"https:\/\/unser-quartier.de\/habitare-secum\/?p=2028\">&#8222;Pe-is-Kirmes&#8220; <\/a>(M\u00f6lmsch-Platt), die mit dazu beitragen sollte, Mittel f\u00fcr den Aufbau des durch Bomben zerst\u00f6rten Umfeldes zu gewinnen. Rund um den Kirchenh\u00fcgel wurde jedes Tr\u00fcmmergrundst\u00fcck ausgenutzt, um Buden und Karussells aufzubauen.<\/p>\n<hr \/>\n<p>&nbsp;<\/p>\n","protected":false},"excerpt":{"rendered":"<p>Die Pe-is-Kirmes Die Innenstadt von M\u00fclheim glich nach dem st\u00e4rksten Bombenangriff in der Nacht vom 22. auf den 23. Juni 1943 einem Ruinenfeld. Viele Stra\u00dfenz\u00fcge lagen in Schutt und Asche \u00dcber Jahre hinweg entsprach die heutige Durchgangsstra\u00dfe, die Leineweberstra\u00dfe, einem breiteren Feldweg mit zahlreichen Schlagl\u00f6chern. Und in den Jahren 1950 bis 1952 organisierten die Heimatvereine, &#8230; <a title=\"Feste und Br\u00e4uche\" class=\"read-more\" href=\"https:\/\/unser-quartier.de\/habitare-secum\/lebenserinnerungen\/feste-und-braeuche\/\" aria-label=\"Mehr Informationen \u00fcber Feste und Br\u00e4uche\">Weiterlesen<\/a><\/p>\n","protected":false},"author":27,"featured_media":0,"parent":1099,"menu_order":7,"comment_status":"open","ping_status":"open","template":"","meta":{"footnotes":""},"class_list":["post-1206","page","type-page","status-publish"],"jetpack_sharing_enabled":true,"_links":{"self":[{"href":"https:\/\/unser-quartier.de\/habitare-secum\/wp-json\/wp\/v2\/pages\/1206","targetHints":{"allow":["GET"]}}],"collection":[{"href":"https:\/\/unser-quartier.de\/habitare-secum\/wp-json\/wp\/v2\/pages"}],"about":[{"href":"https:\/\/unser-quartier.de\/habitare-secum\/wp-json\/wp\/v2\/types\/page"}],"author":[{"embeddable":true,"href":"https:\/\/unser-quartier.de\/habitare-secum\/wp-json\/wp\/v2\/users\/27"}],"replies":[{"embeddable":true,"href":"https:\/\/unser-quartier.de\/habitare-secum\/wp-json\/wp\/v2\/comments?post=1206"}],"version-history":[{"count":0,"href":"https:\/\/unser-quartier.de\/habitare-secum\/wp-json\/wp\/v2\/pages\/1206\/revisions"}],"up":[{"embeddable":true,"href":"https:\/\/unser-quartier.de\/habitare-secum\/wp-json\/wp\/v2\/pages\/1099"}],"wp:attachment":[{"href":"https:\/\/unser-quartier.de\/habitare-secum\/wp-json\/wp\/v2\/media?parent=1206"}],"curies":[{"name":"wp","href":"https:\/\/api.w.org\/{rel}","templated":true}]}}