{"id":1216,"date":"2014-07-31T12:25:12","date_gmt":"2014-07-31T12:25:12","guid":{"rendered":"http:\/\/unser-quartier.de\/habitare-secum\/?page_id=1216"},"modified":"2015-03-29T14:55:06","modified_gmt":"2015-03-29T14:55:06","slug":"persoenliches","status":"publish","type":"page","link":"https:\/\/unser-quartier.de\/habitare-secum\/lebenserinnerungen\/persoenliches\/","title":{"rendered":"Pers\u00f6nliches"},"content":{"rendered":"<h2><a title=\"Die Reise meines Lebens\" href=\"https:\/\/unser-quartier.de\/habitare-secum\/2014\/09\/die-reise-meines-lebens\/\">Die gro\u00dfe Reise meines Lebens<\/a><\/h2>\n<p>Bevor ich \u00fcber die Reise meines Lebens berichte, m\u00f6chte ich noch erw\u00e4hnen, wie ich auf die Idee gekommen bin, diese \u201eReise meines Lebens\u201c\u00a0 zu machen.<\/p>\n<p>Ich war ca. 20 Jahre alt, also 1958, da habe ich einen Film mit Lilli Palmer und Carlos Thompson im Fernsehen gesehen. \u00a0Der Film hie\u00df: \u201eZwischen Zeit und Ewigkeit\u201c. Er spielte auf Mallorca, und zwar \u00fcberwiegend in einem Fischerdorf. Die Bilder dieser Landschaft aber auch die Handlung faszinierten mich derart, dass ich den Wunsch hatte, dieser Insel mal einen Besuch abzustatten.<\/p>\n<p>Im Jahre 1960, ich war 22 Jahre alt, war es dann soweit. Es ging\u00a0ausgerechnet in ein Fischerdorf, also wie im Film beschrieben: Romantik pur!\u00a0Ich war sehr gespannt auf diese Reise, denn es war ja meine erste gro\u00dfe Reise nach Spanien.\u00a0\u00a0<a title=\"Die Reise meines Lebens\" href=\"https:\/\/unser-quartier.de\/habitare-secum\/2014\/09\/die-reise-meines-lebens\/\">Weiterlesen\u00a0<span class=\"meta-nav\">\u2192<\/span><\/a><\/p>\n<hr \/>\n<h2><a title=\"Eine Freundschaft geht nie in Rente\" href=\"https:\/\/unser-quartier.de\/habitare-secum\/2013\/09\/eine-freundschaft-geht-nie-in-rente\/\">Eine Freundschaft geht nie in Rente<\/a><\/h2>\n<p>Eine acht Jahrzehnte alte Freundschaft\u00a0 ist in der R\u00fcckschau schon geheimnisvoll und zauberhaft. Die erste Liebe auch nicht Peter, ich erz\u00e4hle es Dir.<\/p>\n<p>\u201eKommt der kleine Junge zum Spielen?\u201c \u2013 Ja, das habe ich vor 80 Jahren, 1932, gefragt, als \u00fcber uns eine neue Familie einzog. Es war ein altes sch\u00f6nes Haus in Berlin, gebaut im Jugendstil. Wir lieben es noch heute. Und Peter kam zum Spielen, ob auf den Hof oder mit anderen Kindern V\u00f6lkerball auf der Stra\u00dfe. Wir sind zusammen auf B\u00e4ume geklettert, haben Froschlaich im nahen Flie\u00df gefischt, haben Radtouren gemacht und sind schwimmen gegangen. Wir wurden mit 5 Jahren eben dicke \u00a0Freunde.\u00a0\u00a0<a title=\"Eine Freundschaft geht nie in Rente\" href=\"https:\/\/unser-quartier.de\/habitare-secum\/2013\/09\/eine-freundschaft-geht-nie-in-rente\/\">Weiterlesen\u00a0<span class=\"meta-nav\">\u2192<\/span><\/a><\/p>\n","protected":false},"excerpt":{"rendered":"<p>Die gro\u00dfe Reise meines Lebens Bevor ich \u00fcber die Reise meines Lebens berichte, m\u00f6chte ich noch erw\u00e4hnen, wie ich auf die Idee gekommen bin, diese \u201eReise meines Lebens\u201c\u00a0 zu machen. Ich war ca. 20 Jahre alt, also 1958, da habe ich einen Film mit Lilli Palmer und Carlos Thompson im Fernsehen gesehen. \u00a0Der Film hie\u00df: &#8230; <a title=\"Pers\u00f6nliches\" class=\"read-more\" href=\"https:\/\/unser-quartier.de\/habitare-secum\/lebenserinnerungen\/persoenliches\/\" aria-label=\"Mehr Informationen \u00fcber Pers\u00f6nliches\">Weiterlesen<\/a><\/p>\n","protected":false},"author":27,"featured_media":977,"parent":1099,"menu_order":8,"comment_status":"open","ping_status":"open","template":"","meta":{"footnotes":""},"class_list":["post-1216","page","type-page","status-publish","has-post-thumbnail"],"jetpack_sharing_enabled":true,"_links":{"self":[{"href":"https:\/\/unser-quartier.de\/habitare-secum\/wp-json\/wp\/v2\/pages\/1216","targetHints":{"allow":["GET"]}}],"collection":[{"href":"https:\/\/unser-quartier.de\/habitare-secum\/wp-json\/wp\/v2\/pages"}],"about":[{"href":"https:\/\/unser-quartier.de\/habitare-secum\/wp-json\/wp\/v2\/types\/page"}],"author":[{"embeddable":true,"href":"https:\/\/unser-quartier.de\/habitare-secum\/wp-json\/wp\/v2\/users\/27"}],"replies":[{"embeddable":true,"href":"https:\/\/unser-quartier.de\/habitare-secum\/wp-json\/wp\/v2\/comments?post=1216"}],"version-history":[{"count":0,"href":"https:\/\/unser-quartier.de\/habitare-secum\/wp-json\/wp\/v2\/pages\/1216\/revisions"}],"up":[{"embeddable":true,"href":"https:\/\/unser-quartier.de\/habitare-secum\/wp-json\/wp\/v2\/pages\/1099"}],"wp:featuredmedia":[{"embeddable":true,"href":"https:\/\/unser-quartier.de\/habitare-secum\/wp-json\/wp\/v2\/media\/977"}],"wp:attachment":[{"href":"https:\/\/unser-quartier.de\/habitare-secum\/wp-json\/wp\/v2\/media?parent=1216"}],"curies":[{"name":"wp","href":"https:\/\/api.w.org\/{rel}","templated":true}]}}