{"id":1291,"date":"2014-07-31T16:37:38","date_gmt":"2014-07-31T16:37:38","guid":{"rendered":"http:\/\/unser-quartier.de\/habitare-secum\/?page_id=1291"},"modified":"2015-03-29T15:01:17","modified_gmt":"2015-03-29T15:01:17","slug":"gaeste","status":"publish","type":"page","link":"https:\/\/unser-quartier.de\/habitare-secum\/veranstaltungen\/gaeste\/","title":{"rendered":"G\u00e4ste"},"content":{"rendered":"<header>\n<h2><a title=\"Zeitzeuge f\u00fcr ein russisches Filmprojekt\" href=\"https:\/\/unser-quartier.de\/habitare-secum\/2015\/01\/zeitzeuge-fuer-ein-russisches-filmprojekt\/\">Zeitzeuge f\u00fcr ein russisches Filmprojekt<\/a><\/h2>\n<\/header>\n<div class=\"entry-content\">\n<div class=\"pf-content\">\n<p>Durch Zusammenarbeit mit der <a href=\"http:\/\/www.zeitzeugenboerse.de\" target=\"_blank\">Zeitzeugenb\u00f6rse Berlin<\/a> vereinbarte das russische Fernsehen einen Interview- und Aufnahmetermin des russischen Kultursenders\u00a0<b><i>TV-Kultura\u00a0<\/i><\/b>mit der Zeitzeugenb\u00f6rse M\u00fclheim\/Ruhr zum 11.12.2014. Aus russischen Archiven \u00fcber den Zweiten Weltkrieg machte man die Unterlagen des Zeitzeugen\u00a0<b><i>Werner Winkler\u00a0<\/i><\/b>ausfindig, der in den letzten Kriegstagen des Jahres 1945 von der einmarschierenden Roten Armee im Alter von 15 Jahren aus seiner Heimat Schlesien mit weiteren m\u00e4nnlichen Zivilisten seiner Heimat nach Russland zur Zwangsarbeit verschleppt wurde. <a title=\"Zeitzeuge f\u00fcr ein russisches Filmprojekt\" href=\"https:\/\/unser-quartier.de\/habitare-secum\/2015\/01\/zeitzeuge-fuer-ein-russisches-filmprojekt\/\"><em>Weiterlesen<\/em>\u00a0\u21d2<\/a><\/p>\n<\/div>\n<\/div>\n<hr \/>\n<p><span style=\"color: #3366ff\"><strong>Besuch vom Seniorenbeirat und Vertretern der Stadt M\u00fclheim<\/strong><\/span><\/p>\n<p>Am 20.02.2013 besuchten uns Frau Klein vom Seniorenbeirat und Herr Marx vom Sozialamt der Stadt M\u00fclheim\/Ruhr. Beide waren Wegbereiter bei der Raumsuche f\u00fcr unsere monatlichen Treffen. Der Gesch\u00e4ftsf\u00fchrer des Sommerhofs war als Hausherr ebenfalls gekommen.<\/p>\n","protected":false},"excerpt":{"rendered":"<p>Zeitzeuge f\u00fcr ein russisches Filmprojekt Durch Zusammenarbeit mit der Zeitzeugenb\u00f6rse Berlin vereinbarte das russische Fernsehen einen Interview- und Aufnahmetermin des russischen Kultursenders\u00a0TV-Kultura\u00a0mit der Zeitzeugenb\u00f6rse M\u00fclheim\/Ruhr zum 11.12.2014. Aus russischen Archiven \u00fcber den Zweiten Weltkrieg machte man die Unterlagen des Zeitzeugen\u00a0Werner Winkler\u00a0ausfindig, der in den letzten Kriegstagen des Jahres 1945 von der einmarschierenden Roten Armee im &#8230; <a title=\"G\u00e4ste\" class=\"read-more\" href=\"https:\/\/unser-quartier.de\/habitare-secum\/veranstaltungen\/gaeste\/\" aria-label=\"Mehr Informationen \u00fcber G\u00e4ste\">Weiterlesen<\/a><\/p>\n","protected":false},"author":27,"featured_media":518,"parent":884,"menu_order":2,"comment_status":"open","ping_status":"open","template":"","meta":{"footnotes":""},"class_list":["post-1291","page","type-page","status-publish","has-post-thumbnail"],"jetpack_sharing_enabled":true,"_links":{"self":[{"href":"https:\/\/unser-quartier.de\/habitare-secum\/wp-json\/wp\/v2\/pages\/1291","targetHints":{"allow":["GET"]}}],"collection":[{"href":"https:\/\/unser-quartier.de\/habitare-secum\/wp-json\/wp\/v2\/pages"}],"about":[{"href":"https:\/\/unser-quartier.de\/habitare-secum\/wp-json\/wp\/v2\/types\/page"}],"author":[{"embeddable":true,"href":"https:\/\/unser-quartier.de\/habitare-secum\/wp-json\/wp\/v2\/users\/27"}],"replies":[{"embeddable":true,"href":"https:\/\/unser-quartier.de\/habitare-secum\/wp-json\/wp\/v2\/comments?post=1291"}],"version-history":[{"count":0,"href":"https:\/\/unser-quartier.de\/habitare-secum\/wp-json\/wp\/v2\/pages\/1291\/revisions"}],"up":[{"embeddable":true,"href":"https:\/\/unser-quartier.de\/habitare-secum\/wp-json\/wp\/v2\/pages\/884"}],"wp:featuredmedia":[{"embeddable":true,"href":"https:\/\/unser-quartier.de\/habitare-secum\/wp-json\/wp\/v2\/media\/518"}],"wp:attachment":[{"href":"https:\/\/unser-quartier.de\/habitare-secum\/wp-json\/wp\/v2\/media?parent=1291"}],"curies":[{"name":"wp","href":"https:\/\/api.w.org\/{rel}","templated":true}]}}