{"id":1296,"date":"2014-07-31T16:46:07","date_gmt":"2014-07-31T16:46:07","guid":{"rendered":"http:\/\/unser-quartier.de\/habitare-secum\/?page_id=1296"},"modified":"2017-07-23T12:38:53","modified_gmt":"2017-07-23T12:38:53","slug":"exkursionen","status":"publish","type":"page","link":"https:\/\/unser-quartier.de\/habitare-secum\/veranstaltungen\/exkursionen\/","title":{"rendered":"Exkursionen"},"content":{"rendered":"<figure id=\"attachment_1702\" aria-describedby=\"caption-attachment-1702\" style=\"width: 140px\" class=\"wp-caption alignleft\"><a href=\"https:\/\/unser-quartier.de\/habitare-secum\/2015\/04\/besichtigung-der-duisburger-synagoge\/100_1290\/\" rel=\"attachment wp-att-1702\"><img loading=\"lazy\" decoding=\"async\" data-attachment-id=\"1702\" data-permalink=\"https:\/\/unser-quartier.de\/habitare-secum\/2015\/04\/besichtigung-der-duisburger-synagoge\/100_1290\/#main\" data-orig-file=\"https:\/\/unser-quartier.de\/habitare-secum\/files\/2015\/04\/100_1290.jpg\" data-orig-size=\"2048,1365\" data-comments-opened=\"1\" data-image-meta=\"{&quot;aperture&quot;:&quot;0&quot;,&quot;credit&quot;:&quot;&quot;,&quot;camera&quot;:&quot;&quot;,&quot;caption&quot;:&quot;&quot;,&quot;created_timestamp&quot;:&quot;0&quot;,&quot;copyright&quot;:&quot;&quot;,&quot;focal_length&quot;:&quot;0&quot;,&quot;iso&quot;:&quot;0&quot;,&quot;shutter_speed&quot;:&quot;0&quot;,&quot;title&quot;:&quot;&quot;,&quot;orientation&quot;:&quot;0&quot;}\" data-image-title=\"Duisburger Synagoge\" data-image-description=\"\" data-image-caption=\"&lt;p&gt;Foto, privat: Ernst van Megern&lt;\/p&gt;\n\" data-medium-file=\"https:\/\/unser-quartier.de\/habitare-secum\/files\/2015\/04\/100_1290-300x200.jpg\" data-large-file=\"https:\/\/unser-quartier.de\/habitare-secum\/files\/2015\/04\/100_1290-1024x683.jpg\" class=\"size-thumbnail wp-image-1702\" src=\"https:\/\/unser-quartier.de\/habitare-secum\/files\/2015\/04\/100_1290-150x150.jpg\" alt=\"Foto, privat: Ernst van Megern\" width=\"150\" height=\"150\" \/><\/a><figcaption id=\"caption-attachment-1702\" class=\"wp-caption-text\">Foto, privat: Ernst van Megern<\/figcaption><\/figure>\n<p><a title=\"Besichtigung der Duisburger Synagoge\" href=\"https:\/\/unser-quartier.de\/habitare-secum\/2015\/04\/besichtigung-der-duisburger-synagoge\/\" target=\"_blank\" rel=\"noopener\">Besichtigung<strong> der Synagoge in Duisburg<\/strong><\/a><\/p>\n<p>Der Termin zur Besichtigung der\u00a0 <a title=\"Synagoge Duisburg \u2013 Wikipedia\" href=\"http:\/\/de.wikipedia.org\/wiki\/Synagoge_Duisburg\" target=\"_blank\" rel=\"noopener\">Synagoge am Springwall 16 in Duisburg<\/a> am 11. M\u00e4rz 2015 um 10.00 Uhr\u00a0<b>\u00a0<\/b>kam \u00fcber den Gesch\u00e4ftsf\u00fchrer der j\u00fcdischen Gemeinde,\u00a0 Michael Rubinstein, zustande. Die ehrenamtliche Synagogen-F\u00fchrung \u00fcbernahm\u00a0 Gemeindemitglied \/ Historiker\u00a0 Dr. Heid. Er\u00a0 informierte uns \u00fcber den Garten der Erinnerung, in dem die Synagoge steht, Redensarten jiddisch-hebr\u00e4-ischen Ursprungs, die alte Duisburger Synagoge, die neue Duisburger Synagoge, die heutige\u00a0 J\u00fcdische Gemeinde Duisburg-M\u00fclheim-Oberhausen und \u00fcber j\u00fcdische Gesetze und Riten. Alle Zeitzeugen konnten nachempfinden, wie sehr Dr. Heid das Judentum am Herzen liegt. Die &#8222;Zeitzeugen&#8220; bedanken sich ganz herzlich bei ihm f\u00fcr seine interessanten und lehrreichen Ausf\u00fchrungen, die man so schnell nicht vergisst.<\/p>\n<hr \/>\n<p><a title=\"Erz\u00e4hlcaf\u00e9 D\u00fcsseldorf\" href=\"https:\/\/unser-quartier.de\/habitare-secum\/2012\/11\/erzahlcafe-dusseldorf\/\">Erz\u00e4hlcaf\u00e9 D\u00fcsseldorf<\/a><\/p>\n<p><strong><a href=\"http:\/\/de.wikipedia.org\/wiki\/Erz%C3%A4hlcaf%C3%A9\">Erz\u00e4hlcaf\u00e9s<\/a>\u00a0<\/strong>wurden nach amerikanischem Vorbild erstmals in den 80-er Jahren des letzten Jahrhunderts in Deutschland gegr\u00fcndet. Es ist ein moderiertes Forum f\u00fcr erlebte Geschichte. Pers\u00f6nliche Erinnerungen und Lebenserfahrungen stehen im Mittelpunkt und werden erz\u00e4hlt und ausgetauscht. Die in der Regel lebendige Athmosph\u00e4re bietet einen halbgesch\u00fctzten Raum f\u00fcr Reflexionen.<\/p>\n<hr \/>\n<p>&nbsp;<\/p>\n","protected":false},"excerpt":{"rendered":"<p>Besichtigung der Synagoge in Duisburg Der Termin zur Besichtigung der\u00a0 Synagoge am Springwall 16 in Duisburg am 11. M\u00e4rz 2015 um 10.00 Uhr\u00a0\u00a0kam \u00fcber den Gesch\u00e4ftsf\u00fchrer der j\u00fcdischen Gemeinde,\u00a0 Michael Rubinstein, zustande. Die ehrenamtliche Synagogen-F\u00fchrung \u00fcbernahm\u00a0 Gemeindemitglied \/ Historiker\u00a0 Dr. Heid. Er\u00a0 informierte uns \u00fcber den Garten der Erinnerung, in dem die Synagoge steht, Redensarten &#8230; <a title=\"Exkursionen\" class=\"read-more\" href=\"https:\/\/unser-quartier.de\/habitare-secum\/veranstaltungen\/exkursionen\/\" aria-label=\"Mehr Informationen \u00fcber Exkursionen\">Weiterlesen<\/a><\/p>\n","protected":false},"author":27,"featured_media":518,"parent":884,"menu_order":1,"comment_status":"open","ping_status":"open","template":"","meta":{"footnotes":""},"class_list":["post-1296","page","type-page","status-publish","has-post-thumbnail"],"jetpack_sharing_enabled":true,"_links":{"self":[{"href":"https:\/\/unser-quartier.de\/habitare-secum\/wp-json\/wp\/v2\/pages\/1296","targetHints":{"allow":["GET"]}}],"collection":[{"href":"https:\/\/unser-quartier.de\/habitare-secum\/wp-json\/wp\/v2\/pages"}],"about":[{"href":"https:\/\/unser-quartier.de\/habitare-secum\/wp-json\/wp\/v2\/types\/page"}],"author":[{"embeddable":true,"href":"https:\/\/unser-quartier.de\/habitare-secum\/wp-json\/wp\/v2\/users\/27"}],"replies":[{"embeddable":true,"href":"https:\/\/unser-quartier.de\/habitare-secum\/wp-json\/wp\/v2\/comments?post=1296"}],"version-history":[{"count":0,"href":"https:\/\/unser-quartier.de\/habitare-secum\/wp-json\/wp\/v2\/pages\/1296\/revisions"}],"up":[{"embeddable":true,"href":"https:\/\/unser-quartier.de\/habitare-secum\/wp-json\/wp\/v2\/pages\/884"}],"wp:featuredmedia":[{"embeddable":true,"href":"https:\/\/unser-quartier.de\/habitare-secum\/wp-json\/wp\/v2\/media\/518"}],"wp:attachment":[{"href":"https:\/\/unser-quartier.de\/habitare-secum\/wp-json\/wp\/v2\/media?parent=1296"}],"curies":[{"name":"wp","href":"https:\/\/api.w.org\/{rel}","templated":true}]}}