{"id":14,"date":"2012-05-05T09:35:33","date_gmt":"2012-05-05T09:35:33","guid":{"rendered":"http:\/\/unser-quartier.de\/tmp-musterblog\/?page_id=14"},"modified":"2015-04-29T16:50:16","modified_gmt":"2015-04-29T16:50:16","slug":"links","status":"publish","type":"page","link":"https:\/\/unser-quartier.de\/habitare-secum\/startseite\/links\/","title":{"rendered":"Links"},"content":{"rendered":"<p><strong>Zeitzeugenb\u00f6rsen<\/strong><\/p>\n<ul>\n<li><a href=\"http:\/\/www.archiv-der-zeitzeugen.com\">Archiv<\/a><\/li>\n<li><a href=\"http:\/\/www.zeitzeugenboerse.de\/\">ZZB Berlin<\/a><\/li>\n<li><a href=\"http:\/\/seniorenbuero-hamburg.de\/zeitzeugenboerse\">ZZB Hamburg<\/a><\/li>\n<li><a href=\"http:\/\/www.zeitzeugenboerse-koeln.de\/\" class=\"broken_link\">ZZB K\u00f6ln<\/a><\/li>\n<li><a href=\"\/\/www.duisburgweb.de\/DU_historisch_heute\/zeitzeugenboerse.htm\">ZZB Duisburg<\/a><\/li>\n<li><a href=\"http:\/\/www.seniorfirst.de\/blog\/die-zeitzeugenborsen-wissen-und-erfahrungen-erhalten\/\" target=\"_blank\">Wissen und Erfahrung erhalten<\/a><\/li>\n<\/ul>\n<p><a href=\"https:\/\/unser-quartier.de\/habitare-secum\/kontakt\/presse\/\" target=\"_blank\">Presseartikel<\/a><\/p>\n<p><strong>Sonstiges:<\/strong><\/p>\n<p>Die Zeitzeugenb\u00f6rse als Projekt der Gruppe <a href=\"http:\/\/www.efi-mh.de\/projekte\/kultur\/zeitzeugenboerse\/\" target=\"_blank\">EFI in M\u00fclheim an der Ruhr<\/a><\/p>\n<p>&nbsp;<\/p>\n<p><!--more--><\/p>\n<p>&nbsp;<\/p>\n<p>&nbsp;<\/p>\n","protected":false},"excerpt":{"rendered":"<p>Zeitzeugenb\u00f6rsen Archiv ZZB Berlin ZZB Hamburg ZZB K\u00f6ln ZZB Duisburg Wissen und Erfahrung erhalten Presseartikel Sonstiges: Die Zeitzeugenb\u00f6rse als Projekt der Gruppe EFI in M\u00fclheim an der Ruhr &nbsp;<\/p>\n","protected":false},"author":27,"featured_media":540,"parent":28,"menu_order":2,"comment_status":"closed","ping_status":"closed","template":"sidebar-page.php","meta":{"footnotes":""},"class_list":["post-14","page","type-page","status-publish","has-post-thumbnail"],"jetpack_sharing_enabled":true,"_links":{"self":[{"href":"https:\/\/unser-quartier.de\/habitare-secum\/wp-json\/wp\/v2\/pages\/14","targetHints":{"allow":["GET"]}}],"collection":[{"href":"https:\/\/unser-quartier.de\/habitare-secum\/wp-json\/wp\/v2\/pages"}],"about":[{"href":"https:\/\/unser-quartier.de\/habitare-secum\/wp-json\/wp\/v2\/types\/page"}],"author":[{"embeddable":true,"href":"https:\/\/unser-quartier.de\/habitare-secum\/wp-json\/wp\/v2\/users\/27"}],"replies":[{"embeddable":true,"href":"https:\/\/unser-quartier.de\/habitare-secum\/wp-json\/wp\/v2\/comments?post=14"}],"version-history":[{"count":0,"href":"https:\/\/unser-quartier.de\/habitare-secum\/wp-json\/wp\/v2\/pages\/14\/revisions"}],"up":[{"embeddable":true,"href":"https:\/\/unser-quartier.de\/habitare-secum\/wp-json\/wp\/v2\/pages\/28"}],"wp:featuredmedia":[{"embeddable":true,"href":"https:\/\/unser-quartier.de\/habitare-secum\/wp-json\/wp\/v2\/media\/540"}],"wp:attachment":[{"href":"https:\/\/unser-quartier.de\/habitare-secum\/wp-json\/wp\/v2\/media?parent=14"}],"curies":[{"name":"wp","href":"https:\/\/api.w.org\/{rel}","templated":true}]}}