{"id":1808,"date":"2015-05-14T09:37:31","date_gmt":"2015-05-14T09:37:31","guid":{"rendered":"http:\/\/unser-quartier.de\/habitare-secum\/?page_id=1808"},"modified":"2015-05-15T10:16:01","modified_gmt":"2015-05-15T10:16:01","slug":"projekte","status":"publish","type":"page","link":"https:\/\/unser-quartier.de\/habitare-secum\/veranstaltungen\/projekte\/","title":{"rendered":"Projekte"},"content":{"rendered":"<h1><a href=\"https:\/\/unser-quartier.de\/habitare-secum\/2015\/01\/zeitzeuge-fuer-ein-russisches-filmprojekt\/\">Ein russisches Filmprojekt<\/a><\/h1>\n<p>Durch Zusammenarbeit mit der Zeitzeugenb\u00f6rse Berlin vereinbarte das russische Fernsehen einen Interview- und Aufnahmetermin des russischen Kultursenders\u00a0<b><i><a href=\"http:\/\/tvkultura.ru\" target=\"_blank\">TV-Kultura<\/a>\u00a0<\/i><\/b>mit der Zeitzeugenb\u00f6rse M\u00fclheim\/Ruhr zum 11.12.2014. Aus russischen Archiven \u00fcber den Zweiten Weltkrieg machte man die Unterlagen des Zeitzeugen\u00a0<b><i><a href=\"https:\/\/unser-quartier.de\/habitare-secum\/lebenserinnerungen\/nachkriegs-und-aufbaujahre\/zeitzeugen-stellen-sich-vor-2\/\">Werner Winkler<\/a>\u00a0<\/i><\/b>ausfindig, der in den letzten Kriegstagen des Jahres 1945 von der einmarschierenden Roten Armee im Alter von 15 Jahren aus seiner Heimat Schlesien mit weiteren m\u00e4nnlichen Zivilisten seiner Heimat nach Russland zur Zwangsarbeit verschleppt wurde.<\/p>\n<hr \/>\n<p><strong><a href=\"https:\/\/unser-quartier.de\/habitare-secum\/veranstaltungen\/projekte\/der-koffer-der-erinnerung\/\">Kofferprojekt: Das Fenster zur Vergangenheit<\/a><\/strong><\/p>\n<p>\u201eDie Erinnerung ist das einzige Paradies, woraus wir nicht vertrieben werden k\u00f6nnen.\u201c Mit diesen Worten beschreibt der Dichter Jean Paul die Bedeutung und den Wert des Erinnerns und Erz\u00e4hlens.<\/p>\n<p>Norberto Bobbio* meint: Wir sind, was wir erinnern. Die Summe unserer Erinnerungen bedingt unsere Identit\u00e4t. Diese Identit\u00e4t besteht aus Geschichten, die wir \u00fcber uns erz\u00e4hlen (k\u00f6nnen) und die uns wieder von anderen erz\u00e4hlt werden. Ausl\u00f6ser f\u00fcr Erinnerungen\u00a0k\u00f6nnen Worte, Ger\u00e4usche, Bewegungen, Ger\u00fcche, Bilder, Gegenst\u00e4nde, Situationen sein.<\/p>\n<p>Im Januar 2013 packten unsere Zeitzeugen ihre Geschichten\u00a0<strong>in Koffer<\/strong>.\u00a0Sie packten alte, neue, geliehene Koffer mit ihren Lebenserinnerungen an Kindheit und Jugend, Flucht und Vertreibung, Beruf und Reisen. Und da kam einiges zusammen: Schelllackplatten, alte Puppen, der erste abgeschnittene Zopf, Strickliesel, Poesiealbum, aber auch Erinnerungen an die Internierung, an Stunden und Tage im Luftschutzkeller u.a.m. Liebevoll wurden die Objekte in den Koffern drappiert, manche auf einer eigens hierf\u00fcr entworfenen Unterlage. Hier wurden Dinge eingepackt, die etwas \u00fcber sie selbt sagen. Beim Betrachten werden Erinnerungen geweckt und die damit verbundenen Gef\u00fchle. Vergangen- oder Verloren-Geglaubtes werden sp\u00fcrbar. Fremdes und Vertrautes mischen sich in Gedanken und Gef\u00fchlen.<\/p>\n","protected":false},"excerpt":{"rendered":"<p>Ein russisches Filmprojekt Durch Zusammenarbeit mit der Zeitzeugenb\u00f6rse Berlin vereinbarte das russische Fernsehen einen Interview- und Aufnahmetermin des russischen Kultursenders\u00a0TV-Kultura\u00a0mit der Zeitzeugenb\u00f6rse M\u00fclheim\/Ruhr zum 11.12.2014. Aus russischen Archiven \u00fcber den Zweiten Weltkrieg machte man die Unterlagen des Zeitzeugen\u00a0Werner Winkler\u00a0ausfindig, der in den letzten Kriegstagen des Jahres 1945 von der einmarschierenden Roten Armee im Alter von &#8230; <a title=\"Projekte\" class=\"read-more\" href=\"https:\/\/unser-quartier.de\/habitare-secum\/veranstaltungen\/projekte\/\" aria-label=\"Mehr Informationen \u00fcber Projekte\">Weiterlesen<\/a><\/p>\n","protected":false},"author":27,"featured_media":0,"parent":884,"menu_order":3,"comment_status":"open","ping_status":"open","template":"","meta":{"footnotes":""},"class_list":["post-1808","page","type-page","status-publish"],"jetpack_sharing_enabled":true,"_links":{"self":[{"href":"https:\/\/unser-quartier.de\/habitare-secum\/wp-json\/wp\/v2\/pages\/1808","targetHints":{"allow":["GET"]}}],"collection":[{"href":"https:\/\/unser-quartier.de\/habitare-secum\/wp-json\/wp\/v2\/pages"}],"about":[{"href":"https:\/\/unser-quartier.de\/habitare-secum\/wp-json\/wp\/v2\/types\/page"}],"author":[{"embeddable":true,"href":"https:\/\/unser-quartier.de\/habitare-secum\/wp-json\/wp\/v2\/users\/27"}],"replies":[{"embeddable":true,"href":"https:\/\/unser-quartier.de\/habitare-secum\/wp-json\/wp\/v2\/comments?post=1808"}],"version-history":[{"count":0,"href":"https:\/\/unser-quartier.de\/habitare-secum\/wp-json\/wp\/v2\/pages\/1808\/revisions"}],"up":[{"embeddable":true,"href":"https:\/\/unser-quartier.de\/habitare-secum\/wp-json\/wp\/v2\/pages\/884"}],"wp:attachment":[{"href":"https:\/\/unser-quartier.de\/habitare-secum\/wp-json\/wp\/v2\/media?parent=1808"}],"curies":[{"name":"wp","href":"https:\/\/api.w.org\/{rel}","templated":true}]}}