{"id":1854,"date":"2015-05-14T16:21:22","date_gmt":"2015-05-14T16:21:22","guid":{"rendered":"http:\/\/unser-quartier.de\/habitare-secum\/?page_id=1854"},"modified":"2015-05-14T16:59:02","modified_gmt":"2015-05-14T16:59:02","slug":"nachkriegs-und-aufbaujahre","status":"publish","type":"page","link":"https:\/\/unser-quartier.de\/habitare-secum\/lebenserinnerungen\/kindheit-und-jugend\/nachkriegs-und-aufbaujahre\/","title":{"rendered":"Nachkriegs- und Aufbaujahre"},"content":{"rendered":"<h1>Die erste gro\u00dfe Reisewelle <em>oder<\/em>: <a href=\"https:\/\/unser-quartier.de\/habitare-secum\/2014\/09\/die-reise-meines-lebens\/\" target=\"_blank\">Die Reise meines Lebens<\/a><\/h1>\n<p>Bevor ich \u00fcber die Reise meines Lebens berichte, m\u00f6chte ich noch erw\u00e4hnen, wie ich auf die Idee gekommen bin, diese \u201eReise meines Lebens\u201c\u00a0 zu machen.<\/p>\n<p>Ich war ca. 20 Jahre alt, also 1958, da habe ich einen Film mit Lilli Palmer und Carlos Thompson im Fernsehen gesehen. \u00a0Der Film hie\u00df: \u201eZwischen Zeit und Ewigkeit\u201c. Er spielte auf Mallorca, und zwar \u00fcberwiegend in einem Fischerdorf. Die Bilder dieser Landschaft aber auch die Handlung faszinierten mich derart, dass ich den Wunsch hatte, dieser Insel mal einen Besuch abzustatten.<\/p>\n","protected":false},"excerpt":{"rendered":"<p>Die erste gro\u00dfe Reisewelle oder: Die Reise meines Lebens Bevor ich \u00fcber die Reise meines Lebens berichte, m\u00f6chte ich noch erw\u00e4hnen, wie ich auf die Idee gekommen bin, diese \u201eReise meines Lebens\u201c\u00a0 zu machen. Ich war ca. 20 Jahre alt, also 1958, da habe ich einen Film mit Lilli Palmer und Carlos Thompson im Fernsehen &#8230; <a title=\"Nachkriegs- und Aufbaujahre\" class=\"read-more\" href=\"https:\/\/unser-quartier.de\/habitare-secum\/lebenserinnerungen\/kindheit-und-jugend\/nachkriegs-und-aufbaujahre\/\" aria-label=\"Mehr Informationen \u00fcber Nachkriegs- und Aufbaujahre\">Weiterlesen<\/a><\/p>\n","protected":false},"author":27,"featured_media":0,"parent":1088,"menu_order":4,"comment_status":"open","ping_status":"open","template":"","meta":{"footnotes":""},"class_list":["post-1854","page","type-page","status-publish"],"jetpack_sharing_enabled":true,"_links":{"self":[{"href":"https:\/\/unser-quartier.de\/habitare-secum\/wp-json\/wp\/v2\/pages\/1854","targetHints":{"allow":["GET"]}}],"collection":[{"href":"https:\/\/unser-quartier.de\/habitare-secum\/wp-json\/wp\/v2\/pages"}],"about":[{"href":"https:\/\/unser-quartier.de\/habitare-secum\/wp-json\/wp\/v2\/types\/page"}],"author":[{"embeddable":true,"href":"https:\/\/unser-quartier.de\/habitare-secum\/wp-json\/wp\/v2\/users\/27"}],"replies":[{"embeddable":true,"href":"https:\/\/unser-quartier.de\/habitare-secum\/wp-json\/wp\/v2\/comments?post=1854"}],"version-history":[{"count":0,"href":"https:\/\/unser-quartier.de\/habitare-secum\/wp-json\/wp\/v2\/pages\/1854\/revisions"}],"up":[{"embeddable":true,"href":"https:\/\/unser-quartier.de\/habitare-secum\/wp-json\/wp\/v2\/pages\/1088"}],"wp:attachment":[{"href":"https:\/\/unser-quartier.de\/habitare-secum\/wp-json\/wp\/v2\/media?parent=1854"}],"curies":[{"name":"wp","href":"https:\/\/api.w.org\/{rel}","templated":true}]}}