{"id":332,"date":"2012-11-05T12:26:03","date_gmt":"2012-11-05T12:26:03","guid":{"rendered":"http:\/\/unser-quartier.de\/muelheim\/?page_id=332"},"modified":"2015-05-15T09:47:10","modified_gmt":"2015-05-15T09:47:10","slug":"zeitzeugenarbeit","status":"publish","type":"page","link":"https:\/\/unser-quartier.de\/habitare-secum\/zeitzeugenarbeit\/","title":{"rendered":"Zeitzeugen"},"content":{"rendered":"<h2 style=\"color: #666699\"><span style=\"color: #000000\"><b>Jeder ist ein Zeitzeuge<\/b><\/span><\/h2>\n<p>K\u00f6nnen Sie sich noch erinnern, wie W\u00e4sche auf dem Herd gekocht wurde? Wissen Sie noch, wie sich ein Volksempf\u00e4nger anh\u00f6rt? Haben Sie hungern und frieren m\u00fcssen?<\/p>\n<p>Bombenn\u00e4chte, Flucht, Vertreibung, der erste Fernseher, Gastarbeiter \u2026 das sind Stichworte zu pers\u00f6nlichen Erinnerungen, die zu Geschichten werden k\u00f6nnen.<\/p>\n<p>Das Dokumentieren und Weitergeben der eigenen Geschichte hilft nicht nur, die eigene Vergangenheit besser zu verstehen und einzuordnen, im Austausch mit anderen \u00f6ffnet sich auch der Blick f\u00fcr die, die solches nicht erfahren haben und kennen lernen wollen.<\/p>\n<p>Lesen Sie hier, was unsere Zeitzeugen aussagen zum Thema: <a href=\"https:\/\/unser-quartier.de\/habitare-secum\/2014\/10\/warum-erst-jetzt\/\">Warum erst jetzt?<\/a><\/p>\n","protected":false},"excerpt":{"rendered":"<p>Jeder ist ein Zeitzeuge K\u00f6nnen Sie sich noch erinnern, wie W\u00e4sche auf dem Herd gekocht wurde? Wissen Sie noch, wie sich ein Volksempf\u00e4nger anh\u00f6rt? Haben Sie hungern und frieren m\u00fcssen? Bombenn\u00e4chte, Flucht, Vertreibung, der erste Fernseher, Gastarbeiter \u2026 das sind Stichworte zu pers\u00f6nlichen Erinnerungen, die zu Geschichten werden k\u00f6nnen. Das Dokumentieren und Weitergeben der eigenen &#8230; <a title=\"Zeitzeugen\" class=\"read-more\" href=\"https:\/\/unser-quartier.de\/habitare-secum\/zeitzeugenarbeit\/\" aria-label=\"Mehr Informationen \u00fcber Zeitzeugen\">Weiterlesen<\/a><\/p>\n","protected":false},"author":27,"featured_media":145,"parent":0,"menu_order":1,"comment_status":"closed","ping_status":"open","template":"","meta":{"footnotes":""},"class_list":["post-332","page","type-page","status-publish","has-post-thumbnail"],"jetpack_sharing_enabled":true,"_links":{"self":[{"href":"https:\/\/unser-quartier.de\/habitare-secum\/wp-json\/wp\/v2\/pages\/332","targetHints":{"allow":["GET"]}}],"collection":[{"href":"https:\/\/unser-quartier.de\/habitare-secum\/wp-json\/wp\/v2\/pages"}],"about":[{"href":"https:\/\/unser-quartier.de\/habitare-secum\/wp-json\/wp\/v2\/types\/page"}],"author":[{"embeddable":true,"href":"https:\/\/unser-quartier.de\/habitare-secum\/wp-json\/wp\/v2\/users\/27"}],"replies":[{"embeddable":true,"href":"https:\/\/unser-quartier.de\/habitare-secum\/wp-json\/wp\/v2\/comments?post=332"}],"version-history":[{"count":0,"href":"https:\/\/unser-quartier.de\/habitare-secum\/wp-json\/wp\/v2\/pages\/332\/revisions"}],"wp:featuredmedia":[{"embeddable":true,"href":"https:\/\/unser-quartier.de\/habitare-secum\/wp-json\/wp\/v2\/media\/145"}],"wp:attachment":[{"href":"https:\/\/unser-quartier.de\/habitare-secum\/wp-json\/wp\/v2\/media?parent=332"}],"curies":[{"name":"wp","href":"https:\/\/api.w.org\/{rel}","templated":true}]}}