{"id":398,"date":"2012-11-11T15:34:16","date_gmt":"2012-11-11T15:34:16","guid":{"rendered":"http:\/\/unser-quartier.de\/muelheim\/?page_id=398"},"modified":"2015-05-15T08:18:44","modified_gmt":"2015-05-15T08:18:44","slug":"zeitzeuge-werden-2","status":"publish","type":"page","link":"https:\/\/unser-quartier.de\/habitare-secum\/zeitzeugenarbeit\/zeitzeuge-werden-2\/","title":{"rendered":"Zeitzeuge werden"},"content":{"rendered":"<pre style=\"text-align: center\"><span style=\"font-size: x-small\"><em><strong>erinnern - erz\u00e4hlen - aufschreiben - weitergeben<\/strong><\/em><\/span><\/pre>\n<p><strong><span style=\"color: #ff6600\">Zeitzeugen wollen ihre Erinnerungen weitergeben<\/span><\/strong><\/p>\n<p>Dazu bedarf es erst einmal eines Austausches der Geschichten in bzw. vor der Gruppe. Das geschieht auf unseren monatlichen Treffen. So bekommen die Zeitzeugen \u00dcbung darin, ihre Geschichten so zu erz\u00e4hlen, dass beim Gegen\u00fcber ein Interesse entsteht. Denn kein Zeitzeuge ist f\u00fcr sich, sondern nur f\u00fcr interessierte Zuh\u00f6rer.<\/p>\n<h2 style=\"text-align: right\">Was haben Sie erlebt?<\/h2>\n<p><strong><span style=\"color: #ff6600\">Erinnerungen bed\u00fcrfen der \u00d6ffentlichkeit<\/span><\/strong><\/p>\n<p>Damit aus einer Geschichte ein Zeitzeugnis entsteht, muss es \u00f6ffentlich gemacht werden. &#8222;Ein Zeugnis ablegen in Wort und Tat &#8220; so steht es schon in der Bibel. Es bedeutet auch, durch eigene Wahrnehmung Angaben zu einer Sache machen zu k\u00f6nnen. Zeitzeugen erz\u00e4hlen also ihre eigene Wahrheit (oral history).<\/p>\n<h2 style=\"text-align: right\">Erz\u00e4hlen Sie uns Ihre Geschichte!<\/h2>\n<p><strong><span style=\"color: #ff6600\">Das Kapital der Zeitzeugen ist ihr Erfahrungswissen<\/span><\/strong><\/p>\n<p>Im Namen &#8222;Zeitzeugenb\u00f6rse&#8220; steckt noch das Wort <em>B\u00f6rse<\/em>. Gemeinhin verbindet man mit B\u00f6rse immer das Wort <em>Kapital <\/em>(im volkswirtschaftlichen Sinne). Das Kapital der Zeitzeugen aber ist ihr <em>Erfahrungswissen<\/em> und meint die jeweilige pers\u00f6nliche Sicht auf die eigene Geschichte. Indem die Zeitzeugen eine bestimmte Vergangenheit repr\u00e4sentieren, laden sie ihre Zuh\u00f6rer unter Einbeziehung beider Lebenswelten zur Reflexion und zum Austausch ein.<\/p>\n<p><strong><span style=\"color: #ff6600\">Haben Sie Interesse an unserer Arbeit?\u00a0<\/span><\/strong><\/p>\n<p>Dann nehmen Sie im <a title=\"Kontakt\" href=\"https:\/\/unser-quartier.de\/habitare-secum\/kontakt\/\">Kontaktformular<\/a> mit uns Kontakt auf.<\/p>\n<p>Telefonisch sind wir unter der Nummer der Vereins PARIaktiv zu erreichen:<\/p>\n<p>Tel.: 0208 30680-0<\/p>\n<p>Fax: 0208 30680-19<\/p>\n<p>Unter diesen Nummern sind die Mitarbeiter des Vereins bzw. des Sommerhofs gerne bereit, Sie zu den Ansprechpartner der Zeitzeugenb\u00f6rse zu vermitteln.<\/p>\n<h2 style=\"text-align: right\">Kommen Sie doch zu unseren monatlichen Treffen!<\/h2>\n<div data-test='contact-form' id='contact-form-398' class='wp-block-jetpack-contact-form-container '>\n<form action='https:\/\/unser-quartier.de\/habitare-secum\/zeitzeugenarbeit\/zeitzeuge-werden-2\/#contact-form-398' method='post' class='contact-form commentsblock' aria-label=\"Zeitzeuge werden\" novalidate>\n\n<div style=\"\" class='grunion-field-name-wrap grunion-field-wrap'  >\n<label\n\t\t\t\tfor='g398-name'\n\t\t\t\tclass='grunion-field-label name'>Name<span class=\"grunion-label-required\" aria-hidden=\"true\">(erforderlich)<\/span><\/label>\n<input\n\t\t\t\t\ttype='text'\n\t\t\t\t\tname='g398-name'\n\t\t\t\t\tid='g398-name'\n\t\t\t\t\tvalue=''\n\t\t\t\t\tclass='name  grunion-field' \n\t\t\t\t\trequired aria-required='true' \/>\n\t<\/div>\n\n<div style=\"\" class='grunion-field-email-wrap grunion-field-wrap'  >\n<label\n\t\t\t\tfor='g398-email'\n\t\t\t\tclass='grunion-field-label email'>E-Mail<span class=\"grunion-label-required\" aria-hidden=\"true\">(erforderlich)<\/span><\/label>\n<input\n\t\t\t\t\ttype='email'\n\t\t\t\t\tname='g398-email'\n\t\t\t\t\tid='g398-email'\n\t\t\t\t\tvalue=''\n\t\t\t\t\tclass='email  grunion-field' \n\t\t\t\t\trequired aria-required='true' \/>\n\t<\/div>\n\n<div style=\"\" class='grunion-field-url-wrap grunion-field-wrap'  >\n<label\n\t\t\t\tfor='g398-webseite'\n\t\t\t\tclass='grunion-field-label url'>Webseite<\/label>\n<input\n\t\t\t\t\ttype='text'\n\t\t\t\t\tname='g398-webseite'\n\t\t\t\t\tid='g398-webseite'\n\t\t\t\t\tvalue=''\n\t\t\t\t\tclass='url  grunion-field' \n\t\t\t\t\ttitle=\"Bitte gib eine g\u00fcltige URL ein\u00a0\u2013 https:\/\/www.example.com\" oninvalid=\"setCustomValidity(&quot;Bitte gib eine g\u00fcltige URL ein\u00a0\u2013 https:\/\/www.example.com&quot;)\" oninput=\"setCustomValidity(&quot;&quot;)\" pattern=\"(([:\\\/a-zA-Z0-9_\\-]+)?(\\.[a-zA-Z0-9_\\-\\\/]+)+)\" data-type-override=\"url\"  \/>\n\t<\/div>\n\n<div style=\"\" class='grunion-field-textarea-wrap grunion-field-wrap'  >\n<label\n\t\t\t\tfor='contact-form-comment-g398-kommentar'\n\t\t\t\tclass='grunion-field-label textarea'>Kommentar<span class=\"grunion-label-required\" aria-hidden=\"true\">(erforderlich)<\/span><\/label>\n<textarea\n\t\t                style=''\n\t\t                name='g398-kommentar'\n\t\t                id='contact-form-comment-g398-kommentar'\n\t\t                rows='20' class='textarea  grunion-field'  required aria-required='true'><\/textarea>\n\t<\/div>\n\t<p class='contact-submit'>\n\t\t<button type='submit' class='pushbutton-wide'>Senden<\/button>\t\t<input type='hidden' name='contact-form-id' value='398' \/>\n\t\t<input type='hidden' name='action' value='grunion-contact-form' \/>\n\t\t<input type='hidden' name='contact-form-hash' value='dbdbf295819e323862dde3d9e5bc156d4b2f40f9' \/>\n\t<\/p>\n<p style=\"display: none !important;\" class=\"akismet-fields-container\" data-prefix=\"ak_\"><label>&#916;<textarea name=\"ak_hp_textarea\" cols=\"45\" rows=\"8\" maxlength=\"100\"><\/textarea><\/label><input type=\"hidden\" id=\"ak_js_1\" name=\"ak_js\" value=\"169\"\/><script>document.getElementById( \"ak_js_1\" ).setAttribute( \"value\", ( new Date() ).getTime() );<\/script><\/p><\/form>\n<\/div>\n<p>&nbsp;<\/p>\n<p>&nbsp;<\/p>\n","protected":false},"excerpt":{"rendered":"<p>erinnern &#8211; erz\u00e4hlen &#8211; aufschreiben &#8211; weitergeben Zeitzeugen wollen ihre Erinnerungen weitergeben Dazu bedarf es erst einmal eines Austausches der Geschichten in bzw. vor der Gruppe. Das geschieht auf unseren monatlichen Treffen. So bekommen die Zeitzeugen \u00dcbung darin, ihre Geschichten so zu erz\u00e4hlen, dass beim Gegen\u00fcber ein Interesse entsteht. Denn kein Zeitzeuge ist f\u00fcr sich, &#8230; <a title=\"Zeitzeuge werden\" class=\"read-more\" href=\"https:\/\/unser-quartier.de\/habitare-secum\/zeitzeugenarbeit\/zeitzeuge-werden-2\/\" aria-label=\"Mehr Informationen \u00fcber Zeitzeuge werden\">Weiterlesen<\/a><\/p>\n","protected":false},"author":27,"featured_media":433,"parent":332,"menu_order":1,"comment_status":"closed","ping_status":"closed","template":"","meta":{"footnotes":""},"class_list":["post-398","page","type-page","status-publish","has-post-thumbnail"],"jetpack_sharing_enabled":true,"_links":{"self":[{"href":"https:\/\/unser-quartier.de\/habitare-secum\/wp-json\/wp\/v2\/pages\/398","targetHints":{"allow":["GET"]}}],"collection":[{"href":"https:\/\/unser-quartier.de\/habitare-secum\/wp-json\/wp\/v2\/pages"}],"about":[{"href":"https:\/\/unser-quartier.de\/habitare-secum\/wp-json\/wp\/v2\/types\/page"}],"author":[{"embeddable":true,"href":"https:\/\/unser-quartier.de\/habitare-secum\/wp-json\/wp\/v2\/users\/27"}],"replies":[{"embeddable":true,"href":"https:\/\/unser-quartier.de\/habitare-secum\/wp-json\/wp\/v2\/comments?post=398"}],"version-history":[{"count":0,"href":"https:\/\/unser-quartier.de\/habitare-secum\/wp-json\/wp\/v2\/pages\/398\/revisions"}],"up":[{"embeddable":true,"href":"https:\/\/unser-quartier.de\/habitare-secum\/wp-json\/wp\/v2\/pages\/332"}],"wp:featuredmedia":[{"embeddable":true,"href":"https:\/\/unser-quartier.de\/habitare-secum\/wp-json\/wp\/v2\/media\/433"}],"wp:attachment":[{"href":"https:\/\/unser-quartier.de\/habitare-secum\/wp-json\/wp\/v2\/media?parent=398"}],"curies":[{"name":"wp","href":"https:\/\/api.w.org\/{rel}","templated":true}]}}