{"id":409,"date":"2012-11-11T15:45:26","date_gmt":"2012-11-11T15:45:26","guid":{"rendered":"http:\/\/unser-quartier.de\/muelheim\/?page_id=409"},"modified":"2015-05-15T08:21:28","modified_gmt":"2015-05-15T08:21:28","slug":"themen-2","status":"publish","type":"page","link":"https:\/\/unser-quartier.de\/habitare-secum\/zeitzeugenarbeit\/themen-2\/","title":{"rendered":"Zeitzeugenthemen"},"content":{"rendered":"<p><strong>Welche Themen gibt es?<\/strong><strong><br \/>\n<\/strong><\/p>\n<p>Es geh\u00f6rt zum Vorbereitungsprozess von Zeitzeugeneins\u00e4tzen, die eigene Geschichte zun\u00e4chst einmal vor den anderen in der gesch\u00fctzten Gruppe zu erz\u00e4hlen.\u00a0 Die Bedeutung der eigenen Geschichte r\u00fcckt in den Fokus der Wahrnehmung. Dadurch kann ich mich auch den Geschichten anderer \u00f6ffnen.<\/p>\n<p>S\u00e4mtliche Erz\u00e4hlungen werden mit einem digitalen Voice Recorder zur Dokumentation aufgenommen. Die Zeitzeugen bekommen davon eine CD gebrannt.\u00a0 Gleichzeitig werden ihre Aufzeichnungen verschriftlicht.<\/p>\n<p>Dabei ergeben sich automatisch bestimmte Themen. Mittlerweile kann man schon von einem kleinen Pool sprechen. Wir haben folgende Themen anzubieten<\/p>\n<h1><a title=\"Kindheit und Jugend\" href=\"https:\/\/unser-quartier.de\/habitare-secum\/lebenserinnerungen\/kindheit-und-jugend\/\">Kindheit und Jugend\u00a0<\/a><\/h1>\n<h2 style=\"padding-left: 30px\">Kindheit und Jugend vor und w\u00e4hrend des Krieges<\/h2>\n<h3 style=\"padding-left: 60px\"><a href=\"https:\/\/unser-quartier.de\/habitare-secum\/2015\/03\/meine-kindheit-und-zeit-in-der-hitlerjugend\/\">Meine Kindheit und Zeit in der Hitlerjugend<\/a><\/h3>\n<h3 style=\"padding-left: 60px\"><a href=\"https:\/\/unser-quartier.de\/habitare-secum\/2014\/03\/anstehen-fuer-wurstbruehe\/\" target=\"_blank\">ANSTEHEN F\u00dcR WURSTBR\u00dcHE<\/a><\/h3>\n<h3 style=\"padding-left: 60px\"><a title=\"L\u00e4use und Kopft\u00fccher\" href=\"https:\/\/unser-quartier.de\/habitare-secum\/2014\/03\/laeuse-und-kopftuecher\/\">L\u00e4use und Kopft\u00fccher<\/a><\/h3>\n<h3 style=\"padding-left: 60px\">Im Bombenhagel von M\u00fclheim und Duisburg<\/h3>\n<h3 style=\"padding-left: 60px\">Kleinkindjahre in den Bunkern von M\u00fclheim<\/h3>\n<h3 style=\"padding-left: 60px\"><a href=\"https:\/\/unser-quartier.de\/habitare-secum\/2015\/03\/mit-4-im-luftschutzbunker-in-essen\/\" target=\"_blank\">MIT 4 IM LUFTSCHUTZBUNKER\u00a0IN ESSEN<\/a><\/h3>\n<h3 style=\"padding-left: 60px\">Zum ARD-Film:\u00a0<a href=\"http:\/\/www.daserste.de\/information\/reportage-dokumentation\/junges-deutschland\/film\/index.html\" target=\"_blank\">Jung<span style=\"color: #1b8be0\">es Deutschland<\/span><\/a><\/h3>\n<h2 style=\"padding-left: 30px\"><a title=\"Heimat Flucht Vertreibung\" href=\"https:\/\/unser-quartier.de\/habitare-secum\/lebenserinnerungen\/heimat-flucht-vertreibung\/\">Die Wirren und die Folgen des Krieges<\/a><\/h2>\n<h3 style=\"padding-left: 60px\">Kinderlandverschickung<\/h3>\n<h3 style=\"padding-left: 60px\">Aufwachsen bei Pflegeeltern oder:\u00a0<a title=\"Fl\u00fcchtlingskinder waren meine Freundinnen\" href=\"https:\/\/unser-quartier.de\/habitare-secum\/2015\/03\/fluechtlingskinder-waren-meine-freundinnen\/\">Fl\u00fcchtlingskinder waren meine Freundinnen<\/a><\/h3>\n<h3 style=\"padding-left: 60px\">Flucht aus dem Ruhrgebiet zum Kriegsende oder:\u00a0<a title=\"Die Reise meines Lebens\" href=\"https:\/\/unser-quartier.de\/habitare-secum\/die-reise-meines-lebens\/\">Die Reise meines Lebens<\/a><\/h3>\n<h3 style=\"padding-left: 60px\"><a title=\"Meine Schulzeit von 1944 bis 1953\" href=\"https:\/\/unser-quartier.de\/habitare-secum\/2014\/05\/meine-schulzeit-von-1944-bis-1953\/\">Schulzeit im Krieg<\/a><\/h3>\n<h3 style=\"padding-left: 60px\">Verschleppung mit 15 Jahren aus Schlesien\u00a0oder\u00a0<a title=\"Auf dem Weg in die Ukraine\" href=\"https:\/\/unser-quartier.de\/habitare-secum\/2014\/03\/auf-dem-weg-in-die-ukraine\/\" target=\"_blank\">Auf dem Weg in die Ukraine<\/a><\/h3>\n<h1 style=\"padding-left: 30px\"><a title=\"Besatzung\" href=\"https:\/\/unser-quartier.de\/habitare-secum\/lebenserinnerungen\/besatzung\/\">Nachkriegs- und Aufbaujahre<\/a><\/h1>\n<h3 style=\"padding-left: 60px\"><a title=\"Einmarsch der Amerikaner in M\u00fclheim Ruhr\" href=\"https:\/\/unser-quartier.de\/habitare-secum\/2014\/03\/einmarsch-der-amerikaner-in-muelheim-ruhr\/\">Einmarsch der Amerikaner in M\u00fclheim an der Ruhr<\/a><\/h3>\n<h3 style=\"padding-left: 60px\"><a title=\"Eine Freundschaft geht nie in Rente\" href=\"https:\/\/unser-quartier.de\/habitare-secum\/eine-freundschaft-geht-nie-in-rente\/\">Eine Freundschaft geht nie in Rente<\/a><\/h3>\n<h3 style=\"padding-left: 60px\">Leben nach dem Krieg mit einem kriegsverletzten Vater<\/h3>\n<h3 style=\"padding-left: 60px\">Nachkriegswirren zwischen 1945 \u00a0und 1949<\/h3>\n<h3 style=\"padding-left: 60px\"><a href=\"https:\/\/unser-quartier.de\/habitare-secum\/2014\/10\/ein-koffer-der-erinnerung-an-die-kinderzeit\/\" target=\"_blank\">Ein Koffer der Erinnerung an die Kinderzeit<\/a><\/h3>\n<h1>Heimat Flucht Vertreibung<\/h1>\n<h3 style=\"padding-left: 60px\">AUFWACHSEN BEI PFLEGEELTERN ODER:\u00a0<a title=\"Fl\u00fcchtlingskinder waren meine Freundinnen\" href=\"https:\/\/unser-quartier.de\/habitare-secum\/2015\/03\/fluechtlingskinder-waren-meine-freundinnen\/\">FL\u00dcCHTLINGSKINDER WAREN MEINE FREUNDINNEN<\/a><\/h3>\n<h3 style=\"padding-left: 60px\">FLUCHT AUS DEM RUHRGEBIET ZUM KRIEGSENDE ODER:\u00a0<a title=\"Die Reise meines Lebens\" href=\"https:\/\/unser-quartier.de\/habitare-secum\/die-reise-meines-lebens\/\">DIE REISE MEINES LEBENS<\/a><\/h3>\n<h3 style=\"padding-left: 60px\">VERSCHLEPPUNG MIT 15 JAHREN AUS SCHLESIEN\u00a0ODER\u00a0<a title=\"Auf dem Weg in die Ukraine\" href=\"https:\/\/unser-quartier.de\/habitare-secum\/2014\/03\/auf-dem-weg-in-die-ukraine\/\" target=\"_blank\">AUF DEM WEG IN DIE UKRAINE<\/a><\/h3>\n<h1>Verfolgte und Opfer<\/h1>\n<h1>Besatzung<\/h1>\n<h3 style=\"padding-left: 60px\"><a title=\"Einmarsch der Amerikaner in M\u00fclheim Ruhr\" href=\"https:\/\/unser-quartier.de\/habitare-secum\/2014\/03\/einmarsch-der-amerikaner-in-muelheim-ruhr\/\">EINMARSCH DER AMERIKANER IN M\u00dcLHEIM AN DER RUHR<\/a><\/h3>\n<h1>Ern\u00e4hrung Gesundheit Krankheit<\/h1>\n<h3 style=\"padding-left: 60px\"><a title=\"L\u00e4use und Kopft\u00fccher\" href=\"https:\/\/unser-quartier.de\/habitare-secum\/2014\/03\/laeuse-und-kopftuecher\/\">L\u00c4USE UND KOPFT\u00dcCHER<\/a><\/h3>\n<h3 style=\"padding-left: 60px\"><a href=\"https:\/\/unser-quartier.de\/habitare-secum\/2014\/03\/anstehen-fuer-wurstbruehe\/\" target=\"_blank\">ANSTEHEN F\u00dcR WURSTBR\u00dcHE<\/a><\/h3>\n<h1>Ausbildung und Beruf<\/h1>\n<h1>Feste und Br\u00e4uche<\/h1>\n<h1>Pers\u00f6nliches<\/h1>\n<p>&nbsp;<\/p>\n<p>&nbsp;<\/p>\n<p>&nbsp;<\/p>\n<p>&nbsp;<\/p>\n<p>&nbsp;<\/p>\n<p>&nbsp;<\/p>\n<p>&nbsp;<\/p>\n<p>&nbsp;<\/p>\n<p>&nbsp;<\/p>\n","protected":false},"excerpt":{"rendered":"<p>Welche Themen gibt es? Es geh\u00f6rt zum Vorbereitungsprozess von Zeitzeugeneins\u00e4tzen, die eigene Geschichte zun\u00e4chst einmal vor den anderen in der gesch\u00fctzten Gruppe zu erz\u00e4hlen.\u00a0 Die Bedeutung der eigenen Geschichte r\u00fcckt in den Fokus der Wahrnehmung. Dadurch kann ich mich auch den Geschichten anderer \u00f6ffnen. S\u00e4mtliche Erz\u00e4hlungen werden mit einem digitalen Voice Recorder zur Dokumentation aufgenommen. &#8230; <a title=\"Zeitzeugenthemen\" class=\"read-more\" href=\"https:\/\/unser-quartier.de\/habitare-secum\/zeitzeugenarbeit\/themen-2\/\" aria-label=\"Mehr Informationen \u00fcber Zeitzeugenthemen\">Weiterlesen<\/a><\/p>\n","protected":false},"author":27,"featured_media":439,"parent":332,"menu_order":4,"comment_status":"closed","ping_status":"open","template":"","meta":{"footnotes":""},"class_list":["post-409","page","type-page","status-publish","has-post-thumbnail"],"jetpack_sharing_enabled":true,"_links":{"self":[{"href":"https:\/\/unser-quartier.de\/habitare-secum\/wp-json\/wp\/v2\/pages\/409","targetHints":{"allow":["GET"]}}],"collection":[{"href":"https:\/\/unser-quartier.de\/habitare-secum\/wp-json\/wp\/v2\/pages"}],"about":[{"href":"https:\/\/unser-quartier.de\/habitare-secum\/wp-json\/wp\/v2\/types\/page"}],"author":[{"embeddable":true,"href":"https:\/\/unser-quartier.de\/habitare-secum\/wp-json\/wp\/v2\/users\/27"}],"replies":[{"embeddable":true,"href":"https:\/\/unser-quartier.de\/habitare-secum\/wp-json\/wp\/v2\/comments?post=409"}],"version-history":[{"count":0,"href":"https:\/\/unser-quartier.de\/habitare-secum\/wp-json\/wp\/v2\/pages\/409\/revisions"}],"up":[{"embeddable":true,"href":"https:\/\/unser-quartier.de\/habitare-secum\/wp-json\/wp\/v2\/pages\/332"}],"wp:featuredmedia":[{"embeddable":true,"href":"https:\/\/unser-quartier.de\/habitare-secum\/wp-json\/wp\/v2\/media\/439"}],"wp:attachment":[{"href":"https:\/\/unser-quartier.de\/habitare-secum\/wp-json\/wp\/v2\/media?parent=409"}],"curies":[{"name":"wp","href":"https:\/\/api.w.org\/{rel}","templated":true}]}}