{"id":416,"date":"2012-11-11T15:52:17","date_gmt":"2012-11-11T15:52:17","guid":{"rendered":"http:\/\/unser-quartier.de\/muelheim\/?page_id=416"},"modified":"2015-05-17T13:48:47","modified_gmt":"2015-05-17T13:48:47","slug":"dokumentation-2","status":"publish","type":"page","link":"https:\/\/unser-quartier.de\/habitare-secum\/zeitzeugenarbeit\/dokumentation-2\/","title":{"rendered":"Zeitzeugen finden"},"content":{"rendered":"<p>Indem ich mich mit meiner eigenen Geschichte besch\u00e4ftige und sie wertsch\u00e4tze, werden Br\u00fccken gebaut zu dem Leben anderer. Diesen Erfahrungsschatz geben unsere Zeitzeugen gerne weiter.<\/p>\n<h2 style=\"color: #ff9200\"><span style=\"color: #000000\"><b>Greifen Sie auf den Erfahrungsschatz der Zeitzeugen zur\u00fcck!<\/b><\/span><\/h2>\n<p>Ob Schule, wissenschaftliche Arbeiten, Ausbildungseinrichtungen\u00a0oder andere private Gruppen:\u00a0<span style=\"color: #333333\">Wir vermitteln ehrenamtlich Zeitzeugen. In einem pers\u00f6nlichen Gespr\u00e4ch greifen wir dabei gerne Ihre besonderen W\u00fcnsche auf.<\/span><\/p>\n<p>Setzen Sie sich <a title=\"Kontakt\" href=\"https:\/\/unser-quartier.de\/habitare-secum\/kontakt-2\/\">telefonisch oder per E-Mail<\/a> mit uns in Verbindung. \u00dcber unsere Themen schauen Sie sich auf unserer Seite <a title=\"Lebenserinnerungen\" href=\"https:\/\/unser-quartier.de\/habitare-secum\/lebenserinnerungen\/\">Lebenserinnerungen<\/a> einmal um.\u00a0\u00a0Jeder Zeitzeuge hat dabei seine besonderen Schwerpunkte. P\u00e4dagogen\u00a0steht im Vorfeld unser Leitfaden zur Verf\u00fcgung.<\/p>\n<h2>Der Einsatz an\u00a0Schulen\u00a0l\u00e4sst den Unterricht thematisch abrunden.<\/h2>\n<p>Zur Zeit konzentriert sich unsere ehrenamtliche Arbeit auf die Vermittlung an Schulen. Hier werden insbesondere die Zeit des Nationalsozialismus und die Nachkriegszeit nachgefragt. Unsere Zeitzeugen werden explizit auf den jeweiligen Unterricht vorbereitet. Dies geschieht im Vorfeld bereits bei der Anfrage der Lehrer. In einem pers\u00f6nlichen Gespr\u00e4ch mit den Lehrern sind wir Moderatoren unseren Zeitzeugen gegen\u00fcber verpflichtet, dass sie in einer Atmosph\u00e4re des Angenommenseins ihre freiwillige Arbeit verrichten k\u00f6nnen. Auf der anderen Seite k\u00f6nnen wir hierbei die besonderen Bed\u00fcrfnisse der jeweiligen Klasse ber\u00fccksichtigen. Ein schriftlicher Leitfaden, der sich bew\u00e4hrt hat, erleichtert den Lehrern die Einbettung der Zeitzeugenarbeit in ihren Unterricht. In der Regel besuchen mindestens zwei Zeitzeugen eine Klasse.<\/p>\n<p>Gerne schicken wir Ihnen unseren Leitfaden zu. Bei Interesse wenden Sie sich bitte direkt per E-Mail an uns:\u00a0<a title=\"Kontakt\" href=\"https:\/\/unser-quartier.de\/habitare-secum\/kontakt\/\">zeitzeugenboerse@gmx.de<\/a><\/p>\n<p>Oder benutzen Sie unserer Kontaktformular.<\/p>\n<p><div data-test='contact-form' id='contact-form-416' class='wp-block-jetpack-contact-form-container '>\n<form action='https:\/\/unser-quartier.de\/habitare-secum\/zeitzeugenarbeit\/dokumentation-2\/#contact-form-416' method='post' class='contact-form commentsblock' aria-label=\"Zeitzeugen finden\" novalidate>\n\n<div style=\"\" class='grunion-field-name-wrap grunion-field-wrap'  >\n<label\n\t\t\t\tfor='g416-name'\n\t\t\t\tclass='grunion-field-label name'>Name<span class=\"grunion-label-required\" aria-hidden=\"true\">(erforderlich)<\/span><\/label>\n<input\n\t\t\t\t\ttype='text'\n\t\t\t\t\tname='g416-name'\n\t\t\t\t\tid='g416-name'\n\t\t\t\t\tvalue=''\n\t\t\t\t\tclass='name  grunion-field' \n\t\t\t\t\trequired aria-required='true' \/>\n\t<\/div>\n\n<div style=\"\" class='grunion-field-email-wrap grunion-field-wrap'  >\n<label\n\t\t\t\tfor='g416-email'\n\t\t\t\tclass='grunion-field-label email'>E-Mail<span class=\"grunion-label-required\" aria-hidden=\"true\">(erforderlich)<\/span><\/label>\n<input\n\t\t\t\t\ttype='email'\n\t\t\t\t\tname='g416-email'\n\t\t\t\t\tid='g416-email'\n\t\t\t\t\tvalue=''\n\t\t\t\t\tclass='email  grunion-field' \n\t\t\t\t\trequired aria-required='true' \/>\n\t<\/div>\n\n<div style=\"\" class='grunion-field-url-wrap grunion-field-wrap'  >\n<label\n\t\t\t\tfor='g416-webseite'\n\t\t\t\tclass='grunion-field-label url'>Webseite<\/label>\n<input\n\t\t\t\t\ttype='text'\n\t\t\t\t\tname='g416-webseite'\n\t\t\t\t\tid='g416-webseite'\n\t\t\t\t\tvalue=''\n\t\t\t\t\tclass='url  grunion-field' \n\t\t\t\t\ttitle=\"Bitte gib eine g\u00fcltige URL ein\u00a0\u2013 https:\/\/www.example.com\" oninvalid=\"setCustomValidity(&quot;Bitte gib eine g\u00fcltige URL ein\u00a0\u2013 https:\/\/www.example.com&quot;)\" oninput=\"setCustomValidity(&quot;&quot;)\" pattern=\"(([:\\\/a-zA-Z0-9_\\-]+)?(\\.[a-zA-Z0-9_\\-\\\/]+)+)\" data-type-override=\"url\"  \/>\n\t<\/div>\n\n<div style=\"\" class='grunion-field-textarea-wrap grunion-field-wrap'  >\n<label\n\t\t\t\tfor='contact-form-comment-g416-kommentar'\n\t\t\t\tclass='grunion-field-label textarea'>Kommentar<span class=\"grunion-label-required\" aria-hidden=\"true\">(erforderlich)<\/span><\/label>\n<textarea\n\t\t                style=''\n\t\t                name='g416-kommentar'\n\t\t                id='contact-form-comment-g416-kommentar'\n\t\t                rows='20' class='textarea  grunion-field'  required aria-required='true'><\/textarea>\n\t<\/div>\n\t<p class='contact-submit'>\n\t\t<button type='submit' class='pushbutton-wide'>Senden<\/button>\t\t<input type='hidden' name='contact-form-id' value='416' \/>\n\t\t<input type='hidden' name='action' value='grunion-contact-form' \/>\n\t\t<input type='hidden' name='contact-form-hash' value='2a80f49847c4344ecd7038baf18e27cd8e37b26e' \/>\n\t<\/p>\n<p style=\"display: none !important;\" class=\"akismet-fields-container\" data-prefix=\"ak_\"><label>&#916;<textarea name=\"ak_hp_textarea\" cols=\"45\" rows=\"8\" maxlength=\"100\"><\/textarea><\/label><input type=\"hidden\" id=\"ak_js_1\" name=\"ak_js\" value=\"22\"\/><script>document.getElementById( \"ak_js_1\" ).setAttribute( \"value\", ( new Date() ).getTime() );<\/script><\/p><\/form>\n<\/div> Bitte haben Sie Verst\u00e4ndnis daf\u00fcr, dass wir unsere privaten Telefonnummern im Netz nicht ver\u00f6ffentlichen m\u00f6chten. Die MitarbeiterInnen von <a href=\"http:\/\/www.pariaktiv.de\/\">Parkaktiv<\/a>\u00a0vermitteln\u00a0Sie gerne zu uns weiter:<\/p>\n<p>PARIaktiv e.V. Telefonnummer: 0208 30680-0<\/p>\n<p>&nbsp;<\/p>\n<p>&nbsp;<\/p>\n<p>&nbsp;<\/p>\n<p>&nbsp;<\/p>\n<p>&nbsp;<\/p>\n<p>&nbsp;<\/p>\n","protected":false},"excerpt":{"rendered":"<p>Indem ich mich mit meiner eigenen Geschichte besch\u00e4ftige und sie wertsch\u00e4tze, werden Br\u00fccken gebaut zu dem Leben anderer. Diesen Erfahrungsschatz geben unsere Zeitzeugen gerne weiter. Greifen Sie auf den Erfahrungsschatz der Zeitzeugen zur\u00fcck! Ob Schule, wissenschaftliche Arbeiten, Ausbildungseinrichtungen\u00a0oder andere private Gruppen:\u00a0Wir vermitteln ehrenamtlich Zeitzeugen. In einem pers\u00f6nlichen Gespr\u00e4ch greifen wir dabei gerne Ihre besonderen W\u00fcnsche &#8230; <a title=\"Zeitzeugen finden\" class=\"read-more\" href=\"https:\/\/unser-quartier.de\/habitare-secum\/zeitzeugenarbeit\/dokumentation-2\/\" aria-label=\"Mehr Informationen \u00fcber Zeitzeugen finden\">Weiterlesen<\/a><\/p>\n","protected":false},"author":27,"featured_media":0,"parent":332,"menu_order":2,"comment_status":"closed","ping_status":"open","template":"","meta":{"footnotes":""},"class_list":["post-416","page","type-page","status-publish"],"jetpack_sharing_enabled":true,"_links":{"self":[{"href":"https:\/\/unser-quartier.de\/habitare-secum\/wp-json\/wp\/v2\/pages\/416","targetHints":{"allow":["GET"]}}],"collection":[{"href":"https:\/\/unser-quartier.de\/habitare-secum\/wp-json\/wp\/v2\/pages"}],"about":[{"href":"https:\/\/unser-quartier.de\/habitare-secum\/wp-json\/wp\/v2\/types\/page"}],"author":[{"embeddable":true,"href":"https:\/\/unser-quartier.de\/habitare-secum\/wp-json\/wp\/v2\/users\/27"}],"replies":[{"embeddable":true,"href":"https:\/\/unser-quartier.de\/habitare-secum\/wp-json\/wp\/v2\/comments?post=416"}],"version-history":[{"count":0,"href":"https:\/\/unser-quartier.de\/habitare-secum\/wp-json\/wp\/v2\/pages\/416\/revisions"}],"up":[{"embeddable":true,"href":"https:\/\/unser-quartier.de\/habitare-secum\/wp-json\/wp\/v2\/pages\/332"}],"wp:attachment":[{"href":"https:\/\/unser-quartier.de\/habitare-secum\/wp-json\/wp\/v2\/media?parent=416"}],"curies":[{"name":"wp","href":"https:\/\/api.w.org\/{rel}","templated":true}]}}