{"id":491,"date":"2012-11-13T18:29:15","date_gmt":"2012-11-13T18:29:15","guid":{"rendered":"http:\/\/unser-quartier.de\/muelheim\/?page_id=491"},"modified":"2015-03-07T14:37:09","modified_gmt":"2015-03-07T14:37:09","slug":"ansprechpartner","status":"publish","type":"page","link":"https:\/\/unser-quartier.de\/habitare-secum\/kontakt\/ansprechpartner\/","title":{"rendered":"Ansprechpartnerinnen"},"content":{"rendered":"<p>Die Zeitzeugenb\u00f6rse ist ein Projekt, das von Ehrenamtlichen ins Leben gerufen wurde und betreut wird. Bitte haben Sie von daher Verst\u00e4ndnis daf\u00fcr, dass wir unsere pers\u00f6nlichen Telefonnummern nicht ins Netz stellen m\u00f6chten.<\/p>\n<p>Der Verein <a href=\"http:\/\/www.pariaktiv.de\/aktiv-sein\/\" target=\"_blank\">PARIaktiv<\/a> stellt uns im <a href=\"http:\/\/www.sommerhof.de\/startseite\/\" target=\"_blank\">Sommerhof<\/a>\u00a0\u2013 einer Senioreneinrichtung in M\u00fclheim an der Ruhr \u2013 R\u00e4umlichkeiten f\u00fcr unsere Treffen zur Verf\u00fcgung. Wenn Sie gerne Zeitzeuge werden m\u00f6chten oder anderweitig an unserer Arbeit interessiert sind, k\u00f6nnen Sie uns gerne \u00fcber den Sommerhof bzw. <a href=\"http:\/\/www.pariaktiv.de\/aktiv-sein\/\" target=\"_blank\">PARIaktiv<\/a> telefonisch erreichen. Die Mitarbeiterinnen werden Sie gerne an uns weiter vermitteln:<\/p>\n<p style=\"text-align: center\">PARIaktiv e.V. Telefonnummer: 0208 306815<\/p>\n<p>&nbsp;<\/p>\n<p>Auf digitalem Wege erreichen Sie uns direkt:<\/p>\n<p style=\"padding-left: 30px;text-align: center\"><a title=\"Kontakt\" href=\"https:\/\/unser-quartier.de\/habitare-secum\/kontakt\/\">zeitzeugenboerse@gmx.de<\/a><\/p>\n<p style=\"padding-left: 30px\">\n","protected":false},"excerpt":{"rendered":"<p>Die Zeitzeugenb\u00f6rse ist ein Projekt, das von Ehrenamtlichen ins Leben gerufen wurde und betreut wird. Bitte haben Sie von daher Verst\u00e4ndnis daf\u00fcr, dass wir unsere pers\u00f6nlichen Telefonnummern nicht ins Netz stellen m\u00f6chten. Der Verein PARIaktiv stellt uns im Sommerhof\u00a0\u2013 einer Senioreneinrichtung in M\u00fclheim an der Ruhr \u2013 R\u00e4umlichkeiten f\u00fcr unsere Treffen zur Verf\u00fcgung. Wenn Sie &#8230; <a title=\"Ansprechpartnerinnen\" class=\"read-more\" href=\"https:\/\/unser-quartier.de\/habitare-secum\/kontakt\/ansprechpartner\/\" aria-label=\"Mehr Informationen \u00fcber Ansprechpartnerinnen\">Weiterlesen<\/a><\/p>\n","protected":false},"author":27,"featured_media":518,"parent":12,"menu_order":1,"comment_status":"closed","ping_status":"open","template":"","meta":{"footnotes":""},"class_list":["post-491","page","type-page","status-publish","has-post-thumbnail"],"jetpack_sharing_enabled":true,"_links":{"self":[{"href":"https:\/\/unser-quartier.de\/habitare-secum\/wp-json\/wp\/v2\/pages\/491","targetHints":{"allow":["GET"]}}],"collection":[{"href":"https:\/\/unser-quartier.de\/habitare-secum\/wp-json\/wp\/v2\/pages"}],"about":[{"href":"https:\/\/unser-quartier.de\/habitare-secum\/wp-json\/wp\/v2\/types\/page"}],"author":[{"embeddable":true,"href":"https:\/\/unser-quartier.de\/habitare-secum\/wp-json\/wp\/v2\/users\/27"}],"replies":[{"embeddable":true,"href":"https:\/\/unser-quartier.de\/habitare-secum\/wp-json\/wp\/v2\/comments?post=491"}],"version-history":[{"count":0,"href":"https:\/\/unser-quartier.de\/habitare-secum\/wp-json\/wp\/v2\/pages\/491\/revisions"}],"up":[{"embeddable":true,"href":"https:\/\/unser-quartier.de\/habitare-secum\/wp-json\/wp\/v2\/pages\/12"}],"wp:featuredmedia":[{"embeddable":true,"href":"https:\/\/unser-quartier.de\/habitare-secum\/wp-json\/wp\/v2\/media\/518"}],"wp:attachment":[{"href":"https:\/\/unser-quartier.de\/habitare-secum\/wp-json\/wp\/v2\/media?parent=491"}],"curies":[{"name":"wp","href":"https:\/\/api.w.org\/{rel}","templated":true}]}}