{"id":494,"date":"2012-11-13T18:32:17","date_gmt":"2012-11-13T18:32:17","guid":{"rendered":"http:\/\/unser-quartier.de\/muelheim\/?page_id=494"},"modified":"2015-05-15T10:28:52","modified_gmt":"2015-05-15T10:28:52","slug":"unterstutzer-2","status":"publish","type":"page","link":"https:\/\/unser-quartier.de\/habitare-secum\/kontakt\/unterstutzer-2\/","title":{"rendered":"Unterst\u00fctzer"},"content":{"rendered":"<h2>Unser Projekt wird erf\u00e4hrt von vielen Seiten Unterst\u00fctzung:<\/h2>\n<p>In den R\u00e4umen des Sommerhofs fanden wir eine Bleibe, um unsere monatlichen Treffen abzuhalten. Der Gesch\u00e4ftsf\u00fchrer des <a href=\"http:\/\/www.sommerhof.de\/\">Sommerhofs<\/a>, Herr Seemann, ist sehr an unserer Arbeit in seinem Haus interessiert und hat f\u00fcr uns immer ein offenes Ohr, auch was Projekte betrifft.<\/p>\n<p>Als Vorsitzender des Vereins <a href=\"http:\/\/www.pariaktiv.de\/aktiv-sein\/\" target=\"_blank\">PARIaktiv<\/a> konnte er uns auch bei der Erstellung des Flyers helfen. Ein Flyer muss finanziert werden: Auch dies konnte PARIaktiv leisten.<\/p>\n<p><a href=\"https:\/\/unser-quartier.de\/habitare-secum\/kontakt\/unterstutzer-2\/druck\/\" rel=\"attachment wp-att-1350\"><img loading=\"lazy\" decoding=\"async\" data-attachment-id=\"1350\" data-permalink=\"https:\/\/unser-quartier.de\/habitare-secum\/kontakt\/unterstutzer-2\/druck\/#main\" data-orig-file=\"https:\/\/unser-quartier.de\/habitare-secum\/files\/2012\/11\/Netzwerk_der_Generationen-Logo_cmyk.jpg\" data-orig-size=\"3543,1772\" data-comments-opened=\"1\" data-image-meta=\"{&quot;aperture&quot;:&quot;0&quot;,&quot;credit&quot;:&quot;&quot;,&quot;camera&quot;:&quot;&quot;,&quot;caption&quot;:&quot;&quot;,&quot;created_timestamp&quot;:&quot;0&quot;,&quot;copyright&quot;:&quot;&quot;,&quot;focal_length&quot;:&quot;0&quot;,&quot;iso&quot;:&quot;0&quot;,&quot;shutter_speed&quot;:&quot;0&quot;,&quot;title&quot;:&quot;Druck&quot;}\" data-image-title=\"Druck\" data-image-description=\"\" data-image-caption=\"\" data-medium-file=\"https:\/\/unser-quartier.de\/habitare-secum\/files\/2012\/11\/Netzwerk_der_Generationen-Logo_cmyk-300x150.jpg\" data-large-file=\"https:\/\/unser-quartier.de\/habitare-secum\/files\/2012\/11\/Netzwerk_der_Generationen-Logo_cmyk-1024x512.jpg\" class=\"alignleft size-medium wp-image-1350\" src=\"https:\/\/unser-quartier.de\/habitare-secum\/files\/2012\/11\/Netzwerk_der_Generationen-Logo_cmyk-300x150.jpg\" alt=\"Druck\" width=\"300\" height=\"150\" srcset=\"https:\/\/unser-quartier.de\/habitare-secum\/files\/2012\/11\/Netzwerk_der_Generationen-Logo_cmyk-300x150.jpg 300w, https:\/\/unser-quartier.de\/habitare-secum\/files\/2012\/11\/Netzwerk_der_Generationen-Logo_cmyk-1024x512.jpg 1024w, https:\/\/unser-quartier.de\/habitare-secum\/files\/2012\/11\/Netzwerk_der_Generationen-Logo_cmyk-500x250.jpg 500w\" sizes=\"auto, (max-width: 300px) 100vw, 300px\" \/><\/a>Herr Marx vom Sozialamt der <a href=\"http:\/\/www.stadt-muelheim.de\">Stadt M\u00fclheim an der Ruhr<\/a>\u00a0ist immer ein besonderer Ansprechpartner, wenn es um unser Anliegen geht oder auch was die Verbreitung unserer \u00a0Ideen betrifft.<\/p>\n<p>&nbsp;<\/p>\n<p><a href=\"https:\/\/unser-quartier.de\/habitare-secum\/kontakt\/unterstutzer-2\/logo_seniorenbeirat\/\" rel=\"attachment wp-att-1931\"><img loading=\"lazy\" decoding=\"async\" data-attachment-id=\"1931\" data-permalink=\"https:\/\/unser-quartier.de\/habitare-secum\/kontakt\/unterstutzer-2\/logo_seniorenbeirat\/#main\" data-orig-file=\"https:\/\/unser-quartier.de\/habitare-secum\/files\/2015\/05\/Logo_Seniorenbeirat.jpg\" data-orig-size=\"892,737\" data-comments-opened=\"1\" data-image-meta=\"{&quot;aperture&quot;:&quot;0&quot;,&quot;credit&quot;:&quot;&quot;,&quot;camera&quot;:&quot;&quot;,&quot;caption&quot;:&quot;&quot;,&quot;created_timestamp&quot;:&quot;0&quot;,&quot;copyright&quot;:&quot;&quot;,&quot;focal_length&quot;:&quot;0&quot;,&quot;iso&quot;:&quot;0&quot;,&quot;shutter_speed&quot;:&quot;0&quot;,&quot;title&quot;:&quot;&quot;,&quot;orientation&quot;:&quot;0&quot;}\" data-image-title=\"Logo_Seniorenbeirat\" data-image-description=\"\" data-image-caption=\"\" data-medium-file=\"https:\/\/unser-quartier.de\/habitare-secum\/files\/2015\/05\/Logo_Seniorenbeirat-300x248.jpg\" data-large-file=\"https:\/\/unser-quartier.de\/habitare-secum\/files\/2015\/05\/Logo_Seniorenbeirat.jpg\" class=\" size-thumbnail wp-image-1931 alignright\" src=\"https:\/\/unser-quartier.de\/habitare-secum\/files\/2015\/05\/Logo_Seniorenbeirat-150x150.jpg\" alt=\"Logo_Seniorenbeirat\" width=\"150\" height=\"150\" \/><\/a>Mit dem\u00a0<a href=\"http:\/\/www.muelheim-ruhr.de\/cms\/mitglieder_des_seniorenbeirats1.html\">Seniorenbeirat<\/a> der Stadt M\u00fclheim an der Ruhr, vertreten durch Frau Klein, gab es auch die ein oder andere Zusammenarbeit, z.B. trugen unsere Zeitzeugen mit Geschichten im unl\u00e4ngst erschienen Seniorenratgeber der Stadt M\u00fclheim bei. Auch sie hat immer ein offenes Ohr f\u00fcr unser Anliegen.<\/p>\n<p>&nbsp;<\/p>\n<p><a href=\"https:\/\/unser-quartier.de\/habitare-secum\/aktuelles\/stadtarchiv-013\/\" rel=\"attachment wp-att-145\" class=\"broken_link\"><img loading=\"lazy\" decoding=\"async\" data-attachment-id=\"145\" data-permalink=\"https:\/\/unser-quartier.de\/habitare-secum\/?attachment_id=145#main\" data-orig-file=\"https:\/\/unser-quartier.de\/habitare-secum\/files\/2012\/05\/Stadtarchiv-013-e1374667370631.jpg\" data-orig-size=\"1465,565\" data-comments-opened=\"1\" data-image-meta=\"{&quot;aperture&quot;:&quot;0&quot;,&quot;credit&quot;:&quot;&quot;,&quot;camera&quot;:&quot;&quot;,&quot;caption&quot;:&quot;&quot;,&quot;created_timestamp&quot;:&quot;0&quot;,&quot;copyright&quot;:&quot;&quot;,&quot;focal_length&quot;:&quot;0&quot;,&quot;iso&quot;:&quot;0&quot;,&quot;shutter_speed&quot;:&quot;0&quot;,&quot;title&quot;:&quot;&quot;}\" data-image-title=\"Augenklinik\" data-image-description=\"\" data-image-caption=\"\" data-medium-file=\"https:\/\/unser-quartier.de\/habitare-secum\/files\/2012\/05\/Stadtarchiv-013-e1374667370631-300x115.jpg\" data-large-file=\"https:\/\/unser-quartier.de\/habitare-secum\/files\/2012\/05\/Stadtarchiv-013-e1374667370631-1024x394.jpg\" class=\"alignleft size-thumbnail wp-image-145\" src=\"https:\/\/unser-quartier.de\/habitare-secum\/files\/2012\/05\/Stadtarchiv-013-e1374667370631-150x150.jpg\" alt=\"Augenklinik\" width=\"150\" height=\"150\" \/><\/a>Die historischen Aufnahmen des alten M\u00fclheim wurden uns mit freundlicher Genehmigung des <a href=\"http:\/\/www.muelheim-ruhr.de\/cms\/stadtarchiv4.html\" target=\"_blank\">Stadtarchiv M\u00fclheim an der Ruhr<\/a> \u00fcberlassen.<\/p>\n<p>&nbsp;<\/p>\n<p>&nbsp;<\/p>\n<p><a href=\"https:\/\/unser-quartier.de\/habitare-secum\/kontakt\/unterstutzer-2\/cbe_logo_breit_cmyk-2\/\" rel=\"attachment wp-att-1433\"><img loading=\"lazy\" decoding=\"async\" data-attachment-id=\"1433\" data-permalink=\"https:\/\/unser-quartier.de\/habitare-secum\/kontakt\/unterstutzer-2\/cbe_logo_breit_cmyk-2\/#main\" data-orig-file=\"https:\/\/unser-quartier.de\/habitare-secum\/files\/2012\/11\/CBE_Logo_Breit_CMYK1.jpeg\" data-orig-size=\"1893,522\" data-comments-opened=\"1\" data-image-meta=\"{&quot;aperture&quot;:&quot;0&quot;,&quot;credit&quot;:&quot;&quot;,&quot;camera&quot;:&quot;&quot;,&quot;caption&quot;:&quot;&quot;,&quot;created_timestamp&quot;:&quot;0&quot;,&quot;copyright&quot;:&quot;&quot;,&quot;focal_length&quot;:&quot;0&quot;,&quot;iso&quot;:&quot;0&quot;,&quot;shutter_speed&quot;:&quot;0&quot;,&quot;title&quot;:&quot;&quot;,&quot;orientation&quot;:&quot;0&quot;}\" data-image-title=\"CBE_Logo_Breit_CMYK\" data-image-description=\"\" data-image-caption=\"\" data-medium-file=\"https:\/\/unser-quartier.de\/habitare-secum\/files\/2012\/11\/CBE_Logo_Breit_CMYK1-300x82.jpeg\" data-large-file=\"https:\/\/unser-quartier.de\/habitare-secum\/files\/2012\/11\/CBE_Logo_Breit_CMYK1-1024x282.jpeg\" class=\" size-medium wp-image-1433 alignright\" src=\"https:\/\/unser-quartier.de\/habitare-secum\/files\/2012\/11\/CBE_Logo_Breit_CMYK1-300x82.jpeg\" alt=\"CBE_Logo_Breit_CMYK\" width=\"300\" height=\"82\" srcset=\"https:\/\/unser-quartier.de\/habitare-secum\/files\/2012\/11\/CBE_Logo_Breit_CMYK1-300x82.jpeg 300w, https:\/\/unser-quartier.de\/habitare-secum\/files\/2012\/11\/CBE_Logo_Breit_CMYK1-1024x282.jpeg 1024w, https:\/\/unser-quartier.de\/habitare-secum\/files\/2012\/11\/CBE_Logo_Breit_CMYK1-500x137.jpeg 500w, https:\/\/unser-quartier.de\/habitare-secum\/files\/2012\/11\/CBE_Logo_Breit_CMYK1.jpeg 1893w\" sizes=\"auto, (max-width: 300px) 100vw, 300px\" \/><\/a><\/p>\n<p>&nbsp;<\/p>\n<p>Unsere Ausbildung zu <a href=\"https:\/\/unser-quartier.de\/efi-muelheim\/\" target=\"_blank\" class=\"broken_link\">Seniortrainerinnen<\/a> erhielten wir beim Centrum f\u00fcr b\u00fcrgerschaftliches Engagement.<\/p>\n","protected":false},"excerpt":{"rendered":"<p>Unser Projekt wird erf\u00e4hrt von vielen Seiten Unterst\u00fctzung: In den R\u00e4umen des Sommerhofs fanden wir eine Bleibe, um unsere monatlichen Treffen abzuhalten. Der Gesch\u00e4ftsf\u00fchrer des Sommerhofs, Herr Seemann, ist sehr an unserer Arbeit in seinem Haus interessiert und hat f\u00fcr uns immer ein offenes Ohr, auch was Projekte betrifft. Als Vorsitzender des Vereins PARIaktiv konnte &#8230; <a title=\"Unterst\u00fctzer\" class=\"read-more\" href=\"https:\/\/unser-quartier.de\/habitare-secum\/kontakt\/unterstutzer-2\/\" aria-label=\"Mehr Informationen \u00fcber Unterst\u00fctzer\">Weiterlesen<\/a><\/p>\n","protected":false},"author":27,"featured_media":1911,"parent":12,"menu_order":2,"comment_status":"closed","ping_status":"open","template":"","meta":{"footnotes":""},"class_list":["post-494","page","type-page","status-publish","has-post-thumbnail"],"jetpack_sharing_enabled":true,"_links":{"self":[{"href":"https:\/\/unser-quartier.de\/habitare-secum\/wp-json\/wp\/v2\/pages\/494","targetHints":{"allow":["GET"]}}],"collection":[{"href":"https:\/\/unser-quartier.de\/habitare-secum\/wp-json\/wp\/v2\/pages"}],"about":[{"href":"https:\/\/unser-quartier.de\/habitare-secum\/wp-json\/wp\/v2\/types\/page"}],"author":[{"embeddable":true,"href":"https:\/\/unser-quartier.de\/habitare-secum\/wp-json\/wp\/v2\/users\/27"}],"replies":[{"embeddable":true,"href":"https:\/\/unser-quartier.de\/habitare-secum\/wp-json\/wp\/v2\/comments?post=494"}],"version-history":[{"count":0,"href":"https:\/\/unser-quartier.de\/habitare-secum\/wp-json\/wp\/v2\/pages\/494\/revisions"}],"up":[{"embeddable":true,"href":"https:\/\/unser-quartier.de\/habitare-secum\/wp-json\/wp\/v2\/pages\/12"}],"wp:featuredmedia":[{"embeddable":true,"href":"https:\/\/unser-quartier.de\/habitare-secum\/wp-json\/wp\/v2\/media\/1911"}],"wp:attachment":[{"href":"https:\/\/unser-quartier.de\/habitare-secum\/wp-json\/wp\/v2\/media?parent=494"}],"curies":[{"name":"wp","href":"https:\/\/api.w.org\/{rel}","templated":true}]}}