{"id":858,"date":"2013-10-30T13:34:33","date_gmt":"2013-10-30T13:34:33","guid":{"rendered":"http:\/\/unser-quartier.de\/habitare-secum\/?p=858"},"modified":"2014-08-01T19:49:22","modified_gmt":"2014-08-01T19:49:22","slug":"zeitzeugentreffen","status":"publish","type":"page","link":"https:\/\/unser-quartier.de\/habitare-secum\/zeitzeugentreffen\/","title":{"rendered":"Zeitzeugentreffen"},"content":{"rendered":"<p>Seit der Gr\u00fcndung der ZeitZeugenB\u00f6rse in M\u00fclheim an der Ruhr im November 2011 treffen sich interessierte Zeitzeugen monatlich im <a href=\"http:\/\/www.sommerhof.de\/\" target=\"_blank\">Sommerhof<\/a>, einer Einrichtung des Servicewohnens f\u00fcr Senioren (Tourainer Ring 12, Eingang Hingbergstra\u00dfe) direkt in der Innenstadt, zum gemeinsamen Kennlernen und Austausch.<\/p>\n<h1>Wir treffen uns an jedem dritten Mittwoch im Monat von 10.00 Uhr bis 12.30 Uhr.<\/h1>\n<p>Hier werden die <strong><em>Erinnerungen<\/em><\/strong> zun\u00e4chst einmal <strong><em>erz\u00e4hlt<\/em><\/strong>. In der halbgesch\u00fctzten Atmosph\u00e4re der Gruppe besteht Vertrauen, sich die manchmal schmerzhafte Lebenserinnerung bewusst zur\u00fcckzuholen, zu verstehen und zu verarbeiten. Dies ist wichtig &#8211; denn nur so kann die erlebte Geschichte <em>(oral history)<\/em> nach einer gewissen \u00dcbungsphase authentisch <strong><em>weitergegeben<\/em><\/strong> werden.<\/p>\n<p>Alle Erz\u00e4hlungen werden <strong><em>aufgezeichnet<\/em><\/strong>, diese dann <strong><em>gespeichert<\/em><\/strong> und als CD gebrannt. Eine Verschriftlichung erleichtert zudem eine Nachbearbeitung.<\/p>\n<p>Durch Reflexion, digitaler Aufnahme und deren Verschriftlichung wird die erz\u00e4hlte Geschichte ein <strong><em>Zeitzeugnis<\/em><\/strong>, das weitergegeben werden kann.<\/p>\n","protected":false},"excerpt":{"rendered":"<p>Seit der Gr\u00fcndung der ZeitZeugenB\u00f6rse in M\u00fclheim an der Ruhr im November 2011 treffen sich interessierte Zeitzeugen monatlich im Sommerhof, einer Einrichtung des Servicewohnens f\u00fcr Senioren (Tourainer Ring 12, Eingang Hingbergstra\u00dfe) direkt in der Innenstadt, zum gemeinsamen Kennlernen und Austausch. Wir treffen uns an jedem dritten Mittwoch im Monat von 10.00 Uhr bis 12.30 Uhr. &#8230; <a title=\"Zeitzeugentreffen\" class=\"read-more\" href=\"https:\/\/unser-quartier.de\/habitare-secum\/zeitzeugentreffen\/\" aria-label=\"Mehr Informationen \u00fcber Zeitzeugentreffen\">Weiterlesen<\/a><\/p>\n","protected":false},"author":27,"featured_media":440,"parent":0,"menu_order":4,"comment_status":"closed","ping_status":"closed","template":"","meta":{"footnotes":""},"class_list":["post-858","page","type-page","status-publish","has-post-thumbnail"],"jetpack_sharing_enabled":true,"_links":{"self":[{"href":"https:\/\/unser-quartier.de\/habitare-secum\/wp-json\/wp\/v2\/pages\/858","targetHints":{"allow":["GET"]}}],"collection":[{"href":"https:\/\/unser-quartier.de\/habitare-secum\/wp-json\/wp\/v2\/pages"}],"about":[{"href":"https:\/\/unser-quartier.de\/habitare-secum\/wp-json\/wp\/v2\/types\/page"}],"author":[{"embeddable":true,"href":"https:\/\/unser-quartier.de\/habitare-secum\/wp-json\/wp\/v2\/users\/27"}],"replies":[{"embeddable":true,"href":"https:\/\/unser-quartier.de\/habitare-secum\/wp-json\/wp\/v2\/comments?post=858"}],"version-history":[{"count":0,"href":"https:\/\/unser-quartier.de\/habitare-secum\/wp-json\/wp\/v2\/pages\/858\/revisions"}],"wp:featuredmedia":[{"embeddable":true,"href":"https:\/\/unser-quartier.de\/habitare-secum\/wp-json\/wp\/v2\/media\/440"}],"wp:attachment":[{"href":"https:\/\/unser-quartier.de\/habitare-secum\/wp-json\/wp\/v2\/media?parent=858"}],"curies":[{"name":"wp","href":"https:\/\/api.w.org\/{rel}","templated":true}]}}