{"id":10804,"date":"2019-07-30T13:52:30","date_gmt":"2019-07-30T11:52:30","guid":{"rendered":"https:\/\/unser-quartier.de\/hagelkreuz\/?page_id=10804"},"modified":"2023-05-04T09:50:09","modified_gmt":"2023-05-04T09:50:09","slug":"sandkasten-am-concordienplatz","status":"publish","type":"page","link":"https:\/\/unser-quartier.de\/hagelkreuz\/projekte\/sandkasten-am-concordienplatz\/","title":{"rendered":"Sandkasten am Concordienplatz"},"content":{"rendered":"<figure id=\"attachment_10807\" aria-describedby=\"caption-attachment-10807\" style=\"width: 290px\" class=\"wp-caption alignleft\"><a href=\"https:\/\/unser-quartier.de\/hagelkreuz\/files\/2019\/07\/IMG_20190730_134726.jpg\" data-wpel-link=\"internal\"><img loading=\"lazy\" decoding=\"async\" class=\"wp-image-10807 size-medium\" src=\"https:\/\/unser-quartier.de\/hagelkreuz\/files\/2019\/07\/IMG_20190730_134726-300x225.jpg\" alt=\"Foto Sandkasten am Cocnridienplatz\" width=\"300\" height=\"225\" srcset=\"https:\/\/unser-quartier.de\/hagelkreuz\/files\/2019\/07\/IMG_20190730_134726-300x225.jpg 300w, https:\/\/unser-quartier.de\/hagelkreuz\/files\/2019\/07\/IMG_20190730_134726-150x112.jpg 150w, https:\/\/unser-quartier.de\/hagelkreuz\/files\/2019\/07\/IMG_20190730_134726-768x575.jpg 768w, https:\/\/unser-quartier.de\/hagelkreuz\/files\/2019\/07\/IMG_20190730_134726-1024x766.jpg 1024w, https:\/\/unser-quartier.de\/hagelkreuz\/files\/2019\/07\/IMG_20190730_134726.jpg 1200w\" sizes=\"auto, (max-width: 300px) 100vw, 300px\" \/><\/a><figcaption id=\"caption-attachment-10807\" class=\"wp-caption-text\">Sandkasten am Concordienplatz l\u00e4dt Kinder zum Spiel ein<\/figcaption><\/figure>\n<h3>Ferienspa\u00df im Sommer 2019<\/h3>\n<p>Gemeinsam mit vielen Akteuren im und rund ums Hagelkreuz wurde die Idee einen Sandkasten am Concordienplatz einzurichten vom Ratsherr Caniceus aufgegriffen und p\u00fcnktlich zum Ferienbeginn umgesetzt. \u00c4hnlich wie in der Altstadt sollten die &#8222;Kleinen&#8220; w\u00e4hrend der Sommerferien im Sandkasten mit Schaufel, F\u00f6rmchen und Eimerchen spielen k\u00f6nnen.\u00a0 Durch die N\u00e4he zur Gastronomie haben die Eltern bei einem Eis oder einem D\u00f6ner die Gelegenheit sich zu entspannen, w\u00e4hrend die Kids in ihre magische Spielewelt eintauchen k\u00f6nnen. Der B\u00fcrgerverein Hagelkreuz, das Quartiersb\u00fcro Hagelkreuz, die Firma Hamelmann, der Baumarkt self und der Lionsclub freuen sich \u00fcber die rege Beteiligung an der neuen Spielattraktion am Concordienplatz. Aufgrund der <a href=\"https:\/\/unser-quartier.de\/hagelkreuz\/2019\/07\/sandkasten-am-concordienplatz-laedt-die-kleinsten-zum-spiel-ein\/\" data-wpel-link=\"internal\">positiven Resonanz<\/a> soll der Sandkasten auch im n\u00e4chsten Jahr wieder aufgebaut werden.<\/p>\n","protected":false},"excerpt":{"rendered":"<p>Ferienspa\u00df im Sommer 2019 Gemeinsam mit vielen Akteuren im und rund ums Hagelkreuz wurde die Idee einen Sandkasten am Concordienplatz einzurichten vom Ratsherr Caniceus aufgegriffen und p\u00fcnktlich zum Ferienbeginn umgesetzt. \u00c4hnlich wie in der Altstadt sollten die &#8222;Kleinen&#8220; w\u00e4hrend der Sommerferien im Sandkasten mit Schaufel, F\u00f6rmchen und Eimerchen spielen k\u00f6nnen.\u00a0 Durch die N\u00e4he zur Gastronomie&hellip; <a class=\"continue\" href=\"https:\/\/unser-quartier.de\/hagelkreuz\/projekte\/sandkasten-am-concordienplatz\/\" data-wpel-link=\"internal\"> \u00bb weiterlesen: <span> Sandkasten am Concordienplatz<\/span><\/a><\/p>\n","protected":false},"author":391,"featured_media":0,"parent":1704,"menu_order":5,"comment_status":"closed","ping_status":"closed","template":"","meta":{"generate_page_header":"","footnotes":""},"class_list":["post-10804","page","type-page","status-publish"],"_links":{"self":[{"href":"https:\/\/unser-quartier.de\/hagelkreuz\/wp-json\/wp\/v2\/pages\/10804","targetHints":{"allow":["GET"]}}],"collection":[{"href":"https:\/\/unser-quartier.de\/hagelkreuz\/wp-json\/wp\/v2\/pages"}],"about":[{"href":"https:\/\/unser-quartier.de\/hagelkreuz\/wp-json\/wp\/v2\/types\/page"}],"author":[{"embeddable":true,"href":"https:\/\/unser-quartier.de\/hagelkreuz\/wp-json\/wp\/v2\/users\/391"}],"replies":[{"embeddable":true,"href":"https:\/\/unser-quartier.de\/hagelkreuz\/wp-json\/wp\/v2\/comments?post=10804"}],"version-history":[{"count":2,"href":"https:\/\/unser-quartier.de\/hagelkreuz\/wp-json\/wp\/v2\/pages\/10804\/revisions"}],"predecessor-version":[{"id":17249,"href":"https:\/\/unser-quartier.de\/hagelkreuz\/wp-json\/wp\/v2\/pages\/10804\/revisions\/17249"}],"up":[{"embeddable":true,"href":"https:\/\/unser-quartier.de\/hagelkreuz\/wp-json\/wp\/v2\/pages\/1704"}],"wp:attachment":[{"href":"https:\/\/unser-quartier.de\/hagelkreuz\/wp-json\/wp\/v2\/media?parent=10804"}],"curies":[{"name":"wp","href":"https:\/\/api.w.org\/{rel}","templated":true}]}}