{"id":11129,"date":"2019-10-17T16:31:49","date_gmt":"2019-10-17T14:31:49","guid":{"rendered":"https:\/\/unser-quartier.de\/hagelkreuz\/?page_id=11129"},"modified":"2020-03-26T23:48:02","modified_gmt":"2020-03-26T23:48:02","slug":"was-koennen-sie","status":"publish","type":"page","link":"https:\/\/unser-quartier.de\/hagelkreuz\/ueber-uns\/was-koennen-sie\/","title":{"rendered":"Was k\u00f6nnen Sie?"},"content":{"rendered":"<h3>Bringen Sie Ihre F\u00e4higkeiten im Hagelkreuz ein!<\/h3>\n<p>Lebensader und Verbundenheit f\u00fcr ein Freizeitangebot ist die Teilnahme von B\u00fcrgerinnen und B\u00fcrgern: Jeder tr\u00e4gt mit seinem typischen Flair zum Charme des Stadtteils im Norden der Thomasstadt bei und kann das Gesicht des Viertels pr\u00e4gen. \u00a0<\/p>\n<p>Vielleicht haben Sie ein interessantes Hobby und m\u00f6chten es mit jemanden oder einer Gruppe teilen? Sie sind oder waren ein Profi in ihrem Beruf und m\u00f6chten andere begeistern? Sie wollen neue Menschen kennenlernen, bestehende Kontakte ausbauen oder suchen jemand f\u00fcr gemeinsame Aktivit\u00e4ten? Warum kommen Sie dann nicht einfach im Quartiersb\u00fcro auf dem Concordienplatz vorbei und schauen sich das Freizeitangebot an!<\/p>\n<h3><strong>Miteinander statt Nebeneinander<\/strong><\/h3>\n<p>Sie haben Zeit f\u00fcr neue Aktivit\u00e4ten und k\u00f6nnen endlich das machen m\u00f6chten, was Sie schon lange vorhaben, aber es immer wieder in die Zukunft verschoben haben: Dann sind Sie hier genau richtig und k\u00f6nnen selbst eine Sport- oder Kreativ-Gruppe f\u00fcr Bewohnerinnen und Bewohner im Hagelkreuz ins Leben rufen. Das Quartiersb\u00fcro unterst\u00fctzt bei Ideen, Pl\u00e4nen und W\u00fcnschen.<\/p>\n<h3><strong>Lebensfreude &amp; Lebensfreunde <\/strong><\/h3>\n<p>Kommen Sie vorbei: Lebensfreude und Lebensfreunde entstehen durch Lust auf Neues und gelebtes Miteinander. Und bringen Sie Ihre Nachbarin oder Ihren Nachbar gleich mit. rs<\/p>\n","protected":false},"excerpt":{"rendered":"<p>Bringen Sie Ihre F\u00e4higkeiten im Hagelkreuz ein! Lebensader und Verbundenheit f\u00fcr ein Freizeitangebot ist die Teilnahme von B\u00fcrgerinnen und B\u00fcrgern: Jeder tr\u00e4gt mit seinem typischen Flair zum Charme des Stadtteils im Norden der Thomasstadt bei und kann das Gesicht des Viertels pr\u00e4gen. \u00a0 Vielleicht haben Sie ein interessantes Hobby und m\u00f6chten es mit jemanden oder&hellip; <a class=\"continue\" href=\"https:\/\/unser-quartier.de\/hagelkreuz\/ueber-uns\/was-koennen-sie\/\" data-wpel-link=\"internal\"> \u00bb weiterlesen: <span> Was k\u00f6nnen Sie?<\/span><\/a><\/p>\n","protected":false},"author":391,"featured_media":0,"parent":18,"menu_order":4,"comment_status":"closed","ping_status":"closed","template":"","meta":{"generate_page_header":"","footnotes":""},"class_list":["post-11129","page","type-page","status-publish"],"_links":{"self":[{"href":"https:\/\/unser-quartier.de\/hagelkreuz\/wp-json\/wp\/v2\/pages\/11129","targetHints":{"allow":["GET"]}}],"collection":[{"href":"https:\/\/unser-quartier.de\/hagelkreuz\/wp-json\/wp\/v2\/pages"}],"about":[{"href":"https:\/\/unser-quartier.de\/hagelkreuz\/wp-json\/wp\/v2\/types\/page"}],"author":[{"embeddable":true,"href":"https:\/\/unser-quartier.de\/hagelkreuz\/wp-json\/wp\/v2\/users\/391"}],"replies":[{"embeddable":true,"href":"https:\/\/unser-quartier.de\/hagelkreuz\/wp-json\/wp\/v2\/comments?post=11129"}],"version-history":[{"count":0,"href":"https:\/\/unser-quartier.de\/hagelkreuz\/wp-json\/wp\/v2\/pages\/11129\/revisions"}],"up":[{"embeddable":true,"href":"https:\/\/unser-quartier.de\/hagelkreuz\/wp-json\/wp\/v2\/pages\/18"}],"wp:attachment":[{"href":"https:\/\/unser-quartier.de\/hagelkreuz\/wp-json\/wp\/v2\/media?parent=11129"}],"curies":[{"name":"wp","href":"https:\/\/api.w.org\/{rel}","templated":true}]}}