{"id":12383,"date":"2020-08-04T10:07:25","date_gmt":"2020-08-04T10:07:25","guid":{"rendered":"https:\/\/unser-quartier.de\/hagelkreuz\/?page_id=12383"},"modified":"2025-03-27T13:43:37","modified_gmt":"2025-03-27T13:43:37","slug":"internet-redaktion","status":"publish","type":"page","link":"https:\/\/unser-quartier.de\/hagelkreuz\/projekte\/internet-redaktion\/","title":{"rendered":"Internet-Redaktion"},"content":{"rendered":"<h3>Verantwortlich<\/h3>\n<p>Stadt Kempen, Quartiersentwicklung Kempen, Ingo Behr, Concordienplatz 7, 47906 Kempen<\/p>\n<h3>Projektstart<\/h3>\n<p>Januar 2016<\/p>\n<h3>Projektumsetzung<\/h3>\n<p>September 2016<\/p>\n<h3>Projektbeschreibung<\/h3>\n<p>Das Internet ist im Zeitalter der Digitalisierung ein wichtiges Instrument f\u00fcr eine direkte und zeitgem\u00e4\u00dfe Kommunikation in sozialen Netzwerken. Daher kam das Angebot vom KDA im Rahmen des vom damaligen MGEPA (Ministerium f\u00fcr Gesundheit, Emanzipation, Pflege und Alter) finanzierten Projektes Forum-lernen mit dem Titel: Internet-gest\u00fctzter Workshop zum Aufbau von Websites f\u00fcr Organisationen und Initiativen zum richtigen Zeitpunkt. In einem Tandem mit einer Ehrenamtlichen und einem Hauptamtlichen wurden in mehreren Workshops Grundkenntnisse f\u00fcr das Betreiben einer Internet-Plattform vermittelt.<\/p>\n<p>Diese Kenntnisse wurden an weitere Redaktionsmitglieder weiter gegeben und die Internetseite <a href=\"https:\/\/www.hagelkreuz-kempen.de\" data-wpel-link=\"external\" target=\"_self\" rel=\"nofollow external noopener noreferrer\" title=\"Externer Link: \" class=\"ext-link wpel-icon-right\">www.hagelkreuz-kempen.de<span class=\"wpel-icon wpel-image wpel-icon-6\"><\/span><\/a> gemeinsam entwickelt. Zu Beginn des Projektes waren acht Personen im Redaktionsteam aktiv. Aktuell sind f\u00fcnf <a href=\"https:\/\/unser-quartier.de\/hagelkreuz\/ueber-uns\/team\/\" data-wpel-link=\"internal\">Redaktionsmitglieder<\/a> aktiv. Aber auch Berichte von B\u00fcrgern aus dem Viertel sind jederzeit willkommen und werden nach einer redaktionellen Bearbeitung ver\u00f6ffentlicht.<\/p>\n<p>Die Internet-Seite will aktuelle Themen im Stadtteil aufgreifen, fotografisch dokumentieren, auf Veranstaltungen hinweisen, die vorhandenen Dienstleister auflisten und den Bewohnern im Hagelkreuz zur Verf\u00fcgung stellen. Au\u00dferdem werden hier alle Aktivit\u00e4ten des Quartiersprojektes Hagelkreuz transparent vorgestellt.<\/p>\n<p>Seit bestehen der Internetseite im September 2016 sind ca. 70.000 Klicks auf unseren Seiten zu verzeichnen, 190 Artikel werden ver\u00f6ffentlicht, auf mehr als 700 Veranstaltungen wird hingewiesen und aktuell knapp 80 Dienstleister bzw. Anbieter aufgelistet.<\/p>\n<h3>\u00d6ffentlichkeitsarbeit<\/h3>\n<p>Im Zusammenhang mit der Ver\u00f6ffentlichung neuer Quartiersprojekte wurde auf die neu entstandene Internetseite\u00a0 in der Presse als auch beim Forum Hagelkreuz hingewiesen, au\u00dferdem wurde ein Faltblatt erstellt, dass die Internetseite beworben hat.<\/p>\n<h3>Das Quartier Hagelkreuz ist im Internet<\/h3>\n<p>seit dem 27. September 2016.<\/p>\n<h3>Unsere Internetseite<\/h3>\n<p><a href=\"http:\/\/www.hagelkreuz-kempen.de\" data-wpel-link=\"external\" target=\"_self\" rel=\"nofollow external noopener noreferrer\" title=\"Externer Link: \" class=\"ext-link wpel-icon-right\">www.hagelkreuz-kempen.de<span class=\"wpel-icon wpel-image wpel-icon-6\"><\/span><\/a> wird auf dem 4. Forum Hagelkreuz vorgestellt und f\u00fcr die \u00d6ffentlichkeit freigeschaltet.<\/p>\n<p>Die Internetseite erm\u00f6glicht den Bewohnern im Hagelkreuz den schnellen Zugriff auf Informationen zum Beispiel \u00fcber Veranstaltungen, Beratungs- und Unterst\u00fctzungsangeboten und die Gesundheitsversorgung. Die Bewohner und Akteure sind eingeladen, sich mit eigenen Beitr\u00e4gen und Fotos zu aktuellen Themen im Hagelkreuz einzubringen. Die Beitr\u00e4ge k\u00f6nnen unter <a href=\"mailto:meinung@hagelkreuz-kempen.de\">meinung@hagelkreuz-kempen.de<\/a> an die Online-Redaktion geschickt werden. Renate Sockolowsky, eine weitere ehrenamtliche Online-Redakteurin, freut sich \u00fcber die eingesendeten Beitr\u00e4ge. \u201eWir m\u00f6chten eine Informationsplattform f\u00fcr das Hagelkreuz sein und den Austausch der Bewohner \u00fcber das Leben im Hagelkreuz f\u00f6rdern,\u201c bekr\u00e4ftigt Renate Sockolowsky.<\/p>\n<h3>Projektende<\/h3>\n<p>offen<\/p>\n","protected":false},"excerpt":{"rendered":"<p>Verantwortlich Stadt Kempen, Quartiersentwicklung Kempen, Ingo Behr, Concordienplatz 7, 47906 Kempen Projektstart Januar 2016 Projektumsetzung September 2016 Projektbeschreibung Das Internet ist im Zeitalter der Digitalisierung ein wichtiges Instrument f\u00fcr eine direkte und zeitgem\u00e4\u00dfe Kommunikation in sozialen Netzwerken. Daher kam das Angebot vom KDA im Rahmen des vom damaligen MGEPA (Ministerium f\u00fcr Gesundheit, Emanzipation, Pflege und&hellip; <a class=\"continue\" href=\"https:\/\/unser-quartier.de\/hagelkreuz\/projekte\/internet-redaktion\/\" data-wpel-link=\"internal\"> \u00bb weiterlesen: <span> Internet-Redaktion<\/span><\/a><\/p>\n","protected":false},"author":391,"featured_media":0,"parent":1704,"menu_order":2,"comment_status":"closed","ping_status":"closed","template":"","meta":{"generate_page_header":"","footnotes":""},"class_list":["post-12383","page","type-page","status-publish"],"_links":{"self":[{"href":"https:\/\/unser-quartier.de\/hagelkreuz\/wp-json\/wp\/v2\/pages\/12383","targetHints":{"allow":["GET"]}}],"collection":[{"href":"https:\/\/unser-quartier.de\/hagelkreuz\/wp-json\/wp\/v2\/pages"}],"about":[{"href":"https:\/\/unser-quartier.de\/hagelkreuz\/wp-json\/wp\/v2\/types\/page"}],"author":[{"embeddable":true,"href":"https:\/\/unser-quartier.de\/hagelkreuz\/wp-json\/wp\/v2\/users\/391"}],"replies":[{"embeddable":true,"href":"https:\/\/unser-quartier.de\/hagelkreuz\/wp-json\/wp\/v2\/comments?post=12383"}],"version-history":[{"count":1,"href":"https:\/\/unser-quartier.de\/hagelkreuz\/wp-json\/wp\/v2\/pages\/12383\/revisions"}],"predecessor-version":[{"id":22383,"href":"https:\/\/unser-quartier.de\/hagelkreuz\/wp-json\/wp\/v2\/pages\/12383\/revisions\/22383"}],"up":[{"embeddable":true,"href":"https:\/\/unser-quartier.de\/hagelkreuz\/wp-json\/wp\/v2\/pages\/1704"}],"wp:attachment":[{"href":"https:\/\/unser-quartier.de\/hagelkreuz\/wp-json\/wp\/v2\/media?parent=12383"}],"curies":[{"name":"wp","href":"https:\/\/api.w.org\/{rel}","templated":true}]}}