{"id":1420,"date":"2016-05-19T14:24:49","date_gmt":"2016-05-19T12:24:49","guid":{"rendered":"http:\/\/unser-quartier.de\/hagelkreuz\/?page_id=1420"},"modified":"2021-02-15T17:52:36","modified_gmt":"2021-02-15T17:52:36","slug":"team","status":"publish","type":"page","link":"https:\/\/unser-quartier.de\/hagelkreuz\/ueber-uns\/team\/","title":{"rendered":"Internetredaktion"},"content":{"rendered":"<figure id=\"attachment_12274\" aria-describedby=\"caption-attachment-12274\" style=\"width: 290px\" class=\"wp-caption alignleft\"><a href=\"https:\/\/unser-quartier.de\/hagelkreuz\/files\/2020\/02\/DSC00811.jpg\" data-wpel-link=\"internal\"><img loading=\"lazy\" decoding=\"async\" class=\"wp-image-12274 size-medium\" src=\"https:\/\/unser-quartier.de\/hagelkreuz\/files\/2020\/02\/DSC00811-300x225.jpg\" alt=\"Gruppenfoto\" width=\"300\" height=\"225\" srcset=\"https:\/\/unser-quartier.de\/hagelkreuz\/files\/2020\/02\/DSC00811-300x225.jpg 300w, https:\/\/unser-quartier.de\/hagelkreuz\/files\/2020\/02\/DSC00811-1024x768.jpg 1024w, https:\/\/unser-quartier.de\/hagelkreuz\/files\/2020\/02\/DSC00811-150x112.jpg 150w, https:\/\/unser-quartier.de\/hagelkreuz\/files\/2020\/02\/DSC00811-768x576.jpg 768w, https:\/\/unser-quartier.de\/hagelkreuz\/files\/2020\/02\/DSC00811-1536x1152.jpg 1536w, https:\/\/unser-quartier.de\/hagelkreuz\/files\/2020\/02\/DSC00811-2048x1536.jpg 2048w, https:\/\/unser-quartier.de\/hagelkreuz\/files\/2020\/02\/DSC00811.jpg 1200w\" sizes=\"auto, (max-width: 300px) 100vw, 300px\" \/><\/a><figcaption id=\"caption-attachment-12274\" class=\"wp-caption-text\">Die Internetredaktion v.l.: Ingo Behr, Gisela van Soest, Renate Sockolowsky, Andrea Duffhau\u00df und Klaus Martens<\/figcaption><\/figure>\n<p>Unser Team besteht seit M\u00e4rz 2016 und bearbeitet selbst\u00e4ndig die Website f\u00fcrs Hagelkreuz, schreibt Artikel \u00fcber alles was im Hagelkreuz passiert, macht Fotos, pflegt den Veranstungskalender und die Anbieterliste.<\/p>\n<p>Unsere Redaktionstreffen finden regelm\u00e4\u00dfig einmal monatlich donnerstags und nach Absprache statt. Au\u00dferdem halten wir \u00fcber die Kommunikationsplattform &#8222;Moodle&#8220; zeitnahen Kontakt, planen und ver\u00f6ffentlichen aktuelle Artikel.<\/p>\n<p>Wir freuen uns \u00fcber weitere Online-Redakteure, die unsere Seite mitgestalten m\u00f6chten: <a href=\"https:\/\/unser-quartier.de\/hagelkreuz\/kontakt\/\" data-wpel-link=\"internal\">Kontakt<\/a><\/p>\n<h3 class=\"widget-title\">Andrea Duffhau\u00df<\/h3>\n<p>besuchte mit Ingo Behr die Internetschulungen f\u00fcr die Gestaltung von Websites mit WordPress in Duisburg, ist zust\u00e4ndig f\u00fcr die Ressorts Freizeit und Veranstaltungen und pflegt den Veranstaltungskalender. Au\u00dferdem schie\u00dft sie gerne Fotos und schreibt Artikel. ad<\/p>\n<h3>Klaus Martens<\/h3>\n<p>schreibt und fotografiert gerne und bereichert unser Redaktionsteam mit seinen Erfahrungen aus der IT. km<\/p>\n<h3>Renate Sockolowsky<\/h3>\n<p>ist \u00fcber die Freiwilligenagentur Kempen zu uns gesto\u00dfen, schreibt gerne Artikel und ist auch verantwortlich f\u00fcr den Austausch der Veranstaltungen im Hagelkreuz mit der Stadt Kempen. rs<\/p>\n<h3 class=\"widget-title\">Gisela van Soest<\/h3>\n<p class=\"widget-title\">war zust\u00e4ndig f\u00fcr die Akteurs- und Dienstleisterliste und freute sich \u00fcber die gefundenen Tippfehler. Sie hat die Online-Redaktion nach mehr als vier Jahren Anfang diesen Jahres verlassen. Vielen Dank f\u00fcr die geleistete ehrenamtliche Arbeit und die vielen Impulse zur Weiterentwicklung der Homepage. Wir w\u00fcnschen dir viel Spa\u00df bei allen weiteren Unternehmungen. Dein Internet-Team<\/p>\n<h3 class=\"widget-title\">Ingo Behr<\/h3>\n<p>ist der Quartiersentwickler der Stadt Kempen und h\u00e4lt den Laden zusammen. ib<\/p>\n","protected":false},"excerpt":{"rendered":"<p>Unser Team besteht seit M\u00e4rz 2016 und bearbeitet selbst\u00e4ndig die Website f\u00fcrs Hagelkreuz, schreibt Artikel \u00fcber alles was im Hagelkreuz passiert, macht Fotos, pflegt den Veranstungskalender und die Anbieterliste. Unsere Redaktionstreffen finden regelm\u00e4\u00dfig einmal monatlich donnerstags und nach Absprache statt. Au\u00dferdem halten wir \u00fcber die Kommunikationsplattform &#8222;Moodle&#8220; zeitnahen Kontakt, planen und ver\u00f6ffentlichen aktuelle Artikel. Wir&hellip; <a class=\"continue\" href=\"https:\/\/unser-quartier.de\/hagelkreuz\/ueber-uns\/team\/\" data-wpel-link=\"internal\"> \u00bb weiterlesen: <span> Internetredaktion<\/span><\/a><\/p>\n","protected":false},"author":391,"featured_media":0,"parent":18,"menu_order":1,"comment_status":"closed","ping_status":"closed","template":"","meta":{"generate_page_header":"","footnotes":""},"class_list":["post-1420","page","type-page","status-publish"],"_links":{"self":[{"href":"https:\/\/unser-quartier.de\/hagelkreuz\/wp-json\/wp\/v2\/pages\/1420","targetHints":{"allow":["GET"]}}],"collection":[{"href":"https:\/\/unser-quartier.de\/hagelkreuz\/wp-json\/wp\/v2\/pages"}],"about":[{"href":"https:\/\/unser-quartier.de\/hagelkreuz\/wp-json\/wp\/v2\/types\/page"}],"author":[{"embeddable":true,"href":"https:\/\/unser-quartier.de\/hagelkreuz\/wp-json\/wp\/v2\/users\/391"}],"replies":[{"embeddable":true,"href":"https:\/\/unser-quartier.de\/hagelkreuz\/wp-json\/wp\/v2\/comments?post=1420"}],"version-history":[{"count":0,"href":"https:\/\/unser-quartier.de\/hagelkreuz\/wp-json\/wp\/v2\/pages\/1420\/revisions"}],"up":[{"embeddable":true,"href":"https:\/\/unser-quartier.de\/hagelkreuz\/wp-json\/wp\/v2\/pages\/18"}],"wp:attachment":[{"href":"https:\/\/unser-quartier.de\/hagelkreuz\/wp-json\/wp\/v2\/media?parent=1420"}],"curies":[{"name":"wp","href":"https:\/\/api.w.org\/{rel}","templated":true}]}}