{"id":14547,"date":"2021-09-30T09:44:38","date_gmt":"2021-09-30T09:44:38","guid":{"rendered":"https:\/\/unser-quartier.de\/hagelkreuz\/?page_id=14547"},"modified":"2023-04-03T08:28:15","modified_gmt":"2023-04-03T08:28:15","slug":"handmade-club-hagelkreuz","status":"publish","type":"page","link":"https:\/\/unser-quartier.de\/hagelkreuz\/freizeit\/handmade-club-hagelkreuz\/","title":{"rendered":"Handmade Club Hagelkreuz"},"content":{"rendered":"<p><a href=\"https:\/\/unser-quartier.de\/hagelkreuz\/files\/2021\/07\/Bildschirmfoto-2021-07-21-um-20.49.03-1.png\" data-wpel-link=\"internal\"><img loading=\"lazy\" decoding=\"async\" class=\"alignleft size-medium wp-image-14393\" src=\"https:\/\/unser-quartier.de\/hagelkreuz\/files\/2021\/07\/Bildschirmfoto-2021-07-21-um-20.49.03-1-300x162.png\" alt=\"Foto strickende H\u00e4nde\" width=\"300\" height=\"162\" srcset=\"https:\/\/unser-quartier.de\/hagelkreuz\/files\/2021\/07\/Bildschirmfoto-2021-07-21-um-20.49.03-1-300x162.png 300w, https:\/\/unser-quartier.de\/hagelkreuz\/files\/2021\/07\/Bildschirmfoto-2021-07-21-um-20.49.03-1-1024x551.png 1024w, https:\/\/unser-quartier.de\/hagelkreuz\/files\/2021\/07\/Bildschirmfoto-2021-07-21-um-20.49.03-1-150x81.png 150w, https:\/\/unser-quartier.de\/hagelkreuz\/files\/2021\/07\/Bildschirmfoto-2021-07-21-um-20.49.03-1-768x413.png 768w, https:\/\/unser-quartier.de\/hagelkreuz\/files\/2021\/07\/Bildschirmfoto-2021-07-21-um-20.49.03-1.png 1200w\" sizes=\"auto, (max-width: 300px) 100vw, 300px\" \/><\/a>Handarbeiten wie Stricken, N\u00e4hen oder H\u00e4keln und Kn\u00fcpfen liegen voll im Trend. \u201cDo it yourself!\u201d lautet das Motto und wer die wunderbare Welt des Selbermachens erstmal f\u00fcr sich entdeckt hat, der kommt so schnell nicht mehr von ihr los.<span id=\"more-14390\"><\/span><\/p>\n<p>Viele Menschen haben w\u00e4hrend der Pandemie die Strick- oder H\u00e4kelnadel gesucht und ihre Leidenschaft f\u00fcr das Nadelgeklapper wiedergefunden oder neu entdeckt. Monika B\u00fcskens wei\u00df, dass der eine oder andere Kniff bei Handarbeiten in Vergessenheit geraten ist und l\u00e4dt jeden<\/p>\n<p><strong>Donnerstags <\/strong><strong>von 17 Uhr bis ca. 19.00 Uhr <\/strong><strong>ins Quartiersb\u00fcro Hagelkreuz, Concordienplatz 7 <\/strong>zum \u201e<em><strong>Handemade Club Hagelkreuz<\/strong><\/em>\u201c ein.<\/p>\n<h3><strong>Einfach vorbeikommen<\/strong><\/h3>\n<p>\u201eWir wollen gemeinsamen werkeln, kl\u00f6nen und uns kennenlernen\u201c, so die Kempener Initiatorin B\u00fcskens und fordert auf, einfach mit den Arbeitsutensilien vorbeizukommen. Die Teilnahme ist kostenlos. Geplant sind regelm\u00e4\u00dfige Treffen an jedem 2. und 4. Donnerstag im Monat.<\/p>\n<h3><strong>Mode-Unikate aus Kempen<\/strong><\/h3>\n<p>Laut einer Studie sind es etwa drei Millionen Deutsche, die mehrmals in der Woche h\u00e4keln, stricken oder n\u00e4hen. Das ist eine ganze Menge und die besonderen Handarbeiten aus dem Handmade-Club Hagelkreuz kann man nicht im Gesch\u00e4ft kaufen. Ob selbst gestrickte Pullover, wundervoll gen\u00e4hte Kleider oder Socken wie Oma sie gestrickt hat, sind pers\u00f6nliche Mode-Unikate.<\/p>\n<h3><strong>Gemeinsam witzeln und werkeln<\/strong><\/h3>\n<p>\u201eEine Handarbeitsgruppe zum kommunikativen Austausch bei der man Spa\u00df haben kann und sich gegenseitig Hilfestellung gibt\u201c, erkl\u00e4rt B\u00fcskens die Absichten der Gruppe. Gemeinschaftlich einem Hobby nachgehen, mache einfach mehr Spa\u00df und f\u00fchre zum Erfolg und Abschluss eines Handarbeitsprojektes.<\/p>\n<p>Ob Strickmeisterin oder maschenunge\u00fcbte Anf\u00e4nger \u2013 jeder ist gern gesehen und kann auf Gleichgesinnte hoffen. Wer grunds\u00e4tzlich Interesse hat, meldet sich bitte bei Monika B\u00fcskens per E-Mail unter\u00a0<a href=\"mailto:mobue55@gmx.de\">mobue55@gmx.de<\/a>.<\/p>\n<h3>Weitere Termine vom Quartiersprojekt Hagelkreuz finden Sie unter <a href=\"https:\/\/unser-quartier.de\/hagelkreuz\/veranstaltungen\/liste\/\" data-wpel-link=\"internal\">Veranstaltungen<\/a><\/h3>\n","protected":false},"excerpt":{"rendered":"<p>Handarbeiten wie Stricken, N\u00e4hen oder H\u00e4keln und Kn\u00fcpfen liegen voll im Trend. \u201cDo it yourself!\u201d lautet das Motto und wer die wunderbare Welt des Selbermachens erstmal f\u00fcr sich entdeckt hat, der kommt so schnell nicht mehr von ihr los. Viele Menschen haben w\u00e4hrend der Pandemie die Strick- oder H\u00e4kelnadel gesucht und ihre Leidenschaft f\u00fcr das&hellip; <a class=\"continue\" href=\"https:\/\/unser-quartier.de\/hagelkreuz\/freizeit\/handmade-club-hagelkreuz\/\" data-wpel-link=\"internal\"> \u00bb weiterlesen: <span> Handmade Club Hagelkreuz<\/span><\/a><\/p>\n","protected":false},"author":391,"featured_media":0,"parent":2943,"menu_order":2,"comment_status":"closed","ping_status":"closed","template":"","meta":{"generate_page_header":"","footnotes":""},"class_list":["post-14547","page","type-page","status-publish"],"_links":{"self":[{"href":"https:\/\/unser-quartier.de\/hagelkreuz\/wp-json\/wp\/v2\/pages\/14547","targetHints":{"allow":["GET"]}}],"collection":[{"href":"https:\/\/unser-quartier.de\/hagelkreuz\/wp-json\/wp\/v2\/pages"}],"about":[{"href":"https:\/\/unser-quartier.de\/hagelkreuz\/wp-json\/wp\/v2\/types\/page"}],"author":[{"embeddable":true,"href":"https:\/\/unser-quartier.de\/hagelkreuz\/wp-json\/wp\/v2\/users\/391"}],"replies":[{"embeddable":true,"href":"https:\/\/unser-quartier.de\/hagelkreuz\/wp-json\/wp\/v2\/comments?post=14547"}],"version-history":[{"count":1,"href":"https:\/\/unser-quartier.de\/hagelkreuz\/wp-json\/wp\/v2\/pages\/14547\/revisions"}],"predecessor-version":[{"id":17081,"href":"https:\/\/unser-quartier.de\/hagelkreuz\/wp-json\/wp\/v2\/pages\/14547\/revisions\/17081"}],"up":[{"embeddable":true,"href":"https:\/\/unser-quartier.de\/hagelkreuz\/wp-json\/wp\/v2\/pages\/2943"}],"wp:attachment":[{"href":"https:\/\/unser-quartier.de\/hagelkreuz\/wp-json\/wp\/v2\/media?parent=14547"}],"curies":[{"name":"wp","href":"https:\/\/api.w.org\/{rel}","templated":true}]}}