{"id":16,"date":"2014-01-22T08:48:01","date_gmt":"2014-01-22T07:48:01","guid":{"rendered":"http:\/\/unser-quartier.de\/hagelkreuz\/?page_id=16"},"modified":"2024-02-23T10:05:29","modified_gmt":"2024-02-23T10:05:29","slug":"impressum","status":"publish","type":"page","link":"https:\/\/unser-quartier.de\/hagelkreuz\/impressum\/","title":{"rendered":"Impressum"},"content":{"rendered":"<h2>Angaben gem\u00e4\u00df \u00a7 5 TMG:<\/h2>\n<p>Die folgenden Hinweise gelten f\u00fcr die Internet-Domainen \u00a0<br \/>\nwww.hagelkreuz-kempen.de<br \/>\nwww.unser-quartier.de\/hagelkreuz<\/p>\n<h5><strong>Herausgeber<\/strong>:<\/h5>\n<p>Stadt Kempen<br \/>\nDer B\u00fcrgermeister<br \/>\nButtermarkt 1<br \/>\n47906 Kempen<\/p>\n<p>Tel. 0 21 52 \/ 917-0 (Zentrale)<br \/>\nFax 0 21 52 \/ 917-4805 (Zentrale)<\/p>\n<p>Die Stadt Kempen ist eine K\u00f6rperschaft des \u00f6ffentlichen Rechts. <br \/>\nSie wird vertreten durch den B\u00fcrgermeister Christoph Dellmans, Buttermarkt 1, 47906 Kempen.<\/p>\n<p>Umsatzsteuer-Identifikationsnummer gem\u00e4\u00df <abbr title=\"Paragraph\">\u00a7<\/abbr> 27 nach Umsatzsteuergesetz: \u00a0DE \u00a0119997297<\/p>\n<p>Hinweis: Die Stadt Kempen ist gem\u00e4\u00df <abbr title=\"Paragraph\">\u00a7<\/abbr> 2 Absatz 3 Umsatzsteuergesetz nur im Rahmen ihrer Betriebe gewerblicher Art Unternehmer im Sinne des Umsatzsteuergesetzes. Insoweit ist die Umsatzsteuer-Identifikationsnummer nur f\u00fcr die oben genannten Betriebe sowie bei innergemeinschaftlichen Erwerben der Stadt Kempen (<abbr title=\"Paragraph\">\u00a7<\/abbr> 1a Umsatzsteuergesetz) g\u00fcltig und anwendbar.<\/p>\n<p>Verantwortlich im Sinne des Presserechts:<\/p>\n<p>Content Administrator:<\/p>\n<p>Stadt Kempen<br \/>\nQuartiersentwicklung<br \/>\nIngo Behr<br \/>\nConcordienplatz 7<br \/>\n47906 Kempen<\/p>\n<p>Tel. 0 21 52 \/ 917 2112<br \/>\nE-Mail: <a href=\"mailto:ingo.behr@kempen.de\">ingo.behr@kempen.de<\/a><\/p>\n<p>Quellenangaben f\u00fcr die verwendeten Bilder und Grafiken:<br \/>\nDer Bildnachweis erfolgt jeweils im Text, alle \u00fcbrigen: Online-Redaktion Hagelkreuz<\/p>\n","protected":false},"excerpt":{"rendered":"<p>Angaben gem\u00e4\u00df \u00a7 5 TMG: Die folgenden Hinweise gelten f\u00fcr die Internet-Domainen \u00a0 www.hagelkreuz-kempen.de www.unser-quartier.de\/hagelkreuz Herausgeber: Stadt Kempen Der B\u00fcrgermeister Buttermarkt 1 47906 Kempen Tel. 0 21 52 \/ 917-0 (Zentrale) Fax 0 21 52 \/ 917-4805 (Zentrale) Die Stadt Kempen ist eine K\u00f6rperschaft des \u00f6ffentlichen Rechts. Sie wird vertreten durch den B\u00fcrgermeister Christoph Dellmans,&hellip; <a class=\"continue\" href=\"https:\/\/unser-quartier.de\/hagelkreuz\/impressum\/\" data-wpel-link=\"internal\"> \u00bb weiterlesen: <span> Impressum<\/span><\/a><\/p>\n","protected":false},"author":391,"featured_media":0,"parent":0,"menu_order":23,"comment_status":"closed","ping_status":"closed","template":"","meta":{"generate_page_header":"","footnotes":""},"class_list":["post-16","page","type-page","status-publish"],"_links":{"self":[{"href":"https:\/\/unser-quartier.de\/hagelkreuz\/wp-json\/wp\/v2\/pages\/16","targetHints":{"allow":["GET"]}}],"collection":[{"href":"https:\/\/unser-quartier.de\/hagelkreuz\/wp-json\/wp\/v2\/pages"}],"about":[{"href":"https:\/\/unser-quartier.de\/hagelkreuz\/wp-json\/wp\/v2\/types\/page"}],"author":[{"embeddable":true,"href":"https:\/\/unser-quartier.de\/hagelkreuz\/wp-json\/wp\/v2\/users\/391"}],"replies":[{"embeddable":true,"href":"https:\/\/unser-quartier.de\/hagelkreuz\/wp-json\/wp\/v2\/comments?post=16"}],"version-history":[{"count":3,"href":"https:\/\/unser-quartier.de\/hagelkreuz\/wp-json\/wp\/v2\/pages\/16\/revisions"}],"predecessor-version":[{"id":19675,"href":"https:\/\/unser-quartier.de\/hagelkreuz\/wp-json\/wp\/v2\/pages\/16\/revisions\/19675"}],"wp:attachment":[{"href":"https:\/\/unser-quartier.de\/hagelkreuz\/wp-json\/wp\/v2\/media?parent=16"}],"curies":[{"name":"wp","href":"https:\/\/api.w.org\/{rel}","templated":true}]}}