{"id":1704,"date":"2016-06-28T09:04:36","date_gmt":"2016-06-28T07:04:36","guid":{"rendered":"http:\/\/unser-quartier.de\/hagelkreuz\/?page_id=1704"},"modified":"2023-05-18T18:52:07","modified_gmt":"2023-05-18T18:52:07","slug":"projekte","status":"publish","type":"page","link":"https:\/\/unser-quartier.de\/hagelkreuz\/projekte\/","title":{"rendered":"Projekte"},"content":{"rendered":"<h2>Projekte im Hagelkreuz<\/h2>\n<p>Auf dieser Seite finden Sie alle aktuellen Projekte der Quartiersentwicklung im Hagelkreuz:<\/p>\n<p><a href=\"https:\/\/unser-quartier.de\/hagelkreuz\/projekte\/cafe-wackelkontakt\/\" data-wpel-link=\"internal\">Caf\u00e9 Wackelkontakt<\/a><\/p>\n<p><a href=\"https:\/\/unser-quartier.de\/hagelkreuz\/forum-hagelkreuz\/\" data-wpel-link=\"internal\">Forum Hagelkreuz<\/a><\/p>\n<p><a href=\"https:\/\/unser-quartier.de\/hagelkreuz\/freizeit\/\" data-wpel-link=\"internal\">Freizeitaktivit\u00e4ten im Hagelkreuz<\/a><\/p>\n<p><a href=\"https:\/\/unser-quartier.de\/hagelkreuz\/projekte\/info-treff-smartphones-und-tablets\/\" data-wpel-link=\"internal\">Infotreff Mobile Endger\u00e4te<\/a><\/p>\n<p><a href=\"https:\/\/unser-quartier.de\/hagelkreuz\/ueber-uns\/team\/\" data-wpel-link=\"internal\">Internet-Redaktion<\/a><\/p>\n<p><a href=\"https:\/\/unser-quartier.de\/hagelkreuz\/projekte\/oma-opa-service\/\" data-wpel-link=\"internal\">Oma-Opa-Service<\/a><\/p>\n<p><a href=\"https:\/\/unser-quartier.de\/hagelkreuz\/sandkasten-am-concordienplatz\/\" data-wpel-link=\"internal\">Sandkasten am Concordienplatz<\/a><\/p>\n<p><a href=\"https:\/\/unser-quartier.de\/hagelkreuz\/projekte\/schmoekerbude-2\/\" data-wpel-link=\"internal\">Schm\u00f6kerbude<\/a><\/p>\n<p><a href=\"https:\/\/unser-quartier.de\/hagelkreuz\/gemeinschaftliches-gaertnern\/\" data-wpel-link=\"internal\">Urban Gardening<\/a><\/p>\n<h3>Selbst aktiv werden!<\/h3>\n<p>Und wenn Sie m\u00f6chten, k\u00f6nnen auch Sie aktiv werden und noch weitere Projekte ins Leben rufen. Wir sind stets auf der Suche nach neuen Ehrenamtlichen, die Zeit und Engagement in eine neu zu gr\u00fcndende Interessensgruppe investieren m\u00f6chten.<\/p>\n<h3>Last but not least<\/h3>\n<p>Zum Schluss noch ein Aufruf an die Gro\u00dfelterngeneration:\u00a0Der <strong>Oma-Opa-Service<\/strong> sucht noch weitere Seniorinnen und Senioren, die einmal in der Woche zwei bis drei Stunden mit Kindern verbringen m\u00f6chten. Viele junge Familien haben leider keine Gro\u00dfeltern in der Nachbarschaft und umgekehrt vermissen viele Seniorinnen und Senioren den Kontakt zu Kindern, weil die eigenen Kinder und Enkel nicht in der N\u00e4he wohnen. Hier k\u00f6nnten zwei Fliegen mit einer Klappe geschlagen werden oder Neudeutsch, es k\u00f6nnte eine Win-Win-Situation entstehen. Also, wie w\u00e4r\u2018s? Infos dazu bei Anni Rosenfeld unter 02152 54383. ad<\/p>\n","protected":false},"excerpt":{"rendered":"<p>Projekte im Hagelkreuz Auf dieser Seite finden Sie alle aktuellen Projekte der Quartiersentwicklung im Hagelkreuz: Caf\u00e9 Wackelkontakt Forum Hagelkreuz Freizeitaktivit\u00e4ten im Hagelkreuz Infotreff Mobile Endger\u00e4te Internet-Redaktion Oma-Opa-Service Sandkasten am Concordienplatz Schm\u00f6kerbude Urban Gardening Selbst aktiv werden! Und wenn Sie m\u00f6chten, k\u00f6nnen auch Sie aktiv werden und noch weitere Projekte ins Leben rufen. Wir sind stets&hellip; <a class=\"continue\" href=\"https:\/\/unser-quartier.de\/hagelkreuz\/projekte\/\" data-wpel-link=\"internal\"> \u00bb weiterlesen: <span> Projekte<\/span><\/a><\/p>\n","protected":false},"author":391,"featured_media":0,"parent":0,"menu_order":14,"comment_status":"closed","ping_status":"closed","template":"","meta":{"generate_page_header":"","footnotes":""},"class_list":["post-1704","page","type-page","status-publish"],"_links":{"self":[{"href":"https:\/\/unser-quartier.de\/hagelkreuz\/wp-json\/wp\/v2\/pages\/1704","targetHints":{"allow":["GET"]}}],"collection":[{"href":"https:\/\/unser-quartier.de\/hagelkreuz\/wp-json\/wp\/v2\/pages"}],"about":[{"href":"https:\/\/unser-quartier.de\/hagelkreuz\/wp-json\/wp\/v2\/types\/page"}],"author":[{"embeddable":true,"href":"https:\/\/unser-quartier.de\/hagelkreuz\/wp-json\/wp\/v2\/users\/391"}],"replies":[{"embeddable":true,"href":"https:\/\/unser-quartier.de\/hagelkreuz\/wp-json\/wp\/v2\/comments?post=1704"}],"version-history":[{"count":3,"href":"https:\/\/unser-quartier.de\/hagelkreuz\/wp-json\/wp\/v2\/pages\/1704\/revisions"}],"predecessor-version":[{"id":17313,"href":"https:\/\/unser-quartier.de\/hagelkreuz\/wp-json\/wp\/v2\/pages\/1704\/revisions\/17313"}],"wp:attachment":[{"href":"https:\/\/unser-quartier.de\/hagelkreuz\/wp-json\/wp\/v2\/media?parent=1704"}],"curies":[{"name":"wp","href":"https:\/\/api.w.org\/{rel}","templated":true}]}}