{"id":17304,"date":"2023-05-18T19:08:56","date_gmt":"2023-05-18T19:08:56","guid":{"rendered":"https:\/\/unser-quartier.de\/hagelkreuz\/?page_id=17304"},"modified":"2024-04-16T15:05:05","modified_gmt":"2024-04-16T15:05:05","slug":"downloads","status":"publish","type":"page","link":"https:\/\/unser-quartier.de\/hagelkreuz\/service\/downloads\/","title":{"rendered":"Einsteigerinfos f\u00fcr digitale Endger\u00e4te"},"content":{"rendered":"<h2>Leitf\u00e4den f\u00fcr den Umgang mit der digitalen Welt<\/h2>\n<p>Bitte klicken Sie auf das Thema, das Sie interessiert:<\/p>\n<p><a href=\"https:\/\/unser-quartier.de\/hagelkreuz\/2021\/02\/wie-funktioniert-eigentlich-eine-videokonferenz\/\" data-wpel-link=\"internal\">Wie funktioniert eigentlich eine Videokonferenz?<\/a><\/p>\n<p><a href=\"https:\/\/unser-quartier.de\/hagelkreuz\/2020\/12\/mit-videokonferenzen-die-einsamkeit-ueberwinden\/\" data-wpel-link=\"internal\">Mit Videokonferenzen die Einsamkeit \u00fcberwinden<\/a><\/p>\n<p><a href=\"https:\/\/unser-quartier.de\/hagelkreuz\/2021\/01\/mit-online-banking-kontakte-reduzieren\/\" data-wpel-link=\"internal\">Mit Online-Banking Kontakte reduzieren<\/a><\/p>\n<p><a href=\"https:\/\/unser-quartier.de\/hagelkreuz\/2021\/03\/daten-in-der-cloud-speichern-wie-geht-das\/\" data-wpel-link=\"internal\">Daten in der Cloud speichern \u2013 wie geht das?<\/a><\/p>\n<p><a href=\"https:\/\/unser-quartier.de\/hagelkreuz\/2021\/03\/daten-in-der-cloud-wie-teile-ich-diese-mit-anderen\/\" data-wpel-link=\"internal\">Daten in der Cloud \u2013 Wie teile ich diese mit anderen?<\/a><\/p>\n<p><a href=\"https:\/\/unser-quartier.de\/hagelkreuz\/2022\/02\/hilfe-mein-e-mail-postfach-laeuft-ueber\/\" data-wpel-link=\"internal\">Hilfe! Mein E-Mail-Postfach l\u00e4uft \u00fcber!<\/a><\/p>\n<p><a href=\"https:\/\/unser-quartier.de\/hagelkreuz\/2023\/01\/fotos-und-videos-vom-smartphone-sichern-wie-geht-das\/\" data-wpel-link=\"internal\">Fotos und Videos vom Smartphone sichern: Wie geht das?<\/a><\/p>\n<h2>Weitere Hilfeseiten f\u00fcr den digitalen Alltag<\/h2>\n<p><a href=\"https:\/\/www.bmfsfj.de\/bmfsfj\/service\/publikationen\/nie-zu-alt-fuers-internet--78538\" data-wpel-link=\"external\" target=\"_self\" rel=\"nofollow external noopener noreferrer\" title=\"Externer Link: \" class=\"ext-link wpel-icon-right\">Nie zu alt f\u00fcrs Internet &#8211; Eine Publikation des Bundesministeriums f\u00fcr Familie, Senioren, Frauen und Jugend<span class=\"wpel-icon wpel-image wpel-icon-6\"><\/span><\/a><\/p>\n<p><a href=\"https:\/\/www.bagso.de\/fileadmin\/user_upload\/bagso\/06_Veroeffentlichungen\/2019\/BAGSO_Ratgeber_Wegweiser_durch_die_digitale_Welt.pdf\" class=\"mtli_attachment mtli_pdf ext-link wpel-icon-right\" data-wpel-link=\"external\" target=\"_self\" rel=\"nofollow external noopener noreferrer\" title=\"Externer Link: \">Wegweiser durch die digitale Welt &#8211; BAGSO Bundesarbeitsgemeinschaft der Seniorenorganisationen e.V. (10 MB)<span class=\"wpel-icon wpel-image wpel-icon-6\"><\/span><\/a><\/p>\n<p><a href=\"https:\/\/www.silver-tipps.de\/\" data-wpel-link=\"external\" target=\"_self\" rel=\"nofollow external noopener noreferrer\" title=\"Externer Link: \" class=\"ext-link wpel-icon-right\">Silver Tipps \u2013 Mit Freude online!<span class=\"wpel-icon wpel-image wpel-icon-6\"><\/span><\/a><\/p>\n<p><a href=\"https:\/\/www.digitaler-engel.org\/materialien\" data-wpel-link=\"external\" target=\"_self\" rel=\"nofollow external noopener noreferrer\" title=\"Externer Link: \" class=\"ext-link wpel-icon-right\">Materialien Digitaler Engel<span class=\"wpel-icon wpel-image wpel-icon-6\"><\/span><\/a><\/p>\n<p><a href=\"https:\/\/www.verbraucherzentrale.de\/suche?search_api_fulltext=Meine+Daten+%E2%80%93+alles+OK+im+www\" data-wpel-link=\"external\" target=\"_self\" rel=\"nofollow external noopener noreferrer\" title=\"Externer Link: \" class=\"ext-link wpel-icon-right\">Meine Daten \u2013 alles OK im www<span class=\"wpel-icon wpel-image wpel-icon-6\"><\/span><\/a><\/p>\n<p><a href=\"https:\/\/mitmedien.net\/\" data-wpel-link=\"external\" target=\"_self\" rel=\"nofollow external noopener noreferrer\" title=\"Externer Link: \" class=\"ext-link wpel-icon-right\">Medien erleben, ausprobieren und hinterfragen<span class=\"wpel-icon wpel-image wpel-icon-6\"><\/span><\/a><\/p>\n<p><a href=\"https:\/\/www.cyberfibel.de\/\" data-wpel-link=\"external\" target=\"_self\" rel=\"nofollow external noopener noreferrer\" title=\"Externer Link: \" class=\"ext-link wpel-icon-right\">Cyber fibel \u2013 Deutschland sicher im Netz<span class=\"wpel-icon wpel-image wpel-icon-6\"><\/span><\/a><\/p>\n<p><a href=\"https:\/\/materialien.blm.de\/46-Home.htm\" data-wpel-link=\"external\" target=\"_self\" rel=\"nofollow external noopener noreferrer\" title=\"Externer Link: \" class=\"ext-link wpel-icon-right\">Bayerische Landesanstalt f\u00fcr neue Medien \u2013 Bestellung von Materialien<span class=\"wpel-icon wpel-image wpel-icon-6\"><\/span><\/a><\/p>\n<p><a href=\"https:\/\/digitales-fuer-einsteiger.de\/der-ideale-messenger\/\" data-wpel-link=\"external\" target=\"_self\" rel=\"nofollow external noopener noreferrer\" title=\"Externer Link: \" class=\"ext-link wpel-icon-right\">Digitales f\u00fcr Einsteiger<span class=\"wpel-icon wpel-image wpel-icon-6\"><\/span><\/a><\/p>\n<p><a href=\"https:\/\/mobilsicher.de\/\" data-wpel-link=\"external\" target=\"_self\" rel=\"nofollow external noopener noreferrer\" title=\"Externer Link: \" class=\"ext-link wpel-icon-right\">Mobilsicher \u2013 Das Infoportal f\u00fcr sichere Handynutzung<span class=\"wpel-icon wpel-image wpel-icon-6\"><\/span><\/a><\/p>\n<p><a href=\"https:\/\/www.bsi.bund.de\/DE\/Themen\/Verbraucherinnen-und-Verbraucher\/Informationen-und-Empfehlungen\/informationen-und-empfehlungen_node.html\" data-wpel-link=\"external\" target=\"_self\" rel=\"nofollow external noopener noreferrer\" title=\"Externer Link: \" class=\"ext-link wpel-icon-right\">Bundesamt f\u00fcr Sicherheit in der Informationstechnik: Digitaler Alltag<span class=\"wpel-icon wpel-image wpel-icon-6\"><\/span><\/a><\/p>\n","protected":false},"excerpt":{"rendered":"<p>Leitf\u00e4den f\u00fcr den Umgang mit der digitalen Welt Bitte klicken Sie auf das Thema, das Sie interessiert: Wie funktioniert eigentlich eine Videokonferenz? Mit Videokonferenzen die Einsamkeit \u00fcberwinden Mit Online-Banking Kontakte reduzieren Daten in der Cloud speichern \u2013 wie geht das? Daten in der Cloud \u2013 Wie teile ich diese mit anderen? Hilfe! Mein E-Mail-Postfach l\u00e4uft&hellip; <a class=\"continue\" href=\"https:\/\/unser-quartier.de\/hagelkreuz\/service\/downloads\/\" data-wpel-link=\"internal\"> \u00bb weiterlesen: <span> Einsteigerinfos f\u00fcr digitale Endger\u00e4te<\/span><\/a><\/p>\n","protected":false},"author":391,"featured_media":0,"parent":1114,"menu_order":2,"comment_status":"closed","ping_status":"closed","template":"","meta":{"generate_page_header":"","footnotes":""},"class_list":["post-17304","page","type-page","status-publish"],"_links":{"self":[{"href":"https:\/\/unser-quartier.de\/hagelkreuz\/wp-json\/wp\/v2\/pages\/17304","targetHints":{"allow":["GET"]}}],"collection":[{"href":"https:\/\/unser-quartier.de\/hagelkreuz\/wp-json\/wp\/v2\/pages"}],"about":[{"href":"https:\/\/unser-quartier.de\/hagelkreuz\/wp-json\/wp\/v2\/types\/page"}],"author":[{"embeddable":true,"href":"https:\/\/unser-quartier.de\/hagelkreuz\/wp-json\/wp\/v2\/users\/391"}],"replies":[{"embeddable":true,"href":"https:\/\/unser-quartier.de\/hagelkreuz\/wp-json\/wp\/v2\/comments?post=17304"}],"version-history":[{"count":3,"href":"https:\/\/unser-quartier.de\/hagelkreuz\/wp-json\/wp\/v2\/pages\/17304\/revisions"}],"predecessor-version":[{"id":20071,"href":"https:\/\/unser-quartier.de\/hagelkreuz\/wp-json\/wp\/v2\/pages\/17304\/revisions\/20071"}],"up":[{"embeddable":true,"href":"https:\/\/unser-quartier.de\/hagelkreuz\/wp-json\/wp\/v2\/pages\/1114"}],"wp:attachment":[{"href":"https:\/\/unser-quartier.de\/hagelkreuz\/wp-json\/wp\/v2\/media?parent=17304"}],"curies":[{"name":"wp","href":"https:\/\/api.w.org\/{rel}","templated":true}]}}