{"id":17659,"date":"2023-09-11T13:31:23","date_gmt":"2023-09-11T13:31:23","guid":{"rendered":"https:\/\/unser-quartier.de\/hagelkreuz\/?page_id=17659"},"modified":"2023-09-12T11:58:29","modified_gmt":"2023-09-12T11:58:29","slug":"jubilaeum-5-jahre-schmoekerbude","status":"publish","type":"page","link":"https:\/\/unser-quartier.de\/hagelkreuz\/jubilaeum-5-jahre-schmoekerbude\/","title":{"rendered":"Fotogalerie 5 Jahre Schm\u00f6kerbude"},"content":{"rendered":"<h3>Impressionen zur Jubil\u00e4umsfeier am 11. August 2023<\/h3>\n<p>Hier geht&#8217;s zum Bericht und Interview zur Schm\u00f6kerbude und Quartiersentwicklung beim <a href=\"https:\/\/www1.wdr.de\/lokalzeit\/fernsehen\/duesseldorf\/video-lokalzeit-aus-duesseldorf---2348.html\" data-wpel-link=\"external\" target=\"_self\" rel=\"nofollow external noopener noreferrer\" title=\"Externer Link: \" class=\"ext-link wpel-icon-right\">WDR Lokalzeit D\u00fcsseldorf<span class=\"wpel-icon wpel-image wpel-icon-6\"><\/span><\/a>\u00a0 am 10.8.23.<\/p>\n<p>In der Fotogalerie sind Fotos von Arno Planken zu sehen, der die Veranstaltung fotografisch begleitet hat. Viel Spa\u00df beim schauen.<\/p>\n<div id=\"metaslider-id-17661\" style=\"max-width: 1000px; margin: 0 auto;\" class=\"ml-slider-3-93-0 metaslider metaslider-responsive metaslider-17661 ml-slider ms-theme-default\" role=\"region\" aria-roledescription=\"Slideshow\" aria-label=\"Jubil\u00e4um Schm\u00f6kerbude\">\n    <div id=\"metaslider_container_17661\">\n        <ul id='metaslider_17661' class='rslides'>\n            <li aria-roledescription='slide' aria-labelledby='slide-0'><img loading=\"lazy\" decoding=\"async\" src=\"https:\/\/unser-quartier.de\/hagelkreuz\/files\/2023\/09\/IMG_6285-1000x700.png\" height=\"700\" width=\"1000\" alt=\"Gruppenfoto Schm\u00f6kerbuden Team\" class=\"slider-17661 slide-17717\" title=\"Jubil\u00e4um Schm\u00f6kerbude\" \/><\/li>\n            <li style='display: none;' aria-roledescription='slide' aria-labelledby='slide-1'><img loading=\"lazy\" decoding=\"async\" src=\"https:\/\/unser-quartier.de\/hagelkreuz\/files\/2023\/09\/IMG_6253-1000x700.png\" height=\"700\" width=\"1000\" alt=\"Foto B\u00fcrgermeister Christoph Dellmans\" class=\"slider-17661 slide-17718\" title=\"Jubil\u00e4um Schm\u00f6kerbude\" \/><\/li>\n            <li style='display: none;' aria-roledescription='slide' aria-labelledby='slide-2'><img loading=\"lazy\" decoding=\"async\" src=\"https:\/\/unser-quartier.de\/hagelkreuz\/files\/2023\/09\/IMG_6242-1000x700.png\" height=\"700\" width=\"1000\" alt=\"Gruppenfoto mit Autorin Mona I. Schlegel\" class=\"slider-17661 slide-17719\" title=\"Jubil\u00e4um Schm\u00f6kerbude\" \/><\/li>\n            <li style='display: none;' aria-roledescription='slide' aria-labelledby='slide-3'><img loading=\"lazy\" decoding=\"async\" src=\"https:\/\/unser-quartier.de\/hagelkreuz\/files\/2023\/09\/IMG_6297-1000x700.png\" height=\"700\" width=\"1000\" alt=\"Foto Autorin Mona I. Schlegel\" class=\"slider-17661 slide-17720\" title=\"Jubil\u00e4um Schm\u00f6kerbude\" \/><div class=\"caption-wrap\"><div class=\"caption\">Mona I. Schlegel liest vor.<\/div><\/div><\/li>\n            <li style='display: none;' aria-roledescription='slide' aria-labelledby='slide-4'><img loading=\"lazy\" decoding=\"async\" src=\"https:\/\/unser-quartier.de\/hagelkreuz\/files\/2023\/09\/IMG_6268-1000x700.png\" height=\"700\" width=\"1000\" alt=\"Foto Rede Willi Stenhorst\" class=\"slider-17661 slide-17721\" title=\"IMG_6268\" \/><\/li>\n            <li style='display: none;' aria-roledescription='slide' aria-labelledby='slide-5'><img loading=\"lazy\" decoding=\"async\" src=\"https:\/\/unser-quartier.de\/hagelkreuz\/files\/2023\/09\/IMG_6292-1000x700.png\" height=\"700\" width=\"1000\" alt=\"Gruppenfoto Teilnehmnde\" class=\"slider-17661 slide-17722\" title=\"Jubil\u00e4um Schm\u00f6kerbude\" \/><\/li>\n            <li style='display: none;' aria-roledescription='slide' aria-labelledby='slide-6'><img loading=\"lazy\" decoding=\"async\" src=\"https:\/\/unser-quartier.de\/hagelkreuz\/files\/2023\/09\/IMG_6260-1000x700.png\" height=\"700\" width=\"1000\" alt=\"Foto Rede Monika B\u00fcskens\" class=\"slider-17661 slide-17724\" title=\"Jubil\u00e4um Schm\u00f6kerbude\" \/><\/li>\n            <li style='display: none;' aria-roledescription='slide' aria-labelledby='slide-7'><img loading=\"lazy\" decoding=\"async\" src=\"https:\/\/unser-quartier.de\/hagelkreuz\/files\/2023\/09\/IMG_20230811_164957-1000x700.jpg\" height=\"700\" width=\"1000\" alt=\"Foto Teilnehmende\" class=\"slider-17661 slide-17728\" title=\"Jubil\u00e4um Schm\u00f6kerbude\" \/><\/li>\n            <li style='display: none;' aria-roledescription='slide' aria-labelledby='slide-8'><img loading=\"lazy\" decoding=\"async\" src=\"https:\/\/unser-quartier.de\/hagelkreuz\/files\/2023\/09\/IMG_6315-1000x700.png\" height=\"700\" width=\"1000\" alt=\"Foto Gewinner Suchwortr\u00e4tsel\" class=\"slider-17661 slide-17739\" title=\"Jubil\u00e4um Schm\u00f6kerbude\" \/><\/li>\n            <li style='display: none;' aria-roledescription='slide' aria-labelledby='slide-9'><img loading=\"lazy\" decoding=\"async\" src=\"https:\/\/unser-quartier.de\/hagelkreuz\/files\/2023\/09\/IMG_6236-1000x700.png\" height=\"700\" width=\"1000\" alt=\"Foto Plakat\" class=\"slider-17661 slide-17740\" title=\"Jubil\u00e4um Schm\u00f6kerbude\" \/><\/li>\n        <\/ul>\n        \n    <\/div>\n<\/div>\n<p>&nbsp;<\/p>\n","protected":false},"excerpt":{"rendered":"<p>Impressionen zur Jubil\u00e4umsfeier am 11. August 2023 Hier geht&#8217;s zum Bericht und Interview zur Schm\u00f6kerbude und Quartiersentwicklung beim WDR Lokalzeit D\u00fcsseldorf\u00a0 am 10.8.23. In der Fotogalerie sind Fotos von Arno Planken zu sehen, der die Veranstaltung fotografisch begleitet hat. Viel Spa\u00df beim schauen. &nbsp;<\/p>\n","protected":false},"author":391,"featured_media":0,"parent":0,"menu_order":0,"comment_status":"closed","ping_status":"closed","template":"","meta":{"generate_page_header":"","footnotes":""},"class_list":["post-17659","page","type-page","status-publish"],"_links":{"self":[{"href":"https:\/\/unser-quartier.de\/hagelkreuz\/wp-json\/wp\/v2\/pages\/17659","targetHints":{"allow":["GET"]}}],"collection":[{"href":"https:\/\/unser-quartier.de\/hagelkreuz\/wp-json\/wp\/v2\/pages"}],"about":[{"href":"https:\/\/unser-quartier.de\/hagelkreuz\/wp-json\/wp\/v2\/types\/page"}],"author":[{"embeddable":true,"href":"https:\/\/unser-quartier.de\/hagelkreuz\/wp-json\/wp\/v2\/users\/391"}],"replies":[{"embeddable":true,"href":"https:\/\/unser-quartier.de\/hagelkreuz\/wp-json\/wp\/v2\/comments?post=17659"}],"version-history":[{"count":3,"href":"https:\/\/unser-quartier.de\/hagelkreuz\/wp-json\/wp\/v2\/pages\/17659\/revisions"}],"predecessor-version":[{"id":17743,"href":"https:\/\/unser-quartier.de\/hagelkreuz\/wp-json\/wp\/v2\/pages\/17659\/revisions\/17743"}],"wp:attachment":[{"href":"https:\/\/unser-quartier.de\/hagelkreuz\/wp-json\/wp\/v2\/media?parent=17659"}],"curies":[{"name":"wp","href":"https:\/\/api.w.org\/{rel}","templated":true}]}}