{"id":18,"date":"2014-01-22T08:48:18","date_gmt":"2014-01-22T07:48:18","guid":{"rendered":"http:\/\/unser-quartier.de\/hagelkreuz\/?page_id=18"},"modified":"2019-08-27T13:19:25","modified_gmt":"2019-08-27T11:19:25","slug":"ueber-uns","status":"publish","type":"page","link":"https:\/\/unser-quartier.de\/hagelkreuz\/ueber-uns\/","title":{"rendered":"\u00dcber Uns"},"content":{"rendered":"<p>Das Quartiersprojekt Hagelkreuz ist seit November 2015 in Kempen aktiv. Es sind seitdem unterschiedlich <a href=\"https:\/\/unser-quartier.de\/hagelkreuz\/projekte\/\" data-wpel-link=\"internal\">Projekte<\/a> ins Leben gerufen worden, die auf unserer Homepage zu entdecken sind und zum mitmachen anregen. Die Aktivit\u00e4ten des Quartierprojektes sind durch aktuelle Artikel auf der Startseite dokumentiert, aber auch die <a href=\"https:\/\/unser-quartier.de\/hagelkreuz\/veranstaltungen\/liste\/\" data-wpel-link=\"internal\">Veranstaltungshinweise<\/a> informieren \u00fcber interessante Aktivit\u00e4ten, z.B. \u00fcber die Treffen des Forums Hagelkreuz oder Angebote im Pfarrheim Christ-K\u00f6nig. Alle Dienstleister und wichtige Adressen sind in einer Liste mit den Kontaktdaten hinterlegt und im Men\u00fc <a href=\"https:\/\/unser-quartier.de\/hagelkreuz\/uebersicht2\/anbieter\/\" data-wpel-link=\"internal\">&#8222;Anbieter&#8220;<\/a> abrufbar.<\/p>\n","protected":false},"excerpt":{"rendered":"<p>Das Quartiersprojekt Hagelkreuz ist seit November 2015 in Kempen aktiv. Es sind seitdem unterschiedlich Projekte ins Leben gerufen worden, die auf unserer Homepage zu entdecken sind und zum mitmachen anregen. Die Aktivit\u00e4ten des Quartierprojektes sind durch aktuelle Artikel auf der Startseite dokumentiert, aber auch die Veranstaltungshinweise informieren \u00fcber interessante Aktivit\u00e4ten, z.B. \u00fcber die Treffen des&hellip; <a class=\"continue\" href=\"https:\/\/unser-quartier.de\/hagelkreuz\/ueber-uns\/\" data-wpel-link=\"internal\"> \u00bb weiterlesen: <span> \u00dcber Uns<\/span><\/a><\/p>\n","protected":false},"author":391,"featured_media":0,"parent":0,"menu_order":15,"comment_status":"closed","ping_status":"closed","template":"","meta":{"generate_page_header":"","footnotes":""},"class_list":["post-18","page","type-page","status-publish"],"_links":{"self":[{"href":"https:\/\/unser-quartier.de\/hagelkreuz\/wp-json\/wp\/v2\/pages\/18","targetHints":{"allow":["GET"]}}],"collection":[{"href":"https:\/\/unser-quartier.de\/hagelkreuz\/wp-json\/wp\/v2\/pages"}],"about":[{"href":"https:\/\/unser-quartier.de\/hagelkreuz\/wp-json\/wp\/v2\/types\/page"}],"author":[{"embeddable":true,"href":"https:\/\/unser-quartier.de\/hagelkreuz\/wp-json\/wp\/v2\/users\/391"}],"replies":[{"embeddable":true,"href":"https:\/\/unser-quartier.de\/hagelkreuz\/wp-json\/wp\/v2\/comments?post=18"}],"version-history":[{"count":0,"href":"https:\/\/unser-quartier.de\/hagelkreuz\/wp-json\/wp\/v2\/pages\/18\/revisions"}],"wp:attachment":[{"href":"https:\/\/unser-quartier.de\/hagelkreuz\/wp-json\/wp\/v2\/media?parent=18"}],"curies":[{"name":"wp","href":"https:\/\/api.w.org\/{rel}","templated":true}]}}