{"id":18409,"date":"2023-12-08T13:21:41","date_gmt":"2023-12-08T13:21:41","guid":{"rendered":"https:\/\/unser-quartier.de\/hagelkreuz\/?page_id=18409"},"modified":"2025-02-14T11:27:31","modified_gmt":"2025-02-14T11:27:31","slug":"hagelkreuz-aktiv","status":"publish","type":"page","link":"https:\/\/unser-quartier.de\/hagelkreuz\/hagelkreuz-aktiv\/","title":{"rendered":"Hagelkreuz Aktiv"},"content":{"rendered":"<p>\u201eHagelkreuz Aktiv\u201c trifft sich Sonntags!<\/p>\n<p>Wie kann man den Sonntag im Hagelkreuz interessant und attraktiv gestalten? Diese Frage steht beim Treffpunkt \u201eHagelkreuz Aktiv\u201c im Fokus. Jeden letzten Sonntag im Monat von 15 &#8211; 17 Uhr gibt es die M\u00f6glichkeit, andere Menschen kennenzulernen und zuk\u00fcnftige Aktivit\u00e4ten f\u00fcr die Sonntage zu planen.<\/p>\n<p>Das Angebot richtet sich an alle B\u00fcrger*innen im Hagelkreuz, unabh\u00e4ngig vom Alter, die gerne zuk\u00fcnftig an den Sonntagen etwas unternehmen und sich daf\u00fcr gerne mit Gleichgesinnten verabreden m\u00f6chten. Ob es ein Caf\u00e9-Besuch, Spielenachmittag oder ein Spaziergang wird, h\u00e4ngt ganz von Wetter, Lust und Laune ab. Die offene Gruppe plant Unternehmungen und erm\u00f6glicht so gemeinsame Erlebnisse. Wie diese dann am Ende aussehen, h\u00e4ngt von den W\u00fcnschen und Interessen der Teilnehmenden ab.<\/p>\n<p>26. Apr. 2026 um 15:00 - 17:00 Uhr<br \/><strong><a href=\"https:\/\/unser-quartier.de\/hagelkreuz\/events\/hagelkreuz-aktiv-2026-04-26\/\" data-wpel-link=\"internal\">Kl\u00f6nen am Sonntag<\/a><\/strong><br \/><a href=\"https:\/\/unser-quartier.de\/hagelkreuz\/orte\/quartiersbuero-hagelkreuz\/\" data-wpel-link=\"internal\">Quartiersb\u00fcro Hagelkreuz<\/a><\/p><p>31. Mai 2026 um 15:00 - 17:00 Uhr<br \/><strong><a href=\"https:\/\/unser-quartier.de\/hagelkreuz\/events\/hagelkreuz-aktiv-2026-05-31\/\" data-wpel-link=\"internal\">Kl\u00f6nen am Sonntag<\/a><\/strong><br \/><a href=\"https:\/\/unser-quartier.de\/hagelkreuz\/orte\/quartiersbuero-hagelkreuz\/\" data-wpel-link=\"internal\">Quartiersb\u00fcro Hagelkreuz<\/a><\/p>\n<p>Weitere Infos und Fragen beantwortet Ingo Behr unter Tel 02152 917-2112.<\/p>\n","protected":false},"excerpt":{"rendered":"<p>\u201eHagelkreuz Aktiv\u201c trifft sich Sonntags! Wie kann man den Sonntag im Hagelkreuz interessant und attraktiv gestalten? Diese Frage steht beim Treffpunkt \u201eHagelkreuz Aktiv\u201c im Fokus. Jeden letzten Sonntag im Monat von 15 &#8211; 17 Uhr gibt es die M\u00f6glichkeit, andere Menschen kennenzulernen und zuk\u00fcnftige Aktivit\u00e4ten f\u00fcr die Sonntage zu planen. Das Angebot richtet sich an&hellip; <a class=\"continue\" href=\"https:\/\/unser-quartier.de\/hagelkreuz\/hagelkreuz-aktiv\/\" data-wpel-link=\"internal\"> \u00bb weiterlesen: <span> Hagelkreuz Aktiv<\/span><\/a><\/p>\n","protected":false},"author":391,"featured_media":0,"parent":0,"menu_order":0,"comment_status":"closed","ping_status":"closed","template":"","meta":{"generate_page_header":"","footnotes":""},"class_list":["post-18409","page","type-page","status-publish"],"_links":{"self":[{"href":"https:\/\/unser-quartier.de\/hagelkreuz\/wp-json\/wp\/v2\/pages\/18409","targetHints":{"allow":["GET"]}}],"collection":[{"href":"https:\/\/unser-quartier.de\/hagelkreuz\/wp-json\/wp\/v2\/pages"}],"about":[{"href":"https:\/\/unser-quartier.de\/hagelkreuz\/wp-json\/wp\/v2\/types\/page"}],"author":[{"embeddable":true,"href":"https:\/\/unser-quartier.de\/hagelkreuz\/wp-json\/wp\/v2\/users\/391"}],"replies":[{"embeddable":true,"href":"https:\/\/unser-quartier.de\/hagelkreuz\/wp-json\/wp\/v2\/comments?post=18409"}],"version-history":[{"count":3,"href":"https:\/\/unser-quartier.de\/hagelkreuz\/wp-json\/wp\/v2\/pages\/18409\/revisions"}],"predecessor-version":[{"id":22298,"href":"https:\/\/unser-quartier.de\/hagelkreuz\/wp-json\/wp\/v2\/pages\/18409\/revisions\/22298"}],"wp:attachment":[{"href":"https:\/\/unser-quartier.de\/hagelkreuz\/wp-json\/wp\/v2\/media?parent=18409"}],"curies":[{"name":"wp","href":"https:\/\/api.w.org\/{rel}","templated":true}]}}