{"id":2,"date":"2014-01-22T07:22:37","date_gmt":"2014-01-22T07:22:37","guid":{"rendered":"http:\/\/unser-quartier.de\/hagelkreuz\/?page_id=2"},"modified":"2026-04-23T07:54:08","modified_gmt":"2026-04-23T07:54:08","slug":"home","status":"publish","type":"page","link":"https:\/\/unser-quartier.de\/hagelkreuz\/","title":{"rendered":"Home"},"content":{"rendered":"<div id=\"pl-2\"  class=\"panel-layout\" ><div id=\"pg-2-0\"  class=\"panel-grid panel-no-style\" ><div id=\"pgc-2-0-0\"  class=\"panel-grid-cell\" ><div id=\"panel-2-0-0-0\" class=\"so-panel widget widget_wp_views panel-first-child panel-last-child\" data-index=\"0\" ><h3 class=\"widget-title\">Aktuelle Beitr\u00e4ge<\/h3>\n\n\n<div id=\"wpv-view-layout-13884\" class=\"js-wpv-view-layout js-wpv-layout-responsive js-wpv-view-layout-13884\" data-viewnumber=\"13884\" data-pagination=\"{&quot;id&quot;:&quot;13884&quot;,&quot;query&quot;:&quot;normal&quot;,&quot;type&quot;:&quot;disabled&quot;,&quot;effect&quot;:&quot;fade&quot;,&quot;duration&quot;:&quot;500&quot;,&quot;speed&quot;:&quot;5&quot;,&quot;pause_on_hover&quot;:&quot;disabled&quot;,&quot;stop_rollover&quot;:&quot;false&quot;,&quot;cache_pages&quot;:&quot;enabled&quot;,&quot;preload_images&quot;:&quot;enabled&quot;,&quot;preload_pages&quot;:&quot;enabled&quot;,&quot;preload_reach&quot;:&quot;1&quot;,&quot;spinner&quot;:&quot;builtin&quot;,&quot;spinner_image&quot;:&quot;https:\/\/unser-quartier.de\/tmp-musterblog4\/wp-content\/plugins\/wp-views\/embedded\/res\/img\/ajax-loader.gif&quot;,&quot;callback_next&quot;:&quot;&quot;,&quot;manage_history&quot;:&quot;enabled&quot;,&quot;has_controls_in_form&quot;:&quot;disabled&quot;,&quot;infinite_tolerance&quot;:&quot;0&quot;,&quot;max_pages&quot;:1,&quot;page&quot;:1,&quot;base_permalink&quot;:&quot;\/hagelkreuz\/wp-json\/wp\/v2\/pages\/2?wpv_view_count=13884&amp;wpv_paged=WPV_PAGE_NUM&quot;,&quot;loop&quot;:{&quot;type&quot;:&quot;&quot;,&quot;name&quot;:&quot;&quot;,&quot;data&quot;:[],&quot;id&quot;:0}}\" data-permalink=\"\/hagelkreuz\/wp-json\/wp\/v2\/pages\/2?wpv_view_count=13884\">\n\n\t\n\t<!-- wpv-loop-start -->\n\t<div class=\"container wpv-loop js-wpv-loop\">\n\t\n\t\t\n\t\t<div class=\"row \">\n\t\t\t<div class=\"col-md-4\"><h2><a href=\"https:\/\/unser-quartier.de\/hagelkreuz\/2026\/04\/sonnenschein-und-fruehlingsgefuehle-der-fruehlingszauber-lockte-die-nachbarschaft-auf-den-concordienplatz\/\" data-wpel-link=\"internal\">Sonnenschein und Fr\u00fchlingsgef\u00fchle: Der \u201eFr\u00fchlingszauber\u201c lockte die Nachbarschaft auf den Concordienplatz!<\/a><\/h2>\n<p><img loading=\"lazy\" decoding=\"async\" class=\"attachment-400x300 size-400x300\" src=\"https:\/\/unser-quartier.de\/hagelkreuz\/files\/2026\/04\/Uebersichtsfoto-Concordienplatz-wpv_400x300_center_center.jpg\" width=\"400\" height=\"300\" alt=\"\" \/><\/p>\n<p>Wenn bunte Wollsocken mit leuchtenden Fr\u00fchlingsblumen um die Wette strahlen, dann ist es wieder so weit: Der Handmade-Schm\u00f6ker-Club lud am vergangenen Sonntag, den 19. April, zum gro\u00dfen Nachbarschaftstreffen am Quartiersb\u00fcro ein. Unter dem passenden Motto (&#8230;)<\/p>\n<p><small>vom 23. April 2026 in <a href=\"https:\/\/unser-quartier.de\/hagelkreuz\/category\/aktivitaeten-im-quartier\/\" data-wpel-link=\"internal\">Aktivit\u00e4ten im Quartier<\/a>, <a href=\"https:\/\/unser-quartier.de\/hagelkreuz\/category\/freizeit\/\" data-wpel-link=\"internal\">Freizeit und Kultur<\/a>, <a href=\"https:\/\/unser-quartier.de\/hagelkreuz\/category\/freizeit-2\/gemuetlichesbeisammensein\/\" data-wpel-link=\"internal\">Gem\u00fctliches Beisammensein<\/a>, <a href=\"https:\/\/unser-quartier.de\/hagelkreuz\/category\/quartier\/\" data-wpel-link=\"internal\">Quartier<\/a><\/small><\/p><\/div>\n\t\t\n\t\t\n\t\t\t<div class=\"col-md-4\"><h2><a href=\"https:\/\/unser-quartier.de\/hagelkreuz\/2026\/04\/umzug-pflege-im-heim-moeglichkeiten-leistungen-und-perspektiven\/\" data-wpel-link=\"internal\">Umzug \u2013 Pflege im Heim: M\u00f6glichkeiten, Leistungen und Perspektiven<\/a><\/h2>\n<p><img loading=\"lazy\" decoding=\"async\" class=\"attachment-400x300 size-400x300\" src=\"https:\/\/unser-quartier.de\/hagelkreuz\/files\/2026\/04\/Vorsorge-2-wpv_400x300_center_center.jpg\" width=\"400\" height=\"300\" alt=\"\" \/><\/p>\n<p>Es ist f\u00fcr jeden ein gro\u00dfer Schritt in ein neues Leben und die Stadt Kempen informiert im Rahmen ihrer Veranstaltungsreihe \u201eVorsorgewissen 2026\u201c am Donnerstag, 16. April 2026, von 17 bis 18.30 Uhr, was Pflegeheime bieten: (&#8230;)<\/p>\n<p><small>vom 13. April 2026 in <a href=\"https:\/\/unser-quartier.de\/hagelkreuz\/category\/freizeit\/\" data-wpel-link=\"internal\">Freizeit und Kultur<\/a>, <a href=\"https:\/\/unser-quartier.de\/hagelkreuz\/category\/pflege\/\" data-wpel-link=\"internal\">Pflege<\/a>, <a href=\"https:\/\/unser-quartier.de\/hagelkreuz\/category\/quartier\/\" data-wpel-link=\"internal\">Quartier<\/a>, <a href=\"https:\/\/unser-quartier.de\/hagelkreuz\/category\/recht\/\" data-wpel-link=\"internal\">Recht<\/a>, <a href=\"https:\/\/unser-quartier.de\/hagelkreuz\/category\/beratung\/\" data-wpel-link=\"internal\">Sozialberatung<\/a>, <a href=\"https:\/\/unser-quartier.de\/hagelkreuz\/category\/wohnen\/\" data-wpel-link=\"internal\">Wohnen<\/a><\/small><\/p><\/div>\n\t\t\n\t\t\n\t\t\t<div class=\"col-md-4\"><h2><a href=\"https:\/\/unser-quartier.de\/hagelkreuz\/2026\/04\/gluecklich-durch-gemeinsames-kochen\/\" data-wpel-link=\"internal\">Gl\u00fccklich durch gemeinsames Kochen<\/a><\/h2>\n<p><img loading=\"lazy\" decoding=\"async\" class=\"attachment-400x300 size-400x300\" src=\"https:\/\/unser-quartier.de\/hagelkreuz\/files\/2025\/05\/20250430-Foto-wpv_400x300_center_center.jpeg\" width=\"400\" height=\"300\" alt=\"Gruppenfoto K\u00f6che im Hagelkreuz\" \/><\/p>\n<p>Einmal im Monat kocht ein kleiner Kreis aus Frauen und M\u00e4nnern im Pfarrheim Christ-K\u00f6nig und die fidele Gruppe hat noch Platz und Lust, weitere Hobbyk\u00f6che und -k\u00f6chinnen f\u00fcr das Zubereiten und das anschlie\u00dfende gemeinsame Essen (&#8230;)<\/p>\n<p><small>vom 10. April 2026 in <a href=\"https:\/\/unser-quartier.de\/hagelkreuz\/category\/aktivitaeten-im-quartier\/\" data-wpel-link=\"internal\">Aktivit\u00e4ten im Quartier<\/a>, <a href=\"https:\/\/unser-quartier.de\/hagelkreuz\/category\/freizeit-2\/\" data-wpel-link=\"internal\">Freizeit<\/a>, <a href=\"https:\/\/unser-quartier.de\/hagelkreuz\/category\/freizeit\/\" data-wpel-link=\"internal\">Freizeit und Kultur<\/a>, <a href=\"https:\/\/unser-quartier.de\/hagelkreuz\/category\/freizeit-2\/gemuetlichesbeisammensein\/\" data-wpel-link=\"internal\">Gem\u00fctliches Beisammensein<\/a>, <a href=\"https:\/\/unser-quartier.de\/hagelkreuz\/category\/freizeit-2\/kochen\/\" data-wpel-link=\"internal\">Kochen<\/a>, <a href=\"https:\/\/unser-quartier.de\/hagelkreuz\/category\/quartier\/\" data-wpel-link=\"internal\">Quartier<\/a><\/small><\/p><\/div>\n\t\t<\/div>\n\t\t\n\t<\/div>\n\t<!-- wpv-loop-end -->\n\t\n\t\n<\/div><\/div><\/div><\/div><div id=\"pg-2-1\"  class=\"panel-grid panel-no-style\" ><div id=\"pgc-2-1-0\"  class=\"panel-grid-cell panel-grid-cell-mobile-last\" ><div id=\"panel-2-1-0-0\" class=\"so-panel widget widget_em_widget panel-first-child panel-last-child\" data-index=\"1\" ><div class=\"panel-widget-style panel-widget-style-for-2-1-0-0\" ><h3 class=\"widget-title\">N\u00e4chste Veranstaltungen:<\/h3><div class=\"em pixelbones em-list-widget em-events-widget\"><li>Sonntag, 26. Apr. 2026: <strong><a href=\"https:\/\/unser-quartier.de\/hagelkreuz\/events\/hagelkreuz-aktiv-2026-04-26\/\" data-wpel-link=\"internal\">Kl\u00f6nen am Sonntag<\/a><\/strong>, Quartiersb\u00fcro Hagelkreuz<\/li><li>Dienstag, 28. Apr. 2026: <strong><a href=\"https:\/\/unser-quartier.de\/hagelkreuz\/events\/freizeit-im-hagelkreuz-senioren-in-bewegung-2026-04-28\/\" data-wpel-link=\"internal\">Senioren in Bewegung<\/a><\/strong>, Pfarrheim Christ-K\u00f6nig<\/li><li>Mittwoch, 29. Apr. 2026: <strong><a href=\"https:\/\/unser-quartier.de\/hagelkreuz\/events\/malkreis-mit-jose-kamper-2026-04-29\/\" data-wpel-link=\"internal\">Offener Malkreis<\/a><\/strong>, Quartiersb\u00fcro Hagelkreuz<\/li><li>Donnerstag, 30. Apr. 2026: <strong><a href=\"https:\/\/unser-quartier.de\/hagelkreuz\/events\/handmade-club-hagelkreuz-2026-04-30\/\" data-wpel-link=\"internal\">Handmade Club Hagelkreuz<\/a><\/strong>, Quartiersb\u00fcro Hagelkreuz<\/li><li>Freitag, 01. Mai 2026: <strong><a href=\"https:\/\/unser-quartier.de\/hagelkreuz\/events\/urban-gardening-3-2026-05-01\/\" data-wpel-link=\"internal\">Urban Gardening<\/a><\/strong><\/li><li class=\"all-events-link\"><a href=\"https:\/\/unser-quartier.de\/hagelkreuz\/veranstaltungen\/liste\/\" title=\"weitere Veranstaltungen\" data-wpel-link=\"internal\">weitere Veranstaltungen<\/a><\/li><\/div><\/div><\/div><\/div><div id=\"pgc-2-1-1\"  class=\"panel-grid-cell panel-grid-cell-empty\" ><\/div><\/div><div id=\"pg-2-2\"  class=\"panel-grid panel-no-style\" ><div id=\"pgc-2-2-0\"  class=\"panel-grid-cell\" ><div id=\"panel-2-2-0-0\" class=\"so-panel widget widget_wp_views panel-first-child panel-last-child\" data-index=\"2\" ><div class=\"panel-widget-style panel-widget-style-for-2-2-0-0\" ><h3 class=\"widget-title\">Anbieter, Einrichtungen &#038; Initiativen<\/h3>\n\n\n<div id=\"wpv-view-layout-1047\" class=\"js-wpv-view-layout js-wpv-layout-responsive js-wpv-view-layout-1047\" data-viewnumber=\"1047\" data-pagination=\"{&quot;id&quot;:&quot;1047&quot;,&quot;query&quot;:&quot;normal&quot;,&quot;type&quot;:&quot;disabled&quot;,&quot;effect&quot;:&quot;fade&quot;,&quot;duration&quot;:&quot;500&quot;,&quot;speed&quot;:5,&quot;pause_on_hover&quot;:&quot;disabled&quot;,&quot;stop_rollover&quot;:&quot;false&quot;,&quot;cache_pages&quot;:&quot;enabled&quot;,&quot;preload_images&quot;:&quot;enabled&quot;,&quot;preload_pages&quot;:&quot;enabled&quot;,&quot;preload_reach&quot;:&quot;1&quot;,&quot;spinner&quot;:&quot;builtin&quot;,&quot;spinner_image&quot;:&quot;https:\/\/unser-quartier.de\/tmp-musterblog4\/wp-content\/plugins\/wp-views\/res\/img\/ajax-loader.gif&quot;,&quot;callback_next&quot;:&quot;&quot;,&quot;manage_history&quot;:&quot;enabled&quot;,&quot;has_controls_in_form&quot;:&quot;disabled&quot;,&quot;infinite_tolerance&quot;:&quot;0&quot;,&quot;max_pages&quot;:1,&quot;page&quot;:1,&quot;base_permalink&quot;:&quot;\/hagelkreuz\/wp-json\/wp\/v2\/pages\/2?wpv_view_count=1047&amp;wpv_paged=WPV_PAGE_NUM&quot;,&quot;loop&quot;:{&quot;type&quot;:&quot;&quot;,&quot;name&quot;:&quot;&quot;,&quot;data&quot;:[],&quot;id&quot;:0}}\" data-permalink=\"\/hagelkreuz\/wp-json\/wp\/v2\/pages\/2?wpv_view_count=1047\">\n\nLetzte Aktualisierungen und Neueintr\u00e4ge:\n\n\t<!-- wpv-loop-start -->\n\t<ul class=\"wpv-loop js-wpv-loop\">\n\t\t\n\t\t\t<li><a href=\"https:\/\/unser-quartier.de\/hagelkreuz\/adresse\/kleingartenverein-haushecke-kempen\/\" data-wpel-link=\"internal\">Kleingartenverein Haushecke Kempen<\/a><br \/>\n<small><em>Hausheckweg 11, Hagelkreuz<\/em><\/small><\/li>\n\t\t\n\t\t\t<li><a href=\"https:\/\/unser-quartier.de\/hagelkreuz\/adresse\/pizzeria-concordia\/\" data-wpel-link=\"internal\">Pizzeria Concordia<\/a><br \/>\n<small><em>Concordienplatz 1, Hagelkreuz<\/em><\/small><\/li>\n\t\t\n\t\t\t<li><a href=\"https:\/\/unser-quartier.de\/hagelkreuz\/adresse\/sozialverband-vdk-nrw-e-v\/\" data-wpel-link=\"internal\">Sozialverband VdK Kempen und T\u00f6nisvorst e.V.<\/a><br \/>\n<small><em>Keine Angabe, Kempen<\/em><\/small><\/li>\n\t\t\n\t\t\t<li><a href=\"https:\/\/unser-quartier.de\/hagelkreuz\/adresse\/cafe-patavino\/\" data-wpel-link=\"internal\">Eiscaf\u00e9 Pattavino<\/a><br \/>\n<small><em>Concordienplatz 6, Hagelkreuz<\/em><\/small><\/li>\n\t\t\n\t\t\t<li><a href=\"https:\/\/unser-quartier.de\/hagelkreuz\/adresse\/physiopraxis-van-den-boom-kallen-gbr\/\" data-wpel-link=\"internal\">Physiopraxis van den Boom + Kallen GbR<\/a><br \/>\n<small><em>Kerkener Str. 65<\/em><\/small><\/li>\n\t\t\n\t<\/ul>\n\t<!-- wpv-loop-end -->\n\t\n\t\n<\/div><\/div><\/div><\/div><div id=\"pgc-2-2-1\"  class=\"panel-grid-cell\" ><div id=\"panel-2-2-1-0\" class=\"so-panel widget widget_sow-google-map panel-first-child panel-last-child\" data-index=\"3\" ><div class=\"panel-widget-style panel-widget-style-for-2-2-1-0\" ><div\n\t\t\t\n\t\t\tclass=\"so-widget-sow-google-map so-widget-sow-google-map-default-ae958db06d5f-2\"\n\t\t\t\n\t\t>\n<div class=\"sow-google-map-canvas\"\n\tstyle=\"\"\n\tid=\"map-canvas-860d2d3c73b26d76323fc76c8e1ad8eb\"\n\tdata-options=\"{&quot;address&quot;:&quot;&quot;,&quot;zoom&quot;:12,&quot;mobileZoom&quot;:12,&quot;gestureHandling&quot;:&quot;greedy&quot;,&quot;disableUi&quot;:false,&quot;markerIcon&quot;:&quot;&quot;,&quot;markersDraggable&quot;:false,&quot;markerAtCenter&quot;:true,&quot;markerInfoDisplay&quot;:&quot;click&quot;,&quot;markerInfoMultiple&quot;:true,&quot;markerPositions&quot;:[{&quot;place&quot;:&quot;Concordienplatz 7, 47906 Kempen&quot;,&quot;info&quot;:&quot;&lt;p&gt;Quartiersb\\u00fcro Hagelkreuz&lt;\\\/p&gt;&quot;,&quot;infoSelectedEditor&quot;:&quot;tinymce&quot;,&quot;infoMaxWidth&quot;:&quot;&quot;,&quot;customMarkerIcon&quot;:&quot;&quot;,&quot;customMarkerIconSize&quot;:&quot;&quot;}],&quot;mapName&quot;:&quot;&quot;,&quot;mapStyles&quot;:&quot;&quot;,&quot;directions&quot;:{&quot;origin&quot;:&quot;51.369910, 6.415476&quot;,&quot;destination&quot;:&quot;51.369910, 6.415476&quot;,&quot;travelMode&quot;:&quot;walking&quot;,&quot;waypoints&quot;:[{&quot;location&quot;:&quot;51.379654, 6.414811&quot;,&quot;stopover&quot;:false},{&quot;location&quot;:&quot;51.378220, 6.394984&quot;,&quot;stopover&quot;:false}],&quot;soFieldContainerState&quot;:&quot;open&quot;,&quot;avoidHighways&quot;:false,&quot;avoidTolls&quot;:false,&quot;optimizeWaypoints&quot;:false,&quot;preserveViewport&quot;:&quot;&quot;},&quot;apiKey&quot;:&quot;AIzaSyCme_xnea4bzHRc7jjZF3oFfpduYt22DyE&quot;,&quot;breakpoint&quot;:780}\"\n\tdata-fallback-image=\"{&quot;img&quot;:&quot;&quot;}\"><\/div>\n<\/div><\/div><\/div><\/div><\/div><div id=\"pg-2-3\"  class=\"panel-grid panel-no-style\" ><div id=\"pgc-2-3-0\"  class=\"panel-grid-cell\" ><div id=\"panel-2-3-0-0\" class=\"so-panel widget widget_rss panel-first-child panel-last-child\" data-index=\"4\" ><div class=\"panel-widget-style panel-widget-style-for-2-3-0-0\" ><h3 class=\"widget-title\"><a class=\"rsswidget rss-widget-feed ext-link\" href=\"https:\/\/rp-online.de\/nrw\/staedte\/kempen\/feed.rss\" data-wpel-link=\"external\" target=\"_self\" rel=\"nofollow external noopener noreferrer\" title=\"Externer Link: \"><img decoding=\"async\" class=\"rss-widget-icon\" style=\"border:0\" width=\"14\" height=\"14\" src=\"https:\/\/unser-quartier.de\/hagelkreuz\/wp-includes\/images\/rss.png\" alt=\"RSS\" loading=\"lazy\" \/><\/a> <a class=\"rsswidget rss-widget-title ext-link wpel-icon-right\" href=\"https:\/\/rp-online.de\/nrw\/staedte\/kempen\/feed.rss\" data-wpel-link=\"external\" target=\"_self\" rel=\"nofollow external noopener noreferrer\" title=\"Externer Link: \">RP-Online Lokalnachrichten Kempen\/Grefrath<span class=\"wpel-icon wpel-image wpel-icon-6\"><\/span><\/a><\/h3><ul><li><a class=\"rsswidget ext-link wpel-icon-right\" href=\"https:\/\/rp-online.de\/nrw\/staedte\/viersen\/viersen-ausgerotteter-fischotter-ist-zurueckgekehrt_aid-146565615\" data-wpel-link=\"external\" target=\"_self\" rel=\"nofollow external noopener noreferrer\" title=\"Externer Link: \">Tier galt 80 Jahre lang als ausgerottet: Der Fischotter ist in den Kreis Viersen zur\u00fcckgekehrt<span class=\"wpel-icon wpel-image wpel-icon-6\"><\/span><\/a> <span class=\"rss-date\">25. April 2026<\/span><\/li><li><a class=\"rsswidget ext-link wpel-icon-right\" href=\"https:\/\/rp-online.de\/nrw\/staedte\/kempen\/technik-veraltet-freibad-start-in-grefrath-ungewiss_aid-147088021\" data-wpel-link=\"external\" target=\"_self\" rel=\"nofollow external noopener noreferrer\" title=\"Externer Link: \">Technik veraltet: Freibad-Start in Grefrath ungewiss<span class=\"wpel-icon wpel-image wpel-icon-6\"><\/span><\/a> <span class=\"rss-date\">24. April 2026<\/span><\/li><li><a class=\"rsswidget ext-link wpel-icon-right\" href=\"https:\/\/rp-online.de\/nrw\/staedte\/kempen\/kempen-neue-inklu-farm-in-toenisberg-mit-alpakas_aid-147214499\" data-wpel-link=\"external\" target=\"_self\" rel=\"nofollow external noopener noreferrer\" title=\"Externer Link: \">Mit den Alpakas Inti, Alfi und Cheesecake: Auf der \u201eInklu-Farm\u201c mitten in der Natur und zwischen Tieren zur Ruhe kommen<span class=\"wpel-icon wpel-image wpel-icon-6\"><\/span><\/a> <span class=\"rss-date\">24. April 2026<\/span><\/li><li><a class=\"rsswidget ext-link wpel-icon-right\" href=\"https:\/\/rp-online.de\/nrw\/staedte\/kempen\/kulturforum-franziskanerkloster-in-kempen-wilhelm-mundt-und-gerhard-hoehme_aid-147213975\" data-wpel-link=\"external\" target=\"_self\" rel=\"nofollow external noopener noreferrer\" title=\"Externer Link: \">Kulturforum Franziskanerkloster in Kempen: Zwei K\u00fcnstler gehen in den Raum<span class=\"wpel-icon wpel-image wpel-icon-6\"><\/span><\/a> <span class=\"rss-date\">24. April 2026<\/span><\/li><li><a class=\"rsswidget ext-link wpel-icon-right\" href=\"https:\/\/rp-online.de\/nrw\/staedte\/kempen\/sport\/sc-st-toenis-markus-hagedorn-ist-tot-schockstarre-vor-spiel-gegen-juechen_aid-147216771\" data-wpel-link=\"external\" target=\"_self\" rel=\"nofollow external noopener noreferrer\" title=\"Externer Link: \">Schockstarre beim SC St. T\u00f6nis: Markus Hagedorn verstorben \u2013 Partie gegen J\u00fcchen wird zur Nebensache<span class=\"wpel-icon wpel-image wpel-icon-6\"><\/span><\/a> <span class=\"rss-date\">24. April 2026<\/span><\/li><\/ul><\/div><\/div><\/div><div id=\"pgc-2-3-1\"  class=\"panel-grid-cell\" ><div id=\"panel-2-3-1-0\" class=\"so-panel widget widget_metaslider_widget panel-first-child panel-last-child\" data-index=\"5\" ><h3 class=\"widget-title\">Impressionen im Quartier<\/h3><div id=\"metaslider-id-20565\" style=\"width: 100%; margin: 0 auto;\" class=\"ml-slider-3-93-0 metaslider metaslider-nivo metaslider-20565 ml-slider ms-theme-default\" role=\"region\" aria-roledescription=\"Slideshow\" aria-label=\"B\u00fcrgerfest 2024\">\n    <div id=\"metaslider_container_20565\">\n        <div class='slider-wrapper theme-default'><div class='ribbon'><\/div><div id='metaslider_20565' class='nivoSlider'><img loading=\"lazy\" decoding=\"async\" src=\"https:\/\/unser-quartier.de\/hagelkreuz\/files\/2024\/06\/DSC02139-1100x500.jpg\" height=\"500\" width=\"1100\" title=\"B\u00fcrgerfest 24\" alt=\"Foto Quartiersprojekte\" class=\"slider-20565 slide-20567\" \/><img loading=\"lazy\" decoding=\"async\" src=\"https:\/\/unser-quartier.de\/hagelkreuz\/files\/2024\/06\/DSC02171-1100x500.jpg\" height=\"500\" width=\"1100\" title=\"B\u00fcrgerfest 24\" alt=\"Foto Infostand\" class=\"slider-20565 slide-20568\" \/><img loading=\"lazy\" decoding=\"async\" src=\"https:\/\/unser-quartier.de\/hagelkreuz\/files\/2024\/06\/DSC02172-1100x500.jpg\" height=\"500\" width=\"1100\" title=\"B\u00fcrgerfest 24\" alt=\"Foto Stand Karnevalsverein\" class=\"slider-20565 slide-20569\" \/><img loading=\"lazy\" decoding=\"async\" src=\"https:\/\/unser-quartier.de\/hagelkreuz\/files\/2024\/06\/DSC02173-1100x500.jpg\" height=\"500\" width=\"1100\" title=\"B\u00fcrgerfest 24\" alt=\"Foto Rikscha\" class=\"slider-20565 slide-20570\" \/><img loading=\"lazy\" decoding=\"async\" src=\"https:\/\/unser-quartier.de\/hagelkreuz\/files\/2024\/06\/DSC02112-1100x500.jpg\" height=\"500\" width=\"1100\" title=\"B\u00fcrgerfest 24\" alt=\"Foto Senioreninitiative\" class=\"slider-20565 slide-20571\" \/><img loading=\"lazy\" decoding=\"async\" src=\"https:\/\/unser-quartier.de\/hagelkreuz\/files\/2024\/06\/DSC02092-1100x500.jpg\" height=\"500\" width=\"1100\" title=\"B\u00fcrgerfest 24\" alt=\"Foto RepairCaf\u00e8 Techniker\" class=\"slider-20565 slide-20574\" \/><img loading=\"lazy\" decoding=\"async\" src=\"https:\/\/unser-quartier.de\/hagelkreuz\/files\/2024\/06\/DSC02061-1100x500.jpg\" height=\"500\" width=\"1100\" title=\"B\u00fcrgerfest 24\" alt=\"Foto Kassierer\" class=\"slider-20565 slide-20575\" \/><img loading=\"lazy\" decoding=\"async\" src=\"https:\/\/unser-quartier.de\/hagelkreuz\/files\/2024\/06\/IMG_2435-1100x500.png\" height=\"500\" width=\"1100\" title=\"B\u00fcrgerfest 24\" alt=\"Foto H\u00fcpfburg\" class=\"slider-20565 slide-20613\" \/><img loading=\"lazy\" decoding=\"async\" src=\"https:\/\/unser-quartier.de\/hagelkreuz\/files\/2024\/06\/DSC02051-e1718797835133-1100x500.jpg\" height=\"500\" width=\"1100\" title=\"B\u00fcrgerfest 24\" alt=\"Foto Handmade-Schm\u00f6ker-Club\" class=\"slider-20565 slide-20576\" \/><img loading=\"lazy\" decoding=\"async\" src=\"https:\/\/unser-quartier.de\/hagelkreuz\/files\/2024\/06\/DSC02187-1100x500.jpg\" height=\"500\" width=\"1100\" title=\"B\u00fcrgerfest 24\" alt=\"Foto Wiesentrommler\" class=\"slider-20565 slide-20577\" \/><img loading=\"lazy\" decoding=\"async\" src=\"https:\/\/unser-quartier.de\/hagelkreuz\/files\/2024\/06\/DSC02072-1100x500.jpg\" height=\"500\" width=\"1100\" title=\"B\u00fcrgerfest 24\" alt=\"Foto Stand\" class=\"slider-20565 slide-20578\" \/><img loading=\"lazy\" decoding=\"async\" src=\"https:\/\/unser-quartier.de\/hagelkreuz\/files\/2024\/06\/DSC02078-1100x500.jpg\" height=\"500\" width=\"1100\" title=\"B\u00fcrgerfest 24\" alt=\"Foto Feuerwehrauto\" class=\"slider-20565 slide-20579\" \/><img loading=\"lazy\" decoding=\"async\" src=\"https:\/\/unser-quartier.de\/hagelkreuz\/files\/2024\/06\/DSC02102-e1718795616440-1100x500.jpg\" height=\"500\" width=\"1100\" title=\"B\u00fcrgerfest 24\" alt=\"Foto Besucherinnnen\" class=\"slider-20565 slide-20604\" \/><img loading=\"lazy\" decoding=\"async\" src=\"https:\/\/unser-quartier.de\/hagelkreuz\/files\/2024\/06\/IMG_2420-1100x500.png\" height=\"500\" width=\"1100\" title=\"B\u00fcrgerfest 24\" alt=\"Foto Halfway Crooks\" class=\"slider-20565 slide-20614\" \/><img loading=\"lazy\" decoding=\"async\" src=\"https:\/\/unser-quartier.de\/hagelkreuz\/files\/2024\/06\/DSC02212-1100x500.jpg\" height=\"500\" width=\"1100\" title=\"B\u00fcrgerfest 24\" alt=\"Foto Posaune von Halfway Crooks\" class=\"slider-20565 slide-20603\" \/><img loading=\"lazy\" decoding=\"async\" src=\"https:\/\/unser-quartier.de\/hagelkreuz\/files\/2024\/06\/DSC02256-e1718801079872-1100x500.jpg\" height=\"500\" width=\"1100\" title=\"B\u00fcrgerfest 24\" alt=\"Foto Soundflakes\" class=\"slider-20565 slide-20615\" \/><img loading=\"lazy\" decoding=\"async\" src=\"https:\/\/unser-quartier.de\/hagelkreuz\/files\/2024\/06\/DSC02231-e1718797354238-1100x500.jpg\" height=\"500\" width=\"1100\" title=\"B\u00fcrgerfest 24\" alt=\"Foto Soundflakes\" class=\"slider-20565 slide-20608\" \/><\/div><\/div>\n        \n    <\/div>\n<\/div><\/div><\/div><\/div><\/div>","protected":false},"excerpt":{"rendered":"<p>Aktuelle Beitr\u00e4ge Sonnenschein und Fr\u00fchlingsgef\u00fchle: Der \u201eFr\u00fchlingszauber\u201c lockte die Nachbarschaft auf den Concordienplatz! Wenn bunte Wollsocken mit leuchtenden Fr\u00fchlingsblumen um die Wette strahlen, dann ist es wieder so weit: Der Handmade-Schm\u00f6ker-Club lud am vergangenen Sonntag, den 19. April, zum gro\u00dfen Nachbarschaftstreffen am Quartiersb\u00fcro ein. Unter dem passenden Motto (&#8230;) vom 23. April 2026 in Aktivit\u00e4ten&hellip; <a class=\"continue\" href=\"https:\/\/unser-quartier.de\/hagelkreuz\/\" data-wpel-link=\"internal\"> \u00bb weiterlesen: <span> Home<\/span><\/a><\/p>\n","protected":false},"author":391,"featured_media":0,"parent":0,"menu_order":8,"comment_status":"closed","ping_status":"closed","template":"","meta":{"generate_page_header":"","footnotes":""},"class_list":["post-2","page","type-page","status-publish"],"_links":{"self":[{"href":"https:\/\/unser-quartier.de\/hagelkreuz\/wp-json\/wp\/v2\/pages\/2","targetHints":{"allow":["GET"]}}],"collection":[{"href":"https:\/\/unser-quartier.de\/hagelkreuz\/wp-json\/wp\/v2\/pages"}],"about":[{"href":"https:\/\/unser-quartier.de\/hagelkreuz\/wp-json\/wp\/v2\/types\/page"}],"author":[{"embeddable":true,"href":"https:\/\/unser-quartier.de\/hagelkreuz\/wp-json\/wp\/v2\/users\/391"}],"replies":[{"embeddable":true,"href":"https:\/\/unser-quartier.de\/hagelkreuz\/wp-json\/wp\/v2\/comments?post=2"}],"version-history":[{"count":3,"href":"https:\/\/unser-quartier.de\/hagelkreuz\/wp-json\/wp\/v2\/pages\/2\/revisions"}],"predecessor-version":[{"id":24606,"href":"https:\/\/unser-quartier.de\/hagelkreuz\/wp-json\/wp\/v2\/pages\/2\/revisions\/24606"}],"wp:attachment":[{"href":"https:\/\/unser-quartier.de\/hagelkreuz\/wp-json\/wp\/v2\/media?parent=2"}],"curies":[{"name":"wp","href":"https:\/\/api.w.org\/{rel}","templated":true}]}}