{"id":2022,"date":"2016-09-23T10:22:47","date_gmt":"2016-09-23T08:22:47","guid":{"rendered":"http:\/\/unser-quartier.de\/hagelkreuz\/?page_id=2022"},"modified":"2016-09-23T10:26:26","modified_gmt":"2016-09-23T08:26:26","slug":"redaktionsstatuten","status":"publish","type":"page","link":"https:\/\/unser-quartier.de\/hagelkreuz\/ueber-uns\/redaktionsstatuten\/","title":{"rendered":"Redaktionsstatut"},"content":{"rendered":"<h3>Redaktionsstatut f\u00fcr die Internet-Redaktion www.hagelkreuz-kempen.de bzw. www.unser-quartier.de\/hagelkreuz<\/h3>\n<p>Die Online-Redaktion der Internetplattform <a href=\"http:\/\/www.hagelkreuz-kempen.de\" data-wpel-link=\"external\" target=\"_self\" rel=\"nofollow external noopener noreferrer\" title=\"Externer Link: \" class=\"ext-link wpel-icon-right\">www.hagelkreuz-kempen.de<span class=\"wpel-icon wpel-image wpel-icon-6\"><\/span><\/a> bzw. <a href=\"http:\/\/www.unser-quartier.de\/hagelkreuz\" data-wpel-link=\"internal\">www.unser-quartier.de\/hagelkreuz<\/a> stellt sowohl die Offenheit als auch die Qualit\u00e4t des Portals sicher. Die Online-Redaktion besteht aus dem\/der Quartiersentwickler\/in und ehrenamtlichen Redaktionsmitgliedern.<\/p>\n<h3>Offenheit<\/h3>\n<p>Die Plattform ist grunds\u00e4tzlich offen f\u00fcr alle Beitr\u00e4ge, Termine und Anbieter, die f\u00fcr das Quartier Hagelkreuz relevant sind.<br \/>\n Die Online-Redaktion achtet darauf, dass kontrovers diskutierte Themen ausgewogen dargestellt werden und setzt Impulse, um eine Vielfalt der ver\u00f6ffentlichten Beitr\u00e4ge sicher zu stellen.<br \/>\n Generell gilt, dass illegale, menschenverachtende, beziehungsweise diskriminierende Inhalte jeglicher Art von der Online-Redaktion nicht ver\u00f6ffentlicht oder gegebenenfalls umgehend aus dem System gel\u00f6scht werden. Auch eine Verlinkung auf Webseiten mit solchen Inhalten wird entfernt, sobald dies der Online-Redaktion bekannt wird.<br \/>\n Die Online-Redaktion beh\u00e4lt sich jedoch die Ablehnung der Ver\u00f6ffentlichung von Beitr\u00e4gen, Terminen oder Anbietern ohne Nennung von Gr\u00fcnden vor.<\/p>\n<h3>Qualit\u00e4t<\/h3>\n<p>Die Online-Redaktion sichtet und redigiert jeden Beitrag bevor dieser ver\u00f6ffentlicht wird. Sie achtet auf eine nutzerfreundliche Darstellung. Bei Beitr\u00e4gen von Dritten k\u00f6nnen Beitr\u00e4ge mit der Bitte um \u00dcberarbeitung oder K\u00fcrzung an die jeweiligen Autor\/-innen zur\u00fcckgeben werden. Ein Autor \/ eine Autorin muss Namen und E-Mailadresse angeben, um einen Artikel einreichen zu k\u00f6nnen. Die E-Mailadresse wird nur auf Wunsch der Autorin bzw. des Autors mit dem Beitrag ver\u00f6ffentlicht.<br \/>\n Generell gilt:<br \/>\n &#8211;\u00a0\u00a0 \u00a0Alle Beitr\u00e4ge werden namentlich gekennzeichnet und geben die jeweilige Meinung der Autorin bzw. des Autors wider.<br \/>\n &#8211;\u00a0\u00a0 \u00a0Ein Anspruch auf Ver\u00f6ffentlichung eines Beitrags oder Termins besteht nicht.<\/p>\n<h3>Arbeitsweise<\/h3>\n<p>Bei der Pflege und Verwaltung des Online-Angebots des Projekts besetzt die Online-Redaktion eine wichtige Schnittstelle zwischen den Benutzern des Angebots und den inhaltlichen Mitgestaltern. Alle Beitr\u00e4ge die ver\u00f6ffentlicht werden sollen, werden durch die Online-Redaktion inhaltlich gepr\u00fcft und gem\u00e4\u00df den Anforderungen an das <a href=\"https:\/\/de.wikipedia.org\/wiki\/Content-Management-System\" data-wpel-link=\"external\" target=\"_self\" rel=\"nofollow external noopener noreferrer\" title=\"Externer Link: \" class=\"ext-link wpel-icon-right\">CM-System<span class=\"wpel-icon wpel-image wpel-icon-6\"><\/span><\/a> gestalterisch aufbereitet.<\/p>\n<p>Die Online-Redaktion betreut alle inhaltlichen Bereiche des Portals.<\/p>\n<p>F\u00fcr Hinweise zur Verbesserung unseres Angebots kontaktieren Sie uns bitte \u00fcber den auf der Seite &#8222;Kontakt&#8220; angegebenen Weg.<\/p>\n<p>F\u00fcr die inhaltliche Arbeit an dem Portal <a href=\"http:\/\/www.hagelkreuz-kempen.de\" data-wpel-link=\"external\" target=\"_self\" rel=\"nofollow external noopener noreferrer\" title=\"Externer Link: \" class=\"ext-link wpel-icon-right\">www.hagelkreuz-kempen.de<span class=\"wpel-icon wpel-image wpel-icon-6\"><\/span><\/a> bzw. <a href=\"http:\/\/www.unser-quartier.de\/hagelkreuz\" data-wpel-link=\"internal\">www.unser-quartier.de\/hagelkreuz<\/a> hat das Redaktionsteam ein internes redaktionelles Konzept erstellt.<\/p>\n","protected":false},"excerpt":{"rendered":"<p>Redaktionsstatut f\u00fcr die Internet-Redaktion www.hagelkreuz-kempen.de bzw. www.unser-quartier.de\/hagelkreuz Die Online-Redaktion der Internetplattform www.hagelkreuz-kempen.de bzw. www.unser-quartier.de\/hagelkreuz stellt sowohl die Offenheit als auch die Qualit\u00e4t des Portals sicher. Die Online-Redaktion besteht aus dem\/der Quartiersentwickler\/in und ehrenamtlichen Redaktionsmitgliedern. Offenheit Die Plattform ist grunds\u00e4tzlich offen f\u00fcr alle Beitr\u00e4ge, Termine und Anbieter, die f\u00fcr das Quartier Hagelkreuz relevant sind. Die Online-Redaktion&hellip; <a class=\"continue\" href=\"https:\/\/unser-quartier.de\/hagelkreuz\/ueber-uns\/redaktionsstatuten\/\" data-wpel-link=\"internal\"> \u00bb weiterlesen: <span> Redaktionsstatut<\/span><\/a><\/p>\n","protected":false},"author":391,"featured_media":0,"parent":18,"menu_order":2,"comment_status":"closed","ping_status":"closed","template":"","meta":{"generate_page_header":"","footnotes":""},"class_list":["post-2022","page","type-page","status-publish"],"_links":{"self":[{"href":"https:\/\/unser-quartier.de\/hagelkreuz\/wp-json\/wp\/v2\/pages\/2022","targetHints":{"allow":["GET"]}}],"collection":[{"href":"https:\/\/unser-quartier.de\/hagelkreuz\/wp-json\/wp\/v2\/pages"}],"about":[{"href":"https:\/\/unser-quartier.de\/hagelkreuz\/wp-json\/wp\/v2\/types\/page"}],"author":[{"embeddable":true,"href":"https:\/\/unser-quartier.de\/hagelkreuz\/wp-json\/wp\/v2\/users\/391"}],"replies":[{"embeddable":true,"href":"https:\/\/unser-quartier.de\/hagelkreuz\/wp-json\/wp\/v2\/comments?post=2022"}],"version-history":[{"count":0,"href":"https:\/\/unser-quartier.de\/hagelkreuz\/wp-json\/wp\/v2\/pages\/2022\/revisions"}],"up":[{"embeddable":true,"href":"https:\/\/unser-quartier.de\/hagelkreuz\/wp-json\/wp\/v2\/pages\/18"}],"wp:attachment":[{"href":"https:\/\/unser-quartier.de\/hagelkreuz\/wp-json\/wp\/v2\/media?parent=2022"}],"curies":[{"name":"wp","href":"https:\/\/api.w.org\/{rel}","templated":true}]}}