{"id":2918,"date":"2017-02-02T15:29:07","date_gmt":"2017-02-02T14:29:07","guid":{"rendered":"https:\/\/unser-quartier.de\/hagelkreuz\/?page_id=2918"},"modified":"2025-09-24T12:39:17","modified_gmt":"2025-09-24T12:39:17","slug":"kegeln","status":"publish","type":"page","link":"https:\/\/unser-quartier.de\/hagelkreuz\/freizeit\/kegeln\/","title":{"rendered":"Kegeln"},"content":{"rendered":"<p>Wer Spa\u00df und Freude am Kegeln hat, ist herzlich eingeladen mitzumachen. Damit die Gruppe nicht zu gro\u00df wird, informieren Sie bitte Harald Jittler (Telnr. siehe unten), der genau wei\u00df, ob noch Kegler mitmachen k\u00f6nnen.<\/p>\n<p>Termin: Alle vier Wochen, mittwochs, 17:00 bis 20:00 Uhr.<\/p>\n<p>Treffpunkt: Casino, Straelener Stra\u00dfe 45, 47 906 Kempen<\/p>\n<p><span style=\"text-decoration: underline;\">Infos:<\/span> Die Kosten f\u00fcr die Kegelbahn, pro Abend 15,- \u20ac, werden anteilig auf die anwesenden Keglerinnen und Kegler umgelegt. Turnschuhe bitte mitbringen.<\/p>\n<p>Ansprechpartner:<\/p>\n<ul>\n<li>Harald Jittler, Tel: 0171 2605746<\/li>\n<\/ul>\n<h3>Die n\u00e4chsten Termine:<\/h3>\nKeine  Veranstaltungen\n<h3>Weitere Termine vom Quartiersprojekt Hagelkreuz finden Sie unter <a href=\"https:\/\/unser-quartier.de\/hagelkreuz\/veranstaltungen\/liste\/\" data-wpel-link=\"internal\">Veranstaltungen.<\/a><\/h3>\n","protected":false},"excerpt":{"rendered":"<p>Wer Spa\u00df und Freude am Kegeln hat, ist herzlich eingeladen mitzumachen. Damit die Gruppe nicht zu gro\u00df wird, informieren Sie bitte Harald Jittler (Telnr. siehe unten), der genau wei\u00df, ob noch Kegler mitmachen k\u00f6nnen. Termin: Alle vier Wochen, mittwochs, 17:00 bis 20:00 Uhr. Treffpunkt: Casino, Straelener Stra\u00dfe 45, 47 906 Kempen Infos: Die Kosten f\u00fcr&hellip; <a class=\"continue\" href=\"https:\/\/unser-quartier.de\/hagelkreuz\/freizeit\/kegeln\/\" data-wpel-link=\"internal\"> \u00bb weiterlesen: <span> Kegeln<\/span><\/a><\/p>\n","protected":false},"author":391,"featured_media":0,"parent":2943,"menu_order":3,"comment_status":"closed","ping_status":"closed","template":"","meta":{"generate_page_header":"","footnotes":""},"class_list":["post-2918","page","type-page","status-publish"],"_links":{"self":[{"href":"https:\/\/unser-quartier.de\/hagelkreuz\/wp-json\/wp\/v2\/pages\/2918","targetHints":{"allow":["GET"]}}],"collection":[{"href":"https:\/\/unser-quartier.de\/hagelkreuz\/wp-json\/wp\/v2\/pages"}],"about":[{"href":"https:\/\/unser-quartier.de\/hagelkreuz\/wp-json\/wp\/v2\/types\/page"}],"author":[{"embeddable":true,"href":"https:\/\/unser-quartier.de\/hagelkreuz\/wp-json\/wp\/v2\/users\/391"}],"replies":[{"embeddable":true,"href":"https:\/\/unser-quartier.de\/hagelkreuz\/wp-json\/wp\/v2\/comments?post=2918"}],"version-history":[{"count":3,"href":"https:\/\/unser-quartier.de\/hagelkreuz\/wp-json\/wp\/v2\/pages\/2918\/revisions"}],"predecessor-version":[{"id":22949,"href":"https:\/\/unser-quartier.de\/hagelkreuz\/wp-json\/wp\/v2\/pages\/2918\/revisions\/22949"}],"up":[{"embeddable":true,"href":"https:\/\/unser-quartier.de\/hagelkreuz\/wp-json\/wp\/v2\/pages\/2943"}],"wp:attachment":[{"href":"https:\/\/unser-quartier.de\/hagelkreuz\/wp-json\/wp\/v2\/media?parent=2918"}],"curies":[{"name":"wp","href":"https:\/\/api.w.org\/{rel}","templated":true}]}}